{"id":10,"date":"2014-12-23T08:16:59","date_gmt":"2014-12-23T06:16:59","guid":{"rendered":"https:\/\/www.burg-halle.de\/id-neuwerk\/personal-food-culture\/?page_id=10"},"modified":"2020-11-15T21:49:49","modified_gmt":"2020-11-15T19:49:49","slug":"workshop","status":"publish","type":"page","link":"https:\/\/www.burg-halle.de\/id-neuwerk\/personal-food-culture\/workshop\/","title":{"rendered":"Workshop"},"content":{"rendered":"<p>&nbsp;<\/p>\n<p><iframe loading=\"lazy\" src=\"\/\/player.vimeo.com\/video\/115802293?title=0&amp;byline=0&amp;portrait=0\" width=\"600\" height=\"338\" frameborder=\"0\" allowfullscreen=\"allowfullscreen\"><\/iframe><\/p>\n<p>&nbsp;<\/p>\n<p><strong>personal food culture<\/strong><br \/>\nkonzept- und strategie-workshop<\/p>\n<p>&nbsp;<\/p>\n<p><em>aufgaben:<\/em><br \/>\n&#8211; finden von bereichen f\u00fcr gestaltung<br \/>\n&#8211; entwicklung von konzepten, ideen<br \/>\n&#8211; \u00fcbertragung in konkrete situationen<br \/>\n&#8211; untersuchung der verf\u00fcgbaren ressourcen<br \/>\n&#8211; aufzeigen von wegen zur verwirklichung \/ umsetzung, strategien<\/p>\n<p><em>methoden:<\/em><br \/>\n&#8211; ideen sammeln, brainstorming, was w\u00e4re wenn &#8230;<br \/>\n&#8211; verdichtung zu hypothesen<br \/>\n&#8211; visualisierung und headlines<br \/>\n&#8211; pr\u00e4sentation, dokumentation<\/p>\n<p><em>arbeitsweise:<\/em><br \/>\n&#8211; gruppenarbeit mit wechselnden teilnehmerInnen<\/p>\n<p>&nbsp;<\/p>\n<p><strong>themenfelder: <\/strong><\/p>\n<p>1<br \/>\ndienstleistung, organisation, verteilung<br \/>\noder<br \/>\nwie k\u00f6nnen verbraucher und erzeuger einander n\u00e4her gebracht werden<\/p>\n<p>2<br \/>\nenvironment, stadtraum, nachbarschaft<br \/>\noder<br \/>\nwas k\u00f6nnen wir in unserem direkten lebensumfeld machen<\/p>\n<p>3<br \/>\n(teil) autonome versorgung, selbermachen<br \/>\noder<br \/>\nwas kann im direkten lebensumfeld unter den konkreten<br \/>\nr\u00e4umlichen, zeitlichen u.a. bedingungen gemacht werden<\/p>\n<p>4<br \/>\ninformation, kommunikation, bildung sozialer netzwerke<br \/>\noder<br \/>\nwissen (\u00fcber gesundheit, ern\u00e4hrung, techniken, ressourcen, quellen etc.)<br \/>\nverf\u00fcgbar machen oder wieder entdecken, sich austauschen, schlauer werden, unabh\u00e4ngiger werden<\/p>\n<p>&nbsp;<\/p>\n<p>&nbsp;<\/p>\n<p><iframe loading=\"lazy\" src=\"\/\/player.vimeo.com\/video\/115791027?title=0&amp;byline=0&amp;portrait=0\" width=\"600\" height=\"338\" frameborder=\"0\" allowfullscreen=\"allowfullscreen\"><\/iframe><\/p>\n<p>&nbsp;<\/p>\n<p>ablauf<\/p>\n<p><b>montag, 11.10.2010 <\/b><\/p>\n<p>1. referat food coops \/ johanna padge<br \/>\n2. ergebnisse &#8222;brief an die oma&#8220;<br \/>\n3. brainstorming querbeet<\/p>\n<p><em>Brainstorming-Regeln<\/em><\/p>\n<p>&#8211; Quantit\u00e4t vor Qualit\u00e4t<br \/>\n&#8211; schr\u00e4ge Ideen sind erw\u00fcnscht<br \/>\n&#8211; Kritikverbot<br \/>\n&#8211; Ankn\u00fcpfen an die Ideen anderer<\/p>\n<p>4. ideen in themenfelder ordnen<br \/>\n5. vier gruppen nach losverfahren bilden<br \/>\n6. nach bedarf<\/p>\n<p>&nbsp;<\/p>\n<p><b>dienstag, 12.10.2010 <\/b><\/p>\n<p>1. arbeit in den 4 gruppen<\/p>\n<p>thema aufmachen, mindmapping<br \/>\nordnen, sortieren, beurteilen der gesammelten Ideen<\/p>\n<p>Technik: Mind-Mapping (sprachliches und bildhaftes Denken kann verbunden werden),<\/p>\n<p>Informationen werden in eine \u00bbr\u00e4umliche Ordnung\u00ab gebracht (Thema im Mittelpunkt, Stich- und Schl\u00fcsselworte werden um den Mittelpunkt herum angeordnet, Stichworte, Symbole, Bilder an Haupt- Neben- und Unter\u00e4sten), Vernetzung m\u00f6glich<\/p>\n<p><span style=\"line-height: 1.5em;\">W-Fragen: was? wie? wer? wo? warum? wann? welche? womit? woher? wozu?<\/span><\/p>\n<p><span style=\"line-height: 1.5em;\">2. kurze zwischen-pr\u00e4sentation<\/span><\/p>\n<p>3. entscheidung, ob gruppenwechsel \u2013 dann \u00fcbergabe oder in der bestehenden gruppe weiterarbeiten<\/p>\n<p>4.\u00a0 beginn visualisierung \u2013 analogie, collage, zeichnung, foto \u2026<br \/>\nund sprachliche verdichtung der ideen \u2013 headlines, titel, thesen, slogans<\/p>\n<p>&nbsp;<\/p>\n<p><b>mittwoch, 13.11.2010 <\/b><\/p>\n<p>1. gruppenwechsel oder in der bestehenden gruppe weiterarbeiten<\/p>\n<p>2. ausformulieren von vor-konzepten, visualisieren,<br \/>\nerste vorvollz\u00fcge f\u00fcr projektplanung und strategien der n\u00e4chsten schritte<\/p>\n<p>3. kurze zwischenpr\u00e4sentation<\/p>\n<p>4. besprechung f\u00fcr doku und abschluss-pr\u00e4sentation<\/p>\n<p>&nbsp;<\/p>\n<p>&nbsp;<\/p>\n<p>&nbsp;<\/p>\n<p><img decoding=\"async\" class=\"alignnone size-large wp-image-180\" src=\"https:\/\/www.burg-halle.de\/id-neuwerk\/personal-food-culture\/wp-content\/uploads\/sites\/28\/2014\/12\/10ideen_teaser-1024x680.jpg\" alt=\"10ideen_teaser\" width=\"600\" height=\"auto\" srcset=\"https:\/\/www.burg-halle.de\/id-neuwerk\/personal-food-culture\/wp-content\/uploads\/sites\/28\/2014\/12\/10ideen_teaser-1024x680.jpg 1024w, https:\/\/www.burg-halle.de\/id-neuwerk\/personal-food-culture\/wp-content\/uploads\/sites\/28\/2014\/12\/10ideen_teaser-300x199.jpg 300w, https:\/\/www.burg-halle.de\/id-neuwerk\/personal-food-culture\/wp-content\/uploads\/sites\/28\/2014\/12\/10ideen_teaser.jpg 1200w\" sizes=\"(max-width: 1024px) 100vw, 1024px\" \/><\/p>\n<p>&nbsp;<\/p>\n<p>Mittwoch, 20. Oktober 2010<\/p>\n<p><strong>Pr\u00e4sentation<\/strong><br \/>\n10 ideen \/ 3 favoriten<\/p>\n<p>aus dem workshop hat jede\/r teilnehmer\/in 10 ideen\/thesen entwickelt, die schliesslich auf drei favoriten konzentriert wurden.<\/p>\n<p>&nbsp;<\/p>\n<div class=\"_df_thumb \" id=\"df_308\"  wpoptions=\"true\" thumb=\"https:\/\/www.burg-halle.de\/id-neuwerk\/personal-food-culture\/wp-content\/uploads\/sites\/28\/2018\/03\/2010-11_MG_PFC_1_Doku_10ideen.jpeg\" thumbtype=\"img\" >Doku 10 Ideen Vortrag<\/div><script data-cfasync=\"false\">var option_df_308 = {\"outline\":[],\"forceFit\":\"true\",\"autoEnableOutline\":\"false\",\"autoEnableThumbnail\":\"false\",\"overwritePDFOutline\":\"false\",\"direction\":\"1\",\"pageMode\":\"0\",\"source\":\"https:\\\/\\\/www.burg-halle.de\\\/id-neuwerk\\\/personal-food-culture\\\/wp-content\\\/uploads\\\/sites\\\/28\\\/2018\\\/03\\\/2010-11_MG\\u00dc_PFC_1_Doku_10_ideen_Vortrag.pdf\",\"wpOptions\":\"true\"}; if(window.DFLIP && DFLIP.parseBooks){DFLIP.parseBooks();}<\/script>\n<p>&nbsp;<\/p>\n","protected":false},"excerpt":{"rendered":"<p>&nbsp; &nbsp; personal food culture konzept- und strategie-workshop &nbsp; aufgaben: &#8211; finden von bereichen f\u00fcr gestaltung &#8211; entwicklung von konzepten, ideen &#8211; \u00fcbertragung in konkrete situationen &#8211; untersuchung der verf\u00fcgbaren ressourcen &#8211; aufzeigen von wegen zur verwirklichung \/ umsetzung, strategien methoden: &#8211; ideen sammeln, brainstorming, was w\u00e4re wenn &#8230; &#8211; verdichtung zu hypothesen &#8211; visualisierung [&hellip;]<\/p>\n","protected":false},"author":5,"featured_media":0,"parent":0,"menu_order":0,"comment_status":"open","ping_status":"open","template":"","meta":{"footnotes":""},"class_list":["post-10","page","type-page","status-publish","hentry"],"_links":{"self":[{"href":"https:\/\/www.burg-halle.de\/id-neuwerk\/personal-food-culture\/wp-json\/wp\/v2\/pages\/10","targetHints":{"allow":["GET"]}}],"collection":[{"href":"https:\/\/www.burg-halle.de\/id-neuwerk\/personal-food-culture\/wp-json\/wp\/v2\/pages"}],"about":[{"href":"https:\/\/www.burg-halle.de\/id-neuwerk\/personal-food-culture\/wp-json\/wp\/v2\/types\/page"}],"author":[{"embeddable":true,"href":"https:\/\/www.burg-halle.de\/id-neuwerk\/personal-food-culture\/wp-json\/wp\/v2\/users\/5"}],"replies":[{"embeddable":true,"href":"https:\/\/www.burg-halle.de\/id-neuwerk\/personal-food-culture\/wp-json\/wp\/v2\/comments?post=10"}],"version-history":[{"count":19,"href":"https:\/\/www.burg-halle.de\/id-neuwerk\/personal-food-culture\/wp-json\/wp\/v2\/pages\/10\/revisions"}],"predecessor-version":[{"id":370,"href":"https:\/\/www.burg-halle.de\/id-neuwerk\/personal-food-culture\/wp-json\/wp\/v2\/pages\/10\/revisions\/370"}],"wp:attachment":[{"href":"https:\/\/www.burg-halle.de\/id-neuwerk\/personal-food-culture\/wp-json\/wp\/v2\/media?parent=10"}],"curies":[{"name":"wp","href":"https:\/\/api.w.org\/{rel}","templated":true}]}}