{"id":456,"date":"2019-03-25T17:06:15","date_gmt":"2019-03-25T16:06:15","guid":{"rendered":"https:\/\/www.burg-halle.de\/id-neuwerk\/post-exit\/?page_id=456"},"modified":"2019-08-01T02:51:40","modified_gmt":"2019-08-01T00:51:40","slug":"ablaufzeitplan","status":"publish","type":"page","link":"https:\/\/www.burg-halle.de\/id-neuwerk\/post-exit\/ablaufzeitplan\/","title":{"rendered":"Prozess"},"content":{"rendered":"<p>&nbsp;<\/p>\n<div style=\"padding: 56.25% 0 0 0; position: relative;\"><iframe loading=\"lazy\" style=\"position: absolute; top: 0; left: 0; width: 100%; height: 100%;\" src=\"https:\/\/vimeo.com\/showcase\/6167201\/embed\" width=\"300\" height=\"150\" frameborder=\"0\" allowfullscreen=\"allowfullscreen\"><\/iframe><\/div>\n<p>&nbsp;<\/p>\n<p><strong>individuelle exkursion und film-reportage<\/strong><\/p>\n<p>\u2026 vor beginn des semesters einzeln oder in kleinen gruppen eigenst\u00e4ndig und selbst-organisiert auf exkursion gehen und initiativen oder akteure besuchen, die im themenkontext unseres projektthemas agieren. also akteure, die die zukunft in die hand nehmen und irgendetwas anders, besser, unkonventioneller \u2026 machen als die mehrheit \u2026 also akteure, aktivisten, die den wandel vorantragen<\/p>\n<p>&nbsp;<\/p>\n<p>&nbsp;<\/p>\n<div style=\"padding: 56.25% 0 0 0; position: relative;\"><iframe loading=\"lazy\" style=\"position: absolute; top: 0; left: 0; width: 100%; height: 100%;\" src=\"https:\/\/vimeo.com\/showcase\/6180987\/embed\" width=\"300\" height=\"150\" frameborder=\"0\" allowfullscreen=\"allowfullscreen\"><\/iframe><\/div>\n<p>&nbsp;<\/p>\n<p><strong>literatur\/buch-portr\u00e4t als film<\/strong><\/p>\n<p>\u2026 w\u00e4hlen Sie eines der vorgeschlagenen B\u00fccher aus \u2026 und erstellen Sie zu diesem Buch eine kurze Reportage als filmisches Portr\u00e4t \u2026 in einer L\u00e4nge von max. 5 Minuten.<\/p>\n<p>Diese filmische Darstellung kann sich auf das Buch als Gesamtes, auf eine wesentliche These, auf einen Beitrag in diesem Buch beziehen \u2026<\/p>\n<p>&nbsp;<\/p>\n<pre>montag, 1.4.\u2013 dienstag, 2.4.2019<\/pre>\n<p>vorstellung der \u2026\u00a0<strong><a href=\"https:\/\/www.burg-halle.de\/id-neuwerk\/post-exit\/category\/reportage\/\" target=\"_blank\" rel=\"noopener noreferrer\">reise-reportagen (link)<\/a><\/strong><\/p>\n<p>vorstellung der \u2026\u00a0<strong><a href=\"https:\/\/www.burg-halle.de\/id-neuwerk\/post-exit\/category\/film-zum-buch\/\" target=\"_blank\" rel=\"noopener noreferrer\">buch-portr\u00e4ts\u00a0(link)<\/a><\/strong><\/p>\n<p>&nbsp;<\/p>\n<div class=\"_df_thumb \" id=\"df_738\"  wpoptions=\"true\" thumb=\"https:\/\/www.burg-halle.de\/id-neuwerk\/post-exit\/wp-content\/uploads\/sites\/55\/2019\/07\/titel-aus-postexit_themenbasar.jpg\" thumbtype=\"img\" >post exit themenbasar<\/div><script data-cfasync=\"false\">var option_df_738 = {\"outline\":[],\"forceFit\":\"true\",\"autoEnableOutline\":\"false\",\"autoEnableThumbnail\":\"false\",\"overwritePDFOutline\":\"false\",\"direction\":\"1\",\"pageMode\":\"0\",\"source\":\"https:\\\/\\\/www.burg-halle.de\\\/id-neuwerk\\\/post-exit\\\/wp-content\\\/uploads\\\/sites\\\/55\\\/2019\\\/07\\\/postexit_themenbasar.pdf\",\"wpOptions\":\"true\"}; if(window.DFLIP && DFLIP.parseBooks){DFLIP.parseBooks();}<\/script>\n<pre>Dokumentation des Themenbasar<\/pre>\n<p>&nbsp;<\/p>\n<pre>montag, 8.4. \u2013 mittwoch 10.4.2019\r\n<\/pre>\n<p><strong>Themenbasar<\/strong><\/p>\n<p>Mit der Methodik des Themenbasars wird eine Projektthematik erstmal weit ge\u00f6ffnet \u2013 mit unvoreingenommenem Sprung in die Sache werden Ideen, Ans\u00e4tze, Inspirationen, W\u00fcnsche, Konzepte \u2026 in die Gruppe getragen \u2013 dabei spielt es keine Rolle, ob man den eigenen Vorschlag selbst ausf\u00fchren w\u00fcrde oder nicht.<\/p>\n<p>Alles, was in den K\u00f6pfen ist und im weitersten Sinne in die Projektthematik passt, soll visuell in den Raum auf Pinnw\u00e4nde \u00fcbertragen und dadurch gegenseitig zug\u00e4nglich gemacht werden. Um m\u00f6glichst weite Themenfelder aufzumachen, sollen durch die TeilnehmerInnen je f\u00fcnf Projektideen auf A3-Bl\u00e4tter schnell skizziert und visualisiert werden und durch eine Kurzbeschreibung erkl\u00e4rbar sein. Im Anschluss werden die Vorschl\u00e4ge in Sub-Themen geordnet und in einem zweiten Durchlauf verdichtet.<\/p>\n<p>Das Ziel ist es, Themen f\u00fcr die Projektdurchf\u00fchrung zu generieren \u2026 ebenso lassen sich auf diese Weise auch Themen f\u00fcr Gruppenarbeiten identifizieren.<\/p>\n<p>&nbsp;<\/p>\n<p>&nbsp;<\/p>\n<p style=\"padding: 56.25% 0 0 0; position: relative;\"><iframe loading=\"lazy\" style=\"position: absolute; top: 0; left: 0; width: 100%; height: 100%;\" src=\"https:\/\/vimeo.com\/showcase\/6181334\/embed\" width=\"300\" height=\"150\" frameborder=\"0\" allowfullscreen=\"allowfullscreen\"><\/iframe><\/p>\n<p>&nbsp;<\/p>\n<pre>montag, 15.4. \u2013 donnerstag, 18.4.2019<\/pre>\n<p><strong>Film Workshop mit Felix Brokbals<\/strong><br \/>\nentwicklung eines teasers f\u00fcr das eigene projektthema<\/p>\n<p>&nbsp;<\/p>\n<pre>mittwoch, 24.4.2019<\/pre>\n<p><strong>kick-off vorstellung<\/strong><br \/>\ndes projektthemas mit film-teaser,<br \/>\ngast-kritik mit prof. dr. veronika biermann, maike fraas und sanna schiffler<\/p>\n<p>&nbsp;<\/p>\n<p><strong><a href=\"https:\/\/www.burg-halle.de\/id-neuwerk\/post-exit\/teaser\/\" target=\"_blank\" rel=\"noopener noreferrer\">hier die film-teaser im einzelnen ansehen \u2026<\/a><\/strong><\/p>\n<p>&nbsp;<\/p>\n<p><iframe loading=\"lazy\" src=\"https:\/\/player.vimeo.com\/video\/350585191?title=0&amp;byline=0&amp;portrait=0\" width=\"600\" height=\"338\" frameborder=\"0\" allowfullscreen=\"allowfullscreen\"><\/iframe><\/p>\n<p>&nbsp;<\/p>\n<pre>dienstag, 30.4.2019<\/pre>\n<p><strong>1+2 speed dating in der gruppe<\/strong><\/p>\n<p>jede*r teilnehmer*iin bekommt per losverfahren zwei\u00a0gespr\u00e4chs-partner*innen \u2026<br \/>\num das eigene projekt zu besprechen \u2026<\/p>\n<p>und agiert anschliessend dann in zwei weiteren gespr\u00e4chsrunden selbst als gespr\u00e4chspartner*in f\u00fcr eine\/n andere\/n kommiliton\/in<\/p>\n<p>hierf\u00fcr wird auf einem din a3 blatt das projekt dargestellt:<br \/>\narbeitstitel des projekts, kurze bschreibung, visuelle eindr\u00fccke von der geplanten filmischen umsetzung<\/p>\n<p>vorvollzug \u2026<br \/>\nwelche ressourcen \u2026 (technik, menschen, recherchen, orte etc.)<br \/>\nzeitplanung \u2026<\/p>\n<p>eigene fragen \u2026<br \/>\neigene unsicherheiten oder zweifel \u2026<\/p>\n<p>alles, was Ihnen noch einf\u00e4llt<br \/>\n\u2013 auf wunsch erg\u00e4nzt durch weitere medien und fragen<\/p>\n<p>&nbsp;<\/p>\n<p>&nbsp;<\/p>\n<p><iframe loading=\"lazy\" src=\"https:\/\/player.vimeo.com\/video\/338692147?title=0&amp;byline=0&amp;portrait=0\" width=\"600\" height=\"338\" frameborder=\"0\" allowfullscreen=\"allowfullscreen\"><\/iframe><\/p>\n<pre>Film zum Workshop von Vincent Zimmer<\/pre>\n<p>&nbsp;<\/p>\n<pre>3.\u201310.5.2019<\/pre>\n<p>optional teilnahme am\u00a0workshop<br \/>\n<strong>Raum.Dialog Gr\u00e4fenhainichen<\/strong><br \/>\nPost-fossile Werk-Stadt in Ferropolis<\/p>\n<p>&nbsp;<\/p>\n<p>in der 6. woche (= kompaktwoche) bieten maike fraas und johanna padge einen workshop\u00a0in der post-exit \/ post-fossilen region um gr\u00e4fenhainichen an.<\/p>\n<p>hier l\u00e4sst sich im besonderen der wandel beobachten von ehemals industriell gepr\u00e4gten gegenden, gemeinden, orten, landschaften, sozialbeziehungen und individuellen biografien \u2026 in post-industrielle zuk\u00fcnfte \u2026 deren gestaltung und neue auspr\u00e4gungen, lebens- und arbeitsbedingungen usw. \u2026 ist vielerorts im gange und wird noch viele jahre anhalten<\/p>\n<p>&nbsp;<\/p>\n<pre>dienstag, 14.5.2019<\/pre>\n<p><strong>lecture filmbeispiele<\/strong><\/p>\n<p>vorstellung einer reihe von filmen und film-ausschnitten zur darstellung von konzepten und entw\u00fcrfen, zukunftsvisionen und szenarien, informationen und fakten \u2026<\/p>\n<p><strong><a href=\"https:\/\/www.burg-halle.de\/id-neuwerk\/post-exit\/lecture-filmbeispiele\/\" target=\"_blank\" rel=\"noopener noreferrer\">hier die lecture ansehen \u2026<\/a><\/strong><\/p>\n<p>&nbsp;<\/p>\n<p><img loading=\"lazy\" decoding=\"async\" class=\"alignnone wp-image-762\" src=\"https:\/\/www.burg-halle.de\/id-neuwerk\/post-exit\/wp-content\/uploads\/sites\/55\/2019\/03\/screening_1_c_stracke-1024x683.jpg\" alt=\"\" width=\"600\" height=\"400\" srcset=\"https:\/\/www.burg-halle.de\/id-neuwerk\/post-exit\/wp-content\/uploads\/sites\/55\/2019\/03\/screening_1_c_stracke-1024x683.jpg 1024w, https:\/\/www.burg-halle.de\/id-neuwerk\/post-exit\/wp-content\/uploads\/sites\/55\/2019\/03\/screening_1_c_stracke-300x200.jpg 300w, https:\/\/www.burg-halle.de\/id-neuwerk\/post-exit\/wp-content\/uploads\/sites\/55\/2019\/03\/screening_1_c_stracke-768x512.jpg 768w, https:\/\/www.burg-halle.de\/id-neuwerk\/post-exit\/wp-content\/uploads\/sites\/55\/2019\/03\/screening_1_c_stracke.jpg 1079w\" sizes=\"auto, (max-width: 600px) 100vw, 600px\" \/><\/p>\n<pre>dienstag, 21.5.2019<\/pre>\n<p><strong>screening 1<\/strong><br \/>\ngast-kritik mit carsten stracke<\/p>\n<p>&nbsp;<\/p>\n<p><img loading=\"lazy\" decoding=\"async\" class=\"alignnone wp-image-763\" src=\"https:\/\/www.burg-halle.de\/id-neuwerk\/post-exit\/wp-content\/uploads\/sites\/55\/2019\/03\/screening_2a-1024x577.jpg\" alt=\"\" width=\"600\" height=\"338\" srcset=\"https:\/\/www.burg-halle.de\/id-neuwerk\/post-exit\/wp-content\/uploads\/sites\/55\/2019\/03\/screening_2a-1024x577.jpg 1024w, https:\/\/www.burg-halle.de\/id-neuwerk\/post-exit\/wp-content\/uploads\/sites\/55\/2019\/03\/screening_2a-300x169.jpg 300w, https:\/\/www.burg-halle.de\/id-neuwerk\/post-exit\/wp-content\/uploads\/sites\/55\/2019\/03\/screening_2a-768x433.jpg 768w\" sizes=\"auto, (max-width: 600px) 100vw, 600px\" \/><\/p>\n<p><img loading=\"lazy\" decoding=\"async\" class=\"alignnone wp-image-764\" src=\"https:\/\/www.burg-halle.de\/id-neuwerk\/post-exit\/wp-content\/uploads\/sites\/55\/2019\/03\/screening_2b-1024x577.jpg\" alt=\"\" width=\"600\" height=\"338\" srcset=\"https:\/\/www.burg-halle.de\/id-neuwerk\/post-exit\/wp-content\/uploads\/sites\/55\/2019\/03\/screening_2b-1024x577.jpg 1024w, https:\/\/www.burg-halle.de\/id-neuwerk\/post-exit\/wp-content\/uploads\/sites\/55\/2019\/03\/screening_2b-300x169.jpg 300w, https:\/\/www.burg-halle.de\/id-neuwerk\/post-exit\/wp-content\/uploads\/sites\/55\/2019\/03\/screening_2b-768x433.jpg 768w\" sizes=\"auto, (max-width: 600px) 100vw, 600px\" \/><\/p>\n<p>&nbsp;<\/p>\n<pre>dienstag 11.6.2019<\/pre>\n<p><strong>screening 2<\/strong><br \/>\ngast-kritik mit marcie jost<\/p>\n<p>&nbsp;<\/p>\n<pre>ab 17.6.2019<\/pre>\n<p><strong>finishing workshop\u00a0mit felix brokbals<\/strong><br \/>\nfilm fertigstellen, schnitt, effekte, ton, sprecher etc.<\/p>\n<p>&nbsp;<\/p>\n<pre>ab 24.6.2019<\/pre>\n<p><strong>film und dokumentation fertigstellen<\/strong><br \/>\n(in die dokumentation kommt konzeptbeschreibung,<br \/>\nstoryboard\/drehbuch, filmstills etc.)<\/p>\n<p>&nbsp;<\/p>\n<p>&nbsp;<\/p>\n<p><img loading=\"lazy\" decoding=\"async\" class=\"alignnone wp-image-773\" src=\"https:\/\/www.burg-halle.de\/id-neuwerk\/post-exit\/wp-content\/uploads\/sites\/55\/2019\/03\/postexit_190702_1717-1024x683.jpg\" alt=\"\" width=\"600\" height=\"400\" srcset=\"https:\/\/www.burg-halle.de\/id-neuwerk\/post-exit\/wp-content\/uploads\/sites\/55\/2019\/03\/postexit_190702_1717-1024x683.jpg 1024w, https:\/\/www.burg-halle.de\/id-neuwerk\/post-exit\/wp-content\/uploads\/sites\/55\/2019\/03\/postexit_190702_1717-300x200.jpg 300w, https:\/\/www.burg-halle.de\/id-neuwerk\/post-exit\/wp-content\/uploads\/sites\/55\/2019\/03\/postexit_190702_1717-768x512.jpg 768w, https:\/\/www.burg-halle.de\/id-neuwerk\/post-exit\/wp-content\/uploads\/sites\/55\/2019\/03\/postexit_190702_1717.jpg 1620w\" sizes=\"auto, (max-width: 600px) 100vw, 600px\" \/><\/p>\n<p><img loading=\"lazy\" decoding=\"async\" class=\"alignnone wp-image-766\" src=\"https:\/\/www.burg-halle.de\/id-neuwerk\/post-exit\/wp-content\/uploads\/sites\/55\/2019\/03\/postexit_190702_1702-1024x683.jpg\" alt=\"\" width=\"600\" height=\"400\" srcset=\"https:\/\/www.burg-halle.de\/id-neuwerk\/post-exit\/wp-content\/uploads\/sites\/55\/2019\/03\/postexit_190702_1702-1024x683.jpg 1024w, https:\/\/www.burg-halle.de\/id-neuwerk\/post-exit\/wp-content\/uploads\/sites\/55\/2019\/03\/postexit_190702_1702-300x200.jpg 300w, https:\/\/www.burg-halle.de\/id-neuwerk\/post-exit\/wp-content\/uploads\/sites\/55\/2019\/03\/postexit_190702_1702-768x512.jpg 768w, https:\/\/www.burg-halle.de\/id-neuwerk\/post-exit\/wp-content\/uploads\/sites\/55\/2019\/03\/postexit_190702_1702.jpg 1620w\" sizes=\"auto, (max-width: 600px) 100vw, 600px\" \/><\/p>\n<p><img loading=\"lazy\" decoding=\"async\" class=\"alignnone wp-image-768\" src=\"https:\/\/www.burg-halle.de\/id-neuwerk\/post-exit\/wp-content\/uploads\/sites\/55\/2019\/03\/postexit_190702_1763-1024x683.jpg\" alt=\"\" width=\"600\" height=\"400\" srcset=\"https:\/\/www.burg-halle.de\/id-neuwerk\/post-exit\/wp-content\/uploads\/sites\/55\/2019\/03\/postexit_190702_1763-1024x683.jpg 1024w, https:\/\/www.burg-halle.de\/id-neuwerk\/post-exit\/wp-content\/uploads\/sites\/55\/2019\/03\/postexit_190702_1763-300x200.jpg 300w, https:\/\/www.burg-halle.de\/id-neuwerk\/post-exit\/wp-content\/uploads\/sites\/55\/2019\/03\/postexit_190702_1763-768x512.jpg 768w, https:\/\/www.burg-halle.de\/id-neuwerk\/post-exit\/wp-content\/uploads\/sites\/55\/2019\/03\/postexit_190702_1763.jpg 1620w\" sizes=\"auto, (max-width: 600px) 100vw, 600px\" \/><\/p>\n<p><img loading=\"lazy\" decoding=\"async\" class=\"alignnone wp-image-772\" src=\"https:\/\/www.burg-halle.de\/id-neuwerk\/post-exit\/wp-content\/uploads\/sites\/55\/2019\/03\/postexit_190702_1706-1024x683.jpg\" alt=\"\" width=\"600\" height=\"400\" srcset=\"https:\/\/www.burg-halle.de\/id-neuwerk\/post-exit\/wp-content\/uploads\/sites\/55\/2019\/03\/postexit_190702_1706-1024x683.jpg 1024w, https:\/\/www.burg-halle.de\/id-neuwerk\/post-exit\/wp-content\/uploads\/sites\/55\/2019\/03\/postexit_190702_1706-300x200.jpg 300w, https:\/\/www.burg-halle.de\/id-neuwerk\/post-exit\/wp-content\/uploads\/sites\/55\/2019\/03\/postexit_190702_1706-768x512.jpg 768w, https:\/\/www.burg-halle.de\/id-neuwerk\/post-exit\/wp-content\/uploads\/sites\/55\/2019\/03\/postexit_190702_1706.jpg 1620w\" sizes=\"auto, (max-width: 600px) 100vw, 600px\" \/><\/p>\n<p>&nbsp;<\/p>\n<pre>dienstag, 2.7.2019<\/pre>\n<p><strong>post exit\u00a0pr\u00e4sentation <\/strong><\/p>\n<p><strong><a href=\"https:\/\/www.burg-halle.de\/id-neuwerk\/post-exit\/praesentation\/\">hier den film der pr\u00e4sentation ansehen \u2026<\/a><\/strong><\/p>\n<p>&nbsp;<\/p>\n<p><img srcset=\"https:\/\/www.burg-halle.de\/id-neuwerk\/post-exit\/wp-content\/uploads\/sites\/55\/2019\/03\/Post-Exit_Pr\u00e4sentation-Einladung.jpg 472w, https:\/\/www.burg-halle.de\/id-neuwerk\/post-exit\/wp-content\/uploads\/sites\/55\/2019\/03\/Post-Exit_Pr\u00e4sentation-Einladung-300x161.jpg 300w\" sizes=\"(max-width: 600px) 100vw, 600px\" loading=\"lazy\" decoding=\"async\" class=\"alignnone size-full wp-image-769\" src=\"https:\/\/www.burg-halle.de\/id-neuwerk\/post-exit\/wp-content\/uploads\/sites\/55\/2019\/03\/Post-Exit_Pr\u00e4sentation-Einladung.jpg\" alt=\"\" width=\"472\" height=\"253\"   \/><\/p>\n<p>&nbsp;<\/p>\n<p>&nbsp;<\/p>\n","protected":false},"excerpt":{"rendered":"<p>&nbsp; &nbsp; individuelle exkursion und film-reportage \u2026 vor beginn des semesters einzeln oder in kleinen gruppen eigenst\u00e4ndig und selbst-organisiert auf exkursion gehen und initiativen oder akteure besuchen, die im themenkontext unseres projektthemas agieren. also akteure, die die zukunft in die hand nehmen und irgendetwas anders, besser, unkonventioneller \u2026 machen als die mehrheit \u2026 also akteure, [&hellip;]<\/p>\n","protected":false},"author":5,"featured_media":0,"parent":0,"menu_order":0,"comment_status":"closed","ping_status":"closed","template":"","meta":{"footnotes":""},"class_list":["post-456","page","type-page","status-publish","hentry"],"_links":{"self":[{"href":"https:\/\/www.burg-halle.de\/id-neuwerk\/post-exit\/wp-json\/wp\/v2\/pages\/456","targetHints":{"allow":["GET"]}}],"collection":[{"href":"https:\/\/www.burg-halle.de\/id-neuwerk\/post-exit\/wp-json\/wp\/v2\/pages"}],"about":[{"href":"https:\/\/www.burg-halle.de\/id-neuwerk\/post-exit\/wp-json\/wp\/v2\/types\/page"}],"author":[{"embeddable":true,"href":"https:\/\/www.burg-halle.de\/id-neuwerk\/post-exit\/wp-json\/wp\/v2\/users\/5"}],"replies":[{"embeddable":true,"href":"https:\/\/www.burg-halle.de\/id-neuwerk\/post-exit\/wp-json\/wp\/v2\/comments?post=456"}],"version-history":[{"count":29,"href":"https:\/\/www.burg-halle.de\/id-neuwerk\/post-exit\/wp-json\/wp\/v2\/pages\/456\/revisions"}],"predecessor-version":[{"id":782,"href":"https:\/\/www.burg-halle.de\/id-neuwerk\/post-exit\/wp-json\/wp\/v2\/pages\/456\/revisions\/782"}],"wp:attachment":[{"href":"https:\/\/www.burg-halle.de\/id-neuwerk\/post-exit\/wp-json\/wp\/v2\/media?parent=456"}],"curies":[{"name":"wp","href":"https:\/\/api.w.org\/{rel}","templated":true}]}}