{"id":533,"date":"2019-07-06T13:20:30","date_gmt":"2019-07-06T11:20:30","guid":{"rendered":"https:\/\/www.burg-halle.de\/id-neuwerk\/post-exit\/?page_id=533"},"modified":"2019-07-06T13:25:05","modified_gmt":"2019-07-06T11:25:05","slug":"praesentation","status":"publish","type":"page","link":"https:\/\/www.burg-halle.de\/id-neuwerk\/post-exit\/praesentation\/","title":{"rendered":"Pr\u00e4sentation"},"content":{"rendered":"<p><iframe loading=\"lazy\" src=\"https:\/\/player.vimeo.com\/video\/346247942?color=ffffff&amp;title=0&amp;byline=0&amp;portrait=0\" width=\"600\" height=\"338\" frameborder=\"0\" allowfullscreen=\"allowfullscreen\"><\/iframe><\/p>\n<pre>Film der Pr\u00e4sentation am 2. Juli 2019<\/pre>\n<p>&nbsp;<\/p>\n<p><strong>post exit \u2026 <\/strong><\/p>\n<p>ausstieg als chance<br \/>\noder design-strategien f\u00fcr die gestaltung w\u00fcnschenswerter zuk\u00fcnfte<\/p>\n<p>in diesem projekt erproben wir design als werkzeug und prozessmotor f\u00fcr wandel-management. steigen Sie aus und machen Sie schluss mit einem von Ihnen als dringend ver\u00e4nderungsw\u00fcrdig angesehenen zustand (<strong>exit<\/strong>).<\/p>\n<p>und wie gehts weiter?<\/p>\n<p>steigen Sie gedanklich ein in eine w\u00fcnschenswerte zukunft (<strong>post exit<\/strong>).<br \/>\nmachen Sie diese zukunft vorstellbar mit den handwerklichen mitteln und strategien des designs \u2026 entwerfen erweitert um fiktion, spekulation, unterstellung \u2026 dargestellt mit filmischen mitteln\u00a0\u2026 in allen stufen der projektentwicklung \u2013 von der recherche, der konzept- und story\u00adentwicklung, dem entwurf neuartiger produkte oder neuer dienstleistungen oder ver\u00e4nderter handlungsformen bis hin zur visualisierung und\/oder vergegenst\u00e4ndlichung eines zukunftsszenarios.<\/p>\n<p>&nbsp;<\/p>\n<p>&nbsp;<\/p>\n<p><em>teilnehmer_innen:<\/em><br \/>\nHe Di, Ezra Dilger, Ferdinand Hintz, Laura Klingele, Alia Miertsch, Dorothee M\u00fcmmler, Magdalene Neynaber, Edda Rabold, Fritz Rahne, Leopold Seiler, Friedrich Uhl, Dominik Vogel<\/p>\n<p>&nbsp;<\/p>\n<p><em>lectures und gast-kritik:<\/em><br \/>\nProf. Dr. Veronica Biermann, Sanna Schiffler, Maike Fraas, Carsten Stracke, Marcie Jost<\/p>\n<p>&nbsp;<\/p>\n<p><em>moderation:<\/em><br \/>\nProf. Guido Englich, Benjamin Schief<\/p>\n<p>&nbsp;<\/p>\n<p>Studiengang BA Industriedesign und MA Industrial Design<br \/>\nSommersemester 2019<\/p>\n<p>Burg Giebichenstein Kunsthochschule Halle<\/p>\n<p>&nbsp;<\/p>\n","protected":false},"excerpt":{"rendered":"<p>Film der Pr\u00e4sentation am 2. Juli 2019 &nbsp; post exit \u2026 ausstieg als chance oder design-strategien f\u00fcr die gestaltung w\u00fcnschenswerter zuk\u00fcnfte in diesem projekt erproben wir design als werkzeug und prozessmotor f\u00fcr wandel-management. steigen Sie aus und machen Sie schluss mit einem von Ihnen als dringend ver\u00e4nderungsw\u00fcrdig angesehenen zustand (exit). und wie gehts weiter? steigen [&hellip;]<\/p>\n","protected":false},"author":5,"featured_media":0,"parent":0,"menu_order":0,"comment_status":"closed","ping_status":"closed","template":"","meta":{"footnotes":""},"class_list":["post-533","page","type-page","status-publish","hentry"],"_links":{"self":[{"href":"https:\/\/www.burg-halle.de\/id-neuwerk\/post-exit\/wp-json\/wp\/v2\/pages\/533","targetHints":{"allow":["GET"]}}],"collection":[{"href":"https:\/\/www.burg-halle.de\/id-neuwerk\/post-exit\/wp-json\/wp\/v2\/pages"}],"about":[{"href":"https:\/\/www.burg-halle.de\/id-neuwerk\/post-exit\/wp-json\/wp\/v2\/types\/page"}],"author":[{"embeddable":true,"href":"https:\/\/www.burg-halle.de\/id-neuwerk\/post-exit\/wp-json\/wp\/v2\/users\/5"}],"replies":[{"embeddable":true,"href":"https:\/\/www.burg-halle.de\/id-neuwerk\/post-exit\/wp-json\/wp\/v2\/comments?post=533"}],"version-history":[{"count":3,"href":"https:\/\/www.burg-halle.de\/id-neuwerk\/post-exit\/wp-json\/wp\/v2\/pages\/533\/revisions"}],"predecessor-version":[{"id":537,"href":"https:\/\/www.burg-halle.de\/id-neuwerk\/post-exit\/wp-json\/wp\/v2\/pages\/533\/revisions\/537"}],"wp:attachment":[{"href":"https:\/\/www.burg-halle.de\/id-neuwerk\/post-exit\/wp-json\/wp\/v2\/media?parent=533"}],"curies":[{"name":"wp","href":"https:\/\/api.w.org\/{rel}","templated":true}]}}