{"id":6,"date":"2019-01-22T17:10:43","date_gmt":"2019-01-22T16:10:43","guid":{"rendered":"https:\/\/www.burg-halle.de\/id-neuwerk\/post-exit\/?page_id=6"},"modified":"2024-04-06T12:15:36","modified_gmt":"2024-04-06T10:15:36","slug":"thema","status":"publish","type":"page","link":"https:\/\/www.burg-halle.de\/id-neuwerk\/post-exit\/","title":{"rendered":"Thema"},"content":{"rendered":"<p><iframe loading=\"lazy\" src=\"https:\/\/player.vimeo.com\/video\/312753031?title=0&amp;byline=0&amp;portrait=0\" allowfullscreen=\"allowfullscreen\" width=\"600\" height=\"338\" frameborder=\"0\"><\/iframe><\/p>\n<pre>Trailer zum Projekt<\/pre>\n<p>&nbsp;<\/p>\n<p><strong>post exit \u2026 <\/strong><\/p>\n<p>ausstieg als chance<br \/>\noder design-strategien f\u00fcr die gestaltung w\u00fcnschenswerter zuk\u00fcnfte<\/p>\n<p>in diesem projekt erproben wir design als werkzeug und prozessmotor f\u00fcr transformation und wandel-management.<\/p>\n<p>steigen Sie aus und machen Sie schluss mit einem von Ihnen als dringend ver\u00e4nderungsw\u00fcrdig angesehenen zustand (<strong>= exit<\/strong>).<\/p>\n<p>und wie gehts weiter?<\/p>\n<p>steigen Sie gedanklich ein in eine w\u00fcnschenswerte zukunft (<strong>= post exit<\/strong>).<br \/>\nmachen Sie diese zukunft vorstellbar mit den handwerklichen mitteln und strategien des designs \u2026 entwerfen wird hier erweitert mit fiktion, spekulation und unterstellung \u2026<\/p>\n<p>wir werden uns in diesem projekt im besonderen mit filmischer darstellung besch\u00e4ftigen \u2026 in allen stufen der projektentwicklung \u2013 von der recherche, der konzept- und story\u00adentwicklung, dem entwurf neuartiger produkte oder neuer dienstleistungen oder ver\u00e4nderter handlungsformen bis hin zur visualisierung und\/oder vergegenst\u00e4ndlichung eines zukunftsszenarios. begleitet wird das projekt durch entsprechende workshops zu film-technik, dramaturgie und filmschnitt sowie durch screenings und eingeladene g\u00e4ste als impulsgeber und kritiker.<\/p>\n<p>&nbsp;<\/p>\n<p><em>input:<\/em><\/p>\n<p>\u2013 individuelle exkursion (und \u201evormacher\u201d-reportage)<br \/>\n\u2013 gemeinsame aktion\/intervention eines post exit-szenarios als projekt-einstieg<br \/>\n\u2013 workshops zu story-entwicklung und filmischen umsetzungen<br \/>\n\u2013 gast-kritiker<\/p>\n<p>&nbsp;<\/p>\n<p><em>output:<\/em><\/p>\n<p>\u2013 reportagen<br \/>\n\u2013 screenings<br \/>\n\u2013 storys, visualisierungen, objekte, requisiten, settings \u2026<br \/>\n\u2013 abschluss-film-festival<\/p>\n<p>&nbsp;<\/p>\n<p><em>teilnehmer_innen:<\/em><br \/>\nHe Di, Ezra Dilger, Ferdinand Hintz, Laura Klingele, Alia Miertsch, Dorothee M\u00fcmmler, Magdalene Neynaber, Edda Rabold, Fritz Rahne, Leopold Seiler, Friedrich Uhl, Dominik Vogel<\/p>\n<p>&nbsp;<\/p>\n<p><em>lectures und gast-kritik:<\/em><br \/>\nProf. Dr. Veronica Biermann, Sanna Schiffler, Maike Fraas, Carsten Stracke, Marcie Jost<\/p>\n<p>&nbsp;<\/p>\n<p><em>moderation:<\/em><br \/>\nProf. Guido Englich, Benjamin Schief<\/p>\n<p>&nbsp;<\/p>\n<p>Studiengang BA Industriedesign und MA Industrial Design<br \/>\nSommersemester 2019<\/p>\n<p>Burg Giebichenstein Kunsthochschule Halle<\/p>\n<p>&nbsp;<\/p>\n","protected":false},"excerpt":{"rendered":"<p>Trailer zum Projekt &nbsp; post exit \u2026 ausstieg als chance oder design-strategien f\u00fcr die gestaltung w\u00fcnschenswerter zuk\u00fcnfte in diesem projekt erproben wir design als werkzeug und prozessmotor f\u00fcr transformation und wandel-management. steigen Sie aus und machen Sie schluss mit einem von Ihnen als dringend ver\u00e4nderungsw\u00fcrdig angesehenen zustand (= exit). und wie gehts weiter? steigen Sie [&hellip;]<\/p>\n","protected":false},"author":5,"featured_media":0,"parent":0,"menu_order":0,"comment_status":"closed","ping_status":"closed","template":"","meta":{"footnotes":""},"class_list":["post-6","page","type-page","status-publish","hentry"],"_links":{"self":[{"href":"https:\/\/www.burg-halle.de\/id-neuwerk\/post-exit\/wp-json\/wp\/v2\/pages\/6","targetHints":{"allow":["GET"]}}],"collection":[{"href":"https:\/\/www.burg-halle.de\/id-neuwerk\/post-exit\/wp-json\/wp\/v2\/pages"}],"about":[{"href":"https:\/\/www.burg-halle.de\/id-neuwerk\/post-exit\/wp-json\/wp\/v2\/types\/page"}],"author":[{"embeddable":true,"href":"https:\/\/www.burg-halle.de\/id-neuwerk\/post-exit\/wp-json\/wp\/v2\/users\/5"}],"replies":[{"embeddable":true,"href":"https:\/\/www.burg-halle.de\/id-neuwerk\/post-exit\/wp-json\/wp\/v2\/comments?post=6"}],"version-history":[{"count":10,"href":"https:\/\/www.burg-halle.de\/id-neuwerk\/post-exit\/wp-json\/wp\/v2\/pages\/6\/revisions"}],"predecessor-version":[{"id":843,"href":"https:\/\/www.burg-halle.de\/id-neuwerk\/post-exit\/wp-json\/wp\/v2\/pages\/6\/revisions\/843"}],"wp:attachment":[{"href":"https:\/\/www.burg-halle.de\/id-neuwerk\/post-exit\/wp-json\/wp\/v2\/media?parent=6"}],"curies":[{"name":"wp","href":"https:\/\/api.w.org\/{rel}","templated":true}]}}