{"id":752,"date":"2019-07-31T14:35:58","date_gmt":"2019-07-31T12:35:58","guid":{"rendered":"https:\/\/www.burg-halle.de\/id-neuwerk\/post-exit\/?page_id=752"},"modified":"2019-07-31T14:35:58","modified_gmt":"2019-07-31T12:35:58","slug":"lecture-filmbeispiele","status":"publish","type":"page","link":"https:\/\/www.burg-halle.de\/id-neuwerk\/post-exit\/lecture-filmbeispiele\/","title":{"rendered":"Lecture Filmbeispiele"},"content":{"rendered":"<p>1<br \/>\n<strong>Konzepte, Entw\u00fcrfe<\/strong><\/p>\n<p>&nbsp;<\/p>\n<p><iframe loading=\"lazy\" src=\"https:\/\/player.vimeo.com\/video\/63995607?title=0&amp;byline=0&amp;portrait=0\" width=\"600\" height=\"458\" frameborder=\"0\" allowfullscreen=\"allowfullscreen\"><\/iframe><\/p>\n<p>&nbsp;<\/p>\n<p><strong>The Expanding Airport<\/strong> (1958) Charles+Ray Eames (9:26)<\/p>\n<p>a study of service and convenience for washington airport \u2026 ein fr\u00fches beispiel, mit filmischen mitteln ein gestaltunskonzept vorstellbar und kommunizierbar zu machen \u2026 mit den mitteln des zeichentrickfilm in kombination mit standbildern<\/p>\n<p>&nbsp;<\/p>\n<p><iframe loading=\"lazy\" src=\"https:\/\/player.vimeo.com\/video\/324250692?title=0&amp;byline=0&amp;portrait=0\" width=\"600\" height=\"455\" frameborder=\"0\" allowfullscreen=\"allowfullscreen\"><\/iframe><\/p>\n<p>&nbsp;<\/p>\n<p><strong>Aquarium<\/strong> (1967) Charles+Ray Eames (10:36)<\/p>\n<p>film zur planung und f\u00f6rderung der realisierung eines museums f\u00fcr fischerei und meereskunde \u2026 in der collage aus filmbildern, modellaufnahmen und grafischen illustrationen wirkt der film wie ein portr\u00e4t eines existierenden museums \u2026 tats\u00e4chlich ist das mueseum aber nie gebaut worden<\/p>\n<p>&nbsp;<\/p>\n<p>&nbsp;<\/p>\n<p>2<br \/>\n<strong>Zukunftsvision<\/strong><br \/>\nMittel: Standbilder, Sprecher, Ambiente Ton<\/p>\n<p>&nbsp;<\/p>\n<p><iframe loading=\"lazy\" src=\"https:\/\/player.vimeo.com\/video\/47572900?title=0&amp;byline=0&amp;portrait=0\" width=\"600\" height=\"363\" frameborder=\"0\" allowfullscreen=\"allowfullscreen\"><\/iframe><\/p>\n<p>&nbsp;<\/p>\n<p><strong>La Jet\u00e9e<\/strong> (Am Rande des Rollfelds) (1963) Chris Marker (28:07)<\/p>\n<p>hier wird eine dystopische (zukunfts-)geschichte mit schwarzweiss-standbildern erz\u00e4hlt<\/p>\n<p>&nbsp;<\/p>\n<p>&nbsp;<\/p>\n<p>3<br \/>\n<strong>Scenario<\/strong><br \/>\nMittel: Collagen, Kamerawanderung auf Bild, Footage<\/p>\n<p>&nbsp;<\/p>\n<p><iframe loading=\"lazy\" src=\"https:\/\/player.vimeo.com\/video\/336033626?title=0&amp;byline=0&amp;portrait=0\" width=\"600\" height=\"460\" frameborder=\"0\" allowfullscreen=\"allowfullscreen\"><\/iframe><\/p>\n<p>&nbsp;<\/p>\n<p><strong>Supersurface \u2013\u00a0An alternative model for life on the Earth<\/strong> (1972) Superstudio<\/p>\n<p>http:\/\/www.architectureplayer.com\/clips\/supersurface-an-alternative-model-for-life-on-the-earth<\/p>\n<p>https:\/\/vimeo.com\/architectureplayer<\/p>\n<p>&nbsp;<\/p>\n<p>&nbsp;<\/p>\n<p>4<br \/>\n<strong>Scenario<\/strong><br \/>\nMittel: Film, Overlay<\/p>\n<p>&nbsp;<\/p>\n<p><iframe loading=\"lazy\" src=\"https:\/\/player.vimeo.com\/video\/129107053?title=0&amp;byline=0&amp;portrait=0\" width=\"600\" height=\"338\" frameborder=\"0\" allowfullscreen=\"allowfullscreen\"><\/iframe><\/p>\n<p>&nbsp;<\/p>\n<p><strong>Malu<\/strong> (2015) Felix Brokbals (2:45)<\/p>\n<p>&nbsp;<\/p>\n<p>&nbsp;<\/p>\n<p>5<br \/>\n<strong>Darstellung von Fakten, Information<\/strong><br \/>\nMittel: Performance, Overlay<\/p>\n<p>&nbsp;<\/p>\n<p><iframe loading=\"lazy\" src=\"https:\/\/player.vimeo.com\/video\/64040284?title=0&amp;byline=0&amp;portrait=0\" width=\"600\" height=\"338\" frameborder=\"0\" allowfullscreen=\"allowfullscreen\"><\/iframe><\/p>\n<p>&nbsp;<\/p>\n<p><strong>Hans Rosling on global population growth<\/strong> (2010) (10:04)<\/p>\n<p>&nbsp;<\/p>\n<p><iframe loading=\"lazy\" src=\"https:\/\/player.vimeo.com\/video\/95140026?title=0&amp;byline=0&amp;portrait=0\" width=\"600\" height=\"338\" frameborder=\"0\" allowfullscreen=\"allowfullscreen\"><\/iframe><\/p>\n<p>&nbsp;<\/p>\n<p><strong>Hans Rosling\u2019s 200 Countries, 200 Years, 4 Minutes<\/strong> (2010) (4:11)<\/p>\n<p>&nbsp;<\/p>\n<p><strong>information und interpretation<\/strong><\/p>\n<p>hans rosling war einer der brillantesten pr\u00e4sentierer, interpretierer von abstrakten statistischen daten \u2026 die mittel hier sind mehr performance als filmische mittel\u2026<\/p>\n<p><strong>Hans Rosling \u2013 Der Regisseur der Zahlen<\/strong><br \/>\nSpiegel Online 28.2.2010<\/p>\n<p>Hans Rosling hat eine Mission. Der Professor f\u00fcr Internationale Gesundheit vom Karolinska-Institut in Stockholm will nicht die Welt ver\u00e4ndern, aber den Blick, den die Menschen auf sie haben. Er will, dass sie ihre Vorurteile ablegen. Etwa jenes, dass die Welt sich simpel in arme Entwicklungsl\u00e4nder und reiche Industriestaaten unterteilen lie\u00dfe. Viele Entwicklungsl\u00e4nder h\u00e4tten l\u00e4ngst gro\u00dfe Fortschritte gemacht, sagt der Mediziner. Und er inszeniert seine Botschaft \u2013 \u201eDas scheinbar Unm\u00f6gliche ist m\u00f6glich\u201d \u2013 gern so dramatisch, dass die Zuschauer sie nicht so schnell vergessen.<\/p>\n<p>&nbsp;<\/p>\n<p>&nbsp;<\/p>\n<p>6<br \/>\n<strong>Critical Design, Produkt<\/strong><br \/>\nMittel: Film, Overlay, Montage aus Footage und Insert<\/p>\n<p>&nbsp;<\/p>\n<p><iframe loading=\"lazy\" src=\"https:\/\/player.vimeo.com\/video\/324433025?title=0&amp;byline=0&amp;portrait=0\" width=\"600\" height=\"338\" frameborder=\"0\" allowfullscreen=\"allowfullscreen\"><\/iframe><\/p>\n<p>&nbsp;<\/p>\n<p><strong>MTV 79% Work Clock<\/strong> (1080p)<\/p>\n<p>&nbsp;<\/p>\n<p><iframe loading=\"lazy\" src=\"https:\/\/player.vimeo.com\/video\/176134282?title=0&amp;byline=0&amp;portrait=0\" width=\"600\" height=\"348\" frameborder=\"0\" allowfullscreen=\"allowfullscreen\"><\/iframe><\/p>\n<p>&nbsp;<\/p>\n<p><strong>Die fliegende Fliege<\/strong> (2016) Konrad Schoch<\/p>\n<p>&nbsp;<\/p>\n<p>7<br \/>\n<strong>Visueller Essay<\/strong><br \/>\nMittel: Footage, Collage, Splitscreen<\/p>\n<p>&nbsp;<\/p>\n<p><iframe loading=\"lazy\" src=\"https:\/\/player.vimeo.com\/video\/56362685?title=0&amp;byline=0&amp;portrait=0\" width=\"600\" height=\"252\" frameborder=\"0\" allowfullscreen=\"allowfullscreen\"><\/iframe><\/p>\n<p>&nbsp;<\/p>\n<p><strong>Fiasco<\/strong> (2012) Padge, Westphalen, Englich<\/p>\n<p>&nbsp;<\/p>\n<p>8<br \/>\n<strong>Designtheoretischer Diskurs<\/strong><br \/>\nMittel: Modelle oder Mapping filmen, Kommentar<\/p>\n<p>&nbsp;<\/p>\n<p><iframe loading=\"lazy\" src=\"https:\/\/player.vimeo.com\/video\/45299605?title=0&amp;byline=0&amp;portrait=0\" width=\"600\" height=\"338\" frameborder=\"0\" allowfullscreen=\"allowfullscreen\"><\/iframe><\/p>\n<p>&nbsp;<\/p>\n<p><strong>Lucius Burckhardts Ecke<\/strong> (2012) Padge, Westphalen<\/p>\n<p>&nbsp;<\/p>\n<p><iframe loading=\"lazy\" src=\"https:\/\/player.vimeo.com\/video\/45514894?title=0&amp;byline=0&amp;portrait=0\" width=\"600\" height=\"338\" frameborder=\"0\" allowfullscreen=\"allowfullscreen\"><\/iframe><\/p>\n<p>&nbsp;<\/p>\n<p><strong>Reiseberichte<\/strong> (2012) Padge, Westphalen<\/p>\n<p>&nbsp;<\/p>\n<p>9<br \/>\ndie zukunft ist auch nicht mehr das, was sie mal war<\/p>\n<p>&nbsp;<\/p>\n","protected":false},"excerpt":{"rendered":"<p>1 Konzepte, Entw\u00fcrfe &nbsp; &nbsp; The Expanding Airport (1958) Charles+Ray Eames (9:26) a study of service and convenience for washington airport \u2026 ein fr\u00fches beispiel, mit filmischen mitteln ein gestaltunskonzept vorstellbar und kommunizierbar zu machen \u2026 mit den mitteln des zeichentrickfilm in kombination mit standbildern &nbsp; &nbsp; Aquarium (1967) Charles+Ray Eames (10:36) film zur planung [&hellip;]<\/p>\n","protected":false},"author":5,"featured_media":0,"parent":0,"menu_order":0,"comment_status":"closed","ping_status":"closed","template":"","meta":{"footnotes":""},"class_list":["post-752","page","type-page","status-publish","hentry"],"_links":{"self":[{"href":"https:\/\/www.burg-halle.de\/id-neuwerk\/post-exit\/wp-json\/wp\/v2\/pages\/752","targetHints":{"allow":["GET"]}}],"collection":[{"href":"https:\/\/www.burg-halle.de\/id-neuwerk\/post-exit\/wp-json\/wp\/v2\/pages"}],"about":[{"href":"https:\/\/www.burg-halle.de\/id-neuwerk\/post-exit\/wp-json\/wp\/v2\/types\/page"}],"author":[{"embeddable":true,"href":"https:\/\/www.burg-halle.de\/id-neuwerk\/post-exit\/wp-json\/wp\/v2\/users\/5"}],"replies":[{"embeddable":true,"href":"https:\/\/www.burg-halle.de\/id-neuwerk\/post-exit\/wp-json\/wp\/v2\/comments?post=752"}],"version-history":[{"count":1,"href":"https:\/\/www.burg-halle.de\/id-neuwerk\/post-exit\/wp-json\/wp\/v2\/pages\/752\/revisions"}],"predecessor-version":[{"id":753,"href":"https:\/\/www.burg-halle.de\/id-neuwerk\/post-exit\/wp-json\/wp\/v2\/pages\/752\/revisions\/753"}],"wp:attachment":[{"href":"https:\/\/www.burg-halle.de\/id-neuwerk\/post-exit\/wp-json\/wp\/v2\/media?parent=752"}],"curies":[{"name":"wp","href":"https:\/\/api.w.org\/{rel}","templated":true}]}}