{"id":296,"date":"2024-04-28T13:36:15","date_gmt":"2024-04-28T11:36:15","guid":{"rendered":"https:\/\/www.burg-halle.de\/id-neuwerk\/repair\/?page_id=296"},"modified":"2026-03-26T01:56:00","modified_gmt":"2026-03-26T00:56:00","slug":"re-pair","status":"publish","type":"page","link":"https:\/\/www.burg-halle.de\/id-neuwerk\/repair\/re-pair\/","title":{"rendered":"Re\/pair"},"content":{"rendered":"<p><img decoding=\"async\" src=\"https:\/\/www.burg-halle.de\/id-neuwerk\/repair\/wp-content\/uploads\/sites\/71\/2024\/04\/DSC4833.jpg\" alt=\"\" class=\"wp-image-55\" width=\"600\" height=\"auto\"><\/p>\n<p>&nbsp; <\/p>\n<p><strong>Re\/pair Caf\u00e9<\/strong><br \/>\nvon Montag, den 25. bis Donnerstag, den 28. M\u00e4rz 2024.<\/p>\n<p>Zum Semesterstart verwandeln wir den Projektraum in ein tempor\u00e4res Repaircaf\u00e9. Die Studierenden w\u00e4hlen reparaturbed\u00fcrftige Objekte aus und wagen sich an eine Reparatur. Dabei werden die ben\u00f6tigten Ressourcen und zur Verf\u00fcgung stehenden Zug\u00e4nge zu Reparaturwissen untersucht. Die Praxis des Reparierens als Methode des Reverse Engineerings kann Aufschluss \u00fcber Optimierung zu reparaturfreundlicher Gestaltung geben und bietet hier den Auftakt in das entwerferische Handeln.<\/p>\n<p>&nbsp; <\/p>\n<p><img decoding=\"async\" src=\"https:\/\/www.burg-halle.de\/id-neuwerk\/repair\/wp-content\/uploads\/sites\/71\/2024\/04\/DSC4827.jpg\" alt=\"\" class=\"wp-image-55\" width=\"600\" height=\"auto\"><\/p>\n<p><em>Der Projektraum wird zum Repair-Caf\u00e9<\/em><\/p>\n<p>&nbsp;<\/p>\n<p><strong>Ablaufplan<\/strong><\/p>\n<p>Montag 25.03.2024<br \/>\n10:00 &#8211; 11:00 Kickoff: Begr\u00fc\u00dfung + Vorstellung des Programms<br \/>\n11:00 &#8211; 12:00 Einrichten des Raumes + Ressourcen f\u00fcr die Woche <\/p>\n<p>12:00 &#8211; 13:00 Mittagspause<\/p>\n<p>13:00 &#8211; 14:30 Vorstellung der Reparaturobjekte \/ -projekte \/ Reparaturmotivation<br \/>\n14:00 &#8211; 14:30 Verteilen der Arbeitstische nach thematischen Zusammenhang<br \/>\n14:30 &#8211; 15:00 Vorstellung des Reparaturkompendiums<br \/>\n15:00 &#8211; 18:00 Freiarbeit; Film zum Buch; Reparatur etc.<\/p>\n<p>Dienstag 26.03.2024<br \/>\n10:00 &#8211; 11:00\tStand-Up Meeting: Ressourcen-Update<br \/>\n11:00 &#8211; 12:00 Kollektiver Ideenaustausch an den Stellw\u00e4nden (Reparaturinfrastruktur, Shops, Anleitungen etc.) <\/p>\n<p>12:00 &#8211; 13:00 Mittagspause<\/p>\n<p>13:00 &#8211; 14:00 Reparaturanleitung-Tutorial iFixit (Julius)<br \/>\n14:00 &#8211; 18:00 Freiarbeit; Reparatur etc.; Film zum Buch, Materialbeschaffung<\/p>\n<p>Mittwoch 27.03.2024<br \/>\n10:00 &#8211; 13:00\tFreiarbeit; Reparatur etc.; Film zum Buch, Materialbeschaffung<br \/>\n13:00 &#8211; 14:30 Vortr\u00e4ge der \u201eTischgruppen\u201c zu Zwischenergebnissen + Feedbackgespr\u00e4ch<br \/>\n14:30 &#8211; 18:00 Freiarbeit; Reparatur; Reparaturkompendium<\/p>\n<p>Donnerstag 28.03.2024<br \/>\n10:00 &#8211; 11:00\tFertigstellen der Reparaturen<br \/>\n11:00 &#8211; 12:00 Gemeinsames Shooting der Objekte<\/p>\n<p>12:00 &#8211; 13:00 Mittagspause<\/p>\n<p>13:00-14:00 Vorbereitung der Ergebnispr\u00e4sentation als Pecha-Kucha<br \/>\n14:00-16:00 Pr\u00e4sentation der Ergebnisse<br \/>\n17:00-19:00 Osterfeuer (?)<\/p>\n<p>&nbsp;<\/p>\n<div class=\"_df_thumb \" id=\"df_407\"  wpoptions=\"true\" thumb=\"https:\/\/www.burg-halle.de\/id-neuwerk\/repair\/wp-content\/uploads\/sites\/71\/2024\/05\/Reparatur_Kompendium_Titel.jpg\" thumbtype=\"img\" >repair kompendium<\/div><script data-cfasync=\"false\">var option_df_407 = {\"outline\":[],\"forceFit\":\"true\",\"autoEnableOutline\":\"false\",\"autoEnableThumbnail\":\"false\",\"overwritePDFOutline\":\"false\",\"direction\":\"1\",\"pageMode\":\"0\",\"source\":\"https:\\\/\\\/www.burg-halle.de\\\/id-neuwerk\\\/repair\\\/wp-content\\\/uploads\\\/sites\\\/71\\\/2024\\\/05\\\/Reparatur_Kompendium_web.pdf\",\"wpOptions\":\"true\"}; if(window.DFLIP && DFLIP.parseBooks){DFLIP.parseBooks();}<\/script>\n<p>&nbsp;<\/p>\n<p>Dokumentation der Repair Session<br \/>\n<em>(zum Bl\u00e4ttern klicken)<\/em><\/p>\n<p>&nbsp;<\/p>\n<p><strong>Die Repair-Filme<\/strong><br \/>\nIn Form von Reparaturanleitungen, Erfahrungsberichten und Filmen werden die Erkenntnisse ausgewertet und archiviert. Das Bereitstellen von erworbenem Wissen<br \/>\nist ein elementarer Bestandteil zur F\u00f6rderung der Reparier\u00adbarkeit von Objekten, Produkten, Strukturen<br \/>\nund Beziehungen.<\/p>\n<p>Sie besch\u00e4ftigen sich wahlweise mit einem der folgenden Themen:<\/p>\n<p>A<br \/>\n<strong>Sie besuchen Orte\/Menschen\/Initiativen \u2026<\/strong><br \/>\ndie im engeren oder weiteren Sinne mit reparieren, pflegen, erhalten etc. \u2026 besch\u00e4ftigt sind \u2026 und Sie erstellen eine kurze filmische Reportage<\/p>\n<p>&nbsp;<\/p>\n<p><iframe loading=\"lazy\" src=\"https:\/\/player.vimeo.com\/video\/938125018?h=af37f83f96&amp;title=0&amp;byline=0&amp;portrait=0\" width=\"600\" height=\"338\" frameborder=\"0\" allow=\"autoplay; fullscreen; picture-in-picture\" allowfullscreen=\"\"><\/iframe><\/p>\n<p><em>d+departement \/ Seong Heum Na<\/em><\/p>\n<p>&nbsp;<\/p>\n<p><iframe loading=\"lazy\" src=\"https:\/\/player.vimeo.com\/video\/938117249?h=bbd97e7968&amp;title=0&amp;byline=0&amp;portrait=0\" width=\"600\" height=\"338\" frameborder=\"0\" allow=\"autoplay; fullscreen; picture-in-picture\" allowfullscreen=\"\"><\/iframe><\/p>\n<p><em>Kaputt \/ Merle Nau<\/em><\/p>\n<p>&nbsp;<\/p>\n<p>B<br \/>\n<strong>Sie suchen\/finden in der vorlesungsfreien Zeit einen defekten Gegenstand und bringen diesen mit \u2026<\/strong><br \/>\nin der Einf\u00fchrungswoche reparieren Sie diesen Gegenstand und dokumentieren den Prozess als kurzen Film und in einem gemeinsamen Kompendium.<\/p>\n<p>&nbsp;<\/p>\n<p><iframe loading=\"lazy\" src=\"https:\/\/player.vimeo.com\/video\/938118887?h=ff7d8f6b5c&amp;title=0&amp;byline=0&amp;portrait=0\" width=\"600\" height=\"338\" frameborder=\"0\" allow=\"autoplay; fullscreen; picture-in-picture\" allowfullscreen=\"\"><\/iframe><\/p>\n<p><em>Reparatur einer Tischkreiss\u00e4ge \/ Enzo Agger<\/em><\/p>\n<p>&nbsp;<\/p>\n<p><iframe loading=\"lazy\" src=\"https:\/\/player.vimeo.com\/video\/938120311?h=dace4f0172&amp;title=0&amp;byline=0&amp;portrait=0\" width=\"600\" height=\"338\" frameborder=\"0\" allow=\"autoplay; fullscreen; picture-in-picture\" allowfullscreen=\"\"><\/iframe><\/p>\n<p><em>ebs.12 \/ Felix Stockhausen<\/em><\/p>\n<p>&nbsp;<\/p>\n<p><iframe loading=\"lazy\" src=\"https:\/\/player.vimeo.com\/video\/938127410?h=7a8cbb1bdc&amp;title=0&amp;byline=0&amp;portrait=0\" width=\"600\" height=\"338\" frameborder=\"0\" allow=\"autoplay; fullscreen; picture-in-picture\" allowfullscreen=\"\"><\/iframe><\/p>\n<p><em>Den analogen Alltag reparieren \/ Judith Burgard<\/em><\/p>\n<p>&nbsp;<\/p>\n<p><iframe loading=\"lazy\" src=\"https:\/\/player.vimeo.com\/video\/938978429?h=f706fd313b&amp;title=0&amp;byline=0&amp;portrait=0\" width=\"600\" height=\"338\" frameborder=\"0\" allow=\"autoplay; fullscreen; picture-in-picture\" allowfullscreen=\"\"><\/iframe><\/p>\n<p><em>Mending Petra \u2013 Wasserkocher reparieren \/ Jack Rehse<\/em><\/p>\n<p>&nbsp;<\/p>\n<p><iframe loading=\"lazy\" src=\"https:\/\/player.vimeo.com\/video\/938147395?h=4d7171ae72&amp;title=0&amp;byline=0&amp;portrait=0\" width=\"600\" height=\"338\" frameborder=\"0\" allow=\"autoplay; fullscreen; picture-in-picture\" allowfullscreen=\"\"><\/iframe><\/p>\n<p><em>Powerbank \/ Raphael Rustige<\/em><\/p>\n<p>&nbsp;<\/p>\n<p><iframe loading=\"lazy\" src=\"https:\/\/player.vimeo.com\/video\/938148578?h=2009fb14e6&amp;title=0&amp;byline=0&amp;portrait=0\" width=\"600\" height=\"338\" frameborder=\"0\" allow=\"autoplay; fullscreen; picture-in-picture\" allowfullscreen=\"\"><\/iframe><\/p>\n<p><em>Schuhe neu besohlen \/ Johann Kogge<\/em><\/p>\n<p>&nbsp;<\/p>\n<p><iframe loading=\"lazy\" src=\"https:\/\/player.vimeo.com\/video\/938149909?h=24d37b0426&amp;title=0&amp;byline=0&amp;portrait=0\" width=\"600\" height=\"338\" frameborder=\"0\" allow=\"autoplay; fullscreen; picture-in-picture\" allowfullscreen=\"\"><\/iframe><\/p>\n<p><em>Aktenvernichter reparieren \/ Eric Feiler<\/em><\/p>\n<p>&nbsp;<\/p>\n<p><iframe loading=\"lazy\" src=\"https:\/\/player.vimeo.com\/video\/938131983?h=bb8ebc7785&amp;title=0&amp;byline=0&amp;portrait=0\" width=\"600\" height=\"338\" frameborder=\"0\" allow=\"autoplay; fullscreen; picture-in-picture\" allowfullscreen=\"\"><\/iframe><\/p>\n<p><em>Hocker reparieren \/ Gabriel Schroer<\/em><\/p>\n<p>&nbsp;<\/p>\n<p><iframe loading=\"lazy\" src=\"https:\/\/player.vimeo.com\/video\/938155628?h=5ac1e0af8e&amp;title=0&amp;byline=0&amp;portrait=0\" width=\"600\" height=\"338\" frameborder=\"0\" allow=\"autoplay; fullscreen; picture-in-picture\" allowfullscreen=\"\"><\/iframe><\/p>\n<p><em>Griff an Trinkflasche reparieren \/ Paul Wesser<\/em><\/p>\n<p>&nbsp;<\/p>\n<p><iframe loading=\"lazy\" src=\"https:\/\/player.vimeo.com\/video\/938161124?h=29ec70c6e6&amp;title=0&amp;byline=0&amp;portrait=0\" width=\"600\" height=\"338\" frameborder=\"0\" allow=\"autoplay; fullscreen; picture-in-picture\" allowfullscreen=\"\"><\/iframe><\/p>\n<p><em>Neuen Film in Einwegkamera einlegen \/ Kyoungjin Lee<\/em><\/p>\n<p>&nbsp;<\/p>\n<p><iframe loading=\"lazy\" src=\"https:\/\/player.vimeo.com\/video\/938979200?h=14f543a530&amp;title=0&amp;byline=0&amp;portrait=0\" width=\"600\" height=\"338\" frameborder=\"0\" allow=\"autoplay; fullscreen; picture-in-picture\" allowfullscreen=\"\"><\/iframe><\/p>\n<p><em>Schuhe reparieren \/ Namju Kim<\/em><\/p>\n<p>&nbsp;<\/p>\n<p><iframe loading=\"lazy\" src=\"https:\/\/player.vimeo.com\/video\/938130223?h=f460d0619e&amp;title=0&amp;byline=0&amp;portrait=0\" width=\"600\" height=\"338\" frameborder=\"0\" allow=\"autoplay; fullscreen; picture-in-picture\" allowfullscreen=\"\"><\/iframe><\/p>\n<p><em>Drucker reparieren \/ Matthias Franzen<\/em><\/p>\n<p>&nbsp;<\/p>\n<p><iframe loading=\"lazy\" src=\"https:\/\/player.vimeo.com\/video\/938151657?h=681a8b56f3&amp;title=0&amp;byline=0&amp;portrait=0\" width=\"600\" height=\"338\" frameborder=\"0\" allow=\"autoplay; fullscreen; picture-in-picture\" allowfullscreen=\"\"><\/iframe><\/p>\n<p><em>Tapedeck einstellen \/ Max Stolze<\/em><\/p>\n<p>&nbsp;<\/p>\n<p><em><\/em><em><\/em><em><\/em><em><\/em><em><\/em><em><\/em><em><\/em><\/p>\n","protected":false},"excerpt":{"rendered":"<p>&nbsp; Re\/pair Caf\u00e9 von Montag, den 25. bis Donnerstag, den 28. M\u00e4rz 2024. Zum Semesterstart verwandeln wir den Projektraum in ein tempor\u00e4res Repaircaf\u00e9. Die Studierenden w\u00e4hlen reparaturbed\u00fcrftige Objekte aus und wagen sich an eine Reparatur. Dabei werden die ben\u00f6tigten Ressourcen und zur Verf\u00fcgung stehenden Zug\u00e4nge zu Reparaturwissen untersucht. Die Praxis des Reparierens als Methode des [&hellip;]<\/p>\n","protected":false},"author":5,"featured_media":0,"parent":0,"menu_order":0,"comment_status":"closed","ping_status":"closed","template":"","meta":{"footnotes":""},"class_list":["post-296","page","type-page","status-publish","hentry"],"_links":{"self":[{"href":"https:\/\/www.burg-halle.de\/id-neuwerk\/repair\/wp-json\/wp\/v2\/pages\/296","targetHints":{"allow":["GET"]}}],"collection":[{"href":"https:\/\/www.burg-halle.de\/id-neuwerk\/repair\/wp-json\/wp\/v2\/pages"}],"about":[{"href":"https:\/\/www.burg-halle.de\/id-neuwerk\/repair\/wp-json\/wp\/v2\/types\/page"}],"author":[{"embeddable":true,"href":"https:\/\/www.burg-halle.de\/id-neuwerk\/repair\/wp-json\/wp\/v2\/users\/5"}],"replies":[{"embeddable":true,"href":"https:\/\/www.burg-halle.de\/id-neuwerk\/repair\/wp-json\/wp\/v2\/comments?post=296"}],"version-history":[{"count":31,"href":"https:\/\/www.burg-halle.de\/id-neuwerk\/repair\/wp-json\/wp\/v2\/pages\/296\/revisions"}],"predecessor-version":[{"id":649,"href":"https:\/\/www.burg-halle.de\/id-neuwerk\/repair\/wp-json\/wp\/v2\/pages\/296\/revisions\/649"}],"wp:attachment":[{"href":"https:\/\/www.burg-halle.de\/id-neuwerk\/repair\/wp-json\/wp\/v2\/media?parent=296"}],"curies":[{"name":"wp","href":"https:\/\/api.w.org\/{rel}","templated":true}]}}