{"id":567,"date":"2024-08-29T19:11:44","date_gmt":"2024-08-29T17:11:44","guid":{"rendered":"https:\/\/www.burg-halle.de\/id-neuwerk\/repair\/?page_id=567"},"modified":"2024-08-29T19:16:44","modified_gmt":"2024-08-29T17:16:44","slug":"film","status":"publish","type":"page","link":"https:\/\/www.burg-halle.de\/id-neuwerk\/repair\/film\/","title":{"rendered":"Film"},"content":{"rendered":"<p><iframe loading=\"lazy\" src=\"https:\/\/player.vimeo.com\/video\/1004096789?h=5a019a4195&amp;title=0&amp;byline=0&amp;portrait=0\" width=\"600\" height=\"338\" frameborder=\"0\" allow=\"autoplay; fullscreen; picture-in-picture\" allowfullscreen=\"\"><\/iframe><\/p>\n<p><em>Der Film zum Projekt<\/em><\/p>\n<p>&nbsp;<\/p>\n<p>Entwurfsprojekt \/ Komplexes Gestalten<br \/>\nStudiengang BA Industriedesign und MA Industrial Design<\/p>\n<p>&nbsp;<\/p>\n<p><strong>The big Re\/\u2026<\/strong><br \/>\nre\/pair, re\/assemble, re\/use<br \/>\nDesign-Strategien f\u00fcr Umgang mit dem, was schon da ist<\/p>\n<p>&nbsp;<\/p>\n<p>Das Recycling von Produkten an ihrem Nutzungsende erschien als die erl\u00f6sende Zauberformel f\u00fcr eine auf best\u00e4ndigem Wachstum, auf Verbrauchen und Wegwerfen basierenden, linear aufgebauten Wirtschaft. Reparaturf\u00e4higkeit und Wiederaufbereitung von Produkten spielten dagegen kaum eine Rolle.<\/p>\n<p>In einer zirkul\u00e4r organisierten Wirtschaft dagegen sind eine lange Nutzungs\u00addauer, die Zur\u00fcckgewinnung, Wiederverwertung und Erneuerbarkeit von eingesetzten Materialien und Bauteilen \u2013 insbesondere ohne Qualit\u00e4tsverluste durch Downcycling \u2013 elementare Faktoren.<\/p>\n<p>Ende 2023 hat das EU-Parlament ein \u201eRecht auf Reparatur\u201d beschlossen, bis Mitte 2024 wollen sich Parlament und L\u00e4nder auf eine finale Fassung einigen. Vor diesem Hintergrund gewinnt die schon lang diskutierte Frage nach dem Einfluss von Design und Konstruktion auf Optionen der Reparaturf\u00e4higkeit wieder an Bedeutung \u2013 und hoffentlich an Chancen der Umsetzung.<\/p>\n<p>In diesem Projekt wollen wir uns mit Design-Strategien zur Verl\u00e4ngerung der Nutzungsdauer von Produkten befassen und die relevanten Optionen weitl\u00e4ufig untersuchen. Dazu geh\u00f6ren beispielsweise Gestaltungskriterien f\u00fcr die Konstruktion von Gegenst\u00e4nden, die sowohl Wartung und Reparatur erm\u00f6glichen, aber auch Umbau oder Upgrading. Ebenso umfasst dies auch \u00e4sthetische Aspekte in Bezug auf Erscheinungsbild, Materialit\u00e4t und Ausdruck von Produkten, die einem vorzeitigen formalen Alterungsprozess entgegen\u00adwirken. Und nicht zuletzt k\u00f6nnen auch wahrnehmungs-psychologische Aspekte in der Interaktion zu einer st\u00e4rkeren Bindung zu Produkten f\u00fchren und zu dem Wunsch, sie so lange wie m\u00f6glich zu benutzen.<\/p>\n<p>Reparieren und Umnutzen sind aber nicht nur technische Handlungen, sondern auch soziale Praktiken \u2013 in Verbindung mit ver\u00e4nderten Nutzungsformen (wie beispielsweise Sharing) er\u00f6ffnet das Projekt auch Optionen f\u00fcr Konzepte in Informationsdesign und Social-Design. Die m\u00f6glichen Projektergebnisse reichen von Entw\u00fcrfen f\u00fcr langlebige, reparierbare und\/oder ver\u00e4nderbare Produkte, \u00fcber Service- oder Dienstleistungskonzepte bis hin zu Kampagnen.<\/p>\n<p>&nbsp;<\/p>\n<p><em>Teilnehmer_innen:<\/em><br \/>\nEnzo Agger, Judith Burgard, Eric Feiler, Matthias Franzen, Namju Kim, Johann Kogge, Kyoungjin Lee, Seong Heum Na, Merle Helena Nau, Jack Rehse, Raphael Rustige, Karl Schinkel, Gabriel Schroer, Felix Stockhausen, Max Stolze, Paul Matteo Wesser<\/p>\n<p><em>Moderation:<\/em><br \/>\nProf. Guido Englich, Julius Abromeit<\/p>\n<p>&nbsp;<\/p>\n<p>Studiengang BA Industriedesign und MA Industrial Design<br \/>\nSommersemester 2024<\/p>\n<p>Burg Giebichenstein Kunsthochschule Halle<\/p>\n<p>&nbsp;<\/p>\n","protected":false},"excerpt":{"rendered":"<p>Der Film zum Projekt &nbsp; Entwurfsprojekt \/ Komplexes Gestalten Studiengang BA Industriedesign und MA Industrial Design &nbsp; The big Re\/\u2026 re\/pair, re\/assemble, re\/use Design-Strategien f\u00fcr Umgang mit dem, was schon da ist &nbsp; Das Recycling von Produkten an ihrem Nutzungsende erschien als die erl\u00f6sende Zauberformel f\u00fcr eine auf best\u00e4ndigem Wachstum, auf Verbrauchen und Wegwerfen basierenden, [&hellip;]<\/p>\n","protected":false},"author":5,"featured_media":0,"parent":0,"menu_order":0,"comment_status":"closed","ping_status":"closed","template":"","meta":{"footnotes":""},"class_list":["post-567","page","type-page","status-publish","hentry"],"_links":{"self":[{"href":"https:\/\/www.burg-halle.de\/id-neuwerk\/repair\/wp-json\/wp\/v2\/pages\/567","targetHints":{"allow":["GET"]}}],"collection":[{"href":"https:\/\/www.burg-halle.de\/id-neuwerk\/repair\/wp-json\/wp\/v2\/pages"}],"about":[{"href":"https:\/\/www.burg-halle.de\/id-neuwerk\/repair\/wp-json\/wp\/v2\/types\/page"}],"author":[{"embeddable":true,"href":"https:\/\/www.burg-halle.de\/id-neuwerk\/repair\/wp-json\/wp\/v2\/users\/5"}],"replies":[{"embeddable":true,"href":"https:\/\/www.burg-halle.de\/id-neuwerk\/repair\/wp-json\/wp\/v2\/comments?post=567"}],"version-history":[{"count":3,"href":"https:\/\/www.burg-halle.de\/id-neuwerk\/repair\/wp-json\/wp\/v2\/pages\/567\/revisions"}],"predecessor-version":[{"id":571,"href":"https:\/\/www.burg-halle.de\/id-neuwerk\/repair\/wp-json\/wp\/v2\/pages\/567\/revisions\/571"}],"wp:attachment":[{"href":"https:\/\/www.burg-halle.de\/id-neuwerk\/repair\/wp-json\/wp\/v2\/media?parent=567"}],"curies":[{"name":"wp","href":"https:\/\/api.w.org\/{rel}","templated":true}]}}