{"id":2,"date":"2017-08-24T15:17:16","date_gmt":"2017-08-24T13:17:16","guid":{"rendered":"https:\/\/www.burg-halle.de\/id-neuwerk\/stadtraumwandel\/?page_id=2"},"modified":"2020-06-09T23:45:53","modified_gmt":"2020-06-09T21:45:53","slug":"beispiel-seite","status":"publish","type":"page","link":"https:\/\/www.burg-halle.de\/id-neuwerk\/stadtraumwandel\/","title":{"rendered":"Thema"},"content":{"rendered":"<p><img loading=\"lazy\" decoding=\"async\" class=\"wp-image-9\" src=\"https:\/\/www.burg-halle.de\/id-neuwerk\/stadtraumwandel\/wp-content\/uploads\/sites\/51\/2017\/08\/stadt_raum_2-1024x722.jpg\" alt=\"\" width=\"600\" height=\"423\" srcset=\"https:\/\/www.burg-halle.de\/id-neuwerk\/stadtraumwandel\/wp-content\/uploads\/sites\/51\/2017\/08\/stadt_raum_2-1024x722.jpg 1024w, https:\/\/www.burg-halle.de\/id-neuwerk\/stadtraumwandel\/wp-content\/uploads\/sites\/51\/2017\/08\/stadt_raum_2-300x211.jpg 300w, https:\/\/www.burg-halle.de\/id-neuwerk\/stadtraumwandel\/wp-content\/uploads\/sites\/51\/2017\/08\/stadt_raum_2-768x541.jpg 768w\" sizes=\"auto, (max-width: 600px) 100vw, 600px\" \/><\/p>\n<p>&nbsp;<\/p>\n<p><strong>Stadt. Raum. Wandel.<\/strong><br \/>\n<em>Gestaltungs-Strategien f\u00fcr St\u00e4dte im Umbruch am Beispiel Halle-Neustadt<\/em><\/p>\n<p>Halle-Neustadt ist seit Jahren gepr\u00e4gt von Transformation: erst Schrumpfung und R\u00fcckgang von infrastruktureller Versorgung, seit einiger Zeit wieder Zuzug und Belebung durch neue kulturelle, soziale, \u00f6konomische Impulse.<\/p>\n<p>Wie k\u00f6nnen wir als Gestalter und Designerinnen Transformationsprozesse als Gestaltungsaufgabe begreifen, mit welchen Mitteln und Werkzeugen k\u00f6nnen wir Potenziale aufsp\u00fcren und Wege in m\u00f6gliche Zuk\u00fcnfte vorstellbar und konstruier\u00adbar machen?<\/p>\n<p>Wir wollen Stadt als soziales, kulturelles und \u00f6konomisches Gef\u00fcge betrachten und im Laufe des Semesters drei Themenkomplexe vertiefen:<\/p>\n<p>Wissen teilen \u2026 <em>oder Stadt als Lernraum,<\/em><br \/>\nKulturelle Vielfalt \u2026 <em>oder Stadt als B\u00fchne,<\/em><br \/>\nWirtschaft weiter fassen \u2026 <em>oder Stadt als Markt.<\/em><\/p>\n<p>Wir werden Impulse der j\u00fcngsten Initiativen aus \u201ehalle.neu.stadt 2050\u201d auf\u00adnehmen und in Kontakt mit lokalen Akteuren weiterdenken. Als Projektraum beziehen wir in Halle-Neustadt ein Ladenlokal, in dem und aus dem heraus wir die Vertiefungen in konkreten r\u00e4umlich-atmosph\u00e4risch-kommuni\u00adkativen Settings erfahrbar und diskutierbar machen wollen.<\/p>\n<p>&nbsp;<\/p>\n<p><iframe loading=\"lazy\" src=\"https:\/\/player.vimeo.com\/video\/422115183?title=0&amp;byline=0&amp;portrait=0\" width=\"600\" height=\"338\" frameborder=\"0\" allowfullscreen=\"allowfullscreen\"><\/iframe><\/p>\n<p><em>Zeitraum Neustadt \u2013 Film von Luisa Krause (2018)<\/em><\/p>\n<p>&nbsp;<\/p>\n<p><strong>Arbeiten vor Ort \/ Projektraum in Halle-Neustadt<\/strong><\/p>\n<p>Der Projektraum in Halle-Neustadt soll auch zu einem Ort f\u00fcr Begegnung und Austausch werden \u2013 mit \u201eNeust\u00e4dtern\u201d, mit Referent*innen, die wir zu Workshops oder Lectures einladen und auch mit anderen Kommiliton*innen \u2013 wie beispiels\u00adweise der Projektgruppe um Matthias G\u00f6rlich aus dem KD, die sich mit Fragen der Stadtbeobachtung besch\u00e4ftigen.<\/p>\n<p>&nbsp;<\/p>\n<p><strong>Expeditionen <\/strong><\/p>\n<p>Als Einstieg unternehmen die Teilnehmer*innen mehrere parallele\u00a0Expeditionen\/Reportagen in geteilten\u00a0Gruppen \u2026 besucht werden Initiativen in anderen von Umbr\u00fcchen gepr\u00e4gten Ballungsr\u00e4umen. Mit der Vorstellung dieser Reportagen wird der Projektraum er\u00f6ffnet.<\/p>\n<p>&nbsp;<\/p>\n<p><strong>Werkleitz-Festival <\/strong><\/p>\n<p>Im Projekt werden wir uns mit dem diesj\u00e4hrigen Werkleitz-Festival \u201enicht mehr, noch nicht\u201d \u2013 zur Entwicklung von Stadt und st\u00e4dtischen Gemeinschaften verbinden und uns am Diskurs des Festivalprogramms beteiligen.<\/p>\n<p>&nbsp;<\/p>\n<p>Das Projekt ist prozessorientiert im Sinne vielf\u00e4ltigen Probierens unter\u00adschied\u00adlicher Gestaltungsstrategien, der Arbeit in wechselnden Gruppenkonstellationen und der Realisierung der drei thematischen Vertiefungen. Die entstehenden Artefakte und Spuren sowie die Veranstaltungen werden dokumentiert und zum Ende in eine Gesamtinszenierung \u00fcberf\u00fchrt.<\/p>\n<p>&nbsp;<\/p>\n<p>&nbsp;<\/p>\n<p><a href=\"https:\/\/www.burg-halle.de\/id-neuwerk\/stadtraumwandel\/wp-content\/uploads\/sites\/51\/2017\/08\/halle_neustadt_zeichn.jpg\" target=\"_blank\" rel=\"noopener noreferrer\"><img loading=\"lazy\" decoding=\"async\" class=\"alignnone wp-image-86\" src=\"https:\/\/www.burg-halle.de\/id-neuwerk\/stadtraumwandel\/wp-content\/uploads\/sites\/51\/2017\/08\/halle_neustadt_zeichn-1024x761.jpg\" alt=\"\" width=\"600\" height=\"446\" srcset=\"https:\/\/www.burg-halle.de\/id-neuwerk\/stadtraumwandel\/wp-content\/uploads\/sites\/51\/2017\/08\/halle_neustadt_zeichn-1024x761.jpg 1024w, https:\/\/www.burg-halle.de\/id-neuwerk\/stadtraumwandel\/wp-content\/uploads\/sites\/51\/2017\/08\/halle_neustadt_zeichn-300x223.jpg 300w, https:\/\/www.burg-halle.de\/id-neuwerk\/stadtraumwandel\/wp-content\/uploads\/sites\/51\/2017\/08\/halle_neustadt_zeichn-768x571.jpg 768w\" sizes=\"auto, (max-width: 600px) 100vw, 600px\" \/><\/a><\/p>\n<p>&nbsp;<\/p>\n<p><em>Teilnehmer_innen<\/em><br \/>\nTheresa Augustin, Tony Beyer, Ren\u00e9 Braun, Jonas Duteloff, Jessica Gr\u00f6mminger, Birgit Hengstebeck, Anna Herbert, Lena Hoppe, Luisa Krause, Tian Pan, Laura Pelizzari, Linn Pulsack, Friedrich Uhl, Vincent Zimmer<\/p>\n<p><em>Moderation<\/em><br \/>\nProf. Guido Englich, Johanna Padge, Maike Fraas<\/p>\n<p>&nbsp;<\/p>\n<p>Studiengang BA Industriedesign und MA Industrial Design<br \/>\nWintersemester 2017\/18<\/p>\n<p>Burg Giebichenstein Kunsthochschule Halle<\/p>\n<p>&nbsp;<\/p>\n","protected":false},"excerpt":{"rendered":"<p>&nbsp; Stadt. Raum. Wandel. Gestaltungs-Strategien f\u00fcr St\u00e4dte im Umbruch am Beispiel Halle-Neustadt Halle-Neustadt ist seit Jahren gepr\u00e4gt von Transformation: erst Schrumpfung und R\u00fcckgang von infrastruktureller Versorgung, seit einiger Zeit wieder Zuzug und Belebung durch neue kulturelle, soziale, \u00f6konomische Impulse. Wie k\u00f6nnen wir als Gestalter und Designerinnen Transformationsprozesse als Gestaltungsaufgabe begreifen, mit welchen Mitteln und Werkzeugen [&hellip;]<\/p>\n","protected":false},"author":5,"featured_media":0,"parent":0,"menu_order":0,"comment_status":"closed","ping_status":"open","template":"","meta":{"footnotes":""},"class_list":["post-2","page","type-page","status-publish","hentry"],"_links":{"self":[{"href":"https:\/\/www.burg-halle.de\/id-neuwerk\/stadtraumwandel\/wp-json\/wp\/v2\/pages\/2","targetHints":{"allow":["GET"]}}],"collection":[{"href":"https:\/\/www.burg-halle.de\/id-neuwerk\/stadtraumwandel\/wp-json\/wp\/v2\/pages"}],"about":[{"href":"https:\/\/www.burg-halle.de\/id-neuwerk\/stadtraumwandel\/wp-json\/wp\/v2\/types\/page"}],"author":[{"embeddable":true,"href":"https:\/\/www.burg-halle.de\/id-neuwerk\/stadtraumwandel\/wp-json\/wp\/v2\/users\/5"}],"replies":[{"embeddable":true,"href":"https:\/\/www.burg-halle.de\/id-neuwerk\/stadtraumwandel\/wp-json\/wp\/v2\/comments?post=2"}],"version-history":[{"count":14,"href":"https:\/\/www.burg-halle.de\/id-neuwerk\/stadtraumwandel\/wp-json\/wp\/v2\/pages\/2\/revisions"}],"predecessor-version":[{"id":474,"href":"https:\/\/www.burg-halle.de\/id-neuwerk\/stadtraumwandel\/wp-json\/wp\/v2\/pages\/2\/revisions\/474"}],"wp:attachment":[{"href":"https:\/\/www.burg-halle.de\/id-neuwerk\/stadtraumwandel\/wp-json\/wp\/v2\/media?parent=2"}],"curies":[{"name":"wp","href":"https:\/\/api.w.org\/{rel}","templated":true}]}}