{"id":139,"date":"2019-06-07T20:27:09","date_gmt":"2019-06-07T18:27:09","guid":{"rendered":"https:\/\/www.burg-halle.de\/id-neuwerk\/stadtraumwandel2\/?page_id=139"},"modified":"2019-06-07T20:36:47","modified_gmt":"2019-06-07T18:36:47","slug":"literatur","status":"publish","type":"page","link":"https:\/\/www.burg-halle.de\/id-neuwerk\/stadtraumwandel2\/literatur\/","title":{"rendered":"Literatur"},"content":{"rendered":"<p><img srcset=\"https:\/\/www.burg-halle.de\/id-neuwerk\/stadtraumwandel2\/wp-content\/uploads\/sites\/56\/2019\/06\/Oeffentliche_Gestaltungsberatung_cover_364.jpg 364w, https:\/\/www.burg-halle.de\/id-neuwerk\/stadtraumwandel2\/wp-content\/uploads\/sites\/56\/2019\/06\/Oeffentliche_Gestaltungsberatung_cover_364-212x300.jpg 212w\" sizes=\"(max-width: 600px) 100vw, 600px\" loading=\"lazy\" decoding=\"async\" class=\"alignnone wp-image-148\" src=\"https:\/\/www.burg-halle.de\/id-neuwerk\/stadtraumwandel2\/wp-content\/uploads\/sites\/56\/2019\/06\/Oeffentliche_Gestaltungsberatung_cover_364.jpg\" alt=\"\" width=\"250\" height=\"354\"   \/><\/p>\n<p>&nbsp;<\/p>\n<p><strong>\u00d6ffentliche Gestaltungsberatung \u2013 Public Design Support 2011\u20132016<\/strong><br \/>\nJesko Fezer &amp; Studio Experimentelles Design (Eds.) \u2013 2016<\/p>\n<p>An experiment with alternative forms of design, Public Design Support is also an intervention in urban life. It helps local residents and others to shape their lifeworld and explore possibilities for action, instead of the usual experience of powerlessness and marginalization in the face of urban development. Public Design Support offers free practical help in dealing with everyday problems while also helping to develop alternative conceptions of the city. It explores the potential of design, including its social role and political significance. Design can be more than a way for competing cities to be distinctive, more than the display of individual status, more than a tool for segregation in urban development. Public Design Support is an engaged and political form of design, since it makes other people, problems, and spaces into actors and objects in the design process. It usually works with people impacted by design, or excluded by it, rather than participants who profit from the process.<\/p>\n<p>This publication\u2014which includes key project materials, scholarly essays, and significant historical texts\u2014chronicles the aspirations, methods, and projects of the first four years of Public Design Support.<\/p>\n<p>&nbsp;<\/p>\n<p><img loading=\"lazy\" decoding=\"async\" class=\"alignnone wp-image-142 size-full\" src=\"https:\/\/www.burg-halle.de\/id-neuwerk\/stadtraumwandel2\/wp-content\/uploads\/sites\/56\/2019\/06\/acting_in_public-4f6a497f.jpg\" alt=\"\" width=\"190\" height=\"257\" \/><\/p>\n<p>&nbsp;<\/p>\n<p><strong>acting in public<\/strong><br \/>\nraumlaborberlin mit Julia Maier und dem Heidelberger Kunstverein (Hg.) \u2013 2008<\/p>\n<p>Bergtouren in der Ruine des Berliner Palasts der Republik, ein Hotel im verlassenen Plattenbau, eine architektonische Skulptur in einer Schrebergartensiedlung: Seit zehn Jahren pr\u00e4gt das interdisziplin\u00e4re Team von raumlaborberlin mit aufsehenerregenden Interventionen und Aktionen einen neuen Begriff von Architektur. Acting in public stellt aktuelle Fragen nach \u00f6ffentlichem und privatem Raum und Handeln. Ein Gespr\u00e4ch \u00fcber Entwurfsprozesse und Arbeitsweisen im raumlabor erg\u00e4nzt die ausf\u00fchrliche Pr\u00e4sentation der wichtigsten Projekte; ein illustrierter Index stellt dar\u00fcber hinaus 70 Arbeiten in Text und Bild vor. Allen gemein ist das Ziel, Aufmerksamkeit f\u00fcr alternative Strategien der Stadterneuerung und Stadtplanung zu wecken und die Bewohner selbst zur Teilhabe an der Gestaltung ihres Lebensraums zu bewegen: \u201eWir fordern die Leute zum Handeln auf und wollen zeigen, dass sich das Risiko lohnt, Teil urbaner Prozesse zu werden.\u201c<\/p>\n<p>&nbsp;<\/p>\n<p><img srcset=\"https:\/\/www.burg-halle.de\/id-neuwerk\/stadtraumwandel2\/wp-content\/uploads\/sites\/56\/2019\/06\/Jan-Gehl_Staedte-f\u00fcr-Menschen.jpg 346w, https:\/\/www.burg-halle.de\/id-neuwerk\/stadtraumwandel2\/wp-content\/uploads\/sites\/56\/2019\/06\/Jan-Gehl_Staedte-f\u00fcr-Menschen-208x300.jpg 208w\" sizes=\"(max-width: 600px) 100vw, 600px\" loading=\"lazy\" decoding=\"async\" class=\"alignnone wp-image-146\" src=\"https:\/\/www.burg-halle.de\/id-neuwerk\/stadtraumwandel2\/wp-content\/uploads\/sites\/56\/2019\/06\/Jan-Gehl_Staedte-f\u00fcr-Menschen.jpg\" alt=\"\" width=\"250\" height=\"361\"   \/><\/p>\n<p>&nbsp;<\/p>\n<p><strong>St\u00e4dte f\u00fcr Menschen<\/strong><br \/>\nJan Gehl \u2013 2015<\/p>\n<p>Seit mehr als 40 Jahren befasst sich der Architekt und Stadtplaner Jan Gehl damit, Pl\u00e4tze, Stra\u00dfen, ja ganze Stadtviertel zum Wohle der Bewohner neu oder umzugestalten. Er st\u00fctzt sich dabei auf Erkenntnisse, die er durch langj\u00e4hrige Untersuchungen von Gro\u00dfstadtsituationen in verschiedenen L\u00e4ndern gewonnen hat. Indem Gehl selbst Millionenst\u00e4dte kleinma\u00dfst\u00e4blich und im Detail betrachtet, entwickelt er Mittel und Wege, dysfunktionale und unwirtliche Stadtlandschaften entscheidend zu ver\u00e4ndern. Dabei finden demografische Entwicklungen und sich wandelnde Lebensstile ebenso Ber\u00fccksichtigung wie gestalterische Prozesse. Wichtigster Grundsatz f\u00fcr Jan Gehls Stadtplanung nach menschlichem Ma\u00df: Der Stadtraum muss mit der Geschwindigkeit eines Fu\u00dfg\u00e4ngers erlebt werden statt aus einem Fahrzeug heraus. Nur so kann es gelingen, sowohl traditionelle Metropolen wie die schnell wachsenden St\u00e4dte von Entwicklungs- und Schwellenl\u00e4ndern zu St\u00e4dten f\u00fcr Menschen zu machen.<\/p>\n<p>Das Buch pr\u00e4sentiert Jan Gehls Arbeit im Bereich Neubau sowie der Umgestaltung st\u00e4dtischer R\u00e4ume und Verkehrsfl\u00e4chen. Darstellungen seiner Planungsmodelle in Text und Bildern sowie Planungsprinzipien und Methoden veranschaulichen, wie einfach lebendige, sichere, nachhaltige und gesunde St\u00e4dte in Zukunft entstehen k\u00f6nnen.<\/p>\n<p>&nbsp;<\/p>\n<p><img srcset=\"https:\/\/www.burg-halle.de\/id-neuwerk\/stadtraumwandel2\/wp-content\/uploads\/sites\/56\/2019\/06\/Jan-Gehl_LebenzwischenHaeusern.jpg 354w, https:\/\/www.burg-halle.de\/id-neuwerk\/stadtraumwandel2\/wp-content\/uploads\/sites\/56\/2019\/06\/Jan-Gehl_LebenzwischenHaeusern-212x300.jpg 212w\" sizes=\"(max-width: 600px) 100vw, 600px\" loading=\"lazy\" decoding=\"async\" class=\"alignnone wp-image-145\" src=\"https:\/\/www.burg-halle.de\/id-neuwerk\/stadtraumwandel2\/wp-content\/uploads\/sites\/56\/2019\/06\/Jan-Gehl_LebenzwischenHaeusern.jpg\" alt=\"\" width=\"250\" height=\"353\"   \/><\/p>\n<p>&nbsp;<\/p>\n<p><strong>Leben zwischen H\u00e4usern<\/strong><br \/>\nJan Gehl \u2013 2012<\/p>\n<p>Der d\u00e4nische Architekt Jan Gehl, einer der weltweit wohl bekanntesten Stadtplaner, erl\u00e4utert in seinem Buch Leben zwischen H\u00e4usern die fundamentale Bedeutung sensibler Raumplanung f\u00fcr ein gutes Zusammenleben in unseren St\u00e4dten. Dabei nennt Jan Gehl entscheidende Eckpfeiler f\u00fcr die Verbesserung der Lebensqualit\u00e4t. Im Objektiv seiner Betrachtungen steht der Mensch, dessen grundlegende Bed\u00fcrfnisse die Gestaltung \u00f6ffentlicher R\u00e4ume bestimmen sollten. Und im Gegensatz zur Architektur, die ebenso wie unser Leben wechselnden Moden und Str\u00f6mungen unterliegt, bleiben diese Kriterien \u00fcberraschend konstant. Das Buch, vor \u00fcber 40 Jahren erstmalig in D\u00e4nisch erschienen und mittlerweile in mehr als 50 Sprachen \u00fcbersetzt, hat nichts von seiner Aktualit\u00e4t verloren. Vielmehr liefert es nach wie vor grundlegende wie \u00fcberraschende Vorschl\u00e4ge f\u00fcr eine entscheidende Verbesserung der Lebensqualit\u00e4t in unserer Welt. Hiermit erscheint dieser Klassiker der Stadtplanung zum ersten Mal in deutscher Sprache.<\/p>\n<p>&nbsp;<\/p>\n<p><img loading=\"lazy\" decoding=\"async\" class=\"alignnone size-full wp-image-144\" src=\"https:\/\/www.burg-halle.de\/id-neuwerk\/stadtraumwandel2\/wp-content\/uploads\/sites\/56\/2019\/06\/Jan-Gehl_How-to-study-public-life.jpg\" alt=\"\" width=\"210\" height=\"253\" \/><\/p>\n<p>&nbsp;<\/p>\n<p><strong>How to Study Public Life<\/strong><br \/>\nJan Gehl; Birgitte Svarre \u2013 2013<\/p>\n<p>How do we accommodate a growing urban population in a way that is sustainable, equitable, and inviting? This question is becoming increasingly urgent to answer as we face diminishing fossil-fuel resources and the effects of a changing climate while global cities continue to compete to be the most vibrant centers of culture, knowledge, and finance.<\/p>\n<p>Jan Gehl has been examining this question since the 1960s, when few urban designers or planners were thinking about designing cities for people. But given the unpredictable, complex and ephemeral nature of life in cities, how can we best design public infrastructure\u2014vital to cities for getting from place to place, or staying in place\u2014for human use? Studying city life and understanding the factors that encourage or discourage use is the key to designing inviting public space.<\/p>\n<p>In How to Study Public Life Jan Gehl and Birgitte Svarre draw from their combined experience of over 50 years to provide a history of public-life study as well as methods and tools necessary to recapture city life as an important planning dimension.<\/p>\n<p>&nbsp;<\/p>\n<p><img srcset=\"https:\/\/www.burg-halle.de\/id-neuwerk\/stadtraumwandel2\/wp-content\/uploads\/sites\/56\/2019\/06\/yona-friedman-hans-ulrich-obrist-cover-218x355.jpg 218w, https:\/\/www.burg-halle.de\/id-neuwerk\/stadtraumwandel2\/wp-content\/uploads\/sites\/56\/2019\/06\/yona-friedman-hans-ulrich-obrist-cover-218x355-184x300.jpg 184w\" sizes=\"(max-width: 600px) 100vw, 600px\" loading=\"lazy\" decoding=\"async\" class=\"alignnone size-full wp-image-149\" src=\"https:\/\/www.burg-halle.de\/id-neuwerk\/stadtraumwandel2\/wp-content\/uploads\/sites\/56\/2019\/06\/yona-friedman-hans-ulrich-obrist-cover-218x355.jpg\" alt=\"\" width=\"218\" height=\"355\"   \/><\/p>\n<p>&nbsp;<\/p>\n<p><strong>Yona Friedman &#8211; Hans Ulrich Obrist<\/strong><br \/>\nYona Friedman; Hans Ulrich Obrist \u2013 2007<\/p>\n<p>Yona Friedman ist der gro\u00dfe Utopist und Vision\u00e4r unter den Architekten des 20. Jahrhunderts. Der in Paris lebende geb\u00fcrtige Ungar versteht sich gleicherma\u00dfen als Architekt und Soziologe. Die Bed\u00fcrfnisse des Individuums in heterogenen urbanen Gesellschaften, in denen sich Friedman als Weltb\u00fcrger bewegt, sind die Themen der Gespr\u00e4che mit Hans Ulrich Obrist. Darin kommt ein zutiefst humanistischer und mit weisem Humor ausgestatteter Geist zu Wort.<\/p>\n<p>&nbsp;<\/p>\n<p><img srcset=\"https:\/\/www.burg-halle.de\/id-neuwerk\/stadtraumwandel2\/wp-content\/uploads\/sites\/56\/2019\/06\/Kevin-Lynch_DasBildderStadt.jpg 441w, https:\/\/www.burg-halle.de\/id-neuwerk\/stadtraumwandel2\/wp-content\/uploads\/sites\/56\/2019\/06\/Kevin-Lynch_DasBildderStadt-221x300.jpg 221w\" sizes=\"(max-width: 600px) 100vw, 600px\" loading=\"lazy\" decoding=\"async\" class=\"alignnone wp-image-147\" src=\"https:\/\/www.burg-halle.de\/id-neuwerk\/stadtraumwandel2\/wp-content\/uploads\/sites\/56\/2019\/06\/Kevin-Lynch_DasBildderStadt.jpg\" alt=\"\" width=\"250\" height=\"340\"   \/><\/p>\n<p>&nbsp;<\/p>\n<p><strong>Das Bild der Stadt<\/strong><br \/>\nKevin Lynch \u2013 1965<\/p>\n<p>Wie orientieren wir uns in einer Stadt? Was haftet im Ged\u00e4chtnis? Woher r\u00fchren unsere ganz fest umrissenen visuellen Vorstellungen? Was bedeutet die sichtbare Gestalt der Stadt den Bewohnern? Von so grunds\u00e4tzlichen Fragen her erfa\u00dft Kevin Lynch ein bisher unbegangenes Thema. Er zeigt, wie man das Bild der Stadt wieder einpr\u00e4gsamer machen k\u00f6nnte.<\/p>\n<p>&nbsp;<\/p>\n<p><img srcset=\"https:\/\/www.burg-halle.de\/id-neuwerk\/stadtraumwandel2\/wp-content\/uploads\/sites\/56\/2019\/06\/Florian-Pfeffer_ToDo.jpg 333w, https:\/\/www.burg-halle.de\/id-neuwerk\/stadtraumwandel2\/wp-content\/uploads\/sites\/56\/2019\/06\/Florian-Pfeffer_ToDo-200x300.jpg 200w\" sizes=\"(max-width: 600px) 100vw, 600px\" loading=\"lazy\" decoding=\"async\" class=\"alignnone size-full wp-image-143\" src=\"https:\/\/www.burg-halle.de\/id-neuwerk\/stadtraumwandel2\/wp-content\/uploads\/sites\/56\/2019\/06\/Florian-Pfeffer_ToDo.jpg\" alt=\"\" width=\"333\" height=\"500\"   \/><\/p>\n<p>&nbsp;<\/p>\n<p><strong>To Do: Die neue Rolle der Gestaltung in einer ver\u00e4nderten Welt: Strategien | Werkzeuge | Gesch\u00e4ftsmodelle \u2013 Ein Kompass zum Erschlie\u00dfen neuen Terrains.<\/strong><br \/>\nFlorian Pfeffer \u2013 2014<\/p>\n<p>Gestalter fordern heute bestehende Strukturen heraus, sie suchen neue Antworten und \u00fcberschreiten die Grenzen der Disziplin. Mit oder ohne Auftrag \u00bbadoptieren\u00ab sie Themen, die relevant sind und geben dem Design damit gesellschaftlich eine neue Bedeutung. Florian Pfeffer pr\u00e4sentiert und analysiert 99 richtungweisende Beispiele dieses neuen Designverst\u00e4ndnisses. Er destilliert daraus Meta-Themen. Und gibt Ihnen einen Kompass an die Hand, mit dessen Hilfe Sie neues Terrain erschlie\u00dfen und Ihre Rolle als Designer vielleicht neu definieren werden! \u00bbIf the future is a perspective we should start designing it now.\u00ab Adrian Frutiger<\/p>\n<p>&nbsp;<\/p>\n","protected":false},"excerpt":{"rendered":"<p>&nbsp; \u00d6ffentliche Gestaltungsberatung \u2013 Public Design Support 2011\u20132016 Jesko Fezer &amp; Studio Experimentelles Design (Eds.) \u2013 2016 An experiment with alternative forms of design, Public Design Support is also an intervention in urban life. It helps local residents and others to shape their lifeworld and explore possibilities for action, instead of the usual experience of [&hellip;]<\/p>\n","protected":false},"author":5,"featured_media":0,"parent":0,"menu_order":0,"comment_status":"closed","ping_status":"closed","template":"","meta":{"footnotes":""},"class_list":["post-139","page","type-page","status-publish","hentry"],"_links":{"self":[{"href":"https:\/\/www.burg-halle.de\/id-neuwerk\/stadtraumwandel2\/wp-json\/wp\/v2\/pages\/139","targetHints":{"allow":["GET"]}}],"collection":[{"href":"https:\/\/www.burg-halle.de\/id-neuwerk\/stadtraumwandel2\/wp-json\/wp\/v2\/pages"}],"about":[{"href":"https:\/\/www.burg-halle.de\/id-neuwerk\/stadtraumwandel2\/wp-json\/wp\/v2\/types\/page"}],"author":[{"embeddable":true,"href":"https:\/\/www.burg-halle.de\/id-neuwerk\/stadtraumwandel2\/wp-json\/wp\/v2\/users\/5"}],"replies":[{"embeddable":true,"href":"https:\/\/www.burg-halle.de\/id-neuwerk\/stadtraumwandel2\/wp-json\/wp\/v2\/comments?post=139"}],"version-history":[{"count":6,"href":"https:\/\/www.burg-halle.de\/id-neuwerk\/stadtraumwandel2\/wp-json\/wp\/v2\/pages\/139\/revisions"}],"predecessor-version":[{"id":154,"href":"https:\/\/www.burg-halle.de\/id-neuwerk\/stadtraumwandel2\/wp-json\/wp\/v2\/pages\/139\/revisions\/154"}],"wp:attachment":[{"href":"https:\/\/www.burg-halle.de\/id-neuwerk\/stadtraumwandel2\/wp-json\/wp\/v2\/media?parent=139"}],"curies":[{"name":"wp","href":"https:\/\/api.w.org\/{rel}","templated":true}]}}