{"id":155,"date":"2019-06-07T20:42:37","date_gmt":"2019-06-07T18:42:37","guid":{"rendered":"https:\/\/www.burg-halle.de\/id-neuwerk\/stadtraumwandel2\/?page_id=155"},"modified":"2019-06-07T20:43:58","modified_gmt":"2019-06-07T18:43:58","slug":"filme","status":"publish","type":"page","link":"https:\/\/www.burg-halle.de\/id-neuwerk\/stadtraumwandel2\/filme\/","title":{"rendered":"Filme"},"content":{"rendered":"<p><iframe loading=\"lazy\" src=\"https:\/\/player.vimeo.com\/video\/340956079?title=0&amp;byline=0&amp;portrait=0\" width=\"600\" height=\"338\" frameborder=\"0\" allowfullscreen=\"allowfullscreen\"><\/iframe><\/p>\n<p>&nbsp;<\/p>\n<p><strong>Zwischen*H\u00e4usern<\/strong><br \/>\n<em>Soziale Gestaltungs\u00fcbungen am S\u00fcdpark<\/em><\/p>\n<p>Projektdokumentation zu Beobachtungen und Interventionen im Stadtteil.<\/p>\n<p>&nbsp;<\/p>\n<p>&nbsp;<\/p>\n<p><iframe loading=\"lazy\" src=\"https:\/\/player.vimeo.com\/video\/340955208?title=0&amp;byline=0&amp;portrait=0\" width=\"600\" height=\"338\" frameborder=\"0\" allowfullscreen=\"allowfullscreen\"><\/iframe><\/p>\n<p>&nbsp;<\/p>\n<p><strong>HaNeu: Found Footage<\/strong><\/p>\n<p>Im Internet gefundene Berichte \u00fcber Halle-Neustadt werden zu einem Portrait der Stadt \u2013 und der Berichterstattung \u00fcber sie \u2013 zusammengef\u00fcgt.<\/p>\n<p>&nbsp;<\/p>\n<p>&nbsp;<\/p>\n<p><iframe loading=\"lazy\" src=\"https:\/\/player.vimeo.com\/video\/285132439?title=0&amp;byline=0&amp;portrait=0\" width=\"600\" height=\"338\" frameborder=\"0\" allowfullscreen=\"allowfullscreen\"><\/iframe><\/p>\n<p>&nbsp;<\/p>\n<p><strong>Zwischen*H\u00e4usern<\/strong><br \/>\n<em>Platz da! Architektonische Interventionen am S\u00fcdpark<\/em><\/p>\n<p>Dokumentation zu der Bauwoche mit Martin Kaltwasser und Maik Ronz.<\/p>\n<p>&nbsp;<\/p>\n","protected":false},"excerpt":{"rendered":"<p>&nbsp; Zwischen*H\u00e4usern Soziale Gestaltungs\u00fcbungen am S\u00fcdpark Projektdokumentation zu Beobachtungen und Interventionen im Stadtteil. &nbsp; &nbsp; &nbsp; HaNeu: Found Footage Im Internet gefundene Berichte \u00fcber Halle-Neustadt werden zu einem Portrait der Stadt \u2013 und der Berichterstattung \u00fcber sie \u2013 zusammengef\u00fcgt. &nbsp; &nbsp; &nbsp; Zwischen*H\u00e4usern Platz da! Architektonische Interventionen am S\u00fcdpark Dokumentation zu der Bauwoche mit Martin [&hellip;]<\/p>\n","protected":false},"author":5,"featured_media":0,"parent":0,"menu_order":0,"comment_status":"closed","ping_status":"closed","template":"","meta":{"footnotes":""},"class_list":["post-155","page","type-page","status-publish","hentry"],"_links":{"self":[{"href":"https:\/\/www.burg-halle.de\/id-neuwerk\/stadtraumwandel2\/wp-json\/wp\/v2\/pages\/155","targetHints":{"allow":["GET"]}}],"collection":[{"href":"https:\/\/www.burg-halle.de\/id-neuwerk\/stadtraumwandel2\/wp-json\/wp\/v2\/pages"}],"about":[{"href":"https:\/\/www.burg-halle.de\/id-neuwerk\/stadtraumwandel2\/wp-json\/wp\/v2\/types\/page"}],"author":[{"embeddable":true,"href":"https:\/\/www.burg-halle.de\/id-neuwerk\/stadtraumwandel2\/wp-json\/wp\/v2\/users\/5"}],"replies":[{"embeddable":true,"href":"https:\/\/www.burg-halle.de\/id-neuwerk\/stadtraumwandel2\/wp-json\/wp\/v2\/comments?post=155"}],"version-history":[{"count":2,"href":"https:\/\/www.burg-halle.de\/id-neuwerk\/stadtraumwandel2\/wp-json\/wp\/v2\/pages\/155\/revisions"}],"predecessor-version":[{"id":158,"href":"https:\/\/www.burg-halle.de\/id-neuwerk\/stadtraumwandel2\/wp-json\/wp\/v2\/pages\/155\/revisions\/158"}],"wp:attachment":[{"href":"https:\/\/www.burg-halle.de\/id-neuwerk\/stadtraumwandel2\/wp-json\/wp\/v2\/media?parent=155"}],"curies":[{"name":"wp","href":"https:\/\/api.w.org\/{rel}","templated":true}]}}