{"id":6,"date":"2019-06-07T15:41:54","date_gmt":"2019-06-07T13:41:54","guid":{"rendered":"https:\/\/www.burg-halle.de\/id-neuwerk\/stadtraumwandel2\/?page_id=6"},"modified":"2023-08-27T14:06:05","modified_gmt":"2023-08-27T12:06:05","slug":"thema","status":"publish","type":"page","link":"https:\/\/www.burg-halle.de\/id-neuwerk\/stadtraumwandel2\/","title":{"rendered":"Thema"},"content":{"rendered":"<p><img loading=\"lazy\" decoding=\"async\" class=\"alignnone wp-image-7\" src=\"https:\/\/www.burg-halle.de\/id-neuwerk\/stadtraumwandel2\/wp-content\/uploads\/sites\/56\/2019\/06\/IMG_8735-1024x768.jpg\" alt=\"\" width=\"600\" height=\"450\" srcset=\"https:\/\/www.burg-halle.de\/id-neuwerk\/stadtraumwandel2\/wp-content\/uploads\/sites\/56\/2019\/06\/IMG_8735-1024x768.jpg 1024w, https:\/\/www.burg-halle.de\/id-neuwerk\/stadtraumwandel2\/wp-content\/uploads\/sites\/56\/2019\/06\/IMG_8735-300x225.jpg 300w, https:\/\/www.burg-halle.de\/id-neuwerk\/stadtraumwandel2\/wp-content\/uploads\/sites\/56\/2019\/06\/IMG_8735-768x576.jpg 768w\" sizes=\"auto, (max-width: 600px) 100vw, 600px\" \/><\/p>\n<p>&nbsp;<\/p>\n<p><strong>Stadt. Raum. Wandel. II<\/strong><br \/>\nZwischen*H\u00e4usern \u2013 M\u00f6glichkeitsraum Halle-Neustadt<\/p>\n<p>Unsere derzeitige Vorstellung eines w\u00fcnschenswerten urbanen Lebens geht von einer ausgewogenen Durchmischung von Wohnen, Arbeiten und \u00d6ffentlichkeit aus.<\/p>\n<p>Lokale Produktionsst\u00e4tten, kleinen Gesch\u00e4fte, Gastronomie oder Dienstleistungsangebote, machen neben der Gestaltung und Aufenthaltsqualit\u00e4t \u00f6ffentlicher R\u00e4ume, das Leben in der Stadt aus. Sie erm\u00f6glichen die Begegnung und den Austausch zwischen den Bewohner*innen.<\/p>\n<p>Halle-Neustadt wurde als Wohnstadt f\u00fcr Chemiearbeiter, der in der N\u00e4he liegenden Gro\u00dfbetriebe Buna und Leuna, geplant. F\u00fcr die Wohnkomplexe wurden jeweils gut erreichbare Wohnkomplexzentren gebaut, welche die Bereiche Versorgung, Bildung und Erholung abdeckten. Durch unterschiedliche Entwicklungen, vor allem in der Nach-wendezeit, l\u00f6ste sich das geplante Gef\u00fcge von Arbeit und Leben auf und Halle-Neustadt wurde von einer Stadt zu einem Stadtteil.<\/p>\n<p>Wie kann nun heute die monofunktionale Struktur Halle-Neustadts aufgebrochen werden? Wie kann der \u00f6ffentliche Raum \u00fcber gemeinschaftliches Handeln zum Ort der Begegnung werden? Diese und andere Fragen wollen wir uns im Sommersemester stellen.<\/p>\n<p>Im Sommersemester 2018 wollen wir aufbauend auf den gewonnenen Erkenntnissen das Thema des \u00f6ffentlichen urbanen Lebens in konkreten Projekten vertiefen und verst\u00e4rkt im Au\u00dfenraum agieren. Dazu beziehen wir einen Projektraum in Halle-Neustadt.<\/p>\n<p>Wir wollen Handlungsanl\u00e4sse ausfindig machen, Impulse aufnehmen und in Kontakt mit lokalen Akteuren weiterdenken und direkt vor Ort Konzepte und Formate entwickeln und erproben. Also: ein hands-on Semester mit Sommer, Sonne, Neustadt!<\/p>\n<p>&nbsp;<\/p>\n<p><em>Themenschwerpunkte<\/em><br \/>\nIn einer ersten Projektphase k\u00f6nnen wir in Kooperation mit der Zukunftstadtinitiative<br \/>\n\u201ehalle.neu.stadt 2050\u201d gemeinsam mit Bewohner*innen und interessierten Gr\u00fcnder*innen (neue) lokale \u00d6konomien denken und (weiter-)entwickeln. Dabei wollen wir vorhandene Potentiale ausloten und m\u00f6gliche Probleme benennen.<\/p>\n<p>Darauf folgend wollen wir uns \u00f6ffentlichen und halb-\u00f6ffentlich R\u00e4umen widmen, sie untersuchen und durch tempor\u00e4re Aktivierungen Orte des Austauschs und der Begegnung schaffen.<\/p>\n<p>In der erste Projektphase werden wir in der Neust\u00e4dter Passage 13 in Halle-Neustadt, dem Projektraum des vergangenen Semesters, arbeiten. Danach ziehen wir um in den S\u00fcdpark in ein leerstehendes Ladenlokal.<\/p>\n<p>&nbsp;<\/p>\n<p><em>Selbstinitiierte Exkursionen<\/em><br \/>\nAls Einstieg unternehmen die Teilnehmer*innen parallel selbstinitiierte&nbsp;Exkursionen zu Orten die ebenfalls von starken Wandlungsprozessen gepr\u00e4gt ist und besuchen Projekte, die auf diesem Spannungsfeld agieren.<\/p>\n<p>&nbsp;<\/p>\n<p><em>Teilnehmer_innen<\/em><br \/>\nJulia Ernst, Paulina Gellert, Laura Helcl, Lukas Kappmeier, Sophie Thurner, Vincent Zimmer<\/p>\n<p>&nbsp;<\/p>\n<p><em>Moderation<\/em><br \/>\nGastprof. Maike Fraas, Johanna Padge<\/p>\n<p><em>Supervision<\/em><br \/>\nProf. Guido Englich<\/p>\n<p>&nbsp;<\/p>\n<p>Studiengang BA Industriedesign und MA Industrial Design<br \/>\nSommersemester 2018<br \/>\nBurg Giebichenstein Kunsthochschule Halle<\/p>\n<p>&nbsp;<\/p>\n","protected":false},"excerpt":{"rendered":"<p>&nbsp; Stadt. Raum. Wandel. II Zwischen*H\u00e4usern \u2013 M\u00f6glichkeitsraum Halle-Neustadt Unsere derzeitige Vorstellung eines w\u00fcnschenswerten urbanen Lebens geht von einer ausgewogenen Durchmischung von Wohnen, Arbeiten und \u00d6ffentlichkeit aus. Lokale Produktionsst\u00e4tten, kleinen Gesch\u00e4fte, Gastronomie oder Dienstleistungsangebote, machen neben der Gestaltung und Aufenthaltsqualit\u00e4t \u00f6ffentlicher R\u00e4ume, das Leben in der Stadt aus. Sie erm\u00f6glichen die Begegnung und den Austausch [&hellip;]<\/p>\n","protected":false},"author":5,"featured_media":0,"parent":0,"menu_order":0,"comment_status":"closed","ping_status":"closed","template":"","meta":{"footnotes":""},"class_list":["post-6","page","type-page","status-publish","hentry"],"_links":{"self":[{"href":"https:\/\/www.burg-halle.de\/id-neuwerk\/stadtraumwandel2\/wp-json\/wp\/v2\/pages\/6","targetHints":{"allow":["GET"]}}],"collection":[{"href":"https:\/\/www.burg-halle.de\/id-neuwerk\/stadtraumwandel2\/wp-json\/wp\/v2\/pages"}],"about":[{"href":"https:\/\/www.burg-halle.de\/id-neuwerk\/stadtraumwandel2\/wp-json\/wp\/v2\/types\/page"}],"author":[{"embeddable":true,"href":"https:\/\/www.burg-halle.de\/id-neuwerk\/stadtraumwandel2\/wp-json\/wp\/v2\/users\/5"}],"replies":[{"embeddable":true,"href":"https:\/\/www.burg-halle.de\/id-neuwerk\/stadtraumwandel2\/wp-json\/wp\/v2\/comments?post=6"}],"version-history":[{"count":4,"href":"https:\/\/www.burg-halle.de\/id-neuwerk\/stadtraumwandel2\/wp-json\/wp\/v2\/pages\/6\/revisions"}],"predecessor-version":[{"id":197,"href":"https:\/\/www.burg-halle.de\/id-neuwerk\/stadtraumwandel2\/wp-json\/wp\/v2\/pages\/6\/revisions\/197"}],"wp:attachment":[{"href":"https:\/\/www.burg-halle.de\/id-neuwerk\/stadtraumwandel2\/wp-json\/wp\/v2\/media?parent=6"}],"curies":[{"name":"wp","href":"https:\/\/api.w.org\/{rel}","templated":true}]}}