{"id":2,"date":"2014-11-09T04:26:33","date_gmt":"2014-11-09T04:26:33","guid":{"rendered":"https:\/\/www.burg-halle.de\/id-neuwerk\/start-up-start-now\/?page_id=2"},"modified":"2015-09-15T23:00:02","modified_gmt":"2015-09-15T21:00:02","slug":"beispiel-seite","status":"publish","type":"page","link":"https:\/\/www.burg-halle.de\/id-neuwerk\/start-up-start-now\/","title":{"rendered":"Thema"},"content":{"rendered":"<p>&nbsp;<\/p>\n<p><img decoding=\"async\" class=\"alignnone  wp-image-208\" alt=\"teaser_startup2\" src=\"https:\/\/www.burg-halle.de\/id-neuwerk\/start-up-start-now\/wp-content\/uploads\/sites\/41\/2014\/11\/teaser_startup2-1024x769.jpg\" width=\"400\" height=\"auto\" data-id=\"208\" srcset=\"https:\/\/www.burg-halle.de\/id-neuwerk\/start-up-start-now\/wp-content\/uploads\/sites\/41\/2014\/11\/teaser_startup2-1024x769.jpg 1024w, https:\/\/www.burg-halle.de\/id-neuwerk\/start-up-start-now\/wp-content\/uploads\/sites\/41\/2014\/11\/teaser_startup2-300x225.jpg 300w, https:\/\/www.burg-halle.de\/id-neuwerk\/start-up-start-now\/wp-content\/uploads\/sites\/41\/2014\/11\/teaser_startup2.jpg 1470w\" sizes=\"(max-width: 1024px) 100vw, 1024px\" \/><\/p>\n<p>&nbsp;<\/p>\n<p>Entwurfsprojekt \/ Komplexes Gestalten<br \/>\nStudiengang BA Industriedesign \/ MA Industrial Design<\/p>\n<p>&nbsp;<\/p>\n<p>start up \/ start now<br \/>\n<strong>Das MakerLab der unerh\u00f6rten W\u00fcnsche<\/strong><\/p>\n<p>In diesem Projekt untersuchten wir aktuelle gesellschaftliche, \u00f6konomische und kulturelle Entwicklungen \u2013 wie sharing, crowdfunding, Partizipation, maker-cultures u.a. \u2026 und die Teilnehmer_innen erprobten unterschiedliche daraus entstehenden Bedingungen und M\u00f6glichkeiten f\u00fcr die Handlungsfelder von Designer_innen).<\/p>\n<p>In der Durchf\u00fchrung eigener Projekte, die entweder als Idee schon in den K\u00f6pfen waren oder die in der ersten Phase des Projektes de\ufb01niert wurden \u2026 sollten Mechanismen und Verfahrensweisen dieser o.g. Entwicklungen re\ufb02ektiert, integriert, und vor allem katalysierend eingesetzt werden \u2026 und durch das Weiterdenken, Probieren und Anwenden geeigneter Strategien f\u00fcr die Durchsetzung und Realisierung der eigenen \u201eunerh\u00f6rten W\u00fcnsche\u201d nutzbar gemacht werden.<\/p>\n<p><span style=\"line-height: 1.5em;\">\u201eMakerLab\u201d steht hier f\u00fcr einen gemeinsamen Diskurs- und Aktionsraum f\u00fcr eine kooperative Sparring-Partnerschaft der Teilnehmer_innen des Projekts bei der Re\ufb02ektion, Pr\u00e4sentation, Kritik und Argumentation \u2026 bei durchaus ganz unter\u00adschiedlichen Projektvorhaben \u2013 frei nach den Prinzipien der MakerLab Kulturen.<\/span><\/p>\n<p>&nbsp;<\/p>\n<p><strong>Share:<\/strong> Creating a pool for Knowledge and skills.<br \/>\n<strong>Collaborative:<\/strong> Learning to build upon each other\u2019s work.<br \/>\n<strong>Engagement:<\/strong> What matters is the process, and how do we engage participants in.<br \/>\n<strong>Digital:<\/strong> An open, low cost, \ufb02exible and high quality medium to express our self.<br \/>\n<strong>Peer review and documentation:<\/strong> Learning and developing together.<br \/>\n<strong>Open:<\/strong> Expertise, space and tools are open for spontaneous actions\/proposals<br \/>\n<strong>Making:<\/strong> We don\u2019t just talk about it, we prototype concepts on the spot.<\/p>\n<p>&nbsp;<\/p>\n<p>Teilnehmer_innen:<br \/>\nHelena Ballasus, Nele Dittmar, Amelie Goldfu\u00df, Sascha Henken, Sebastian Hennig, Leonie Krieger, Luis Kucharski, Larissa Meyer, Daniela Nikitenko, Thomas Patrick, Linn Pulsack, Martin Schapp, Carolin Schulze, Lea Sonder, Karin Weber, Haiwei Ye, Vincent Zimmer<\/p>\n<p>Moderation:<br \/>\nProf. Guido Englich, David Oelschl\u00e4gel<\/p>\n<p>Workshops:<br \/>\nEva Scharrer, Crist\u00f3v\u00e3o dos Reis, Johanna Padge, Malte Westphalen<\/p>\n<p>&nbsp;<\/p>\n<p>Studiengang BA Industriedesign \/ MA Industrial Design<br \/>\nWintersemester 2014\/15<\/p>\n<p>Burg Giebichenstein Kunsthochschule Halle<\/p>\n<p>&nbsp;<\/p>\n","protected":false},"excerpt":{"rendered":"<p>&nbsp; &nbsp; Entwurfsprojekt \/ Komplexes Gestalten Studiengang BA Industriedesign \/ MA Industrial Design &nbsp; start up \/ start now Das MakerLab der unerh\u00f6rten W\u00fcnsche In diesem Projekt untersuchten wir aktuelle gesellschaftliche, \u00f6konomische und kulturelle Entwicklungen \u2013 wie sharing, crowdfunding, Partizipation, maker-cultures u.a. \u2026 und die Teilnehmer_innen erprobten unterschiedliche daraus entstehenden Bedingungen und M\u00f6glichkeiten f\u00fcr die [&hellip;]<\/p>\n","protected":false},"author":5,"featured_media":0,"parent":0,"menu_order":0,"comment_status":"open","ping_status":"open","template":"","meta":{"footnotes":""},"class_list":["post-2","page","type-page","status-publish","hentry"],"_links":{"self":[{"href":"https:\/\/www.burg-halle.de\/id-neuwerk\/start-up-start-now\/wp-json\/wp\/v2\/pages\/2","targetHints":{"allow":["GET"]}}],"collection":[{"href":"https:\/\/www.burg-halle.de\/id-neuwerk\/start-up-start-now\/wp-json\/wp\/v2\/pages"}],"about":[{"href":"https:\/\/www.burg-halle.de\/id-neuwerk\/start-up-start-now\/wp-json\/wp\/v2\/types\/page"}],"author":[{"embeddable":true,"href":"https:\/\/www.burg-halle.de\/id-neuwerk\/start-up-start-now\/wp-json\/wp\/v2\/users\/5"}],"replies":[{"embeddable":true,"href":"https:\/\/www.burg-halle.de\/id-neuwerk\/start-up-start-now\/wp-json\/wp\/v2\/comments?post=2"}],"version-history":[{"count":10,"href":"https:\/\/www.burg-halle.de\/id-neuwerk\/start-up-start-now\/wp-json\/wp\/v2\/pages\/2\/revisions"}],"predecessor-version":[{"id":226,"href":"https:\/\/www.burg-halle.de\/id-neuwerk\/start-up-start-now\/wp-json\/wp\/v2\/pages\/2\/revisions\/226"}],"wp:attachment":[{"href":"https:\/\/www.burg-halle.de\/id-neuwerk\/start-up-start-now\/wp-json\/wp\/v2\/media?parent=2"}],"curies":[{"name":"wp","href":"https:\/\/api.w.org\/{rel}","templated":true}]}}