{"id":9,"date":"2015-03-06T12:18:37","date_gmt":"2015-03-06T10:18:37","guid":{"rendered":"https:\/\/www.burg-halle.de\/id-neuwerk\/start-up-start-now\/?page_id=9"},"modified":"2021-11-27T02:49:28","modified_gmt":"2021-11-27T00:49:28","slug":"dokumentation","status":"publish","type":"page","link":"https:\/\/www.burg-halle.de\/id-neuwerk\/start-up-start-now\/dokumentation\/","title":{"rendered":"Dokumentation"},"content":{"rendered":"<p>&nbsp;<\/p>\n<div class=\"_df_thumb \" id=\"df_826\"  wpoptions=\"true\" thumb=\"https:\/\/www.burg-halle.de\/id-neuwerk\/start-up-start-now\/wp-content\/uploads\/sites\/41\/2018\/03\/2014-15_KG_StartUp_1_Doku-Gesamt.jpg\" thumbtype=\"img\" >Doku Gesamt<\/div><script data-cfasync=\"false\">var option_df_826 = {\"outline\":[],\"forceFit\":\"true\",\"autoEnableOutline\":\"false\",\"autoEnableThumbnail\":\"false\",\"overwritePDFOutline\":\"false\",\"direction\":\"1\",\"pageMode\":\"0\",\"source\":\"https:\\\/\\\/www.burg-halle.de\\\/id-neuwerk\\\/start-up-start-now\\\/wp-content\\\/uploads\\\/sites\\\/41\\\/2018\\\/03\\\/2014-15_KG_StartUp_1_Doku-Gesamt.pdf\",\"wpOptions\":\"true\"}; if(window.DFLIP && DFLIP.parseBooks){DFLIP.parseBooks();}<\/script>\n<p>&nbsp;<\/p>\n<p><strong>Start Up \/ Start Now <\/strong><br \/>\n<strong>Das MakerLab der unerh\u00f6rten W\u00fcnsche <\/strong><\/p>\n<p>Dokumentation zum Projekt<br \/>\nvon Karin Weber und Carolin Schulze<\/p>\n<p>&nbsp;<\/p>\n<p><strong>Einf\u00fchrung<\/strong><br \/>\nProf. Guido Englich<\/p>\n<p><span style=\"line-height: 1.5em;\">In diesem Projekt wollen wir aktuelle gesellschaftliche, \u00f6konomische und kulturelle Entwicklungen untersuchen \u2013 wie sharing, crowdfunding, Partizipation, maker-cultures u.a. \u2013 und die daraus entstehenden Bedingungen und M\u00f6glichkeiten f\u00fcr die Handlungsfelder von Design(er_innen) praktisch erproben.<\/span><\/p>\n<p>In der Durchf\u00fchrung eigener Projekte, die entweder als Idee schon in den K\u00f6pfen sind oder die in der ersten Phase des Projektes definiert werden sollen \u2026 werden Mechanismen und Verfahrensweisen dieser o.g. Entwicklungen reflektiert, integriert, und vor allem katalysierend eingesetzt \u2026 und sollen durch das eigene Weiterdenken, Probieren und Anwenden geeigneter Strategien f\u00fcr die Durchsetzung und Realisierung der eigenen \u201eunerh\u00f6rten W\u00fcnsche\u201d nutzbar gemacht werden.<\/p>\n<p>Was k\u00f6nnen unerh\u00f6rte W\u00fcnsche sein?<br \/>\n&#8211; eine Burg Food Cooperation?<br \/>\n&#8211; die alternative wwwk\u00fcche?<br \/>\n&#8211; ein leerer Laden in der LuWu und eine Reihe urbaner, nachbarschaftlicher Interventionen?<br \/>\n&#8211; eine Produktidee, die die Welt noch nie gesehen hat (und die mit Kickstarter ans Licht gebracht wird)<br \/>\n&#8211; u.v.a.<\/p>\n<p>\u201eMakerLab\u201d steht hier f\u00fcr einen gemeinsamen Diskurs- und Aktionsraum f\u00fcr die kooperative Sparring-Partnerschaft der Teilnehmer_innen des Projekts bei der Re\ufb02ektion, Pr\u00e4sentation, Kritik und Argumentation \u2026 bei durchaus ganz unter\u00adschiedlichen Projektvorhaben \u2013 frei nach den Prinzipien der MakerLab Kulturen:<\/p>\n<p>Share: Creating a pool for Knowledge and skills.<br \/>\nCollaborative: Learning to build upon each other\u2019s work.<br \/>\nEngagement: What matters is the process, and how do we engage participants in.<br \/>\nDigital: An open, low cost, flexible and high quality medium to express our self.<br \/>\nPeer review and documentation: Learning and developing together.<br \/>\nOpen: Expertise, space and tools are open for spontaneous actions\/proposals<br \/>\nMaking: We don\u2019t just talk about it, we prototype concepts on the spot.<\/p>\n<p>Das MakerLab starten wir mit einem Impuls-Workshop, zu dem wir Protagonisten aktueller Design-Methoden, -Operationen und -Strategien einladen, und organisieren gemeinsam Exkursionen nach Vorschl\u00e4gen der Teilnehmer_innen.<\/p>\n<p>&nbsp;<\/p>\n","protected":false},"excerpt":{"rendered":"<p>&nbsp; &nbsp; Start Up \/ Start Now Das MakerLab der unerh\u00f6rten W\u00fcnsche Dokumentation zum Projekt von Karin Weber und Carolin Schulze &nbsp; Einf\u00fchrung Prof. Guido Englich In diesem Projekt wollen wir aktuelle gesellschaftliche, \u00f6konomische und kulturelle Entwicklungen untersuchen \u2013 wie sharing, crowdfunding, Partizipation, maker-cultures u.a. \u2013 und die daraus entstehenden Bedingungen und M\u00f6glichkeiten f\u00fcr die [&hellip;]<\/p>\n","protected":false},"author":5,"featured_media":0,"parent":0,"menu_order":0,"comment_status":"open","ping_status":"open","template":"","meta":{"footnotes":""},"class_list":["post-9","page","type-page","status-publish","hentry"],"_links":{"self":[{"href":"https:\/\/www.burg-halle.de\/id-neuwerk\/start-up-start-now\/wp-json\/wp\/v2\/pages\/9","targetHints":{"allow":["GET"]}}],"collection":[{"href":"https:\/\/www.burg-halle.de\/id-neuwerk\/start-up-start-now\/wp-json\/wp\/v2\/pages"}],"about":[{"href":"https:\/\/www.burg-halle.de\/id-neuwerk\/start-up-start-now\/wp-json\/wp\/v2\/types\/page"}],"author":[{"embeddable":true,"href":"https:\/\/www.burg-halle.de\/id-neuwerk\/start-up-start-now\/wp-json\/wp\/v2\/users\/5"}],"replies":[{"embeddable":true,"href":"https:\/\/www.burg-halle.de\/id-neuwerk\/start-up-start-now\/wp-json\/wp\/v2\/comments?post=9"}],"version-history":[{"count":9,"href":"https:\/\/www.burg-halle.de\/id-neuwerk\/start-up-start-now\/wp-json\/wp\/v2\/pages\/9\/revisions"}],"predecessor-version":[{"id":889,"href":"https:\/\/www.burg-halle.de\/id-neuwerk\/start-up-start-now\/wp-json\/wp\/v2\/pages\/9\/revisions\/889"}],"wp:attachment":[{"href":"https:\/\/www.burg-halle.de\/id-neuwerk\/start-up-start-now\/wp-json\/wp\/v2\/media?parent=9"}],"curies":[{"name":"wp","href":"https:\/\/api.w.org\/{rel}","templated":true}]}}