{"id":139,"date":"2025-07-11T11:08:48","date_gmt":"2025-07-11T09:08:48","guid":{"rendered":"https:\/\/www.burg-halle.de\/id-neuwerk\/studio\/?page_id=139"},"modified":"2025-07-11T11:13:13","modified_gmt":"2025-07-11T09:13:13","slug":"film","status":"publish","type":"page","link":"https:\/\/www.burg-halle.de\/id-neuwerk\/studio\/film\/","title":{"rendered":"Film"},"content":{"rendered":"<p><iframe loading=\"lazy\" src=\"https:\/\/player.vimeo.com\/video\/1100525386?&amp;title=0&amp;byline=0&amp;portrait=0\" allow=\"autoplay; fullscreen; picture-in-picture\" allowfullscreen=\"\" width=\"600\" height=\"338\" frameborder=\"0\"><\/iframe><\/p>\n<p><em>Film zum Projekt<\/em><\/p>\n<p>&nbsp;<\/p>\n<p><strong>Studio Plenta*<\/strong><br \/>\nWald und Designstrategien<\/p>\n<p>Von der globalen Holzindustrie bis zur kulturellen Bedeutung des Waldes:<br \/>\nWelche Strategien, Materialien und Ans\u00e4tze braucht es, um den Wald als Partner, Ressource und Vermittler neu zu denken und zukunftsweisende Designprozesse zu gestalten?<\/p>\n<p>Das investigative Projekt \u201eCambio\u201c des italienischen Designstudios Formafantasma analysiert die kulturellen, \u00f6kologischen und wirtschaftlichen Verflechtungen der globalen Holzindustrie. Mit einem interdisziplin\u00e4ren Ansatz deckt das Projekt die unsichtbaren Dimensionen von Holz als Ressource auf, hinterfragt bestehende Produktions- und Konsummuster und beleuchtet die ethischen und \u00f6kologischen Konsequenzen der Waldnutzung. \u201eCambio\u201c versteht sich dabei nicht nur als Designprojekt, sondern als kritische Untersuchung, die Design als Werkzeug nutzt, um komplexe Systeme sichtbar zu machen und alternative Zuk\u00fcnfte zu denken.<\/p>\n<p>Auf Grundlage dieser Auseinandersetzung bildet sich \u201eStudio Cambio\u201c (Arbeitstitel), ein experimentelles Designstudio innerhalb des Semesterprojekts, das sich mit der Frage besch\u00e4ftigt: Wie k\u00f6nnen Designer*innen den Wald und seine vielf\u00e4ltigen Potenziale als Ressource, Lebensraum und kulturellen Vermittler neu interpretieren? Inspiriert von \u201eCambio\u201c sowie aktuellen wissenschaftlichen und soziologischen Erkenntnissen, arbeitet das Studio an der Schnittstelle von Forschung und Gestaltung, um nachhaltige Strategien f\u00fcr den Umgang mit dem Wald zu entwickeln.<\/p>\n<p>Das Studio soll im Laufe des Prozesses eine eigenst\u00e4ndige Identit\u00e4t entwickeln und sich vom Arbeitstitel l\u00f6sen. Die Studierenden untersuchen die Beziehungen zwischen Mensch und Wald, gestalten Entwurfsprojekte f\u00fcr reale und spekulative Szenarien und reflektieren, wie Design aktiv zur Bew\u00e4ltigung \u00f6kologischer Herausforderungen beitragen kann. Von traditionellen Handwerkstechniken \u00fcber die Kreislaufwirtschaft bis hin zu spekulativen Narrativen erforscht das Studio, wie Holz und Wald als Werkstoffe und kulturelle Symbole verstanden und genutzt werden k\u00f6nnen.<\/p>\n<p>Die Arbeitsweise des Studios verbindet individuelle Vertiefung mit kollektiver Diskussion: Einzelne Subthemen und Projekte werden individuell bearbeitet, regelm\u00e4\u00dfig im Team reflektiert und im Austausch weiterentwickelt. Ziel ist es, eine Ausstellung mit eigenen Inhalten zu kuratieren, die w\u00e4hrend der Jahresausstellung pr\u00e4sentiert wird. Diese Ausstellung soll die Ergebnisse des forschenden Ansatzes sichtbar erkennbar machen und die Rolle von Design in der nachhaltigen Gestaltung der Beziehung zwischen Mensch und Wald thematisieren.<\/p>\n<p>* <em>Im Verlauf des Projekts wird aus dem Arbeitstitel \u201eStudio Cambio\u201d<br \/>\ndas eigenst\u00e4ndige \u201eStudio Plenta\u201d.<\/em><\/p>\n<p>&nbsp;<\/p>\n<p><em>Teilnehmer_innen:<\/em><br \/>\nCamille von Gerkan, Max Koch, Frederick Ostertag, Raphael Rustige, Malin Trepel<\/p>\n<p><em>Moderation:<\/em><br \/>\nJulius Abromeit, Prof. Guido Englich<\/p>\n<p>&nbsp;<\/p>\n<p>Studiengang BA Industriedesign und MA Industrial Design<br \/>\nSommersemester 2025<\/p>\n<p>Burg Giebichenstein Kunsthochschule Halle<\/p>\n<p>&nbsp;<\/p>\n","protected":false},"excerpt":{"rendered":"<p>Film zum Projekt &nbsp; Studio Plenta* Wald und Designstrategien Von der globalen Holzindustrie bis zur kulturellen Bedeutung des Waldes: Welche Strategien, Materialien und Ans\u00e4tze braucht es, um den Wald als Partner, Ressource und Vermittler neu zu denken und zukunftsweisende Designprozesse zu gestalten? Das investigative Projekt \u201eCambio\u201c des italienischen Designstudios Formafantasma analysiert die kulturellen, \u00f6kologischen und [&hellip;]<\/p>\n","protected":false},"author":5,"featured_media":0,"parent":0,"menu_order":0,"comment_status":"closed","ping_status":"closed","template":"","meta":{"footnotes":""},"class_list":["post-139","page","type-page","status-publish","hentry"],"_links":{"self":[{"href":"https:\/\/www.burg-halle.de\/id-neuwerk\/studio\/wp-json\/wp\/v2\/pages\/139","targetHints":{"allow":["GET"]}}],"collection":[{"href":"https:\/\/www.burg-halle.de\/id-neuwerk\/studio\/wp-json\/wp\/v2\/pages"}],"about":[{"href":"https:\/\/www.burg-halle.de\/id-neuwerk\/studio\/wp-json\/wp\/v2\/types\/page"}],"author":[{"embeddable":true,"href":"https:\/\/www.burg-halle.de\/id-neuwerk\/studio\/wp-json\/wp\/v2\/users\/5"}],"replies":[{"embeddable":true,"href":"https:\/\/www.burg-halle.de\/id-neuwerk\/studio\/wp-json\/wp\/v2\/comments?post=139"}],"version-history":[{"count":4,"href":"https:\/\/www.burg-halle.de\/id-neuwerk\/studio\/wp-json\/wp\/v2\/pages\/139\/revisions"}],"predecessor-version":[{"id":144,"href":"https:\/\/www.burg-halle.de\/id-neuwerk\/studio\/wp-json\/wp\/v2\/pages\/139\/revisions\/144"}],"wp:attachment":[{"href":"https:\/\/www.burg-halle.de\/id-neuwerk\/studio\/wp-json\/wp\/v2\/media?parent=139"}],"curies":[{"name":"wp","href":"https:\/\/api.w.org\/{rel}","templated":true}]}}