{"id":6,"date":"2020-01-24T14:07:06","date_gmt":"2020-01-24T13:07:06","guid":{"rendered":"https:\/\/www.burg-halle.de\/id-neuwerk\/superkiosk\/?page_id=6"},"modified":"2020-07-09T10:15:14","modified_gmt":"2020-07-09T08:15:14","slug":"thema","status":"publish","type":"page","link":"https:\/\/www.burg-halle.de\/id-neuwerk\/superkiosk\/","title":{"rendered":"Thema"},"content":{"rendered":"<p><iframe loading=\"lazy\" src=\"https:\/\/player.vimeo.com\/video\/385822032?title=0&amp;byline=0&amp;portrait=0\" width=\"600\" height=\"338\" frameborder=\"0\" allowfullscreen=\"allowfullscreen\"><\/iframe><\/p>\n<pre>Trailer zum Projekt<\/pre>\n<p>&nbsp;<\/p>\n<p><strong>Superkiosk \/ Minishop<\/strong><br \/>\nPortable Mikro-Galerien f\u00fcr Dinge oder Ideen<\/p>\n<p><em>Entwurf Komplexes Gestalten<\/em><br \/>\n<em>Studiengang Industriedesign und Innenarchitektur<\/em><br \/>\n<em>Sommersemester 2020<\/em><\/p>\n<p>&nbsp;<\/p>\n<p>Der Kiosk als Fenster zur Stadt und urbane Schnittstelle f\u00fcr Kommunikation und Austausch. Vielerorts verschwinden diese Kleinstarchitekturen aus dem \u00f6ffentlichen Raum \u2026 wir suchen in diesem Projekt Nutzungsideen f\u00fcr eine erweiterte zeitgem\u00e4sse Kiosk-Kultur und die passenden Architekturen.<\/p>\n<p>Im Projekt sollen auf maximal 8 qm Grundfl\u00e4che autarke, portable Kapseln, Kabinen, Minishops \u2026 entwickelt werden, die als stand- und wetterfeste 1:1 Prototypen zur Jahresausstellung ihren Auftritt haben. Begleitend zum Entwurf sollen potenzielle Nutzer oder Partner gefunden werden und konkrete Orte f\u00fcr die Nachnutzung der Geb\u00e4ude.<\/p>\n<p>Die Projektarbeit erfolgt in gemischten Teams aus Studierenden der Innenarchitektur und des Industriedesign.<\/p>\n<p>&nbsp;<\/p>\n<p><em>Projektverlauf: <\/em><br \/>\n<del>Dem Projekt vorangestellt ist eine zweiw\u00f6chige Studie \u201eK\u00fcchen-Szenarien\u201d<\/del><br \/>\n<del> f\u00fcr das Unternehmen Naber<\/del><br \/>\n<del> <strong>21.3.\u20131.4.2020<\/strong> = Woche Eignungspr\u00fcfung + Einf\u00fchrungswoche \u2026<\/del><\/p>\n<p><del>sowie eine Exkursion und Intervention in Mailand<\/del><br \/>\n<del> Ideenentwicklung ab 2.4.2020<\/del><br \/>\n<del> Ideen-Pr\u00e4sentation 6.4.2020<\/del><br \/>\n<del> Pause 7.\u201313.4. (Ostern)<\/del><\/p>\n<p><del>Umsetzung bis 21.4.2020<\/del><br \/>\n<del> Durchf\u00fchrung in Mailand 22.\u201326.4.2020<\/del><\/p>\n<p>Bedingt durch die Ausbreitung und die Folgen der Corona-Pandemie nimmt das Projekt einen anderen Verlauf. Die Zusammenarbeit erfolgt jetzt online \u00fcber Zoom-Konferenzen. Die Entw\u00fcrfe bleiben weitestgehend Zeichnungen und Collagen, die durch Animation und Film pr\u00e4sentiert werden.<\/p>\n<p>&nbsp;<\/p>\n<p><em>Input:<\/em><br \/>\n\u2013 individuelle Recherchethemen<br \/>\n\u2013 <del>Exkursion \/ Intervention Milano<\/del><br \/>\n\u2013 Filmworkshop<br \/>\n\u2013 Feedback durch G\u00e4ste<\/p>\n<p><em>Output:<\/em><br \/>\n\u2013 <del>1:1 Prototypen mit Inszenierung\/Nutzung auf Jahresausstellung<\/del><br \/>\n\u2013 Dokumentation in Print und Film<\/p>\n<p>&nbsp;<\/p>\n<p><em>Moderation:<\/em><br \/>\nProf. Guido Englich, Prof. Klaus Michel<br \/>\nKM Benjamin Schief, KM Maren Englisch<\/p>\n<p>&nbsp;<\/p>\n","protected":false},"excerpt":{"rendered":"<p>Trailer zum Projekt &nbsp; Superkiosk \/ Minishop Portable Mikro-Galerien f\u00fcr Dinge oder Ideen Entwurf Komplexes Gestalten Studiengang Industriedesign und Innenarchitektur Sommersemester 2020 &nbsp; Der Kiosk als Fenster zur Stadt und urbane Schnittstelle f\u00fcr Kommunikation und Austausch. Vielerorts verschwinden diese Kleinstarchitekturen aus dem \u00f6ffentlichen Raum \u2026 wir suchen in diesem Projekt Nutzungsideen f\u00fcr eine erweiterte zeitgem\u00e4sse [&hellip;]<\/p>\n","protected":false},"author":5,"featured_media":0,"parent":0,"menu_order":0,"comment_status":"closed","ping_status":"closed","template":"","meta":{"footnotes":""},"class_list":["post-6","page","type-page","status-publish","hentry"],"_links":{"self":[{"href":"https:\/\/www.burg-halle.de\/id-neuwerk\/superkiosk\/wp-json\/wp\/v2\/pages\/6","targetHints":{"allow":["GET"]}}],"collection":[{"href":"https:\/\/www.burg-halle.de\/id-neuwerk\/superkiosk\/wp-json\/wp\/v2\/pages"}],"about":[{"href":"https:\/\/www.burg-halle.de\/id-neuwerk\/superkiosk\/wp-json\/wp\/v2\/types\/page"}],"author":[{"embeddable":true,"href":"https:\/\/www.burg-halle.de\/id-neuwerk\/superkiosk\/wp-json\/wp\/v2\/users\/5"}],"replies":[{"embeddable":true,"href":"https:\/\/www.burg-halle.de\/id-neuwerk\/superkiosk\/wp-json\/wp\/v2\/comments?post=6"}],"version-history":[{"count":5,"href":"https:\/\/www.burg-halle.de\/id-neuwerk\/superkiosk\/wp-json\/wp\/v2\/pages\/6\/revisions"}],"predecessor-version":[{"id":397,"href":"https:\/\/www.burg-halle.de\/id-neuwerk\/superkiosk\/wp-json\/wp\/v2\/pages\/6\/revisions\/397"}],"wp:attachment":[{"href":"https:\/\/www.burg-halle.de\/id-neuwerk\/superkiosk\/wp-json\/wp\/v2\/media?parent=6"}],"curies":[{"name":"wp","href":"https:\/\/api.w.org\/{rel}","templated":true}]}}