{"id":9,"date":"2023-09-01T18:37:18","date_gmt":"2023-09-01T16:37:18","guid":{"rendered":"https:\/\/www.burg-halle.de\/id-neuwerk\/transformable\/?page_id=9"},"modified":"2023-09-01T19:05:59","modified_gmt":"2023-09-01T17:05:59","slug":"thema","status":"publish","type":"page","link":"https:\/\/www.burg-halle.de\/id-neuwerk\/transformable\/","title":{"rendered":"Thema"},"content":{"rendered":"<p><iframe loading=\"lazy\" src=\"https:\/\/player.vimeo.com\/video\/840059591?h=79220092dd&amp;title=0&amp;byline=0&amp;portrait=0\" width=\"600\" height=\"338\" frameborder=\"0\" allow=\"autoplay; fullscreen; picture-in-picture\" allowfullscreen=\"\"><\/iframe><\/p>\n<p><em>Trailer zum Projekt<\/em><\/p>\n<p>&nbsp;<\/p>\n<p><strong>Transformable Objects<\/strong><br \/>\nDesign-Strategien f\u00fcr ver\u00e4nderbare Dinge<\/p>\n<p>&nbsp;<\/p>\n<p>Ein Gegenstand l\u00e4sst sich beschreiben durch seine Form, seine Funktion und das Material oder den Verbund aus Materialien, aus denen er gefertigt ist. Was aber, wenn ein Gegenstand seine Form \u00e4ndern kann?<\/p>\n<p>In diesem Projekt besch\u00e4ftigen wir uns mit Gegenst\u00e4nden und Objekten, die ihre Funktionalit\u00e4t, ihre Leistungsf\u00e4higkeit und Bedeutung daraus beziehen, dass sie sich in einer oder mehrerer ihrer Eigenschaften ver\u00e4ndern k\u00f6nnen.<\/p>\n<p>Gegenst\u00e4nde, die sich situativ anpassen k\u00f6nnen. Gegenst\u00e4nde, die ihr Aussehen, ihre Oberfl\u00e4che, ihre Form oder Struktur ver\u00e4ndern k\u00f6nnen. Gegenst\u00e4nde, die ihre Funktion \u00e4ndern. Gegenst\u00e4nde, die ihren Zustand oder ihren Charakter ver\u00e4ndern. Gegenst\u00e4nde, deren Material sich \u00e4ndert oder die sich sogar substanziell in ihrer Stofflichkeit verwandeln.<\/p>\n<p>Wir untersuchen und sammeln die unterschiedlichen Anl\u00e4sse und Motive f\u00fcr die Ver\u00e4nderbarkeit von Objekten und wir entdecken und klassifizieren die Vielfalt der technischen, mechanischen und konstruktiven Prinzipien. Ebenso wollen wir den Einfluss von Materialien und Materialeigenschaften auf die Ver\u00e4nderbarkeit von Objekten ermitteln. Aus diesen Grundlagen werden Konzepte und Strategien f\u00fcr den Entwurf von ver\u00e4nderbaren Objekten entwickelt und im Projektverlauf bis zum 1:1 Prototypenstadium ausgearbeitet.<\/p>\n<p>Die Nutzungskontexte der zu entwerfenden Objekte sind beliebig w\u00e4hlbar \u2026<br \/>\nzum Beispiel in den Bereichen Wohnen, Arbeiten, Freizeit, Gesundheit, Wohlbefinden, Sport, Sicherheit, Notfall, Katastrophenschutz usw.<\/p>\n<p>Von technischen Objekten und Produkten \u00fcber architektonische Bauelemente bis zu M\u00f6beln oder Einrichtungsgegenst\u00e4nden steht als Entwurfsinhalt die gesamte Bandbreite der Produkt- und Objektrealit\u00e4ten zur Verf\u00fcgung.<\/p>\n<p>&nbsp;<\/p>\n<p><em>input:<\/em><br \/>\n\u2013 Exkursion Architekturbiennale Venedig + Video Workshop<br \/>\n\u2013 Workshop zu digitaler Simulation\/Animation zur Ver\u00e4nderbarkeit<br \/>\nvon Fl\u00e4chen und K\u00f6rpern<\/p>\n<p><em>output:<\/em><br \/>\n\u2013 Sammlung zu Prinzipien und Anwendungen<br \/>\n\u2013 Variantenreihen des Entwurfsprozesses<br \/>\n\u2013 Entwurf als 1:1 Prototyp<br \/>\n\u2013 individuelle Dokumentation in Film und Print<br \/>\n\u2013 Pr\u00e4sentation und Ausstellung im Dachsaal<\/p>\n<p>&nbsp;<\/p>\n<p><em>Teilnehmer_innen:<\/em><br \/>\nEnzo Agger, Leon Bucher, Janina Gastauer, Malte Gebhardt, Franz Kauffmann, Hongki Keam, Yerin Kim, Jaehwan Lee, Marco Mehringer, Julia M\u00fcll, Hanni Nguyen, Jolanda Schultrich, Felix Stockhausen, Catherina Stuckmann, Eden Szir<\/p>\n<p><em>Moderation:<\/em><br \/>\nProf. Guido Englich, Julius Abromeit<\/p>\n<p>&nbsp;<\/p>\n<p>Studiengang BA Industriedesign und MA Industrial Design<br \/>\nWintersemester 2023\/24<\/p>\n<p>Burg Giebichenstein Kunsthochschule Halle<\/p>\n<p>&nbsp;<\/p>\n","protected":false},"excerpt":{"rendered":"<p>Trailer zum Projekt &nbsp; Transformable Objects Design-Strategien f\u00fcr ver\u00e4nderbare Dinge &nbsp; Ein Gegenstand l\u00e4sst sich beschreiben durch seine Form, seine Funktion und das Material oder den Verbund aus Materialien, aus denen er gefertigt ist. Was aber, wenn ein Gegenstand seine Form \u00e4ndern kann? In diesem Projekt besch\u00e4ftigen wir uns mit Gegenst\u00e4nden und Objekten, die ihre [&hellip;]<\/p>\n","protected":false},"author":5,"featured_media":0,"parent":0,"menu_order":0,"comment_status":"closed","ping_status":"closed","template":"","meta":{"footnotes":""},"class_list":["post-9","page","type-page","status-publish","hentry"],"_links":{"self":[{"href":"https:\/\/www.burg-halle.de\/id-neuwerk\/transformable\/wp-json\/wp\/v2\/pages\/9","targetHints":{"allow":["GET"]}}],"collection":[{"href":"https:\/\/www.burg-halle.de\/id-neuwerk\/transformable\/wp-json\/wp\/v2\/pages"}],"about":[{"href":"https:\/\/www.burg-halle.de\/id-neuwerk\/transformable\/wp-json\/wp\/v2\/types\/page"}],"author":[{"embeddable":true,"href":"https:\/\/www.burg-halle.de\/id-neuwerk\/transformable\/wp-json\/wp\/v2\/users\/5"}],"replies":[{"embeddable":true,"href":"https:\/\/www.burg-halle.de\/id-neuwerk\/transformable\/wp-json\/wp\/v2\/comments?post=9"}],"version-history":[{"count":5,"href":"https:\/\/www.burg-halle.de\/id-neuwerk\/transformable\/wp-json\/wp\/v2\/pages\/9\/revisions"}],"predecessor-version":[{"id":21,"href":"https:\/\/www.burg-halle.de\/id-neuwerk\/transformable\/wp-json\/wp\/v2\/pages\/9\/revisions\/21"}],"wp:attachment":[{"href":"https:\/\/www.burg-halle.de\/id-neuwerk\/transformable\/wp-json\/wp\/v2\/media?parent=9"}],"curies":[{"name":"wp","href":"https:\/\/api.w.org\/{rel}","templated":true}]}}