{"id":123,"date":"2022-06-09T21:45:39","date_gmt":"2022-06-09T19:45:39","guid":{"rendered":"https:\/\/www.burg-halle.de\/id-neuwerk\/underpressure\/?page_id=123"},"modified":"2022-06-09T21:52:33","modified_gmt":"2022-06-09T19:52:33","slug":"recherchen","status":"publish","type":"page","link":"https:\/\/www.burg-halle.de\/id-neuwerk\/underpressure\/recherchen\/","title":{"rendered":"Recherchen"},"content":{"rendered":"<div class=\"_df_thumb \" id=\"df_120\"  wpoptions=\"true\" thumb=\"https:\/\/www.burg-halle.de\/id-neuwerk\/underpressure\/wp-content\/uploads\/sites\/67\/2022\/06\/UP_recherche_titel.jpg\" thumbtype=\"img\" >UP_Recherche<\/div><script data-cfasync=\"false\">var option_df_120 = {\"outline\":[],\"forceFit\":\"true\",\"autoEnableOutline\":\"false\",\"autoEnableThumbnail\":\"false\",\"overwritePDFOutline\":\"false\",\"direction\":\"1\",\"pageMode\":\"0\",\"source\":\"https:\\\/\\\/www.burg-halle.de\\\/id-neuwerk\\\/underpressure\\\/wp-content\\\/uploads\\\/sites\\\/67\\\/2022\\\/06\\\/UP_Recherche_web.pdf\",\"wpOptions\":\"true\"}; if(window.DFLIP && DFLIP.parseBooks){DFLIP.parseBooks();}<\/script>\n<p>&nbsp;<\/p>\n<p>In der Dokumentation bl\u00e4ttern \u2026<br \/>\noder <a href=\"https:\/\/www.burg-halle.de\/id-neuwerk\/underpressure\/wp-content\/uploads\/sites\/67\/2022\/06\/UP_Recherche_web.pdf\" target=\"_blank\" rel=\"noopener\"><strong>download als pdf<\/strong><\/a><\/p>\n<p>&nbsp;<\/p>\n<h1>Die Themen<\/h1>\n<p>&nbsp;<br \/>\n&nbsp;<br \/>\n1<br \/>\n<strong>Pneumatische Konstruktionen und Membranstrukturen<\/strong><\/p>\n<p>Fokus der Recherche: Pneus und Pneumatische Mechanismen in Technik &amp; Gestaltung Aufblasbare Strukturen als Strategie f\u00fcr neue Mechanismen und Materialit\u00e4ten. Komplexit\u00e4tsreduktion. Beispiele f\u00fcr weiche\/flexible\/anschmiegsame Strukturen statt harter\/starrer\/schwerer Mechanismen. K\u00f6rpererweiterungen und k\u00f6rpernahe Entw\u00fcrfe.<\/p>\n<p><em>Einstiegspunkte: <\/em><br \/>\nSoft, not Solid: <a href=\"https:\/\/www.youtube.com\/watch?v=gyMowPAJwqo\" target=\"_blank\" rel=\"noopener\">https:\/\/www.youtube.com\/watch?v=gyMowPAJwqo<\/a><br \/>\nPoimo: <a href=\"https:\/\/www.youtube.com\/watch?v=HgFTZsKX2k4\" target=\"_blank\" rel=\"noopener\">https:\/\/www.youtube.com\/watch?v=HgFTZsKX2k4<\/a><br \/>\n&nbsp;<br \/>\n&nbsp;<br \/>\n2<br \/>\n<strong>Membrankonstruktionen in der Architektur:<br \/>\nRaumgreifende Pneus, Membranen und Zwischenr\u00e4ume<\/strong><\/p>\n<p>Fokus der Recherche: Raumgreifende Pneus und Membranstrukturen, die Arbeiten von Frei Otto am Institut f\u00fcr Leichte Fl\u00e4chentragwerke Stuttgart. Buckminster Fuller, AntFarm, Pneumocell usw.<\/p>\n<p><em>Einstiegspunkte: <\/em><br \/>\n<a href=\"http:\/\/www.freiotto.com\/Pneumatische_Konstruktionen.html\" target=\"_blank\" rel=\"noopener\">http:\/\/www.freiotto.com\/Pneumatische_Konstruktionen.html<\/a><\/p>\n<p>B\u00fccher: https:\/\/www.leichtbauverein.de\/publikationen\/il-mitteilungen\/index.htm)<br \/>\n(insbesondere: IL 18 &#8211; Seifenblasen \u2013 1988, IL 19 &#8211; Wachsende und sich teilende Pneus \u2013 1979, IL 9 &#8211; Pneus in Natur und Technik \u2013 1977, IL 35 &#8211; Pneu und Knochen \u2013 1984)<\/p>\n<p>Festo Tensinet <a href=\"https:\/\/www.tensinet.com\/index.php\/projects-database\/projects?view=project&amp;id=3753\" target=\"_blank\" rel=\"noopener\">https:\/\/www.tensinet.com\/index.php\/projects-database\/projects?view=project&amp;id=3753<\/a> <a href=\"https:\/\/heimplanet.com\/blogs\/designraum\/zelttechnik\" target=\"_blank\" rel=\"noopener\">https:\/\/heimplanet.com\/blogs\/designraum\/zelttechnik<\/a><br \/>\n<a href=\"http:\/\/www.pneumocell.com\/\" target=\"_blank\" rel=\"noopener\">http:\/\/www.pneumocell.com\/<\/a><br \/>\n&nbsp;<br \/>\n&nbsp;<br \/>\n3<br \/>\n<strong>Soft Robotics<\/strong><\/p>\n<p>Fokus der Recherche: Dynamik, Interaktionen, Trends, Tendenzen, Anwendungen, Prinzipien und Materialien in der aktuellen Forschung zu einer neuen Kategorie von robotischen Aktuatoren, Greifern und Strukturen. Funktionsprinzipien und Mechanismen darstellen und Kategorisieren.<\/p>\n<p><em>Einstiegspunkte:<\/em><br \/>\n<a href=\"http:\/\/opensoftmachines.com\/\" target=\"_blank\" rel=\"noopener\">http:\/\/opensoftmachines.com\/<\/a><br \/>\n<a href=\"https:\/\/www.festo.com\/rep\/en_corp\/assets\/pdf\/Pneumatic_lightweight_structures.pdf\" target=\"_blank\" rel=\"noopener\">https:\/\/www.festo.com\/rep\/en_corp\/assets\/pdf\/Pneumatic_lightweight_structures.pdf<\/a> <a href=\"https:\/\/www.festo.com\/net\/SupportPortal\/Files\/367914\/Festo_FlexShapeGripper_de.pdf\" target=\"_blank\" rel=\"noopener\">https:\/\/www.festo.com\/net\/SupportPortal\/Files\/367914\/Festo_FlexShapeGripper_de.pdf<\/a><\/p>\n<p>Festo Bionic Chameleon <a href=\"https:\/\/www.youtube.com\/watch?v=bcOtdZg_JeA\" target=\"_blank\" rel=\"noopener\">https:\/\/www.youtube.com\/watch?v=bcOtdZg_JeA<\/a><\/p>\n<p><a href=\"https:\/\/biodesign.seas.harvard.edu\/soft-robotics\" target=\"_blank\" rel=\"noopener\">https:\/\/biodesign.seas.harvard.edu\/soft-robotics<\/a><br \/>\n<a href=\"https:\/\/news.stanford.edu\/2020\/03\/18\/squishy-shape-changing-bot-roams-untethered\/\" target=\"_blank\" rel=\"noopener\">https:\/\/news.stanford.edu\/2020\/03\/18\/squishy-shape-changing-bot-roams-untethered\/<\/a><br \/>\n&nbsp;<br \/>\n&nbsp;<br \/>\n4<br \/>\n<strong>Inflatables &amp; Activism: Interventionen im \u00d6ffentlichen Raum<\/strong><\/p>\n<p>Fokus der Recherche: Beispiele f\u00fcr aufblasbare Strukturen als Mittel des Protests und der Kommunikation im \u00f6ffentlichen Raum: Wahrnehmung, Wirkung, Strategischer Einsatz, Gegenma\u00dfnahmen, Medienecho, Herstellung, Materialien, etc.<\/p>\n<p><em>Einstiegspunkte: <\/em><br \/>\n<a href=\"http:\/\/www.toolsforaction.net\/\" target=\"_blank\" rel=\"noopener\">http:\/\/www.toolsforaction.net\/<\/a><br \/>\n<a href=\"https:\/\/vimeo.com\/510199152\" target=\"_blank\" rel=\"noopener\">https:\/\/vimeo.com\/510199152<\/a><br \/>\n<a href=\"https:\/\/www.youtube.com\/watch?v=QNOoJIZCxgA\" target=\"_blank\" rel=\"noopener\">https:\/\/www.youtube.com\/watch?v=QNOoJIZCxgA<\/a><\/p>\n<p><a href=\"https:\/\/www.burg-halle.de\/home\/328_st3501\/DiaZ\/20170807_Beyer_suitedforriot_3.jpg\" target=\"_blank\" rel=\"noopener\">https:\/\/www.burg-halle.de\/home\/328_st3501\/DiaZ\/20170807_Beyer_suitedforriot_3.jpg<\/a><br \/>\n&nbsp;<br \/>\n&nbsp;<br \/>\n5<br \/>\n<strong>Inflatables und Luft im aktuellen gestalterischen und k\u00fcnstlerischen Kontext <\/strong><\/p>\n<p>Fokus der Recherche: Aktuelle Entw\u00fcrfe und Positionen vorstellen \u2013 Szenographie, Erlebnisr\u00e4ume, Objekte &amp; Anwendungen.<br \/>\nBegleitender Fokus: Einblicke in die Konstruktion\/Fertigung\/Materialien geben.<\/p>\n<p><em>Einstiegspunkte: <\/em><br \/>\n<a href=\"https:\/\/www.zieta.pl\/\" target=\"_blank\" rel=\"noopener\">https:\/\/www.zieta.pl\/<\/a><br \/>\n<a href=\"http:\/\/www.theomoeller.de\/portfolio\/blow-me-up\" target=\"_blank\" rel=\"noopener\">http:\/\/www.theomoeller.de\/portfolio\/blow-me-up<\/a><br \/>\n<a href=\"https:\/\/www.siigii.com\/collections#\/sun-allergy-diaries-day2\/\" target=\"_blank\" rel=\"noopener\">https:\/\/www.siigii.com\/collections#\/sun-allergy-diaries-day2\/<\/a><br \/>\n<a href=\"http:\/\/www.nilsvoelker.com\/projects.html\" target=\"_blank\" rel=\"noopener\">http:\/\/www.nilsvoelker.com\/projects.html<\/a><br \/>\n<a href=\"https:\/\/www.filthyluker.org\/\" target=\"_blank\" rel=\"noopener\">https:\/\/www.filthyluker.org\/<\/a><br \/>\n<a href=\"https:\/\/www.berlinerfestspiele.de\/de\/berliner-festspiele\/programm\/bfs-gesamtprogramm\/programmdetail_299677.html\" target=\"_blank\" rel=\"noopener\">https:\/\/www.berlinerfestspiele.de\/de\/berliner-festspiele\/programm\/bfs-gesamtprogramm\/programmdetail_299677.html<\/a><br \/>\n<a href=\"http:\/\/www.sashafrolova.com\/\" target=\"_blank\" rel=\"noopener\">http:\/\/www.sashafrolova.com\/<\/a><br \/>\n<a href=\"https:\/\/www.youtube.com\/watch?v=EsiKvnT_kbY\" target=\"_blank\" rel=\"noopener\">https:\/\/www.youtube.com\/watch?v=EsiKvnT_kbY<\/a><br \/>\n&nbsp;<br \/>\n&nbsp;<br \/>\n6<br \/>\n<strong>Inflatables im historischen Kontext<\/strong><\/p>\n<p>Fokus der Recherche: klassische Entw\u00fcrfe &amp; Design ohne Designer, Skurriles &amp; Vergessenes<br \/>\nAnkn\u00fcpfungspunkte an die Gegenwart: M\u00f6glichkeiten zur Neuinterpretation durch neue Materialien, neue Fertigungstechniken, neue Anforderungen und Anwendungskontexte<\/p>\n<p><em>Einstiegspunkte:<\/em><br \/>\n<a href=\"https:\/\/hdkv.de\/leseraum\/haus-rucker-co\/\" target=\"_blank\" rel=\"noopener\">https:\/\/hdkv.de\/leseraum\/haus-rucker-co\/<\/a><br \/>\n<a href=\"https:\/\/www.deutschlandfunkkultur.de\/haus-rucker-co-pulsierende-waende-und-fluechtige-ideen-100.html\" target=\"_blank\" rel=\"noopener\">https:\/\/www.deutschlandfunkkultur.de\/haus-rucker-co-pulsierende-waende-und-fluechtige-ideen<\/a><br \/>\n<a href=\"https:\/\/www.zanotta.it\/en-us\/magazine\/from-design-to-product\/design-icon-blow\" target=\"_blank\" rel=\"noopener\">https:\/\/www.zanotta.it\/en-us\/magazine\/from-design-to-product\/design-icon-blow<\/a><\/p>\n<p>Braun Astronette: <a href=\"https:\/\/www.youtube.com\/watch?v=xqi-iz9igtg\" target=\"_blank\" rel=\"noopener\">https:\/\/www.youtube.com\/watch?v=xqi-iz9igtg<\/a><br \/>\nInflatoPlane 1956: <a href=\"https:\/\/www.youtube.com\/watch?v=_3-ZG_rg2Zk\" target=\"_blank\" rel=\"noopener\">https:\/\/www.youtube.com\/watch?v=_3-ZG_rg2Zk<\/a><br \/>\nCamouflage Inflatable Decoys: <a href=\"https:\/\/www.youtube.com\/watch?v=KwnMAet72Zc\" target=\"_blank\" rel=\"noopener\">https:\/\/www.youtube.com\/watch?v=KwnMAet72Zc<\/a><\/p>\n<p>Ausstellung aerodream:<br \/>\n<a href=\"https:\/\/www.centrepompidou-metz.fr\/sites\/default\/files\/issuu\/dp_aerodream_2021_all_30042021.pdf\" target=\"_blank\" rel=\"noopener\">https:\/\/www.centrepompidou-metz.fr\/sites\/default\/files\/issuu\/dp_aerodream_2021_all_30042021.pdf<\/a><br \/>\n<a href=\"https:\/\/www.designboom.com\/category-banner\/aerodream-exhibition-history-of-inflatables-centre-pompidou-metz-07-05-2021\/\" target=\"_blank\" rel=\"noopener\">https:\/\/www.designboom.com\/category-banner\/aerodream-exhibition-history-of-inflatables-centre-pompidou-metz-07-05-2021\/<\/a><\/p>\n<p>&nbsp;<\/p>\n","protected":false},"excerpt":{"rendered":"<p>&nbsp; In der Dokumentation bl\u00e4ttern \u2026 oder download als pdf &nbsp; Die Themen &nbsp; &nbsp; 1 Pneumatische Konstruktionen und Membranstrukturen Fokus der Recherche: Pneus und Pneumatische Mechanismen in Technik &amp; Gestaltung Aufblasbare Strukturen als Strategie f\u00fcr neue Mechanismen und Materialit\u00e4ten. Komplexit\u00e4tsreduktion. Beispiele f\u00fcr weiche\/flexible\/anschmiegsame Strukturen statt harter\/starrer\/schwerer Mechanismen. K\u00f6rpererweiterungen und k\u00f6rpernahe Entw\u00fcrfe. Einstiegspunkte: Soft, not [&hellip;]<\/p>\n","protected":false},"author":5,"featured_media":0,"parent":0,"menu_order":0,"comment_status":"closed","ping_status":"closed","template":"","meta":{"footnotes":""},"class_list":["post-123","page","type-page","status-publish","hentry"],"_links":{"self":[{"href":"https:\/\/www.burg-halle.de\/id-neuwerk\/underpressure\/wp-json\/wp\/v2\/pages\/123","targetHints":{"allow":["GET"]}}],"collection":[{"href":"https:\/\/www.burg-halle.de\/id-neuwerk\/underpressure\/wp-json\/wp\/v2\/pages"}],"about":[{"href":"https:\/\/www.burg-halle.de\/id-neuwerk\/underpressure\/wp-json\/wp\/v2\/types\/page"}],"author":[{"embeddable":true,"href":"https:\/\/www.burg-halle.de\/id-neuwerk\/underpressure\/wp-json\/wp\/v2\/users\/5"}],"replies":[{"embeddable":true,"href":"https:\/\/www.burg-halle.de\/id-neuwerk\/underpressure\/wp-json\/wp\/v2\/comments?post=123"}],"version-history":[{"count":3,"href":"https:\/\/www.burg-halle.de\/id-neuwerk\/underpressure\/wp-json\/wp\/v2\/pages\/123\/revisions"}],"predecessor-version":[{"id":128,"href":"https:\/\/www.burg-halle.de\/id-neuwerk\/underpressure\/wp-json\/wp\/v2\/pages\/123\/revisions\/128"}],"wp:attachment":[{"href":"https:\/\/www.burg-halle.de\/id-neuwerk\/underpressure\/wp-json\/wp\/v2\/media?parent=123"}],"curies":[{"name":"wp","href":"https:\/\/api.w.org\/{rel}","templated":true}]}}