{"id":262,"date":"2023-01-02T12:34:29","date_gmt":"2023-01-02T11:34:29","guid":{"rendered":"https:\/\/www.burg-halle.de\/id-neuwerk\/underpressure\/?page_id=262"},"modified":"2024-03-13T13:41:06","modified_gmt":"2024-03-13T12:41:06","slug":"filme","status":"publish","type":"page","link":"https:\/\/www.burg-halle.de\/id-neuwerk\/underpressure\/filme\/","title":{"rendered":"Filme"},"content":{"rendered":"<p><iframe loading=\"lazy\" src=\"https:\/\/player.vimeo.com\/video\/785694281?h=a21e4657bc&amp;color=eeeeee&amp;title=0&amp;byline=0&amp;portrait=0\" width=\"600\" height=\"338\" frameborder=\"0\" allow=\"autoplay; fullscreen; picture-in-picture\" allowfullscreen=\"\"><\/iframe><\/p>\n<p>&nbsp;<\/p>\n<p><strong>Frei Otto \u2013 Spanning the Future<\/strong> (2015)<br \/>\nThis film was produced by Simon K. Chiu, in collaboration with writer Michael Paglia and director Joshua V. Hassel<\/p>\n<p>F\u00fcr Otto besteht die Aufgabe der Architektur darin, mit der Natur in Einklang zu stehen. Er glaubt, dass jedes Detail mit den Gesetzen des Universums \u00fcbereinstimmen muss. Dieser Versuch, die Entwicklung mit der nat\u00fcrlichen Welt in Einklang zu bringen, macht Frei Otto zu einem fr\u00fchen Vertreter der Nachhaltigkeit. Frei Otto sah es als gegeben an, dass die Erde \u00fcber begrenzte Ressourcen verf\u00fcgt, aber die Menschheit nahezu unbegrenzte Bed\u00fcrfnisse hat. Um das Problem des Schutzes in einem Klima st\u00e4ndiger Knappheit effizient zu l\u00f6sen, verband Otto wissenschaftliche Experimente mit seiner k\u00fcnstlerischen Vorstellungskraft. Frei Ottos Beitrag zur Architektur und zum Bauwesen wurde erst im Laufe der Zeit gew\u00fcrdigt. Zeitgen\u00f6ssische Architekten, darunter Zaha Hadid, nennen Frei Otto als einen wichtigen Einfluss auf ihre Arbeit. Sie sprechen von Ottos bahnbrechenden Forschungen zur Leichtbauarchitektur, seinem fr\u00fchen Interesse an der nat\u00fcrlichen Umwelt, seinem Sinn f\u00fcr soziale Verantwortung und seinem Weitblick f\u00fcr die Bed\u00fcrfnisse der Zukunft. Diese Elemente &#8211; kombiniert mit Frei Ottos \u00fcberzeugender Pr\u00e4senz &#8211; haben ihn zu einem der wichtigsten Architekten des 20. Jahrhunderts gemacht &#8211; und zu einem, dessen Ideen auch in unserer Zeit noch nachwirken.<\/p>\n<p>&nbsp;<\/p>\n<p><iframe loading=\"lazy\" src=\"https:\/\/player.vimeo.com\/video\/922884524?h=a4ea5fcb57&amp;color=eeeeee\" width=\"600\" height=\"338\" frameborder=\"0\" allow=\"autoplay; fullscreen; picture-in-picture\" allowfullscreen=\"\"><\/iframe><\/p>\n<p>&nbsp;<\/p>\n<p><strong>Hans-Walter M\u00fcller: Ich habe die Schwerkraft schon verlassen.<\/strong><br \/>\nEin Film von Lukas Schaller<\/p>\n<p>Der Architekt, Ingenieur und K\u00fcnstler Hans-Walter M\u00fcller hat die aufblasbare Architektur zwar nicht erfunden, er hat ihr aber fast sein ganzes Leben verschrieben und dabei ein unglaubliches \u0152uvre geschaffen.<\/p>\n<p>Hans-Walter M\u00fcller lebt seit 1971 in La Fert\u00e9-Alais bei Paris und arbeitet dort an seinen \u201eGonflables\u201c, erfindet neuartige Befestigungssysteme, t\u00fcftelt an L\u00f6sungen f\u00fcr den Luftaustausch oder die Druckverluste an T\u00fcren und erwarb sich ein technisches Knowhow, das weltweit einmalig ist. Seine Arbeitsweise vergleicht er mit der eines Couturiers, der sein Material ausw\u00e4hlt, Schnittmuster entwirft und Kunststoffbahnen zuschneidet, die er mit Hochfrequenzschwei\u00dfmaschinen zu R\u00e4umen und Ensembles verbindet, die aus einer extrem d\u00fcnnen Haut bestehen. Im Gegensatz zu der den Gesetzen der Schwerkraft unterliegenden \u201eerstarrten\u201c Architektur, erschafft er leichte, \u201efl\u00fcchtige\u201c Konstruktionen, die in kurzer Zeit an unterschiedlichsten Orten aufgestellt werden k\u00f6nnen. Im Inneren entstehen durch den Einsatz von unterschiedlich gef\u00e4rbten, opaken, transluzenten oder transparenten Materialien einzigartige Raumatmosph\u00e4ren, die sich je nach Jahres- und Tageszeit ver\u00e4ndern. Das Sch\u00f6nste ist f\u00fcr ihn dabei, wenn er Projektion, Musik und Volumen zusammenf\u00fchren kann. (Um den Film zu sehen: open)<\/p>\n<p>&nbsp;<\/p>\n<p><iframe loading=\"lazy\" src=\"https:\/\/player.vimeo.com\/video\/767249380?h=ec7897f1ea\" width=\"600\" height=\"338\" frameborder=\"0\" allow=\"autoplay; fullscreen; picture-in-picture\" allowfullscreen=\"\"><\/iframe><\/p>\n<p>&nbsp;<\/p>\n<p><strong>Bubbles mit Hans-Walter M\u00fcller in Mies\u2019 grosser Bude<\/strong><br \/>\nFilm Guido Englich<\/p>\n<p>Summer School \u201eHyper Comfort\u201c<br \/>\nUdK Berlin \/ Neue Nationalgalerie<br \/>\nPr\u00e4sentation Samstag 10. September 2022<\/p>\n<p>&nbsp;<\/p>\n","protected":false},"excerpt":{"rendered":"<p>&nbsp; Frei Otto \u2013 Spanning the Future (2015) This film was produced by Simon K. Chiu, in collaboration with writer Michael Paglia and director Joshua V. Hassel F\u00fcr Otto besteht die Aufgabe der Architektur darin, mit der Natur in Einklang zu stehen. Er glaubt, dass jedes Detail mit den Gesetzen des Universums \u00fcbereinstimmen muss. Dieser [&hellip;]<\/p>\n","protected":false},"author":5,"featured_media":0,"parent":0,"menu_order":0,"comment_status":"closed","ping_status":"closed","template":"","meta":{"footnotes":""},"class_list":["post-262","page","type-page","status-publish","hentry"],"_links":{"self":[{"href":"https:\/\/www.burg-halle.de\/id-neuwerk\/underpressure\/wp-json\/wp\/v2\/pages\/262","targetHints":{"allow":["GET"]}}],"collection":[{"href":"https:\/\/www.burg-halle.de\/id-neuwerk\/underpressure\/wp-json\/wp\/v2\/pages"}],"about":[{"href":"https:\/\/www.burg-halle.de\/id-neuwerk\/underpressure\/wp-json\/wp\/v2\/types\/page"}],"author":[{"embeddable":true,"href":"https:\/\/www.burg-halle.de\/id-neuwerk\/underpressure\/wp-json\/wp\/v2\/users\/5"}],"replies":[{"embeddable":true,"href":"https:\/\/www.burg-halle.de\/id-neuwerk\/underpressure\/wp-json\/wp\/v2\/comments?post=262"}],"version-history":[{"count":14,"href":"https:\/\/www.burg-halle.de\/id-neuwerk\/underpressure\/wp-json\/wp\/v2\/pages\/262\/revisions"}],"predecessor-version":[{"id":285,"href":"https:\/\/www.burg-halle.de\/id-neuwerk\/underpressure\/wp-json\/wp\/v2\/pages\/262\/revisions\/285"}],"wp:attachment":[{"href":"https:\/\/www.burg-halle.de\/id-neuwerk\/underpressure\/wp-json\/wp\/v2\/media?parent=262"}],"curies":[{"name":"wp","href":"https:\/\/api.w.org\/{rel}","templated":true}]}}