{"id":2,"date":"2019-08-13T13:37:06","date_gmt":"2019-08-13T11:37:06","guid":{"rendered":"https:\/\/www.burg-halle.de\/id-neuwerk\/unerhoertetoene\/?page_id=2"},"modified":"2025-12-19T16:24:34","modified_gmt":"2025-12-19T15:24:34","slug":"beispiel-seite","status":"publish","type":"page","link":"https:\/\/www.burg-halle.de\/id-neuwerk\/unerhoertetoene\/","title":{"rendered":"Thema"},"content":{"rendered":"<p><iframe loading=\"lazy\" src=\"https:\/\/player.vimeo.com\/video\/344344956?title=0&amp;byline=0&amp;portrait=0\" width=\"600\" height=\"338\" frameborder=\"0\" allowfullscreen=\"allowfullscreen\"><\/iframe><\/p>\n<pre>trailer zum projekt<\/pre>\n<p>&nbsp;<\/p>\n<p><strong>unerh\u00f6rte t\u00f6ne (greifbar machen) \u2026<\/strong><br \/>\n<em>gestaltung experimenteller instrumente und tonerzeuger<\/em><\/p>\n<p>&nbsp;<\/p>\n<p>in diesem projekt begeben wir uns auf die suche nach neuartigen klangerzeugern, neuen instrumenten, neuen interaktionen und spielweisen \u2013 experimentieren mit kl\u00e4ngen, t\u00f6nen und ger\u00e4uschen; materialien, wellen und resonanzen; rhythmen und bewegungen.<\/p>\n<p>es geht&nbsp;darum, instrumente \u2013 verstanden als objekte, gegenst\u00e4nde \u2026 zu erfinden und zu entwickeln \u2026 die durch eine charakteristische spielart, spielweise angeregt, bedient, gespielt werden \u2026 also in besonderer thematisierung und ber\u00fccksichtigung der interaktion \u2026<\/p>\n<p>durch blasen, schlagen, streichen, tasten, zupfen \u2026 was noch?<\/p>\n<p>mit fingern, h\u00e4nden, mund \u2026 weiteren k\u00f6rperteilen? dem ganzen k\u00f6rper? \u2026 besonders artifiziell? akrobatisch? gestisch? oder besonders einfach, zug\u00e4nglich, niederschwellig und barrierefrei? \u2026&nbsp;in der ganzen physiologischen bandbreite zwischen besonders haptisch und kraftvoll (wie schlaginstrumente) oder ber\u00fchrungslos (wie das theremin)<\/p>\n<p>um t\u00f6ne zu erzeugen, die \u201emusikalische\u201d eigenschaften haben \u2026 also eine wiederholbare&nbsp;konstanz oder varianz in tonh\u00f6he, lautst\u00e4rke, dauer, tonabstand, tonfolge usw.<\/p>\n<p>die einen charakteristischen klang haben, der aus materialit\u00e4t und\/oder aus der art der tonerzeugung ensteht \u2026 und m\u00f6glicherweise noch ganz \u201eunerh\u00f6rte t\u00f6ne\u201d sind \u2026<\/p>\n<p>diese instrumente, objekte, gegenst\u00e4nde \u2026<br \/>\nsollen bis zu spielf\u00e4higen prototypen entwickelt werden \u2026<\/p>\n<p>und gemeinsam in einer performance, auff\u00fchrung \u2013 mit kompositorisch, abgestimmten und freien, improvisierten anteilen \u2013 pr\u00e4sentiert werden,<\/p>\n<p>wobei diese instrumente als objekte, gegenst\u00e4nde \u2026 m\u00f6glicherweise schon in der konzeptionellen anlage ein besonderes performatives element bei der spielweise, interaktion besitzen<\/p>\n<p>&nbsp;<br \/>\npr\u00e4ludium \u2013 <strong>reise zu unerh\u00f6rten t\u00f6nen:&nbsp;<\/strong><br \/>\nwir besuchen klangwerker und klanginstallationen, ger\u00e4uschemacher und tontempel \u2026 und die ars electronica in Linz<\/p>\n<p>&nbsp;<br \/>\nsatz 1 \u2013 <strong>jeder kann ein instrument:<\/strong><br \/>\n<em>resonanz und schwingung<\/em><\/p>\n<p>der klang der dinge und materialien, grundlagen der klangerzeugung, blasen, streichen, zupfen, schlagen \u2026 bau experimenteller akustischer instrumente<\/p>\n<p>&nbsp;<br \/>\nsatz 2 \u2013 <strong>(don\u2019t)&nbsp;push the button:<\/strong><br \/>\n<em>interaktion, sensorik und schaltkreise<\/em><\/p>\n<p>einstieg in die elektronische, elektro-mechanische oder elektro-akustische ton-erzeugung und in die interaktion zwischen nutzer und objekt, entwicklung elektro-akustischer ton-erzeuger, vermittlung von arduino als steuerungstool f\u00fcr sensorik und interaktion, experimente zur entwicklung interaktiver musical interfaces etc.<\/p>\n<p>&nbsp;<br \/>\nsatz 3 \u2013 <strong>in concerto:<\/strong><br \/>\n<em>performance und installation<\/em><\/p>\n<p>inszenierung und auff\u00fchrung einer konzertanten pr\u00e4sentation der verschiedenen entw\u00fcrfe, live-performance, choreografie und klang-installation<\/p>\n<p>&nbsp;<\/p>\n<p><em>input<\/em><br \/>\n\u2013 exkursion(en)<br \/>\n\u2013 individuelle recherchethemen<br \/>\n\u2013 einf\u00fchrung ins tonstudio<br \/>\n\u2013 hands-on-workshops zu jedem der drei s\u00e4tze<br \/>\n\u2013 feedback und echo durch gastkritiker<\/p>\n<p><em>output<\/em><br \/>\n\u2013 klangstudien und experimentelle instrumente<br \/>\n\u2013 dokumentation in print, film und ton<br \/>\n\u2013 in der gruppe inszeniertes abschlusskonzert als pr\u00e4sentation<\/p>\n<p>&nbsp;<br \/>\n<em>studierende<\/em><br \/>\nMax Gruber, Yiyun Huang, Simon Krautheim, Shuyun Liu,<br \/>\nJakob Schleenvoigt, Ludwig Stadler \u2026<br \/>\nund teilnahme in workshops Johann Post, Fridolin Richter<\/p>\n<p>&nbsp;<br \/>\n<em>workshops, vortr\u00e4ge und g\u00e4ste<\/em> <\/p>\n<p>Stefan Roszack<br \/>\n(Workshop zum Bau experimenteller Instrumente)<\/p>\n<p>Kristian Gohlke<br \/>\n(Workshop zu elektromechanischer Klangformung und Interaktion)<\/p>\n<p>Manfred Miersch<br \/>\n(Theremin-Lecture und -Performance) <\/p>\n<p>Jens Vetter<br \/>\n(Besuch im Tangible Music Lab in Linz<br \/>\nund Gast-Kritik zu Konzept-Pr\u00e4sentation)<\/p>\n<p>Tim Helbig<br \/>\n(Besuch der \u201eKlangwerkstatt\u201d im Studio f\u00fcr elektroakustische Musik<br \/>\nam Institut f\u00fcr Neue Musik und Jazz in Weimar)<\/p>\n<p>Lorenz Blaumer<br \/>\n(Entwicklung der Performance zur Pr\u00e4sentation) <\/p>\n<p>&nbsp;<br \/>\n<em>moderation<\/em><br \/>\nProf. Guido Englich, Benjamin Schief<\/p>\n<p>&nbsp;<\/p>\n<p>Studiengang BA Industriedesign und MA Industrial Design<br \/>\nWintersemester 2019\/2020<\/p>\n<p>Burg Giebichenstein Kunsthochschule Halle<\/p>\n","protected":false},"excerpt":{"rendered":"<p>trailer zum projekt &nbsp; unerh\u00f6rte t\u00f6ne (greifbar machen) \u2026 gestaltung experimenteller instrumente und tonerzeuger &nbsp; in diesem projekt begeben wir uns auf die suche nach neuartigen klangerzeugern, neuen instrumenten, neuen interaktionen und spielweisen \u2013 experimentieren mit kl\u00e4ngen, t\u00f6nen und ger\u00e4uschen; materialien, wellen und resonanzen; rhythmen und bewegungen. es geht&nbsp;darum, instrumente \u2013 verstanden als objekte, gegenst\u00e4nde [&hellip;]<\/p>\n","protected":false},"author":5,"featured_media":0,"parent":0,"menu_order":0,"comment_status":"closed","ping_status":"open","template":"","meta":{"footnotes":""},"class_list":["post-2","page","type-page","status-publish","hentry"],"_links":{"self":[{"href":"https:\/\/www.burg-halle.de\/id-neuwerk\/unerhoertetoene\/wp-json\/wp\/v2\/pages\/2","targetHints":{"allow":["GET"]}}],"collection":[{"href":"https:\/\/www.burg-halle.de\/id-neuwerk\/unerhoertetoene\/wp-json\/wp\/v2\/pages"}],"about":[{"href":"https:\/\/www.burg-halle.de\/id-neuwerk\/unerhoertetoene\/wp-json\/wp\/v2\/types\/page"}],"author":[{"embeddable":true,"href":"https:\/\/www.burg-halle.de\/id-neuwerk\/unerhoertetoene\/wp-json\/wp\/v2\/users\/5"}],"replies":[{"embeddable":true,"href":"https:\/\/www.burg-halle.de\/id-neuwerk\/unerhoertetoene\/wp-json\/wp\/v2\/comments?post=2"}],"version-history":[{"count":17,"href":"https:\/\/www.burg-halle.de\/id-neuwerk\/unerhoertetoene\/wp-json\/wp\/v2\/pages\/2\/revisions"}],"predecessor-version":[{"id":923,"href":"https:\/\/www.burg-halle.de\/id-neuwerk\/unerhoertetoene\/wp-json\/wp\/v2\/pages\/2\/revisions\/923"}],"wp:attachment":[{"href":"https:\/\/www.burg-halle.de\/id-neuwerk\/unerhoertetoene\/wp-json\/wp\/v2\/media?parent=2"}],"curies":[{"name":"wp","href":"https:\/\/api.w.org\/{rel}","templated":true}]}}