{"id":183,"date":"2025-03-13T12:13:41","date_gmt":"2025-03-13T11:13:41","guid":{"rendered":"https:\/\/www.burg-halle.de\/id-neuwerk\/wald\/?page_id=183"},"modified":"2025-07-16T16:12:34","modified_gmt":"2025-07-16T14:12:34","slug":"recherche","status":"publish","type":"page","link":"https:\/\/www.burg-halle.de\/id-neuwerk\/wald\/recherche\/","title":{"rendered":"Recherche"},"content":{"rendered":"<div class=\"_df_thumb \" id=\"df_412\"  wpoptions=\"true\" thumb=\"https:\/\/www.burg-halle.de\/id-neuwerk\/wald\/wp-content\/uploads\/sites\/75\/2025\/04\/wald_titel.jpg\" thumbtype=\"img\" >wald_recherche<\/div><script data-cfasync=\"false\">var option_df_412 = {\"outline\":[],\"forceFit\":\"true\",\"autoEnableOutline\":\"false\",\"autoEnableThumbnail\":\"false\",\"overwritePDFOutline\":\"false\",\"direction\":\"1\",\"pageMode\":\"0\",\"source\":\"https:\\\/\\\/www.burg-halle.de\\\/id-neuwerk\\\/wald\\\/wp-content\\\/uploads\\\/sites\\\/75\\\/2025\\\/04\\\/Wald-Recherchen-web.pdf\",\"wpOptions\":\"true\"}; if(window.DFLIP && DFLIP.parseBooks){DFLIP.parseBooks();}<\/script>\n<p>&nbsp;<\/p>\n<p><em>Recherche-Kompendium zum Bl\u00e4ttern anklicken \u2026<br \/>\noder <\/em><a href=\"https:\/\/www.burg-halle.de\/id-neuwerk\/wald\/wp-content\/uploads\/sites\/75\/2025\/04\/Wald-Recherchen-web.pdf\" target=\"_blank\" rel=\"noopener\"><strong>download als pdf<\/strong><\/a><\/p>\n<p>&nbsp;<\/p>\n<p><iframe loading=\"lazy\" src=\"https:\/\/player.vimeo.com\/video\/1101875038?h=b4dbd06e3e&amp;title=0&amp;byline=0&amp;portrait=0\" allow=\"autoplay; fullscreen; picture-in-picture\" allowfullscreen=\"\" width=\"600\" height=\"338\" frameborder=\"0\"><\/iframe><\/p>\n<p><em>Wald im Film<br \/>\nReCut von Nils Schr\u00f6er<\/em><\/p>\n<p>&nbsp;<\/p>\n<p><strong>\u00dcbersicht der Recherchethemen<\/strong><\/p>\n<p>&nbsp;<\/p>\n<p>1 \u2013 Lucas Nonn<br \/>\n<strong>Das kleine Wald\u2013Glossar<\/strong><br \/>\nRecherchieren Sie 25\u201330 wichtige Begriffe im Zusammenhang mit \u201eWald\u201d \u2013 ordnen Sie mit Kategorien und geben Sie kurze Erkl\u00e4rungen im besten Fall mit Visualisierungen. Kategoerien k\u00f6nnen sein: Allgemeine Waldbegriffe, Waldarten, Wald\u00f6kologie + Biodiversit\u00e4t, Waldnutzung + Nachhaltigkeit, Lebensraum, Kultur + Gesellschaft und weitere<\/p>\n<p>2 \u2013 Marietta Szydlik<br \/>\n<strong>Wald in Zahlen und Grafiken<\/strong><br \/>\nRecherchieren Sie zu relevanten Statistiken und stellen Sie uns das Thema \u201eWald\u201d in ca. 20 wichtigen Zahlen bzw. in zueinander in Relation gesetzten Zahlenangaben vor \u2026 begleiten Sie dies durch gefundene oder selbst erstellte Visualisierungen. Themen k\u00f6nnen hier vielf\u00e4ltig sein: Waldvorkommen, Baumarten, Wald und \u00d6konomie, Besitzverh\u00e4ltnisse, Ver\u00e4nderungen (Abholzung, Aufforstung etc.), Ver\u00e4nderungen durch klimatische Einfl\u00fcsse, Gefahren f\u00fcr den Wald etc.<\/p>\n<p>3 \u2013 Elena Messnarz<br \/>\n<strong>Wie funktioniert ein Baum?<\/strong><br \/>\nWie entsteht er, wie ist er konstruiert, woraus besteht ein Baum, welche Aufgaben haben welche Teile, wie ern\u00e4hrt er sich, wie pflanzt er sich fort, wie geht er mit den Jahreszeiten um \u2026 erkl\u00e4ren und zeigen Sie uns dies allgemein und zeigen Sie im speziellen einige der interessantesten B\u00e4ume, die es weltweit gibt.<\/p>\n<p>4 \u2013 Yaman Al Fawaz<br \/>\n<strong>Der Wald als Holzlieferant<\/strong><br \/>\nHolz aus dem Wald wird traditioneller Weise als Baustoff, f\u00fcr die Gewinnung von Zellulose und als Energietr\u00e4ger genutzt. Geben Sie einen kurzen \u00dcberblick \u00fcber die \u201eklassische\u201d Holzgewinnung und -verwendung und recherchieren Sie dann zu innovativen, zukunftsf\u00e4higen und erweiterten Techniken und Strategien der Holzgewinnung und -verwendung.<\/p>\n<p>5 \u2013 Rhona Splitt<br \/>\n<strong>Wald als erweiterte Materialquelle<\/strong><br \/>\nRecherchieren Sie zu weiteren Materialien, die im Wald (\u00fcber die Holzgewinnung hinaus) abgebaut werden und in welchen Kontexten und Bereichen sie Verwendung finden \u2013 z.B. Myzelium, Rinde, Bl\u00e4tter, Harze, Fasern, Kohle etc. Zeigen Sie auch hier \u201eklassische\u201d Anwendungen und innovative Konzepte.<\/p>\n<p>6 \u2013 Paul Dieckmann<br \/>\n<strong>Kommunikation und Netzwerke im Wald<\/strong><br \/>\nB\u00e4ume kommunizieren. Dabei nutzen Sie verschiedene Organismen, mit denen Sie in Symbiose leben. Geben Sie uns einen \u00dcberblick \u00fcber die Beziehungen zwischen den Akteuren im Wald \u2013 B\u00e4umen, Pflanzen, Pilzen, Tieren.<\/p>\n<p>7 \u2013 Philip K\u00fchlke<br \/>\n<strong>Wald als Heilquelle<\/strong><br \/>\nRecherchieren Sie zu den unterschiedlichen Dimensionen, die der Wald als Heilquelle bietet \u2013 sowohl als therapeutischer Ort (Waldbaden, Retreat, Spa, Wellness, Meditation, Klangpfade, Ruhew\u00e4lder etc.) wie auch als Spender f\u00fcr Heilpflanzen, Wirkstoffe f\u00fcr pflanzliche Medizin usw.<\/p>\n<p>8 \u2013 Lukas Stieff<br \/>\n<strong>Wald als politischer Raum \u2013 Design f\u00fcr Protest, Schutz &amp; Aufkl\u00e4rung<\/strong><br \/>\nRecherchieren Sie zu Initiativen und Aktionen, die sich f\u00fcr den Schutz und Erhalt von W\u00e4ldern einsetzen \u2013 mit einem besonderen Augenmerk auf die \u201egestalterischen Strategien\u201d \u2013 wie Kampagnen, Plakate, Installationen, Interventionen, \u201eArchitekturen\u201d (wie beispielsweise bei Baumbesetzungen doer Protestcamps) usw.<\/p>\n<p>9 \u2013 Nils Schroer<br \/>\n<strong>Wald als Bild und Vorstellung, Wald im Film<\/strong><br \/>\nKennen Sie die arte-Reihe <strong><a href=\"https:\/\/www.arte.tv\/de\/videos\/060738-200-A\/metro-und-film-blow-up\/\" target=\"_blank\" rel=\"noopener noreferrer\">\u201eblow up\u201d<\/a><\/strong>?<\/p>\n<p>Tats\u00e4chlich gibt es noch kein blow up zu \u201eWald im Film\u201d. Erstellen Sie in der ReCut Methode als Zusammenschnitt aus \u201efound footage\u201d \u2013 also schon bestehendem Filmmaterial \u2013 eine Collage, die vielf\u00e4ltige Facetten zeigt, wie Wald als Ort und\/oder als dramaturgischer Akteur in Filmen eingesetzt wird.<\/p>\n<p>10 \u2013 Malte Litzinger<br \/>\n<strong>Zukunft des Waldes, spekulativ \u2026<\/strong><br \/>\nRecherchieren Sie zu den gewagtesten Konzepten, wie W\u00e4lder in Zukunft genutzt, unterst\u00fctzt, gesch\u00fctzt werden k\u00f6nnten \u2026 und welche Rolle dabei Sensorik, Robotik, KI und weitere Technologien spielen werden \u2026 Was w\u00e4re, wenn W\u00e4lder eigene Rechte h\u00e4tten wie menschliche Individuen oder Gruppen, wenn sie diese einklagen k\u00f6nnten, wenn Sie eine Stimme h\u00e4tten, wenn sie sich selbst verwalten k\u00f6nnten. Wo k\u00f6nnte das hingehen \u2026?<\/p>\n<p>&nbsp;<\/p>\n<p>&nbsp;<\/p>\n<p><strong>Vorgehensweise<\/strong><\/p>\n<p>&nbsp;<\/p>\n<p><a href=\"https:\/\/www.burg-halle.de\/id-neuwerk\/wald\/wp-content\/uploads\/sites\/75\/2025\/03\/wald_und_mensch_grafik.jpg\" target=\"_blank\" rel=\"noopener noreferrer\"><img srcset=\"https:\/\/www.burg-halle.de\/id-neuwerk\/wald\/wp-content\/uploads\/sites\/75\/2025\/03\/wald_und_mensch_grafik.jpg 1352w, https:\/\/www.burg-halle.de\/id-neuwerk\/wald\/wp-content\/uploads\/sites\/75\/2025\/03\/wald_und_mensch_grafik-300x192.jpg 300w, https:\/\/www.burg-halle.de\/id-neuwerk\/wald\/wp-content\/uploads\/sites\/75\/2025\/03\/wald_und_mensch_grafik-1024x657.jpg 1024w, https:\/\/www.burg-halle.de\/id-neuwerk\/wald\/wp-content\/uploads\/sites\/75\/2025\/03\/wald_und_mensch_grafik-768x492.jpg 768w\" sizes=\"(max-width: 600px) 100vw, 600px\" decoding=\"async\" class=\"alignnone wp-image-2045\" src=\"https:\/\/www.burg-halle.de\/id-neuwerk\/wald\/wp-content\/uploads\/sites\/75\/2025\/03\/wald_und_mensch_grafik-1024x657.jpg\" alt=\"\" width=\"600\" height=\"auto\"><\/a><\/p>\n<p><em>aus: Das Waldbuch (Esther Gonstalla)<\/em><\/p>\n<p>&nbsp;<\/p>\n<p><em>\u201eWenn du in den Wald gehst und nichts findest,<br \/>\nwas du nicht erwartet hast, dann warst du nicht wirklich dort.\u201c<\/em><br \/>\nAntoine de Saint-Exup\u00e9ry \u2013 \u201eWind, Sand und Sterne\u201c (1939)<\/p>\n<p>&nbsp;<\/p>\n<p><strong>Auswahl eines Recherchethemas<\/strong><\/p>\n<p>Bitte w\u00e4hlen Sie sich eines der unten aufgef\u00fchrten Themen aus, recherchieren dazu und erstellen eine Pr\u00e4sentation.<\/p>\n<p>Mit den Recherchen wollen wir uns gleich zu Beginn des Projektes kollektiv eine grosse Bandbreite an Basiswissen verschaffen, auf das dann alle im Verlauf zugreifen k\u00f6nnen. Sowohl f\u00fcr Inspiration zum eigenen Entwerfen, als auch f\u00fcr einen umfassenden \u00dcberblick \u00fcber das komplexe Thema \u201eWald\u201d.<\/p>\n<p>&nbsp;<\/p>\n<p><strong>Wie w\u00e4hlen Sie Ihr Thema?<\/strong><\/p>\n<p>Bitte suchen Sie sich eines der Themen aus und <strong>schicken eine Nachricht in unsere Signal-Gruppe<\/strong> mit der Nummer und den ersten W\u00f6rtern des Themas \u2026 dann wissen alle, welche Themen schon belegt sind.<\/p>\n<p>&nbsp;<\/p>\n<p><strong>Durchf\u00fchrung<\/strong><\/p>\n<p>Recherchieren Sie im Internet, aber auch in der Bibliothek \u2026 und nutzen Sie gerne auch KI-Tools, wobei Sie hier stets gegenchecken sollten (und gern auch kenntlich machen, wo die KI hilfreich war \ud83d\ude09<\/p>\n<p>Bitte stellen Sie Ihre Recherchen zuerst als Referat mit Beamer-Pr\u00e4sentation vor \u2013 im Layout angelegt in Din A4 Querformat (oder in einem Format 16:9, dann f\u00fcllt es am besten die Projektionsfl\u00e4che). \u00dcbersichtliche Seitengestaltung, lieber eine Seite mehr, als zu voll, klare Typografie in lesbarer Schriftgr\u00f6sse \u2026 wenig Text, reduziert auf begleitende Stichpunkte, nicht ganze Texte, die Sie ablesen \u2026 aber das wissen Sie ja alles schon.<\/p>\n<p>Bitte bewahren Sie alles gefundene Material auf incl. der Quellenangaben \u2013 Bilder, Texte, Links, Videos \u2013 die Recherchen werden von Ihnen in ein gemeinsames Kompendium \u00fcberf\u00fchrt.<\/p>\n<p>Das Recherche-Kompendium wird dann sowohl als gebundenes Buch ausgedruckt sowie auch online f\u00fcr alle im Projekt verf\u00fcgbar sein.<\/p>\n<p>&nbsp;<\/p>\n<p><strong>Die Vorstellung der Referate ist geplant am Mittwoch, den 9. April 2025<\/strong><br \/>\n(das ist der Mittwoch in Semesterwoche 2).<\/p>\n<p>&nbsp;<br \/>\n&nbsp;<\/p>\n<p><img srcset=\"https:\/\/www.burg-halle.de\/id-neuwerk\/wald\/wp-content\/uploads\/sites\/75\/2025\/03\/kompend.jpg 600w, https:\/\/www.burg-halle.de\/id-neuwerk\/wald\/wp-content\/uploads\/sites\/75\/2025\/03\/kompend-300x135.jpg 300w\" sizes=\"(max-width: 600px) 100vw, 600px\" decoding=\"async\" class=\"alignnone wp-image-2045\" src=\"https:\/\/www.burg-halle.de\/id-neuwerk\/wald\/wp-content\/uploads\/sites\/75\/2025\/03\/kompend.jpg\" alt=\"\" width=\"600\" height=\"auto\"><\/p>\n<p>&nbsp;<\/p>\n<p><strong>Hier finden Sie Beispiele f\u00fcr Recherche-Kompendien<br \/>\naus fr\u00fcheren Projekten:<\/strong><\/p>\n<p><strong><a href=\"https:\/\/www.burg-halle.de\/id-neuwerk\/transformable\/recherchen-2\/\" target=\"_blank\" rel=\"noopener noreferrer\">Transformable Objects \/ Recherchen<\/a><\/strong><br \/>\n<strong><a href=\"https:\/\/www.burg-halle.de\/id-neuwerk\/minimalkitchen\/recherchen-2\/\" target=\"_blank\" rel=\"noopener noreferrer\">Minimal Kitchen \/ Recherchen<\/a><\/strong><br \/>\n<strong><a href=\"https:\/\/www.burg-halle.de\/id-neuwerk\/wetter\/category\/recherchen\/\" target=\"_blank\" rel=\"noopener noreferrer\">Und nun zum Wetter \/ Recherchen<\/a><\/strong><\/p>\n<p>&nbsp;<\/p>\n<p><strong>Fokus beim Recherchieren:<\/strong><\/p>\n<p>Recherchieren Sie aus einem gestalterischen Blickwinkel und versuchen Sie Ihre Entwdeckungen jeweils durch Bilder und Beispiele zu visualisieren. Je nach Thematik bilden Sie sinnvolle Gliederungen, Gruppen oder Kategorien, um das gefundene Material zu ordnen und didaktisch aufzubereiten.<\/p>\n<p>&nbsp;<\/p>\n<p><a href=\"https:\/\/www.burg-halle.de\/id-neuwerk\/wald\/wp-content\/uploads\/sites\/75\/2025\/03\/wald.jpg\" target=\"_blank\" rel=\"noopener noreferrer\"><img srcset=\"https:\/\/www.burg-halle.de\/id-neuwerk\/wald\/wp-content\/uploads\/sites\/75\/2025\/03\/wald.jpg 1354w, https:\/\/www.burg-halle.de\/id-neuwerk\/wald\/wp-content\/uploads\/sites\/75\/2025\/03\/wald-300x198.jpg 300w, https:\/\/www.burg-halle.de\/id-neuwerk\/wald\/wp-content\/uploads\/sites\/75\/2025\/03\/wald-1024x675.jpg 1024w, https:\/\/www.burg-halle.de\/id-neuwerk\/wald\/wp-content\/uploads\/sites\/75\/2025\/03\/wald-768x506.jpg 768w\" sizes=\"(max-width: 600px) 100vw, 600px\" decoding=\"async\" class=\"alignnone wp-image-2045\" src=\"https:\/\/www.burg-halle.de\/id-neuwerk\/wald\/wp-content\/uploads\/sites\/75\/2025\/03\/wald-1024x675.jpg\" alt=\"\" width=\"600\" height=\"auto\"><\/a><\/p>\n<p><em>aus: Das Waldbuch (Esther Gonstalla)<\/em><\/p>\n<p>&nbsp;<\/p>\n","protected":false},"excerpt":{"rendered":"<p>&nbsp; Recherche-Kompendium zum Bl\u00e4ttern anklicken \u2026 oder download als pdf &nbsp; Wald im Film ReCut von Nils Schr\u00f6er &nbsp; \u00dcbersicht der Recherchethemen &nbsp; 1 \u2013 Lucas Nonn Das kleine Wald\u2013Glossar Recherchieren Sie 25\u201330 wichtige Begriffe im Zusammenhang mit \u201eWald\u201d \u2013 ordnen Sie mit Kategorien und geben Sie kurze Erkl\u00e4rungen im besten Fall mit Visualisierungen. Kategoerien [&hellip;]<\/p>\n","protected":false},"author":5,"featured_media":0,"parent":0,"menu_order":0,"comment_status":"closed","ping_status":"closed","template":"","meta":{"footnotes":""},"class_list":["post-183","page","type-page","status-publish","hentry"],"_links":{"self":[{"href":"https:\/\/www.burg-halle.de\/id-neuwerk\/wald\/wp-json\/wp\/v2\/pages\/183","targetHints":{"allow":["GET"]}}],"collection":[{"href":"https:\/\/www.burg-halle.de\/id-neuwerk\/wald\/wp-json\/wp\/v2\/pages"}],"about":[{"href":"https:\/\/www.burg-halle.de\/id-neuwerk\/wald\/wp-json\/wp\/v2\/types\/page"}],"author":[{"embeddable":true,"href":"https:\/\/www.burg-halle.de\/id-neuwerk\/wald\/wp-json\/wp\/v2\/users\/5"}],"replies":[{"embeddable":true,"href":"https:\/\/www.burg-halle.de\/id-neuwerk\/wald\/wp-json\/wp\/v2\/comments?post=183"}],"version-history":[{"count":42,"href":"https:\/\/www.burg-halle.de\/id-neuwerk\/wald\/wp-json\/wp\/v2\/pages\/183\/revisions"}],"predecessor-version":[{"id":603,"href":"https:\/\/www.burg-halle.de\/id-neuwerk\/wald\/wp-json\/wp\/v2\/pages\/183\/revisions\/603"}],"wp:attachment":[{"href":"https:\/\/www.burg-halle.de\/id-neuwerk\/wald\/wp-json\/wp\/v2\/media?parent=183"}],"curies":[{"name":"wp","href":"https:\/\/api.w.org\/{rel}","templated":true}]}}