{"id":2,"date":"2025-02-14T16:39:43","date_gmt":"2025-02-14T15:39:43","guid":{"rendered":"https:\/\/www.burg-halle.de\/id-neuwerk\/wald\/?page_id=2"},"modified":"2025-03-18T11:27:42","modified_gmt":"2025-03-18T10:27:42","slug":"beispiel-seite","status":"publish","type":"page","link":"https:\/\/www.burg-halle.de\/id-neuwerk\/wald\/","title":{"rendered":"Thema"},"content":{"rendered":"<p><iframe loading=\"lazy\" src=\"https:\/\/player.vimeo.com\/video\/1048841350?&amp;title=0&amp;byline=0&amp;portrait=0\" width=\"600\" height=\"338\" frameborder=\"0\" allow=\"autoplay; fullscreen; picture-in-picture\" allowfullscreen=\"\"><\/iframe><\/p>\n<p><em>Trailer zum Projekt<\/em><\/p>\n<p>&nbsp;<\/p>\n<p><strong>Wald<\/strong><br \/>\nDesign-Strategien f\u00fcr, durch und mit dem Wald<\/p>\n<p>&nbsp;<\/p>\n<p><em>Wie k\u00f6nnen Designer*innen den Wald neu denken?<\/em><\/p>\n<p>Als Erlebnis, als Materialquelle, als \u00f6kologischen Schl\u00fcssel und als politischen Raum? Welche Objekte, Prozesse oder Visionen k\u00f6nnen dabei helfen, den Wald zu sch\u00fctzen, zu nutzen oder erfahrbar zu machen?<\/p>\n<p>Der Wald ist viel mehr als eine Ansammlung von B\u00e4umen \u2013 er ist Sehnsuchtsort, Lebensraum, Ressource, kulturelles Erbe und bedrohtes \u00d6kosystem. In einer Zeit zunehmender Umweltkrisen und stetig wachsendem Rohstoffbedarf fordert der Wald uns dazu auf, seine Potenziale neu zu betrachten und nachhaltige L\u00f6sungen zu entwickeln. Wir erkunden die vielf\u00e4ltigen Verbindungen zwischen Mensch und Wald. Ziel ist es, die Materialien, die \u00f6kologischen Funktionen und biologischen Systeme sowie die kulturelle Bedeutung des Waldes zu verstehen und zu vermitteln. Darauf aufbauend identifizieren wir Themen und Bed\u00fcrfnisse und entwickeln Methoden und Konzepte, die den Wald als Partner, Handlungsraum und Inspirationsquelle begreifen \u2013 f\u00fcr, durch und mit dem Wald.<\/p>\n<p>Die gestalterischen Ans\u00e4tze k\u00f6nnen sich breit entfalten: von der Entwicklung nachhaltiger Objekte bis hin zur Gestaltung von Prozessen, die Kreislauf-wirtschaft, Nachnutzung und Ressourcenschonung ber\u00fccksichtigen. Es geht darum, nicht nur Dinge zu gestalten, sondern auch neue Denkweisen und Handlungsstrategien zu entwickeln.<\/p>\n<p>&nbsp;<\/p>\n<p><strong>Themenausblick<\/strong><\/p>\n<p>Wald als Erfahrungsraum:<br \/>\nInterventionen und Inszenierungen, die den Wald erfahrbar machen.<\/p>\n<p>Wald als Materialquelle:<br \/>\nNeue Ans\u00e4tze zur Erschlie\u00dfung und Nutzung von Holz + Co.<\/p>\n<p>Wald als Vorbild und Lernraum:<br \/>\nBionik, Systeme und Gestaltungs-Strategien, inspiriert von der Natur<\/p>\n<p>Wald als Lebensraum:<br \/>\nKonzepte und Produkte, die Biodiversit\u00e4t f\u00f6rdern und \u00d6kosysteme sch\u00fctzen<\/p>\n<p>Wald als Speisekammer:<br \/>\nKulinarische Experimente mit Wildpflanzen und Essbarem aus dem Wald<\/p>\n<p>Wald als politischer Raum:<br \/>\nDesign f\u00fcr Proteste, Schutzma\u00dfnahmen und Nachhaltigkeitskampagnen<\/p>\n<p>Wald als Ort der Regeneration:<br \/>\nEntw\u00fcrfe, die die gesundheitsf\u00f6rdernde Wirkung des Waldes nutzen.<\/p>\n<p>&nbsp;<\/p>\n<p>input:<br \/>\n\u2013 Video-Workshop<br \/>\n\u2013 Exkursion<br \/>\n\u2013 Recherchen und Reportagen<br \/>\n\u2013 Visualisierungs Workshop<\/p>\n<p>output:<br \/>\n\u2013 Inszenierung Wald<br \/>\n\u2013 Entw\u00fcrfe in Modellen und Prototypen<br \/>\n\u2013 Dokumentation in Film und Print<br \/>\n\u2013 Pr\u00e4sentation<\/p>\n<p>&nbsp;<\/p>\n<p><em>Teilnehmer_innen:<\/em><br \/>\nYaman Al Fawaz, Paul Dieckmann, Philip Dean K\u00fchlke, Malte Christian Litzinger, Elena Madeleine Messnarz, Lucas Nonn, Nils Schr\u00f6er, Rhona Splitt, Johann Lukas Stieff, Marietta Szydlik<\/p>\n<p><em>Moderation:<\/em><br \/>\nProf. Guido Englich, Julius Abromeit<\/p>\n<p>&nbsp;<\/p>\n<p>Methodische Gestaltungs\u00fcbungen im Studiengang BA Industriedesign<br \/>\nSommersemester 2025<\/p>\n<p>Burg Giebichenstein Kunsthochschule Halle<\/p>\n<p>&nbsp;<\/p>\n","protected":false},"excerpt":{"rendered":"<p>Trailer zum Projekt &nbsp; Wald Design-Strategien f\u00fcr, durch und mit dem Wald &nbsp; Wie k\u00f6nnen Designer*innen den Wald neu denken? Als Erlebnis, als Materialquelle, als \u00f6kologischen Schl\u00fcssel und als politischen Raum? Welche Objekte, Prozesse oder Visionen k\u00f6nnen dabei helfen, den Wald zu sch\u00fctzen, zu nutzen oder erfahrbar zu machen? Der Wald ist viel mehr als [&hellip;]<\/p>\n","protected":false},"author":5,"featured_media":0,"parent":0,"menu_order":0,"comment_status":"closed","ping_status":"closed","template":"","meta":{"footnotes":""},"class_list":["post-2","page","type-page","status-publish","hentry"],"_links":{"self":[{"href":"https:\/\/www.burg-halle.de\/id-neuwerk\/wald\/wp-json\/wp\/v2\/pages\/2","targetHints":{"allow":["GET"]}}],"collection":[{"href":"https:\/\/www.burg-halle.de\/id-neuwerk\/wald\/wp-json\/wp\/v2\/pages"}],"about":[{"href":"https:\/\/www.burg-halle.de\/id-neuwerk\/wald\/wp-json\/wp\/v2\/types\/page"}],"author":[{"embeddable":true,"href":"https:\/\/www.burg-halle.de\/id-neuwerk\/wald\/wp-json\/wp\/v2\/users\/5"}],"replies":[{"embeddable":true,"href":"https:\/\/www.burg-halle.de\/id-neuwerk\/wald\/wp-json\/wp\/v2\/comments?post=2"}],"version-history":[{"count":12,"href":"https:\/\/www.burg-halle.de\/id-neuwerk\/wald\/wp-json\/wp\/v2\/pages\/2\/revisions"}],"predecessor-version":[{"id":333,"href":"https:\/\/www.burg-halle.de\/id-neuwerk\/wald\/wp-json\/wp\/v2\/pages\/2\/revisions\/333"}],"wp:attachment":[{"href":"https:\/\/www.burg-halle.de\/id-neuwerk\/wald\/wp-json\/wp\/v2\/media?parent=2"}],"curies":[{"name":"wp","href":"https:\/\/api.w.org\/{rel}","templated":true}]}}