{"id":462,"date":"2025-05-18T15:30:09","date_gmt":"2025-05-18T13:30:09","guid":{"rendered":"https:\/\/www.burg-halle.de\/id-neuwerk\/wald\/?page_id=462"},"modified":"2025-05-18T15:39:36","modified_gmt":"2025-05-18T13:39:36","slug":"workshop-daten-begreifbar-machen","status":"publish","type":"page","link":"https:\/\/www.burg-halle.de\/id-neuwerk\/wald\/workshop-daten-begreifbar-machen\/","title":{"rendered":"Daten begreifbar machen"},"content":{"rendered":"<p><iframe loading=\"lazy\" src=\"https:\/\/player.vimeo.com\/video\/1083150498?h=c7617d1993&amp;title=0&amp;byline=0&amp;portrait=0\" width=\"600\" height=\"338\" frameborder=\"0\" allow=\"autoplay; fullscreen; picture-in-picture\" allowfullscreen=\"\"><\/iframe><\/p>\n<p>&nbsp;<\/p>\n<p><strong>Begreifen \u2026 <\/strong><br \/>\n<em>Vortrag von Julia Wolf und Daniel P\u00e1ez,<br \/>\nDienstag, 6.5.2025, 17.00 Uhr<\/em><\/p>\n<p>&nbsp;<\/p>\n<p>1.500 N\u00e4gel einschlagen, 591 Holzst\u00e4bchen bemalen, meterlange Nylonschn\u00fcre f\u00e4deln: Julia Wolf und Daniel P\u00e1ez vom Studio La Loma geben Einblicke in die Entstehung und die Geschichten hinter ihren Projekten, in denen abstrakte Daten zu greifbaren Ausstellungsobjekten werden.<\/p>\n<p>&nbsp;<\/p>\n<p><img srcset=\"https:\/\/www.burg-halle.de\/id-neuwerk\/wald\/wp-content\/uploads\/sites\/75\/2025\/05\/LL_AlphabetEmpire.jpg 1600w, https:\/\/www.burg-halle.de\/id-neuwerk\/wald\/wp-content\/uploads\/sites\/75\/2025\/05\/LL_AlphabetEmpire-300x200.jpg 300w, https:\/\/www.burg-halle.de\/id-neuwerk\/wald\/wp-content\/uploads\/sites\/75\/2025\/05\/LL_AlphabetEmpire-1024x683.jpg 1024w, https:\/\/www.burg-halle.de\/id-neuwerk\/wald\/wp-content\/uploads\/sites\/75\/2025\/05\/LL_AlphabetEmpire-768x512.jpg 768w, https:\/\/www.burg-halle.de\/id-neuwerk\/wald\/wp-content\/uploads\/sites\/75\/2025\/05\/LL_AlphabetEmpire-1536x1024.jpg 1536w\" sizes=\"(max-width: 600px) 100vw, 600px\" decoding=\"async\" class=\"wp-image-47\" style=\"width: 600px;\" src=\"https:\/\/www.burg-halle.de\/id-neuwerk\/wald\/wp-content\/uploads\/sites\/75\/2025\/05\/LL_AlphabetEmpire-1024x683.jpg\" alt=\"\"><\/p>\n<p><img srcset=\"https:\/\/www.burg-halle.de\/id-neuwerk\/wald\/wp-content\/uploads\/sites\/75\/2025\/05\/LL_GoogleMe.jpg 1600w, https:\/\/www.burg-halle.de\/id-neuwerk\/wald\/wp-content\/uploads\/sites\/75\/2025\/05\/LL_GoogleMe-300x200.jpg 300w, https:\/\/www.burg-halle.de\/id-neuwerk\/wald\/wp-content\/uploads\/sites\/75\/2025\/05\/LL_GoogleMe-1024x684.jpg 1024w, https:\/\/www.burg-halle.de\/id-neuwerk\/wald\/wp-content\/uploads\/sites\/75\/2025\/05\/LL_GoogleMe-768x513.jpg 768w, https:\/\/www.burg-halle.de\/id-neuwerk\/wald\/wp-content\/uploads\/sites\/75\/2025\/05\/LL_GoogleMe-1536x1025.jpg 1536w\" sizes=\"(max-width: 600px) 100vw, 600px\" decoding=\"async\" class=\"wp-image-47\" style=\"width: 600px;\" src=\"https:\/\/www.burg-halle.de\/id-neuwerk\/wald\/wp-content\/uploads\/sites\/75\/2025\/05\/LL_GoogleMe-1024x684.jpg\" alt=\"\"><\/p>\n<p><em>Arbeiten des Studios La Loma<\/em><\/p>\n<p>&nbsp;<\/p>\n<p>In ihrem Vortrag sprechen Julia Wolf und Daniel P\u00e1ez nicht nur dar\u00fcber, wie Daten begreifbar werden, sondern auch, warum es sinnvoll ist, Daten zu materialisieren \u2013 und welche neuen Perspektiven sich dadurch er\u00f6ffnen. Ein Vortrag f\u00fcr alle, die mehr \u00fcber den Umgang mit Daten und Materialien erfahren m\u00f6chten.<\/p>\n<p>Julia Wolf und Daniel P\u00e1ez sind Mitbegr\u00fcnder:innen von <strong><a href=\"https:\/\/laloma.info\/de\/\" target=\"_blank\" rel=\"noopener noreferrer\">La Loma<\/a><\/strong> \u2013 einem Studio aus drei K\u00fcnstler:innen und Designer:innen, die Daten auf kreative Weise begreifbar machen.<\/p>\n<p>&nbsp;<\/p>\n<p><strong>Dienstag bis Freitag,<br \/>\njeweils ab 9.30 Uhr<\/strong><\/p>\n<p><strong>Workshop zur Materialisierung von Daten<br \/>\nim Themenkontext \u201eWald\u201d<\/strong><br \/>\nmit Julia Wolf und Daniel P\u00e1ez vom Designstudio <strong><a href=\"https:\/\/laloma.info\/de\/\" target=\"_blank\" rel=\"noopener noreferrer\">La Loma<\/a><\/strong><\/p>\n<p>&nbsp;<\/p>\n<p><img srcset=\"https:\/\/www.burg-halle.de\/id-neuwerk\/wald\/wp-content\/uploads\/sites\/75\/2025\/05\/DSCF0613-scaled.jpg 2560w, https:\/\/www.burg-halle.de\/id-neuwerk\/wald\/wp-content\/uploads\/sites\/75\/2025\/05\/DSCF0613-300x169.jpg 300w, https:\/\/www.burg-halle.de\/id-neuwerk\/wald\/wp-content\/uploads\/sites\/75\/2025\/05\/DSCF0613-1024x576.jpg 1024w, https:\/\/www.burg-halle.de\/id-neuwerk\/wald\/wp-content\/uploads\/sites\/75\/2025\/05\/DSCF0613-768x432.jpg 768w, https:\/\/www.burg-halle.de\/id-neuwerk\/wald\/wp-content\/uploads\/sites\/75\/2025\/05\/DSCF0613-1536x864.jpg 1536w, https:\/\/www.burg-halle.de\/id-neuwerk\/wald\/wp-content\/uploads\/sites\/75\/2025\/05\/DSCF0613-2048x1152.jpg 2048w\" sizes=\"(max-width: 600px) 100vw, 600px\" decoding=\"async\" class=\"wp-image-47\" style=\"width: 600px;\" src=\"https:\/\/www.burg-halle.de\/id-neuwerk\/wald\/wp-content\/uploads\/sites\/75\/2025\/05\/DSCF0613-1024x576.jpg\" alt=\"\"><\/p>\n<p><img srcset=\"https:\/\/www.burg-halle.de\/id-neuwerk\/wald\/wp-content\/uploads\/sites\/75\/2025\/05\/einschlag_10-scaled.jpeg 2560w, https:\/\/www.burg-halle.de\/id-neuwerk\/wald\/wp-content\/uploads\/sites\/75\/2025\/05\/einschlag_10-300x200.jpeg 300w, https:\/\/www.burg-halle.de\/id-neuwerk\/wald\/wp-content\/uploads\/sites\/75\/2025\/05\/einschlag_10-1024x683.jpeg 1024w, https:\/\/www.burg-halle.de\/id-neuwerk\/wald\/wp-content\/uploads\/sites\/75\/2025\/05\/einschlag_10-768x513.jpeg 768w, https:\/\/www.burg-halle.de\/id-neuwerk\/wald\/wp-content\/uploads\/sites\/75\/2025\/05\/einschlag_10-1536x1025.jpeg 1536w, https:\/\/www.burg-halle.de\/id-neuwerk\/wald\/wp-content\/uploads\/sites\/75\/2025\/05\/einschlag_10-2048x1367.jpeg 2048w\" sizes=\"(max-width: 600px) 100vw, 600px\" decoding=\"async\" class=\"wp-image-47\" style=\"width: 600px;\" src=\"https:\/\/www.burg-halle.de\/id-neuwerk\/wald\/wp-content\/uploads\/sites\/75\/2025\/05\/einschlag_10-1024x683.jpeg\" alt=\"\"><\/p>\n<p><img srcset=\"https:\/\/www.burg-halle.de\/id-neuwerk\/wald\/wp-content\/uploads\/sites\/75\/2025\/05\/zyklen_07-scaled.jpeg 2560w, https:\/\/www.burg-halle.de\/id-neuwerk\/wald\/wp-content\/uploads\/sites\/75\/2025\/05\/zyklen_07-300x200.jpeg 300w, https:\/\/www.burg-halle.de\/id-neuwerk\/wald\/wp-content\/uploads\/sites\/75\/2025\/05\/zyklen_07-1024x683.jpeg 1024w, https:\/\/www.burg-halle.de\/id-neuwerk\/wald\/wp-content\/uploads\/sites\/75\/2025\/05\/zyklen_07-768x513.jpeg 768w, https:\/\/www.burg-halle.de\/id-neuwerk\/wald\/wp-content\/uploads\/sites\/75\/2025\/05\/zyklen_07-1536x1025.jpeg 1536w, https:\/\/www.burg-halle.de\/id-neuwerk\/wald\/wp-content\/uploads\/sites\/75\/2025\/05\/zyklen_07-2048x1367.jpeg 2048w\" sizes=\"(max-width: 600px) 100vw, 600px\" decoding=\"async\" class=\"wp-image-47\" style=\"width: 600px;\" src=\"https:\/\/www.burg-halle.de\/id-neuwerk\/wald\/wp-content\/uploads\/sites\/75\/2025\/05\/zyklen_07-1024x683.jpeg\" alt=\"\"><\/p>\n<p><img srcset=\"https:\/\/www.burg-halle.de\/id-neuwerk\/wald\/wp-content\/uploads\/sites\/75\/2025\/05\/praesentation_03-scaled.jpeg 2560w, https:\/\/www.burg-halle.de\/id-neuwerk\/wald\/wp-content\/uploads\/sites\/75\/2025\/05\/praesentation_03-300x200.jpeg 300w, https:\/\/www.burg-halle.de\/id-neuwerk\/wald\/wp-content\/uploads\/sites\/75\/2025\/05\/praesentation_03-1024x683.jpeg 1024w, https:\/\/www.burg-halle.de\/id-neuwerk\/wald\/wp-content\/uploads\/sites\/75\/2025\/05\/praesentation_03-768x513.jpeg 768w, https:\/\/www.burg-halle.de\/id-neuwerk\/wald\/wp-content\/uploads\/sites\/75\/2025\/05\/praesentation_03-1536x1025.jpeg 1536w, https:\/\/www.burg-halle.de\/id-neuwerk\/wald\/wp-content\/uploads\/sites\/75\/2025\/05\/praesentation_03-2048x1367.jpeg 2048w\" sizes=\"(max-width: 600px) 100vw, 600px\" decoding=\"async\" class=\"wp-image-47\" style=\"width: 600px;\" src=\"https:\/\/www.burg-halle.de\/id-neuwerk\/wald\/wp-content\/uploads\/sites\/75\/2025\/05\/praesentation_03-1024x683.jpeg\" alt=\"\"><\/p>\n<p><em>Materialisierung von Daten in interaktiven Modellen<\/em><\/p>\n<p>&nbsp;<\/p>\n<p><iframe loading=\"lazy\" src=\"https:\/\/player.vimeo.com\/video\/1084710699?&amp;title=0&amp;byline=0&amp;portrait=0\" width=\"600\" height=\"338\" frameborder=\"0\" allow=\"autoplay; fullscreen; picture-in-picture\" allowfullscreen=\"\"><\/iframe><\/p>\n<p><em>Film zum Workshop<\/em><\/p>\n<p>&nbsp;<\/p>\n<p>Freitag, 13.00 Uhr<br \/>\n<strong>Pr\u00e4sentation<\/strong><br \/>\n&nbsp;<\/p>\n<div class=\"_df_thumb \" id=\"df_454\"  wpoptions=\"true\" thumb=\"https:\/\/www.burg-halle.de\/id-neuwerk\/wald\/wp-content\/uploads\/sites\/75\/2025\/05\/begreif_Doku_titel.jpg\" thumbtype=\"img\" >daten_doku<\/div><script data-cfasync=\"false\">var option_df_454 = {\"outline\":[],\"forceFit\":\"true\",\"autoEnableOutline\":\"false\",\"autoEnableThumbnail\":\"false\",\"overwritePDFOutline\":\"false\",\"direction\":\"1\",\"pageMode\":\"0\",\"source\":\"https:\\\/\\\/www.burg-halle.de\\\/id-neuwerk\\\/wald\\\/wp-content\\\/uploads\\\/sites\\\/75\\\/2025\\\/05\\\/begreifen_Doku_web.pdf\",\"wpOptions\":\"true\"}; if(window.DFLIP && DFLIP.parseBooks){DFLIP.parseBooks();}<\/script>\n<p>&nbsp;<\/p>\n<p><strong> Daten begreifbar machen<\/strong><br \/>\n<em>Dokumentation des Workshops,<br \/>\nzum Lesen bitte anklicken \u2026<br \/>\noder<\/em> <a href=\"https:\/\/www.burg-halle.de\/id-neuwerk\/wald\/wp-content\/uploads\/sites\/75\/2025\/05\/begreifen_Doku.pdf\" target=\"_blank\" rel=\"noopener\"><strong>download<\/strong><\/a><\/p>\n<p>&nbsp;<\/p>\n","protected":false},"excerpt":{"rendered":"<p>&nbsp; Begreifen \u2026 Vortrag von Julia Wolf und Daniel P\u00e1ez, Dienstag, 6.5.2025, 17.00 Uhr &nbsp; 1.500 N\u00e4gel einschlagen, 591 Holzst\u00e4bchen bemalen, meterlange Nylonschn\u00fcre f\u00e4deln: Julia Wolf und Daniel P\u00e1ez vom Studio La Loma geben Einblicke in die Entstehung und die Geschichten hinter ihren Projekten, in denen abstrakte Daten zu greifbaren Ausstellungsobjekten werden. &nbsp; Arbeiten des [&hellip;]<\/p>\n","protected":false},"author":5,"featured_media":0,"parent":0,"menu_order":0,"comment_status":"closed","ping_status":"closed","template":"","meta":{"footnotes":""},"class_list":["post-462","page","type-page","status-publish","hentry"],"_links":{"self":[{"href":"https:\/\/www.burg-halle.de\/id-neuwerk\/wald\/wp-json\/wp\/v2\/pages\/462","targetHints":{"allow":["GET"]}}],"collection":[{"href":"https:\/\/www.burg-halle.de\/id-neuwerk\/wald\/wp-json\/wp\/v2\/pages"}],"about":[{"href":"https:\/\/www.burg-halle.de\/id-neuwerk\/wald\/wp-json\/wp\/v2\/types\/page"}],"author":[{"embeddable":true,"href":"https:\/\/www.burg-halle.de\/id-neuwerk\/wald\/wp-json\/wp\/v2\/users\/5"}],"replies":[{"embeddable":true,"href":"https:\/\/www.burg-halle.de\/id-neuwerk\/wald\/wp-json\/wp\/v2\/comments?post=462"}],"version-history":[{"count":8,"href":"https:\/\/www.burg-halle.de\/id-neuwerk\/wald\/wp-json\/wp\/v2\/pages\/462\/revisions"}],"predecessor-version":[{"id":475,"href":"https:\/\/www.burg-halle.de\/id-neuwerk\/wald\/wp-json\/wp\/v2\/pages\/462\/revisions\/475"}],"wp:attachment":[{"href":"https:\/\/www.burg-halle.de\/id-neuwerk\/wald\/wp-json\/wp\/v2\/media?parent=462"}],"curies":[{"name":"wp","href":"https:\/\/api.w.org\/{rel}","templated":true}]}}