{"id":611,"date":"2025-09-25T12:07:36","date_gmt":"2025-09-25T10:07:36","guid":{"rendered":"https:\/\/www.burg-halle.de\/id-neuwerk\/wald\/?page_id=611"},"modified":"2025-09-25T14:13:16","modified_gmt":"2025-09-25T12:13:16","slug":"exkursion","status":"publish","type":"page","link":"https:\/\/www.burg-halle.de\/id-neuwerk\/wald\/exkursion\/","title":{"rendered":"Exkursion"},"content":{"rendered":"<p><iframe loading=\"lazy\" src=\"https:\/\/player.vimeo.com\/video\/1121835555?h=b8c02af099&amp;title=0&amp;byline=0&amp;portrait=0\" width=\"600\" height=\"338\" frameborder=\"0\" allow=\"autoplay; fullscreen; picture-in-picture\" allowfullscreen=\"\"><\/iframe><\/p>\n<p><em>Trailer der Exkursion<\/em><\/p>\n<p>&nbsp;<\/p>\n<p><strong>Stationen<\/strong><\/p>\n<p>Falkenheim Belgerkopf<br \/>\nWaldtour mit F\u00f6rster Carl Hellmold<\/p>\n<p>Wildkr\u00e4uter-Wanderung im Habichtswald<br \/>\nKochevent mit Wildkr\u00e4utern in der D\u00e9pa Forschungskantine<\/p>\n<p>Besuch der Grimmwwelt<br \/>\nBesuch der Forschungsplattform BauKunstErfinden des FB Architektur der Uni Kassel<br \/>\nBesuch im Fachgebiet Experimentelles und Digitales Entwerfen und Konstruieren<\/p>\n<p>\u00dcbernachtung im Baumhaushotel Robins Nest<br \/>\nBesuch des Agroforst-Forschungsprojekts des FB \u00f6kologischer Land- und Pflanzenbau<br \/>\nder Uni Kassel<\/p>\n<p>&nbsp;<\/p>\n<p><iframe loading=\"lazy\" src=\"https:\/\/player.vimeo.com\/video\/1097293021?h=acb2790572&amp;title=0&amp;byline=0&amp;portrait=0\" width=\"600\" height=\"338\" frameborder=\"0\" allow=\"autoplay; fullscreen; picture-in-picture\" allowfullscreen=\"\"><\/iframe><\/p>\n<p>&nbsp;<\/p>\n<p>Montag, 24.3.2025<br \/>\n<strong>Ankunft im Falkenheim Belgerkopf<\/strong><\/p>\n<p>Dienstag, 25.3.2025<br \/>\n<strong>Waldtour im Kaufunger Stiftswald<\/strong><br \/>\nmit F\u00f6rster Carl Hellmold<\/p>\n<p>&nbsp;<\/p>\n<p><iframe loading=\"lazy\" src=\"https:\/\/player.vimeo.com\/video\/1097292225?h=49c59b5df0&amp;title=0&amp;byline=0&amp;portrait=0\" width=\"600\" height=\"338\" frameborder=\"0\" allow=\"autoplay; fullscreen; picture-in-picture\" allowfullscreen=\"\"><\/iframe><\/p>\n<p>&nbsp;<\/p>\n<p>Mittwoch, 26.3.2025<br \/>\n<strong>Wildkr\u00e4uter-Wanderung im Habichtswald<\/strong><br \/>\nmit der Kr\u00e4uter-P\u00e4dagogin Tanja Tempel<\/p>\n<p>&nbsp;<\/p>\n<p><iframe loading=\"lazy\" src=\"https:\/\/player.vimeo.com\/video\/1097290750?h=4d370ab586&amp;title=0&amp;byline=0&amp;portrait=0\" width=\"600\" height=\"338\" frameborder=\"0\" allow=\"autoplay; fullscreen; picture-in-picture\" allowfullscreen=\"\"><\/iframe><\/p>\n<p>&nbsp;<\/p>\n<p>Mittwoch, 26.3.2025<br \/>\n<strong>Kochevent mit Wildkr\u00e4utern<\/strong><br \/>\nin der D\u00e9pa Forschungskantine des Science Park Kassel<br \/>\nmit Susanne Wegerich<\/p>\n<p>&nbsp;<\/p>\n<p><iframe loading=\"lazy\" src=\"https:\/\/player.vimeo.com\/video\/1097291033?h=47fa411c7c&amp;title=0&amp;byline=0&amp;portrait=0\" width=\"600\" height=\"338\" frameborder=\"0\" allow=\"autoplay; fullscreen; picture-in-picture\" allowfullscreen=\"\"><\/iframe><\/p>\n<p>&nbsp;<\/p>\n<p>Donnerstag, 27.3.2025<br \/>\n<strong>Besuch der Grimmwwelt<\/strong><br \/>\nF\u00fchrung durch die Dauerausstellung<\/p>\n<p>&nbsp;<\/p>\n<p><iframe loading=\"lazy\" src=\"https:\/\/player.vimeo.com\/video\/1097293905?h=fbbb0f07db&amp;title=0&amp;byline=0&amp;portrait=0\" width=\"600\" height=\"338\" frameborder=\"0\" allow=\"autoplay; fullscreen; picture-in-picture\" allowfullscreen=\"\"><\/iframe><\/p>\n<p>&nbsp;<\/p>\n<p>Donnerstag, 27.3.2025<br \/>\n<strong>Besuch der Forschungsplattform BauKunstErfinden<\/strong><br \/>\ndes FB Architektur der Uni Kassel<br \/>\nmit Profn. Heike Klussmann und KM Steffi Silbermann<\/p>\n<p>&nbsp;<\/p>\n<p><iframe loading=\"lazy\" src=\"https:\/\/player.vimeo.com\/video\/1097291444?h=0530d03215&amp;title=0&amp;byline=0&amp;portrait=0\" width=\"600\" height=\"338\" frameborder=\"0\" allow=\"autoplay; fullscreen; picture-in-picture\" allowfullscreen=\"\"><\/iframe><\/p>\n<p>&nbsp;<\/p>\n<p>Donnerstag, 27.3.2025<br \/>\n<strong>Besuch im Fachgebiet Experimentelles und Digitales Entwerfen und Konstruieren<\/strong><br \/>\ndes FB Architektur der Uni Kassel<br \/>\nmit Andreas G\u00f6bert (Wissenschaftlicher Mitarbeiter)<\/p>\n<p>&nbsp;<\/p>\n<p>Donnerstag, 27.3.2025<br \/>\n<strong>\u00dcbernachtung im Baumhaushotel Robins Nest<\/strong><br \/>\nin Witzenhausen<\/p>\n<p>&nbsp;<\/p>\n<p>Freitag, 28.3.2025<br \/>\n<strong>Besuch des Agroforst-Forschungsprojekts<\/strong><br \/>\ndes FB \u00f6kologischer Land- und Pflanzenbau der Uni Kassel<br \/>\nmit Profn. Dr. Miriam Athmann <\/p>\n<p>&nbsp;<\/p>\n","protected":false},"excerpt":{"rendered":"<p>Trailer der Exkursion &nbsp; Stationen Falkenheim Belgerkopf Waldtour mit F\u00f6rster Carl Hellmold Wildkr\u00e4uter-Wanderung im Habichtswald Kochevent mit Wildkr\u00e4utern in der D\u00e9pa Forschungskantine Besuch der Grimmwwelt Besuch der Forschungsplattform BauKunstErfinden des FB Architektur der Uni Kassel Besuch im Fachgebiet Experimentelles und Digitales Entwerfen und Konstruieren \u00dcbernachtung im Baumhaushotel Robins Nest Besuch des Agroforst-Forschungsprojekts des FB \u00f6kologischer [&hellip;]<\/p>\n","protected":false},"author":5,"featured_media":0,"parent":0,"menu_order":0,"comment_status":"closed","ping_status":"closed","template":"","meta":{"footnotes":""},"class_list":["post-611","page","type-page","status-publish","hentry"],"_links":{"self":[{"href":"https:\/\/www.burg-halle.de\/id-neuwerk\/wald\/wp-json\/wp\/v2\/pages\/611","targetHints":{"allow":["GET"]}}],"collection":[{"href":"https:\/\/www.burg-halle.de\/id-neuwerk\/wald\/wp-json\/wp\/v2\/pages"}],"about":[{"href":"https:\/\/www.burg-halle.de\/id-neuwerk\/wald\/wp-json\/wp\/v2\/types\/page"}],"author":[{"embeddable":true,"href":"https:\/\/www.burg-halle.de\/id-neuwerk\/wald\/wp-json\/wp\/v2\/users\/5"}],"replies":[{"embeddable":true,"href":"https:\/\/www.burg-halle.de\/id-neuwerk\/wald\/wp-json\/wp\/v2\/comments?post=611"}],"version-history":[{"count":14,"href":"https:\/\/www.burg-halle.de\/id-neuwerk\/wald\/wp-json\/wp\/v2\/pages\/611\/revisions"}],"predecessor-version":[{"id":633,"href":"https:\/\/www.burg-halle.de\/id-neuwerk\/wald\/wp-json\/wp\/v2\/pages\/611\/revisions\/633"}],"wp:attachment":[{"href":"https:\/\/www.burg-halle.de\/id-neuwerk\/wald\/wp-json\/wp\/v2\/media?parent=611"}],"curies":[{"name":"wp","href":"https:\/\/api.w.org\/{rel}","templated":true}]}}