{"id":2,"date":"2016-07-19T14:56:23","date_gmt":"2016-07-19T14:56:23","guid":{"rendered":"https:\/\/www.burg-halle.de\/id-neuwerk\/welcome-machine\/?page_id=2"},"modified":"2019-03-28T12:45:09","modified_gmt":"2019-03-28T10:45:09","slug":"synergie","status":"publish","type":"page","link":"https:\/\/www.burg-halle.de\/id-neuwerk\/welcome-machine\/","title":{"rendered":"Synergie und Kinetik"},"content":{"rendered":"<p><iframe loading=\"lazy\" src=\"https:\/\/player.vimeo.com\/video\/172863236?title=0&amp;byline=0&amp;portrait=0\" width=\"600\" height=\"338\" frameborder=\"0\" allowfullscreen=\"allowfullscreen\"><\/iframe><\/p>\n<p><em>Trailer zum Projekt<\/em><\/p>\n<p>&nbsp;<\/p>\n<p><strong>Welcome to the machine<\/strong><br \/>\nSynergetische, parasit\u00e4re, kinetische Apparate, Instrumente<br \/>\noder Skulpturen f\u00fcr den Design www<\/p>\n<p>Die Aufgabe: Entdecken Sie am www Design besondere Situationen oder Orte, an denen Sie vorhandene Kr\u00e4fte nutzen k\u00f6nnen, um eine raffinierte Apparatur zu betreiben. Diese versteckten Energien sind zum Beispiel Wind, Luftzug, Verkehrsbewegungen durch Passanten, Sonnenlicht, UV-Strahlung, Lichtreflexionen, Abw\u00e4rme, bewegliche Teile der Architektur, Schwerkraft, Niveau- und H\u00f6henunterschiede, WLan oder andere Strahlungsfelder, Wasser, Wasserstr\u00f6mung etc. \u2026<\/p>\n<p>Entwickeln und realisieren Sie eine Apparatur oder eine Maschine, eine kinetische Skulptur oder ein Instrument, das diese verdeckten Ressourcen erfahrbar macht \u2026 durch Bewegung, Klang, Ger\u00e4usch, spontanen Ausdruck oder andere Signale oder Prozesse.<\/p>\n<p>&nbsp;<\/p>\n<p><em>Teilnehmer_innen:<\/em><br \/>\nV.A., Lorenz Bohlmann, Monique Dahl, Johanna Denecke, Robin Etrue Godwyll, Michael Go\u00df, Gina Hartig, Ferdinand Hintz, Fabian H\u00fctter, Sophie Kikowatz, Thekla Liebmann, Franz Messer, Louis Peter M\u00f6ckel, Johann Post, Elena Rotman, Hans Friedrich Uhl, Benjamin Volk<\/p>\n<p>&nbsp;<\/p>\n<p><em>Moderation:<\/em><br \/>\nJohanna Padge, Steffen Herm (Woche 1),<br \/>\nProf. Guido Englich, Fynn Freyschmidt (Woche 2)<\/p>\n<p>&nbsp;<\/p>\n<p>Fachaufgabe \u00fcber 2 Kompaktwochen<br \/>\nim 1. Studienjahr BA Industriedesign<\/p>\n<p>Burg Giebichenstein Kunsthochschule Halle<br \/>\nSommersemester 2016<\/p>\n<p>&nbsp;<\/p>\n","protected":false},"excerpt":{"rendered":"<p>Trailer zum Projekt &nbsp; Welcome to the machine Synergetische, parasit\u00e4re, kinetische Apparate, Instrumente oder Skulpturen f\u00fcr den Design www Die Aufgabe: Entdecken Sie am www Design besondere Situationen oder Orte, an denen Sie vorhandene Kr\u00e4fte nutzen k\u00f6nnen, um eine raffinierte Apparatur zu betreiben. Diese versteckten Energien sind zum Beispiel Wind, Luftzug, Verkehrsbewegungen durch Passanten, Sonnenlicht, [&hellip;]<\/p>\n","protected":false},"author":5,"featured_media":0,"parent":0,"menu_order":0,"comment_status":"open","ping_status":"open","template":"","meta":{"footnotes":""},"class_list":["post-2","page","type-page","status-publish","hentry"],"_links":{"self":[{"href":"https:\/\/www.burg-halle.de\/id-neuwerk\/welcome-machine\/wp-json\/wp\/v2\/pages\/2","targetHints":{"allow":["GET"]}}],"collection":[{"href":"https:\/\/www.burg-halle.de\/id-neuwerk\/welcome-machine\/wp-json\/wp\/v2\/pages"}],"about":[{"href":"https:\/\/www.burg-halle.de\/id-neuwerk\/welcome-machine\/wp-json\/wp\/v2\/types\/page"}],"author":[{"embeddable":true,"href":"https:\/\/www.burg-halle.de\/id-neuwerk\/welcome-machine\/wp-json\/wp\/v2\/users\/5"}],"replies":[{"embeddable":true,"href":"https:\/\/www.burg-halle.de\/id-neuwerk\/welcome-machine\/wp-json\/wp\/v2\/comments?post=2"}],"version-history":[{"count":12,"href":"https:\/\/www.burg-halle.de\/id-neuwerk\/welcome-machine\/wp-json\/wp\/v2\/pages\/2\/revisions"}],"predecessor-version":[{"id":232,"href":"https:\/\/www.burg-halle.de\/id-neuwerk\/welcome-machine\/wp-json\/wp\/v2\/pages\/2\/revisions\/232"}],"wp:attachment":[{"href":"https:\/\/www.burg-halle.de\/id-neuwerk\/welcome-machine\/wp-json\/wp\/v2\/media?parent=2"}],"curies":[{"name":"wp","href":"https:\/\/api.w.org\/{rel}","templated":true}]}}