{"id":7,"date":"2016-07-19T17:20:02","date_gmt":"2016-07-19T15:20:02","guid":{"rendered":"https:\/\/www.burg-halle.de\/id-neuwerk\/welcome-machine\/?page_id=7"},"modified":"2026-04-29T13:31:11","modified_gmt":"2026-04-29T11:31:11","slug":"dokumentation","status":"publish","type":"page","link":"https:\/\/www.burg-halle.de\/id-neuwerk\/welcome-machine\/dokumentation\/","title":{"rendered":"Dokumentation"},"content":{"rendered":"<div class=\"_df_thumb \" id=\"df_237\"  wpoptions=\"true\" thumb=\"https:\/\/www.burg-halle.de\/id-neuwerk\/welcome-machine\/wp-content\/uploads\/sites\/46\/2018\/03\/titel-welcome_machine_doku_es.jpg\" thumbtype=\"img\" >dokumentation neu<\/div><script data-cfasync=\"false\">var option_df_237 = {\"outline\":[],\"forceFit\":\"true\",\"autoEnableOutline\":\"false\",\"autoEnableThumbnail\":\"false\",\"overwritePDFOutline\":\"false\",\"direction\":\"1\",\"pageMode\":\"0\",\"source\":\"https:\\\/\\\/www.burg-halle.de\\\/id-neuwerk\\\/welcome-machine\\\/wp-content\\\/uploads\\\/sites\\\/46\\\/2019\\\/01\\\/welcome_machine_doku_es.pdf\",\"wpOptions\":\"true\"}; if(window.DFLIP && DFLIP.parseBooks){DFLIP.parseBooks();}<\/script>\n<p>&nbsp;<\/p>\n<p><em>Die Dokumentation zeigt die Projekte<br \/>\nund ihre Installationen auf dem Design Campus am Neuwerk 7.<\/em><\/p>\n<p>&nbsp;<\/p>\n<p>Die Teilnehmer entdecken am Design Campus\u00a0besondere Situationen oder Orte, an denen vorhandene Kr\u00e4fte genutzt werden k\u00f6nnen, um eine raffinierte Apparatur zu betreiben.<\/p>\n<p>Diese versteckten Energien sind zum Beispiel Wind, Luftzug, Verkehrsbewegungen durch Passanten, Sonnenlicht, UV-Strahlung, Lichtreflexionen, Abw\u00e4rme, bewegliche Teile der Architektur, Schwerkraft, Niveau- und H\u00f6henunterschiede, WLan oder andere Strahlungsfelder, Wasser, Wasserstr\u00f6mung etc. \u2026<\/p>\n<p>F\u00fcr diese Kr\u00e4fte entwickeln und realisieren die Studierenden Apparaturen oder Maschinen, kinetische Skulpturen oder Instrumente, die diese verdeckten Ressourcen erfahrbar machen \u2026 durch Bewegung, Klang, Ger\u00e4usch, spontanen Ausdruck oder andere Signale oder Prozesse.<\/p>\n<p>&nbsp;<\/p>\n<p><em>Download<\/em><br \/>\n<a href=\"https:\/\/www.burg-halle.de\/id-neuwerk\/welcome-machine\/wp-content\/uploads\/sites\/46\/2019\/01\/welcome_machine_doku_es.pdf\" target=\"_blank\" rel=\"noopener noreferrer\">Dokumentation als Einzelseiten<\/a><br \/>\n<a href=\"https:\/\/www.burg-halle.de\/id-neuwerk\/welcome-machine\/wp-content\/uploads\/sites\/46\/2019\/01\/welcome_machine_doku_ds.pdf\" target=\"_blank\" rel=\"noopener noreferrer\">Dokumentation als Doppelseiten<\/a><\/p>\n<p>&nbsp;<\/p>\n<div class=\"_df_thumb \" id=\"df_236\"  wpoptions=\"true\" thumb=\"https:\/\/www.burg-halle.de\/id-neuwerk\/welcome-machine\/wp-content\/uploads\/sites\/46\/2018\/04\/titel-machine_kompendium_es.jpg\" thumbtype=\"img\" >kompendium neu<\/div><script data-cfasync=\"false\">var option_df_236 = {\"outline\":[],\"forceFit\":\"true\",\"autoEnableOutline\":\"false\",\"autoEnableThumbnail\":\"false\",\"overwritePDFOutline\":\"false\",\"direction\":\"1\",\"pageMode\":\"0\",\"source\":\"https:\\\/\\\/www.burg-halle.de\\\/id-neuwerk\\\/welcome-machine\\\/wp-content\\\/uploads\\\/sites\\\/46\\\/2019\\\/01\\\/machine_kompendium_ds.pdf\",\"wpOptions\":\"true\"}; if(window.DFLIP && DFLIP.parseBooks){DFLIP.parseBooks();}<\/script>\n<p>&nbsp;<\/p>\n<p><em>Kompendium der Recherchen<\/em><\/p>\n<p>&nbsp;<\/p>\n<p><em>Download<\/em><br \/>\n<a href=\"https:\/\/www.burg-halle.de\/id-neuwerk\/welcome-machine\/wp-content\/uploads\/sites\/46\/2019\/01\/machine_kompendium_es.pdf\" target=\"_blank\" rel=\"noopener noreferrer\">Kompendium als Einzelseiten<\/a><br \/>\n<a href=\"https:\/\/www.burg-halle.de\/id-neuwerk\/welcome-machine\/wp-content\/uploads\/sites\/46\/2019\/01\/machine_kompendium_ds.pdf\" target=\"_blank\" rel=\"noopener noreferrer\">Kompendium als Doppelseiten<\/a><\/p>\n<p>&nbsp;<\/p>\n<p><strong>Recherche-Themen <\/strong><\/p>\n<p><strong>Design<\/strong><\/p>\n<p>1<br \/>\nMarkus Kayser \/ (z.b. solar sinter project)<br \/>\n+ The Mediated Matter group \/ MIT<br \/>\n<em>recherchiert von Friedrich Uhl<\/em><\/p>\n<p>2<br \/>\nmischer&#8217;traxler \/ (z.b. idea of a tree u.a.)<br \/>\n<em>recherchiert von Johann Post<\/em><\/p>\n<p>3<br \/>\nIvan Henriques<br \/>\n<em>recherchiert von Gina Hartig<\/em><\/p>\n<p>4<br \/>\nRichard Buckminster Fuller \/ Dymaxion<br \/>\n<em>recherchiert von Monique Dahl<\/em><\/p>\n<p>&nbsp;<\/p>\n<p><strong>Kinetik<\/strong><\/p>\n<p>5<br \/>\nPERPETUAL motion machines<br \/>\n<em>recherchiert von Franz Messer<\/em><\/p>\n<p>6<br \/>\nReuben Margolin<br \/>\n<em>recherchiert von Elena Rotmann<\/em><\/p>\n<p>7<br \/>\nTheo Jansen<br \/>\n<em>recherchiert von Thekla Liebmann<\/em><\/p>\n<p>8<br \/>\nCharles Sowers<br \/>\n<em>recherchiert von Michael Go\u00df<\/em><\/p>\n<p>&nbsp;<\/p>\n<p><strong>Sound sculpture<\/strong><\/p>\n<p>9<br \/>\nHarry Bertoia<br \/>\n<em>recherchiert von Lorenz Bohlmann<\/em><\/p>\n<p>10<br \/>\nSteven White<br \/>\n<em>recherchiert von Sophie Kikowatz<\/em><\/p>\n<p>11<br \/>\nZimoun<br \/>\n<em>recherchiert von V.A.<\/em><\/p>\n<p>12<br \/>\nLolo y Sosaku<br \/>\n<em>recherchiert von Johanna Denecke<\/em><\/p>\n<p>&nbsp;<\/p>\n<p><strong>Kinetische Skulptur<\/strong><\/p>\n<p>14<br \/>\nRebecca Horn<br \/>\n<em>recherchiert von Robin Godwyll<\/em><\/p>\n<p>15<br \/>\nAlexander Calder<br \/>\n<em>recherchiert von Louis M\u00f6ckel<\/em><\/p>\n<p>16<br \/>\nJean Tinguely<br \/>\n<em>recherchiert von Ferdinand Hintz<\/em><\/p>\n<p>17<br \/>\nGeorge Rickey \/ Michael Hischer<br \/>\n<em>recherchiert von Fabian H\u00fctter<\/em><\/p>\n<p>18<br \/>\nGereon Lepper \/ Arthur Ganson<br \/>\n<em>recherchiert von Benjamin Volk<\/em><\/p>\n<p>&nbsp;<\/p>\n","protected":false},"excerpt":{"rendered":"<p>&nbsp; Die Dokumentation zeigt die Projekte und ihre Installationen auf dem Design Campus am Neuwerk 7. &nbsp; Die Teilnehmer entdecken am Design Campus\u00a0besondere Situationen oder Orte, an denen vorhandene Kr\u00e4fte genutzt werden k\u00f6nnen, um eine raffinierte Apparatur zu betreiben. Diese versteckten Energien sind zum Beispiel Wind, Luftzug, Verkehrsbewegungen durch Passanten, Sonnenlicht, UV-Strahlung, Lichtreflexionen, Abw\u00e4rme, bewegliche [&hellip;]<\/p>\n","protected":false},"author":5,"featured_media":0,"parent":0,"menu_order":0,"comment_status":"closed","ping_status":"closed","template":"","meta":{"footnotes":""},"class_list":["post-7","page","type-page","status-publish","hentry"],"_links":{"self":[{"href":"https:\/\/www.burg-halle.de\/id-neuwerk\/welcome-machine\/wp-json\/wp\/v2\/pages\/7","targetHints":{"allow":["GET"]}}],"collection":[{"href":"https:\/\/www.burg-halle.de\/id-neuwerk\/welcome-machine\/wp-json\/wp\/v2\/pages"}],"about":[{"href":"https:\/\/www.burg-halle.de\/id-neuwerk\/welcome-machine\/wp-json\/wp\/v2\/types\/page"}],"author":[{"embeddable":true,"href":"https:\/\/www.burg-halle.de\/id-neuwerk\/welcome-machine\/wp-json\/wp\/v2\/users\/5"}],"replies":[{"embeddable":true,"href":"https:\/\/www.burg-halle.de\/id-neuwerk\/welcome-machine\/wp-json\/wp\/v2\/comments?post=7"}],"version-history":[{"count":22,"href":"https:\/\/www.burg-halle.de\/id-neuwerk\/welcome-machine\/wp-json\/wp\/v2\/pages\/7\/revisions"}],"predecessor-version":[{"id":334,"href":"https:\/\/www.burg-halle.de\/id-neuwerk\/welcome-machine\/wp-json\/wp\/v2\/pages\/7\/revisions\/334"}],"wp:attachment":[{"href":"https:\/\/www.burg-halle.de\/id-neuwerk\/welcome-machine\/wp-json\/wp\/v2\/media?parent=7"}],"curies":[{"name":"wp","href":"https:\/\/api.w.org\/{rel}","templated":true}]}}