{"id":9,"date":"2016-07-19T17:20:47","date_gmt":"2016-07-19T15:20:47","guid":{"rendered":"https:\/\/www.burg-halle.de\/id-neuwerk\/welcome-machine\/?page_id=9"},"modified":"2018-12-23T11:26:42","modified_gmt":"2018-12-23T09:26:42","slug":"praesentation","status":"publish","type":"page","link":"https:\/\/www.burg-halle.de\/id-neuwerk\/welcome-machine\/praesentation\/","title":{"rendered":"Pr\u00e4sentation"},"content":{"rendered":"<p><iframe loading=\"lazy\" src=\"https:\/\/player.vimeo.com\/video\/168561787?title=0&amp;byline=0&amp;portrait=0\" height=\"338\" width=\"600\" allowfullscreen=\"\" frameborder=\"0\"><\/iframe><\/p>\n<p><em>Pr\u00e4sentation 27. Juni 2016<\/em><\/p>\n<p><em><br \/>\n<\/em><br \/>\n<strong>Welcome to the machine<\/strong><br \/>\nSynergetische, parasit\u00e4re, kinetische Apparate, Instrumente<br \/>\noder Skulpturen f\u00fcr den Design www<\/p>\n<p>Ergebnisse der Fachaufgabe aus 2 Kompaktwochen<br \/>\nim 1. Studienjahr, BA-Studiengang Industriedesign<\/p>\n<p>&nbsp;<\/p>\n<p><em>Teilnehmer_innen:<\/em><br \/>\nV.A., Lorenz Bohlmann, Monique Dahl, Johanna Denecke, Robin Etrue Godwyll, Michael Go\u00df, Gina Hartig, Ferdinand Hintz, Fabian H\u00fctter, Sophie Kikowatz, Thekla Liebmann, Franz Messer, Louis Peter M\u00f6ckel, Johann Post, Elena Rotman, Hans Friedrich Uhl, Benjamin Volk<\/p>\n<p><em>Moderation:<\/em><br \/>\nJohanna Padge, Steffen Herm (Woche 1),<br \/>\nProf. Guido Englich, Fynn Freyschmidt (Woche 2)<\/p>\n<p>&nbsp;<\/p>\n","protected":false},"excerpt":{"rendered":"<p>Pr\u00e4sentation 27. Juni 2016 Welcome to the machine Synergetische, parasit\u00e4re, kinetische Apparate, Instrumente oder Skulpturen f\u00fcr den Design www Ergebnisse der Fachaufgabe aus 2 Kompaktwochen im 1. Studienjahr, BA-Studiengang Industriedesign &nbsp; Teilnehmer_innen: V.A., Lorenz Bohlmann, Monique Dahl, Johanna Denecke, Robin Etrue Godwyll, Michael Go\u00df, Gina Hartig, Ferdinand Hintz, Fabian H\u00fctter, Sophie Kikowatz, Thekla Liebmann, Franz [&hellip;]<\/p>\n","protected":false},"author":5,"featured_media":0,"parent":0,"menu_order":0,"comment_status":"closed","ping_status":"closed","template":"","meta":{"footnotes":""},"class_list":["post-9","page","type-page","status-publish","hentry"],"_links":{"self":[{"href":"https:\/\/www.burg-halle.de\/id-neuwerk\/welcome-machine\/wp-json\/wp\/v2\/pages\/9","targetHints":{"allow":["GET"]}}],"collection":[{"href":"https:\/\/www.burg-halle.de\/id-neuwerk\/welcome-machine\/wp-json\/wp\/v2\/pages"}],"about":[{"href":"https:\/\/www.burg-halle.de\/id-neuwerk\/welcome-machine\/wp-json\/wp\/v2\/types\/page"}],"author":[{"embeddable":true,"href":"https:\/\/www.burg-halle.de\/id-neuwerk\/welcome-machine\/wp-json\/wp\/v2\/users\/5"}],"replies":[{"embeddable":true,"href":"https:\/\/www.burg-halle.de\/id-neuwerk\/welcome-machine\/wp-json\/wp\/v2\/comments?post=9"}],"version-history":[{"count":10,"href":"https:\/\/www.burg-halle.de\/id-neuwerk\/welcome-machine\/wp-json\/wp\/v2\/pages\/9\/revisions"}],"predecessor-version":[{"id":220,"href":"https:\/\/www.burg-halle.de\/id-neuwerk\/welcome-machine\/wp-json\/wp\/v2\/pages\/9\/revisions\/220"}],"wp:attachment":[{"href":"https:\/\/www.burg-halle.de\/id-neuwerk\/welcome-machine\/wp-json\/wp\/v2\/media?parent=9"}],"curies":[{"name":"wp","href":"https:\/\/api.w.org\/{rel}","templated":true}]}}