{"id":2,"date":"2016-07-23T06:51:59","date_gmt":"2016-07-23T06:51:59","guid":{"rendered":"https:\/\/www.burg-halle.de\/id-neuwerk\/wetter\/?page_id=2"},"modified":"2026-01-15T17:33:36","modified_gmt":"2026-01-15T15:33:36","slug":"beispiel-seite","status":"publish","type":"page","link":"https:\/\/www.burg-halle.de\/id-neuwerk\/wetter\/","title":{"rendered":"Thema"},"content":{"rendered":"<p><iframe loading=\"lazy\" src=\"https:\/\/player.vimeo.com\/video\/152413506?title=0&amp;byline=0&amp;portrait=0\" width=\"600\" height=\"338\" frameborder=\"0\" allowfullscreen=\"allowfullscreen\"><\/iframe><\/p>\n<p>&nbsp;<\/p>\n<p>Entwurfsprojekt \/ Komplexes Gestalten<br \/>\nStudiengang BA Industriedesign \/ MA Industrial Design<\/p>\n<p>&nbsp;<\/p>\n<p><strong>Zum Wetter \u2026<\/strong><br \/>\nVom Naturph\u00e4nomen zum Artefakt<br \/>\nDesign-Strategien f\u00fcr Wetter, Witterung und Klima<\/p>\n<p>In diesem Projekt wollen wir nicht nur \u00fcbers Wetter reden, sondern die vielf\u00e4ltigen Zusammenh\u00e4nge zwischen Wetter und Gestaltung untersuchen. Die Notwendigkeit und das Bed\u00fcrfnis, sich vor Witterung und Wetter zu sch\u00fctzen, begleitet die menschlichen Lebensweisen und Zivilisationen seit Anbeginn. Als Schutz vor Wetter, Wind und Sonne, vor Hitze und K\u00e4lte entstehen Kleidung als \u201ezweite Haut\u201d, schliesslich Architektur als \u201edritte Haut\u201d des Menschen. Wetterberichte und Vorhersagen zu klimatischen Entwicklungen finden sich schon in der Bibel \u2013 stets mit theologischer Bedeutung. Der Einfluss von Wetter, Witterung und Klima auf Gedeih und Verderb von Zivilisationen und Gesellschaften ist evident.<\/p>\n<p>Heut ist Wetter l\u00e4ngst kein ausschliesslich nat\u00fcrliches Ph\u00e4nomen mehr. Die Emissionen unserer Zivilisationen beeinflussen Umwelt, Wetter, Klima \u2013 Wetter gestaltet und wird gestaltet.<\/p>\n<p><em>input<\/em><\/p>\n<p>Die Komplexit\u00e4t des themas werden wir mit verschiedenen methodischen Zug\u00e4ngen aufschliessen:<br \/>\n\u2013 Exkursion zum Potsdam-Institut f\u00fcr Klimafolgenforschung<br \/>\n\u2013 Workshop zu Visualisierungen \/ Informationsgrafik<br \/>\n\u2013 speculative design fiction als Methode der Konzeptentwicklung<br \/>\n\u2013 F\u00fchlen, Sp\u00e4hen, Lauschen \/ Workhop zum Messen und Beobachten auf dem Berliner Teufelsberg<br \/>\n\u2013 my personal weather station \/ Arduino Workshop<\/p>\n<p><em>output<\/em><\/p>\n<p>\u2013 in der gesamten Bandbreite von gegenst\u00e4ndlichen bis handlungsbezogenen, intervenierenden, installierenden oder organisierenden Strategien \u2026 dargestellt in Visualisierung, Objekt, Versuchsaufbau, Prototyp oder \u00e4hnlichem<br \/>\n\u2013 die Projektergebnisse werden individuell dokumentiert in Druck und Film.<\/p>\n<p>&nbsp;<\/p>\n<p><em>Teilnehmer_innen:<\/em><br \/>\nTom Bade, Heinrich Ehnert, Shu Ting Fang, Ida Flik, Amelie Ikas, Wanhyun Ko, Alan Moreno, Clemens Schebiella, Veronika Schneider, Konrad Schoch, Marcus Schwalm, Moritz Wussow<\/p>\n<p><em>Moderation:<\/em><br \/>\nProf. Guido Englich, Fynn Freyschmidt<\/p>\n<p><em>Workshops:<\/em><br \/>\nMax von Elverfeldt, Julia Wolf, Daniel P\u00e1ez Castillo, Sebastian M\u00fcllauer, Steffen Klaue<\/p>\n<p>&nbsp;<\/p>\n<p>Studiengang BA Industriedesign \/ MA Industrial Design<br \/>\nSommersemester 2016<\/p>\n<p>Burg Giebichenstein Kunsthochschule Halle<\/p>\n<p>&nbsp;<\/p>\n","protected":false},"excerpt":{"rendered":"<p>&nbsp; Entwurfsprojekt \/ Komplexes Gestalten Studiengang BA Industriedesign \/ MA Industrial Design &nbsp; Zum Wetter \u2026 Vom Naturph\u00e4nomen zum Artefakt Design-Strategien f\u00fcr Wetter, Witterung und Klima In diesem Projekt wollen wir nicht nur \u00fcbers Wetter reden, sondern die vielf\u00e4ltigen Zusammenh\u00e4nge zwischen Wetter und Gestaltung untersuchen. Die Notwendigkeit und das Bed\u00fcrfnis, sich vor Witterung und Wetter [&hellip;]<\/p>\n","protected":false},"author":5,"featured_media":0,"parent":0,"menu_order":0,"comment_status":"open","ping_status":"open","template":"","meta":{"footnotes":""},"class_list":["post-2","page","type-page","status-publish","hentry"],"_links":{"self":[{"href":"https:\/\/www.burg-halle.de\/id-neuwerk\/wetter\/wp-json\/wp\/v2\/pages\/2","targetHints":{"allow":["GET"]}}],"collection":[{"href":"https:\/\/www.burg-halle.de\/id-neuwerk\/wetter\/wp-json\/wp\/v2\/pages"}],"about":[{"href":"https:\/\/www.burg-halle.de\/id-neuwerk\/wetter\/wp-json\/wp\/v2\/types\/page"}],"author":[{"embeddable":true,"href":"https:\/\/www.burg-halle.de\/id-neuwerk\/wetter\/wp-json\/wp\/v2\/users\/5"}],"replies":[{"embeddable":true,"href":"https:\/\/www.burg-halle.de\/id-neuwerk\/wetter\/wp-json\/wp\/v2\/comments?post=2"}],"version-history":[{"count":10,"href":"https:\/\/www.burg-halle.de\/id-neuwerk\/wetter\/wp-json\/wp\/v2\/pages\/2\/revisions"}],"predecessor-version":[{"id":479,"href":"https:\/\/www.burg-halle.de\/id-neuwerk\/wetter\/wp-json\/wp\/v2\/pages\/2\/revisions\/479"}],"wp:attachment":[{"href":"https:\/\/www.burg-halle.de\/id-neuwerk\/wetter\/wp-json\/wp\/v2\/media?parent=2"}],"curies":[{"name":"wp","href":"https:\/\/api.w.org\/{rel}","templated":true}]}}