{"id":34,"date":"2016-07-27T11:47:36","date_gmt":"2016-07-27T09:47:36","guid":{"rendered":"https:\/\/www.burg-halle.de\/id-neuwerk\/wetter\/?page_id=34"},"modified":"2016-07-27T15:08:29","modified_gmt":"2016-07-27T13:08:29","slug":"filme-zum-wetter","status":"publish","type":"page","link":"https:\/\/www.burg-halle.de\/id-neuwerk\/wetter\/filme-zum-wetter\/","title":{"rendered":"Wetter im Film"},"content":{"rendered":"<p>&nbsp;<\/p>\n<p><b>Katastrophenfilme<\/b><\/p>\n<p><iframe loading=\"lazy\" src=\"https:\/\/player.vimeo.com\/video\/162942639?color=c9ff23&amp;title=0&amp;byline=0&amp;portrait=0\" height=\"338\" width=\"600\" allowfullscreen=\"\" frameborder=\"0\"><\/iframe><\/p>\n<p><b>The Day After Tomorrow<br \/>\n<\/b>USA, 2004, Regie: R. Emmerich<br \/>\nDrehbuch: R. Emmerich, Jeffrey Nachmanow<\/p>\n<p>Wetterlage: kalt und eiszeitlich<br \/>\nRolle des Wetters: globale Bedrohung<\/p>\n<p>&nbsp;<\/p>\n<p><iframe loading=\"lazy\" src=\"https:\/\/player.vimeo.com\/video\/162942636?color=c9ff23&amp;title=0&amp;byline=0&amp;portrait=0\" height=\"338\" width=\"600\" allowfullscreen=\"\" frameborder=\"0\"><\/iframe><\/p>\n<p><b>Twister<br \/>\n<\/b>USA, 1996, Regie: J. de Bont<br \/>\nDrehbuch: M. Crichton, A. Martin<\/p>\n<p>Wetterlage: Sturm, Tornados<br \/>\nRolle des Wetters: Bedrohung und Forschungsgegenstand<br \/>\nWeitere Katastrophenfilme<\/p>\n<p>In <em>Take Shelter<\/em> (USA, 2011, J. Nichols), geht es ebenfalls um Tornados. Und <em>The Impossible<\/em> (Spanien, 2012, J. A. Bayona) erz\u00e4hlt die wahre Geschichte einer spanischen Familie beim Tsunami von 2004.<\/p>\n<p>&nbsp;<\/p>\n<p>&nbsp;<\/p>\n<p><b>Abenteuerfilme<\/b><\/p>\n<p><iframe loading=\"lazy\" src=\"https:\/\/player.vimeo.com\/video\/162942637?color=c9ff23&amp;title=0&amp;byline=0&amp;portrait=0\" height=\"338\" width=\"600\" allowfullscreen=\"\" frameborder=\"0\"><\/iframe><\/p>\n<p><b>Kon-Tiki<br \/>\n<\/b>Norwegen, 2012, Regie: J. R\u00f8nning, E. Sandberg<br \/>\nDrehbuch: P. Skavlan, A. Scott<\/p>\n<p>Wetterlage: wechselnd, auf See<br \/>\nRolle des Wetters: Schwierigkeit\/Bedrohung auf See<\/p>\n<p>&nbsp;<\/p>\n<p><strong>Andere Abenteuerfilme<\/strong><\/p>\n<p>In <em>Into The Wild<\/em> (USA, 2007, S. Penn) bricht ein Student nach Alaska auf.<\/p>\n<p><em>Sahara Abenteuer in der W\u00fcste<\/em> (USA, 2005, B. Eisner) ist ein Abenteuerfilm der lose auf dem Roman Operation Sahara von C. Cussler basiert.<\/p>\n<p>Die Thematik Sturm auf See ist filmisch interessant, weil die Protagonisten auf engem Raum sind und sich nicht ausweichen k\u00f6nnen. Andere Beispiele sind <em>The Perfect Storm<\/em> (USA, 2000, W. Petersen) und <em>All is Lost<\/em> (USA, 2013, J. C. Chander)<\/p>\n<p>&nbsp;<\/p>\n<p>&nbsp;<\/p>\n<p><b>Horrorfilme<\/b><\/p>\n<p><iframe loading=\"lazy\" src=\"https:\/\/player.vimeo.com\/video\/162944594?color=c9ff23&amp;title=0&amp;byline=0&amp;portrait=0\" height=\"266\" width=\"600\" allowfullscreen=\"\" frameborder=\"0\"><\/iframe><\/p>\n<p><b>The Fog<br \/>\n<\/b>USA, 1980, Regie: J. Carpenter<br \/>\nDrehbuch: D. Hill<\/p>\n<p>Wetterlage: Nebel<br \/>\nRolle des Wetters: Bedrohung (Begleitung von Geistern)<\/p>\n<p>&nbsp;<\/p>\n<p><iframe loading=\"lazy\" src=\"https:\/\/player.vimeo.com\/video\/162944592?color=c9ff23&amp;title=0&amp;byline=0&amp;portrait=0\" height=\"338\" width=\"600\" allowfullscreen=\"\" frameborder=\"0\"><\/iframe><\/p>\n<p><b>Thirst<\/b><br \/>\nS\u00fcdkorea, 2009, Regie: P. Chan-Wook<br \/>\nDrehbuch: P. Chan-Wook, J.Seo-kyeong<\/p>\n<p>Wetterlage: sonnig<br \/>\nRolle des Wetters: Bedrohung (da Protagonist Vampir)<\/p>\n<p>&nbsp;<\/p>\n<p><strong>Weitere Horrorfilme<\/strong><\/p>\n<p>Wetter im Horrorfilm erf\u00fcllt oft die Rolle eines Gef\u00e4ngnisses aus dem die Protagonisten nicht ausweichen k\u00f6nnen. (vgl. Sturm auf See). z.B. <em>Shining<\/em> (GB\/USA, 1980, S. Kubrick), <em>Identit\u00e4t<\/em> (USA, 2003, J. Mangold)<\/p>\n<p>&nbsp;<\/p>\n<p>&nbsp;<\/p>\n<p><b>Science Fiction<\/b><\/p>\n<p><iframe loading=\"lazy\" src=\"https:\/\/player.vimeo.com\/video\/162942635?color=c9ff23&amp;title=0&amp;byline=0&amp;portrait=0\" height=\"338\" width=\"600\" allowfullscreen=\"\" frameborder=\"0\"><\/iframe><\/p>\n<p><b>Pitch Black<\/b><br \/>\nUSA, 2000, Regie: D. Twohy<br \/>\nDrehbuch: K. Wheat, J. Wheat, D. Twohy<\/p>\n<p>Wetterlage: Sonnenfinsternis<br \/>\nRolle des Wetters: Bedrohung (da Sonne = Schutz)<\/p>\n<p>&nbsp;<\/p>\n<p>Als Science Fiction Filme, in denen Wetter eine tragende Rolle spielt, sind <em>Interstellar<\/em> (UK\/USA, 2014, C. Nolan), <em>Sunshine<\/em> (UK, 2007, D. Boyle), und <em>Waterworld<\/em> (USA, 1995, K. Reynolds, K. Costner)<\/p>\n<p>&nbsp;<\/p>\n<p><b>Endzeit<\/b><\/p>\n<p><iframe loading=\"lazy\" src=\"https:\/\/player.vimeo.com\/video\/162942638?color=c9ff23&amp;title=0&amp;byline=0&amp;portrait=0\" height=\"338\" width=\"600\" allowfullscreen=\"\" frameborder=\"0\"><\/iframe><\/p>\n<p><b>Hell<\/b><br \/>\nDeutschland und Schweiz, 2011, Regie: T. Fehlbaum<br \/>\nDrehbuch: T. Fehlbaum, O. Kahl, T. W\u00f6bke<\/p>\n<p>Wetterlage: sonnig, hei\u00df, trocken<br \/>\nRolle des Wetters: (globale?) Bedrohung<\/p>\n<p>&nbsp;<\/p>\n<p>Die Grenzen zwischen Science Fiction und dem Subgenre Endzeitfilm sind flie\u00dfend.<\/p>\n<p>Weitere Endzeitfilme sind <em>The Road<\/em> (USA, 2009, J. Hillcoat), <em>Book of Eli<\/em> (USA, 2010, A. Hughes) und <em>Mad Max Fury Road<\/em> (USA, 2015, G. Miller)<\/p>\n<p>&nbsp;<\/p>\n<p>&nbsp;<\/p>\n<p><b>Thriller<\/b><\/p>\n<p><iframe loading=\"lazy\" src=\"https:\/\/player.vimeo.com\/video\/162945057?color=c9ff23&amp;title=0&amp;byline=0&amp;portrait=0\" height=\"255\" width=\"600\" allowfullscreen=\"\" frameborder=\"0\"><\/iframe><\/p>\n<p><b>Fr\u00e4ulein Smillas Gesp\u00fcr f\u00fcr Schnee<\/b><br \/>\nD\u00e4nemark, Deutschland, Schweden, 1997, Regie:B. August<br \/>\nDrehbuch: A. Biedermann<\/p>\n<p>Wetterlage: Winter, Schnee, spielt z.T. in Gr\u00f6nland<br \/>\nRolle des Wetters: Schneespuren als Indiz<\/p>\n<p>&nbsp;<\/p>\n<p>&nbsp;<\/p>\n<p><strong>Kom\u00f6die<\/strong><\/p>\n<p><iframe loading=\"lazy\" src=\"https:\/\/player.vimeo.com\/video\/162943446?color=c9ff23&amp;title=0&amp;byline=0&amp;portrait=0\" height=\"454\" width=\"600\" allowfullscreen=\"\" frameborder=\"0\"><\/iframe><\/p>\n<p><b>Groundhog Day<\/b><br \/>\nUSA, 1993, Regie: H. Ramis<br \/>\nDrehbuch: H. Ramis, D. Rubin<\/p>\n<p>Wetterlage: Schneesturm<br \/>\nRolle des Wetters: Tradition, Fest, Bauernregeln<\/p>\n<p>&nbsp;<\/p>\n<p>&nbsp;<\/p>\n<p><b>Kinderfilm<\/b><\/p>\n<p><iframe loading=\"lazy\" src=\"https:\/\/player.vimeo.com\/video\/162944590?color=c9ff23&amp;title=0&amp;byline=0&amp;portrait=0\" height=\"325\" width=\"600\" allowfullscreen=\"\" frameborder=\"0\"><\/iframe><\/p>\n<p><b>Ice Age<\/b><br \/>\nUSA, 2002, Regie: C. Wedge, C. Saldanha<br \/>\nDrehbuch: M. Berg, M. J. Wilson<\/p>\n<p>Wetterlage: Winter in der Eiszeit<br \/>\nRolle des Wetters: Kulisse und Grund f\u00fcr Wanderung<\/p>\n<p>&nbsp;<\/p>\n<p>&nbsp;<\/p>\n<p><b>Comic- und Mangaverfilmungen<\/b><\/p>\n<p><iframe loading=\"lazy\" src=\"https:\/\/player.vimeo.com\/video\/162943447?color=c9ff23&amp;title=0&amp;byline=0&amp;portrait=0\" height=\"450\" width=\"600\" allowfullscreen=\"\" frameborder=\"0\"><\/iframe><\/p>\n<p><b>The Crow<br \/>\n<\/b>USA, 1994, Regie: A. Proyas<br \/>\nDrehbuch: D. J. Schow, J. Shirley<\/p>\n<p>Wetterlage: Regen<br \/>\nRolle des Wetters: Atmosph\u00e4re, Stimmung<\/p>\n<p>&nbsp;<\/p>\n<p><iframe loading=\"lazy\" src=\"https:\/\/player.vimeo.com\/video\/162943445?color=c9ff23&amp;title=0&amp;byline=0&amp;portrait=0\" height=\"338\" width=\"600\" allowfullscreen=\"\" frameborder=\"0\"><\/iframe><\/p>\n<p><b>Nausica\u00e4 of the Valley of the Wind<\/b><br \/>\nJapan, 1984, Regie: H. Miyazaki<br \/>\nDrehbuch: H. Miyazaki<\/p>\n<p>Wetterlage: Wind<br \/>\nRolle des Wetters: Schutz vor giftigen Sporen<\/p>\n<p>&nbsp;<\/p>\n<p>&nbsp;<\/p>\n<p><b>Dokumentation<\/b><\/p>\n<p><iframe loading=\"lazy\" src=\"https:\/\/player.vimeo.com\/video\/162944710?color=c9ff23&amp;title=0&amp;byline=0&amp;portrait=0\" height=\"338\" width=\"600\" allowfullscreen=\"\" frameborder=\"0\"><\/iframe><\/p>\n<p><b>Eine Unbequeme Wahrheit<\/b><br \/>\nUSA, 2006, Regie: D. Guggenheim<br \/>\nDrehbuch: Al Gore<\/p>\n<p>Wetterlage: Klimawandel<br \/>\nRolle des Wetters: globale Bedrohung<\/p>\n<p>&nbsp;<\/p>\n<p><iframe loading=\"lazy\" src=\"https:\/\/player.vimeo.com\/video\/162945136?color=c9ff23&amp;title=0&amp;byline=0&amp;portrait=0\" height=\"338\" width=\"600\" allowfullscreen=\"\" frameborder=\"0\"><\/iframe><\/p>\n<p><b>The Yes Men Are Revolting<\/b><br \/>\nUSA, 1993, Regie: H. Ramis<br \/>\nDrehbuch: H. Ramis, D. Rubin<\/p>\n<p>Wetterlage: Klimawandel<br \/>\nRolle des Wetters: globale Bedrohung<\/p>\n<p>&nbsp;<\/p>\n<p><iframe loading=\"lazy\" src=\"https:\/\/player.vimeo.com\/video\/162945141?color=c9ff23&amp;title=0&amp;byline=0&amp;portrait=0\" height=\"338\" width=\"600\" allowfullscreen=\"\" frameborder=\"0\"><\/iframe><\/p>\n<p><b>Heima<\/b><br \/>\nIsland, 2007, Regie: D. DeBlois<br \/>\nDrehbuch: H. Ramis, D. Rubin<\/p>\n<p>Wetterlage: isl\u00e4ndisch wechselhaft<br \/>\nRolle des Wetters: Pr\u00e4gung der Landschaft, Stimmung<\/p>\n<p>&nbsp;<\/p>\n<p><strong>Weitere Dokumentarfilme<\/strong><\/p>\n<p><em>ThuleTuvalu<\/em> (Schweiz, 2014, M. v. Gunten) handelt von der Erderw\u00e4rmung und spielt in Gr\u00f6nland und Tuvalu, Zwischen Himmel und Eis (Frankreich, 2005, L. Jacquet) vom Lebenswerk des Glaziologen C. Lorius.<\/p>\n<p>In <em>Chasing Ice<\/em> (USA, 2012, J. Orlowski) geht es um den Naturfotografen J. Balog.<\/p>\n<p><em>Die W\u00fcste lebt<\/em> (USA, 1953, J. Algar) Klassiker \u00fcber die Anpassung von Tieren an das Leben in der W\u00fcste, auch wenn der Anspruch eher unterhaltend als wissenschaftlich ist.<\/p>\n<p>In <em>The Eleventh Hour<\/em> (USA, 2007, N. Conners, L. Conners Petersen) werden die Ursachen und Folgen des Klimawandels in Form von Interviews beleuchtet.<\/p>\n<p><em>Years of Living Dangerously<\/em> (USA, 2014, J. Cameron, A. Schwarzenegger) ist eine 9-teilige Dokuserie, in der amerikanische Prominente jeweils von unterschiedlichen Aspekten des Klimawandels berichten.<\/p>\n<p>In <em>The Age of Stupid<\/em> (UK, 2009, F. Armstrong) blickt ein Mann im Jahr 2055 in das Jahr 2008 zur\u00fcck.<\/p>\n<p>&nbsp;<\/p>\n","protected":false},"excerpt":{"rendered":"<p>&nbsp; Katastrophenfilme The Day After Tomorrow USA, 2004, Regie: R. Emmerich Drehbuch: R. Emmerich, Jeffrey Nachmanow Wetterlage: kalt und eiszeitlich Rolle des Wetters: globale Bedrohung &nbsp; Twister USA, 1996, Regie: J. de Bont Drehbuch: M. Crichton, A. Martin Wetterlage: Sturm, Tornados Rolle des Wetters: Bedrohung und Forschungsgegenstand Weitere Katastrophenfilme In Take Shelter (USA, 2011, J. [&hellip;]<\/p>\n","protected":false},"author":5,"featured_media":0,"parent":0,"menu_order":0,"comment_status":"open","ping_status":"open","template":"","meta":{"footnotes":""},"class_list":["post-34","page","type-page","status-publish","hentry"],"_links":{"self":[{"href":"https:\/\/www.burg-halle.de\/id-neuwerk\/wetter\/wp-json\/wp\/v2\/pages\/34","targetHints":{"allow":["GET"]}}],"collection":[{"href":"https:\/\/www.burg-halle.de\/id-neuwerk\/wetter\/wp-json\/wp\/v2\/pages"}],"about":[{"href":"https:\/\/www.burg-halle.de\/id-neuwerk\/wetter\/wp-json\/wp\/v2\/types\/page"}],"author":[{"embeddable":true,"href":"https:\/\/www.burg-halle.de\/id-neuwerk\/wetter\/wp-json\/wp\/v2\/users\/5"}],"replies":[{"embeddable":true,"href":"https:\/\/www.burg-halle.de\/id-neuwerk\/wetter\/wp-json\/wp\/v2\/comments?post=34"}],"version-history":[{"count":3,"href":"https:\/\/www.burg-halle.de\/id-neuwerk\/wetter\/wp-json\/wp\/v2\/pages\/34\/revisions"}],"predecessor-version":[{"id":108,"href":"https:\/\/www.burg-halle.de\/id-neuwerk\/wetter\/wp-json\/wp\/v2\/pages\/34\/revisions\/108"}],"wp:attachment":[{"href":"https:\/\/www.burg-halle.de\/id-neuwerk\/wetter\/wp-json\/wp\/v2\/media?parent=34"}],"curies":[{"name":"wp","href":"https:\/\/api.w.org\/{rel}","templated":true}]}}