{"id":5,"date":"2016-07-23T09:00:06","date_gmt":"2016-07-23T07:00:06","guid":{"rendered":"https:\/\/www.burg-halle.de\/id-neuwerk\/wetter\/?page_id=5"},"modified":"2021-11-27T00:33:22","modified_gmt":"2021-11-26T22:33:22","slug":"praesentation","status":"publish","type":"page","link":"https:\/\/www.burg-halle.de\/id-neuwerk\/wetter\/praesentation\/","title":{"rendered":"Pr\u00e4sentation"},"content":{"rendered":"<p><iframe loading=\"lazy\" src=\"https:\/\/player.vimeo.com\/video\/177125307?title=0&amp;byline=0&amp;portrait=0\" width=\"600\" height=\"338\" frameborder=\"0\" allowfullscreen=\"allowfullscreen\"><\/iframe><\/p>\n<pre>Film der Pr\u00e4sentation vom 11. Juli 2016<\/pre>\n<p>&nbsp;<\/p>\n<p><strong>Zum Wetter \u2026<\/strong><br \/>\nVom Naturph\u00e4nomen zum Artefakt<br \/>\nDesign-Strategien f\u00fcr Wetter, Witterung und Klima<\/p>\n<p>In diesem Projekt wollen wir nicht nur \u00fcbers Wetter reden, sondern die vielf\u00e4ltigen Zusammenh\u00e4nge zwischen Wetter und Gestaltung untersuchen. Die Notwendigkeit und das Bed\u00fcrfnis, sich vor Witterung und Wetter zu sch\u00fctzen, begleitet die menschlichen Lebensweisen und Zivilisationen seit Anbeginn. Als Schutz vor Wetter, Wind und Sonne, vor Hitze und K\u00e4lte entstehen Kleidung als \u201ezweite Haut\u201d, schliesslich Architektur als \u201edritte Haut\u201d des Menschen. Wetterberichte und Vorhersagen zu klimatischen Entwicklungen finden sich schon in der Bibel \u2013 stets mit theologischer Bedeutung. Der Einfluss von Wetter, Witterung und Klima auf Gedeih und Verderb von Zivilisationen und Gesellschaften ist evident.<\/p>\n<p>Heut ist Wetter l\u00e4ngst kein ausschliesslich nat\u00fcrliches Ph\u00e4nomen mehr. Die Emissionen unserer Zivilisationen beeinflussen Umwelt, Wetter, Klima \u2013 Wetter gestaltet und wird gestaltet.<\/p>\n<p>&nbsp;<\/p>\n<p><em>Teilnehmer_innen:<\/em><br \/>\nTom Bade, LB, Heinrich Ehnert, Shu Ting Fang, Ida Flik, Amelie Ikas, Wanhyun Ko, Alan Moreno, Clemens Schebiella, Veronika Schneider, Konrad Schoch, Marcus Schwalm, Moritz Wussow<\/p>\n<p><em>Moderation:<\/em><br \/>\nProf. Guido Englich, Fynn Freyschmidt<\/p>\n<p><em>Workshops:<\/em><br \/>\nMax von Elverfeldt, Julia Wolf, Daniel P\u00e1ez Castillo, Sebastian M\u00fcllauer, Steffen Klaue<\/p>\n<p>&nbsp;<\/p>\n<p>Studiengang BA Industriedesign \/ MA Industrial Design<br \/>\nSommersemester 2016<\/p>\n<p>Burg Giebichenstein Kunsthochschule Halle<\/p>\n<p>&nbsp;<\/p>\n","protected":false},"excerpt":{"rendered":"<p>Film der Pr\u00e4sentation vom 11. Juli 2016 &nbsp; Zum Wetter \u2026 Vom Naturph\u00e4nomen zum Artefakt Design-Strategien f\u00fcr Wetter, Witterung und Klima In diesem Projekt wollen wir nicht nur \u00fcbers Wetter reden, sondern die vielf\u00e4ltigen Zusammenh\u00e4nge zwischen Wetter und Gestaltung untersuchen. Die Notwendigkeit und das Bed\u00fcrfnis, sich vor Witterung und Wetter zu sch\u00fctzen, begleitet die menschlichen [&hellip;]<\/p>\n","protected":false},"author":5,"featured_media":0,"parent":0,"menu_order":0,"comment_status":"open","ping_status":"open","template":"","meta":{"footnotes":""},"class_list":["post-5","page","type-page","status-publish","hentry"],"_links":{"self":[{"href":"https:\/\/www.burg-halle.de\/id-neuwerk\/wetter\/wp-json\/wp\/v2\/pages\/5","targetHints":{"allow":["GET"]}}],"collection":[{"href":"https:\/\/www.burg-halle.de\/id-neuwerk\/wetter\/wp-json\/wp\/v2\/pages"}],"about":[{"href":"https:\/\/www.burg-halle.de\/id-neuwerk\/wetter\/wp-json\/wp\/v2\/types\/page"}],"author":[{"embeddable":true,"href":"https:\/\/www.burg-halle.de\/id-neuwerk\/wetter\/wp-json\/wp\/v2\/users\/5"}],"replies":[{"embeddable":true,"href":"https:\/\/www.burg-halle.de\/id-neuwerk\/wetter\/wp-json\/wp\/v2\/comments?post=5"}],"version-history":[{"count":5,"href":"https:\/\/www.burg-halle.de\/id-neuwerk\/wetter\/wp-json\/wp\/v2\/pages\/5\/revisions"}],"predecessor-version":[{"id":465,"href":"https:\/\/www.burg-halle.de\/id-neuwerk\/wetter\/wp-json\/wp\/v2\/pages\/5\/revisions\/465"}],"wp:attachment":[{"href":"https:\/\/www.burg-halle.de\/id-neuwerk\/wetter\/wp-json\/wp\/v2\/media?parent=5"}],"curies":[{"name":"wp","href":"https:\/\/api.w.org\/{rel}","templated":true}]}}