{"id":27,"date":"2014-05-21T11:33:24","date_gmt":"2014-05-21T09:33:24","guid":{"rendered":"https:\/\/www.burg-halle.de\/id-neuwerk\/?page_id=27"},"modified":"2026-02-17T06:02:12","modified_gmt":"2026-02-17T04:02:12","slug":"id-neuwerk","status":"publish","type":"page","link":"https:\/\/www.burg-halle.de\/id-neuwerk\/id-neuwerk\/","title":{"rendered":"ID Neuwerk"},"content":{"rendered":"<div class=\"_df_thumb \" id=\"df_1297\"  wpoptions=\"true\" thumb=\"https:\/\/www.burg-halle.de\/id-neuwerk\/wp-content\/uploads\/2018\/03\/id_neuwerk_book_2.png\" thumbtype=\"img\" >Id Neuwerk &#8211; Design, Education, Research<\/div><script data-cfasync=\"false\">var option_df_1297 = {\"outline\":[],\"forceFit\":\"true\",\"autoEnableOutline\":\"false\",\"autoEnableThumbnail\":\"false\",\"overwritePDFOutline\":\"false\",\"direction\":\"1\",\"pageMode\":\"0\",\"source\":\"https:\\\/\\\/www.burg-halle.de\\\/id-neuwerk\\\/wp-content\\\/uploads\\\/2018\\\/03\\\/id_neuwerk_buch_2015.pdf\",\"wpOptions\":\"true\"}; if(window.DFLIP && DFLIP.parseBooks){DFLIP.parseBooks();}<\/script>\n<p>&nbsp;<br \/>\n<em>Lehrveranstaltungen und Projekte \u2013 2005\u20132015<\/em><\/p>\n<p>&nbsp;<\/p>\n<p>ID Neuwerk versteht sich als Labor des Lehrgebiets \u201eStrategische Produkt- und Konzeptentwicklung\u201d im Studiengang Industriedesign an der Kunsthochschule Burg Giebichenstein in Halle.<\/p>\n<p>Im Fokus stehen die Entwicklung und Untersuchung von Designmethoden in der Lehre \u2013 und dar\u00fcber hinaus im Sinne eines \u201eDesign of Design Education\u201d die fortlaufende Installation wechselnder Trainings-Situationen \u2013 gleicherma\u00dfen zur Anwendung wie zur Reflektion von didaktischen Prozessen in der Designbildung.<\/p>\n<p>Das vorliegende Archiv versucht jene tempor\u00e4ren Trainingsr\u00e4ume oder -settings auch nach Abschluss eines Projektes in ihrer Gesamtheit nachvollziehbar zu machen durch die Dokumentation der jeweiligen Prozesse und die Verf\u00fcgbarmachung der unterschiedlichen in diesen Lehr-, Lern- und Entwurfsprozessen entstandenen Medien und Artefakte.<\/p>\n<p>&nbsp;<\/p>\n<p><iframe loading=\"lazy\" src=\"https:\/\/player.vimeo.com\/video\/216509506?title=0&amp;byline=0&amp;portrait=0\" width=\"600\" height=\"338\" frameborder=\"0\" allowfullscreen=\"allowfullscreen\"><\/iframe><\/p>\n<p>&nbsp;<\/p>\n<p><em>Guido Englich im Gespr\u00e4ch mit Sara Burkhardt (2017)<\/em><br \/>\n<em> \u00fcber Strategien in Designprozessen, Didaktik in der Design-Bildung<\/em><br \/>\n<em> und das \u201eDesign of Design Education\u201d<\/em><\/p>\n<p>&nbsp;<\/p>\n<p><iframe loading=\"lazy\" src=\"https:\/\/player.vimeo.com\/video\/55314247?title=0&amp;byline=0&amp;portrait=0\" width=\"600\" height=\"338\" frameborder=\"0\" allowfullscreen=\"allowfullscreen\"><\/iframe><\/p>\n<p>&nbsp;<\/p>\n<p><em>Guido Englich im Gespr\u00e4ch mit Isabell Schweikert und Bernhard Meyer (2012) \u2013<br \/>\n\u00fcber das Lehren von Design, Minimalismus und Nick Roericht \u2026<\/em><\/p>\n<p>&nbsp;<\/p>\n<p>Mitarbeiter (seit 2005):<br \/>\nJulius Abromeit, Benjamin Schief, Johanna Padge, Fynn Freyschmidt, Steffen Herm, Malte Westphalen, David Oelschl\u00e4gel, Maike Fraas, Mark Braun, Holm H\u00e4nsel, Silke Pentrop<\/p>\n<p>Lehrauftr\u00e4ge\/Referenten\/Workshops:<br \/>\nChristian Wiegert, Melissa Arias, Andreas und Antje Vogel, Carl Hellmold, Tanja Tempel, Susanne Wegerich, Lina Zacher, Malene Saalmann, Lisa-Marie Halwax, Dean Weigand, Julian Gottschalk, Jacobo Cuesta Wolf, Sascha Henken, Paul Schlieben, Ferdinand Hintz, Felix Rasehorn, Christopher Kopic, Shoko Kono, Urte Grauwinkel, Susanne Kr\u00f6ber, Falco R\u00f6sner, Theo M\u00f6ller, Maxie Schneider, Lorenz Kuschnig, Leopold Seiler, Johann Post, Carlo Nesler, Heiner Mayer Kaibitsch, Andreas Rier, Ina Turinsky, Andreas Wagner, Benno Brucksch, Vincent Zimmer, Gregor M\u00fcller, Lorenz Blaumer, Jens Vetter, Manfred Miersch, Kristian Gohlke, Stefan Roszak, Felix Brokbals, Marcie Jost, Caspar Stracke, Yvette Cruz, Tomasz Lewandowski, Ginan Seidl, Morris Winkler, Amelie Goldfu\u00df, Julia Wolf, Daniel Desiderio P\u00e1ez Castillo, Steffen Klaue, Steffen Herm, Max von Elverfeldt, Frank Spenling, Marco Merkel, Su Gao, Carolin Schulze, Eva Scharrer, Hendrik Haase, Sebastian M\u00fcllauer, Till Wolfer, Lars Zimmermann, Malte Westphalen, Johanna Padge, Henrike G\u00e4nss, Moritz Grund, Crist\u00f3v\u00e3o A. dos Reis, Tim Brauns, Susanne Philippson, Nicola Stattmann, Mareike Gast, Hauke Murken, Holger Janke, Anna Helm, Jule Witte, Torsten Klocke, Ilja Oelschl\u00e4gel, Robert Haslbeck, Thomas Gr\u00f6gler, Katrin Warneke, S\u00f6nke Hoff, Jacob Bachmayer, Dirk Bornemann u.a.<\/p>\n<p>Leitung:<br \/>\nProf. Guido Englich<\/p>\n<p>&nbsp;<\/p>\n","protected":false},"excerpt":{"rendered":"<p>&nbsp; Lehrveranstaltungen und Projekte \u2013 2005\u20132015 &nbsp; ID Neuwerk versteht sich als Labor des Lehrgebiets \u201eStrategische Produkt- und Konzeptentwicklung\u201d im Studiengang Industriedesign an der Kunsthochschule Burg Giebichenstein in Halle. Im Fokus stehen die Entwicklung und Untersuchung von Designmethoden in der Lehre \u2013 und dar\u00fcber hinaus im Sinne eines \u201eDesign of Design Education\u201d die fortlaufende Installation <a class=\"read-more\" href=\"https:\/\/www.burg-halle.de\/id-neuwerk\/id-neuwerk\/\">Read More<\/a><\/p>\n","protected":false},"author":2,"featured_media":0,"parent":0,"menu_order":0,"comment_status":"closed","ping_status":"open","template":"","meta":{"footnotes":""},"class_list":["post-27","page","type-page","status-publish","hentry"],"_links":{"self":[{"href":"https:\/\/www.burg-halle.de\/id-neuwerk\/wp-json\/wp\/v2\/pages\/27","targetHints":{"allow":["GET"]}}],"collection":[{"href":"https:\/\/www.burg-halle.de\/id-neuwerk\/wp-json\/wp\/v2\/pages"}],"about":[{"href":"https:\/\/www.burg-halle.de\/id-neuwerk\/wp-json\/wp\/v2\/types\/page"}],"author":[{"embeddable":true,"href":"https:\/\/www.burg-halle.de\/id-neuwerk\/wp-json\/wp\/v2\/users\/2"}],"replies":[{"embeddable":true,"href":"https:\/\/www.burg-halle.de\/id-neuwerk\/wp-json\/wp\/v2\/comments?post=27"}],"version-history":[{"count":48,"href":"https:\/\/www.burg-halle.de\/id-neuwerk\/wp-json\/wp\/v2\/pages\/27\/revisions"}],"predecessor-version":[{"id":3770,"href":"https:\/\/www.burg-halle.de\/id-neuwerk\/wp-json\/wp\/v2\/pages\/27\/revisions\/3770"}],"wp:attachment":[{"href":"https:\/\/www.burg-halle.de\/id-neuwerk\/wp-json\/wp\/v2\/media?parent=27"}],"curies":[{"name":"wp","href":"https:\/\/api.w.org\/{rel}","templated":true}]}}