{"id":226,"date":"2021-04-07T23:36:42","date_gmt":"2021-04-07T21:36:42","guid":{"rendered":"https:\/\/www.burg-halle.de\/myhomeismyburg\/?page_id=226"},"modified":"2021-06-25T01:15:05","modified_gmt":"2021-06-24T23:15:05","slug":"talks","status":"publish","type":"page","link":"https:\/\/www.burg-halle.de\/myhomeismyburg\/projects\/talk-to-me\/talks\/","title":{"rendered":"Talks"},"content":{"rendered":"\n<h2 class=\"alignwide wp-block-heading\">Alexa Steinbr\u00fcck \u2013 Einf\u00fchrung in Voice Technologies<\/h2>\n\n\n\n<figure class=\"wp-block-embed alignwide is-type-video is-provider-vimeo wp-block-embed-vimeo wp-embed-aspect-16-9 wp-has-aspect-ratio\"><div class=\"wp-block-embed__wrapper\">\n<iframe loading=\"lazy\" src=\"https:\/\/player.vimeo.com\/video\/558910090?dnt=1&amp;app_id=122963\" width=\"750\" height=\"422\" frameborder=\"0\" allow=\"autoplay; fullscreen; picture-in-picture\" allowfullscreen><\/iframe>\n<\/div><\/figure>\n\n\n\n<h2 class=\"alignwide has-large-font-size wp-block-heading\">Sprachassistenten sind Beispiele moderner Zaubertechnologie \u2013 zumindest wenn man der Marketingsprache Glauben schenkt. Sie stehen in der Wohnung und du kannst mit ihnen reden und sie antworten dir. Es \u201afunktioniert einfach\u201c. Sie sind glorifizierte Black Boxes. Doch was passiert da drin wirklich, oder da drau\u00dfen? H\u00f6rt nur eine Maschine zu oder auch Menschen? Wie funktionieren Spracherkennung und Sprachsynthese und was hat das alles mit KI zu tun? Nach diesem Workshop hast du ein besseres technisches Verst\u00e4ndnis von der Funktionsweise heutiger Sprachassistenten. Au\u00dferdem wirst du Werkzeuge kennenlernen, mit denen du deinen Computer sprechen lassen kannst und deine Stimme verstehen. Keine Vorkenntnisse im Programmieren notwendig!<\/h2>\n\n\n\n<div style=\"height:100px\" aria-hidden=\"true\" class=\"wp-block-spacer\"><\/div>\n\n\n\n<h2 class=\"alignwide wp-block-heading\" id=\"isabella-hermann\">Isabella Hermann \u2013 Produkte in der Science-Fiction zwischen Inspiration, Absolution und Metapher<\/h2>\n\n\n\n<figure class=\"wp-block-embed alignwide is-type-video is-provider-vimeo wp-block-embed-vimeo wp-embed-aspect-16-9 wp-has-aspect-ratio\"><div class=\"wp-block-embed__wrapper\">\n<iframe loading=\"lazy\" src=\"https:\/\/player.vimeo.com\/video\/558919897?dnt=1&amp;app_id=122963\" width=\"750\" height=\"422\" frameborder=\"0\" allow=\"autoplay; fullscreen; picture-in-picture\" allowfullscreen><\/iframe>\n<\/div><\/figure>\n\n\n\n<h2 class=\"alignwide has-large-font-size wp-block-heading\">Es ist bei Unternehmen popul\u00e4r, in die Science-Fiction zu schauen, um Ideen f\u00fcr neue profitable Produkte zu entwickeln. Immerhin sind ehemalige Science-Fiction-Techniken wie Videotelefonie, digitale Assistenten, Tablets oder Swiping bereits Wirklichkeit geworden \u2013 da w\u00e4re es doch toll, wenn auch medizinische Tricorder, universelle Sprach\u00fcbersetzer oder holografische Nachrichten bald Realit\u00e4t werden k\u00f6nnten. <br>Doch nicht alle Science-Fiction-Innovationen sind positiv. Die Near-Future-Serie Black Mirror beispielsweise zeigt eindr\u00fccklich, wie die Entwicklung von humanoiden Robotern, von Memory-Chips oder eines umfassenden gesellschaftlichen Scoring-Modells dystopische Z\u00fcge annehmen kann \u2013 denn Technologie ist immer in einen sozialen Kontext eingebettet. Doch genau solche Produkte werden aktuell gehyped, wenn man sich den Roboter Sophia von Hanson Robotics anschaut, Elon Musks Brain-Computer-Interface Neuralink oder das chinesische Zhima Credit, ein umfassendes Scoring-Programm, das auch f\u00fcr das soziale Leben genutzt wird.<br>In ihrem Vortrag pr\u00e4sentiert <a href=\"http:\/\/www.popular-political-science.org\/\">Dr. Isabella Hermann<\/a> Produktideen aus der Science-Fiction zwischen Inspiration, Absolution und Metapher. Der Vortrag soll zum Nachdenken einladen, was wir unter einem gutem Produkt jenseits von Klischees und Stereotypen verstehen.<\/h2>\n\n\n\n<div style=\"height:100px\" aria-hidden=\"true\" class=\"wp-block-spacer\"><\/div>\n\n\n\n<h2 class=\"alignwide wp-block-heading\" id=\"libby-heaney\">Libby Heaney \u2013 Noisy Chatterbots<\/h2>\n\n\n\n<figure class=\"wp-block-embed alignwide is-type-video is-provider-vimeo wp-block-embed-vimeo wp-embed-aspect-16-9 wp-has-aspect-ratio\"><div class=\"wp-block-embed__wrapper\">\n<iframe loading=\"lazy\" src=\"https:\/\/player.vimeo.com\/video\/558902100?dnt=1&amp;app_id=122963\" width=\"750\" height=\"422\" frameborder=\"0\" allow=\"autoplay; fullscreen; picture-in-picture\" allowfullscreen><\/iframe>\n<\/div><\/figure>\n\n\n\n<h2 class=\"alignwide has-large-font-size wp-block-heading\">In this talk, visual artist and quantum physicist <a href=\"http:\/\/libbyheaney.co.uk\/\">Libby Heaney<\/a> will talk about her wide ranging work with machine learning systems, text and voice, drawing on projects such as Lady Chatterley\u2019s Tinderbot, Britbot, Euro(re)vision and her recent AI chanting collaboration The Whole Earth Chanting. Referencing dada poetry and the concepts of apophenia and diffraction among others, Heaney will argue that unlike conventional chatbots such as Siri or commercial web-based assistants, which usually propagate existing stereotypes and biases, Noisy Chatterbots enable new concepts and meanings to emerge. The gap between the semantic content and the imagined aesthetics is a radical site for alternative realities to arise and decay and may enable the \u2018other\u2019 to enter and transform.<\/h2>\n\n\n\n<div style=\"height:100px\" aria-hidden=\"true\" class=\"wp-block-spacer\"><\/div>\n\n\n\n<h2 class=\"alignwide wp-block-heading\" id=\"haunted-machines\">Natalie Kane &amp; Tobias Revell \u2013 Haunted Machines<\/h2>\n\n\n\n<figure class=\"wp-block-embed alignwide is-type-video is-provider-vimeo wp-block-embed-vimeo wp-embed-aspect-16-9 wp-has-aspect-ratio\"><div class=\"wp-block-embed__wrapper\">\n<iframe loading=\"lazy\" src=\"https:\/\/player.vimeo.com\/video\/558905865?dnt=1&amp;app_id=122963\" width=\"750\" height=\"422\" frameborder=\"0\" allow=\"autoplay; fullscreen; picture-in-picture\" allowfullscreen><\/iframe>\n<\/div><\/figure>\n\n\n\n<h2 class=\"alignwide has-large-font-size wp-block-heading\"><a href=\"https:\/\/hauntedmachines.com\/\">Haunted Machines<\/a> is a global super brand, research and curatorial project from Natalie Kane and Tobias Revell initially exploring stories of myth, magic and monsters in technology and more recently the automated production and dissemination of images. They curate events, festivals and panels, make scrycasts and give talks.<br><\/h2>\n\n\n\n<div style=\"height:100px\" aria-hidden=\"true\" class=\"wp-block-spacer\"><\/div>\n\n\n\n<h2 class=\"alignwide wp-block-heading\" id=\"ottonie-roeder\">Ottonie von Roeder stellt ihre Arbeit vor<\/h2>\n\n\n\n<figure class=\"wp-block-embed alignwide is-type-video is-provider-vimeo wp-block-embed-vimeo wp-embed-aspect-16-9 wp-has-aspect-ratio\"><div class=\"wp-block-embed__wrapper\">\n<iframe loading=\"lazy\" src=\"https:\/\/player.vimeo.com\/video\/567246541?dnt=1&amp;app_id=122963\" width=\"750\" height=\"422\" frameborder=\"0\" allow=\"autoplay; fullscreen; picture-in-picture\" allowfullscreen><\/iframe>\n<\/div><\/figure>\n\n\n\n<h2 class=\"alignwide has-large-font-size wp-block-heading\"><a href=\"https:\/\/www.burg-halle.de\/myhomeismyburg\/projects\/talk-to-me\/\">Ottonie von Roeder<\/a> ist Designerin im Feld zwischen kritischer und spekulativer Gestaltung, Designforschung und -vermittlung. In ihrer Arbeit befasst sie sich mit der Zukunft von Arbeit, der Entwicklung unserer St\u00e4dte und der Aktivierung von Konsumenten zu Produzenten und aktiven B\u00fcrgern. Seit ihrem Designstudium an der Bauhaus-Universit\u00e4t Weimar, der Bezalel Academy of Arts and Design Jerusalem und der Design Academy Eindhoven lebt und arbeitet sie in Leipzig. Zur Zeit erh\u00e4lt sie ein Stipendium des Talent Development Programs vom niederl\u00e4ndischen Stimuleringsfonds.<\/h2>\n\n\n\n<p><\/p>\n","protected":false},"excerpt":{"rendered":"<p>Alexa Steinbr\u00fcck \u2013 Einf\u00fchrung in Voice Technologies Sprachassistenten sind Beispiele moderner Zaubertechnologie \u2013 zumindest wenn man der Marketingsprache Glauben schenkt. Sie stehen in der Wohnung und du kannst mit ihnen reden und sie antworten dir. Es \u201afunktioniert einfach\u201c. Sie sind glorifizierte Black Boxes. Doch was passiert da drin wirklich, oder da drau\u00dfen? H\u00f6rt nur eine&hellip; <a class=\"more-link\" href=\"https:\/\/www.burg-halle.de\/myhomeismyburg\/projects\/talk-to-me\/talks\/\"><span class=\"screen-reader-text\">Talks<\/span> weiterlesen<\/a><\/p>\n","protected":false},"author":2,"featured_media":0,"parent":29,"menu_order":0,"comment_status":"closed","ping_status":"closed","template":"","meta":{"footnotes":""},"class_list":["post-226","page","type-page","status-publish","hentry","entry"],"_links":{"self":[{"href":"https:\/\/www.burg-halle.de\/myhomeismyburg\/wp-json\/wp\/v2\/pages\/226","targetHints":{"allow":["GET"]}}],"collection":[{"href":"https:\/\/www.burg-halle.de\/myhomeismyburg\/wp-json\/wp\/v2\/pages"}],"about":[{"href":"https:\/\/www.burg-halle.de\/myhomeismyburg\/wp-json\/wp\/v2\/types\/page"}],"author":[{"embeddable":true,"href":"https:\/\/www.burg-halle.de\/myhomeismyburg\/wp-json\/wp\/v2\/users\/2"}],"replies":[{"embeddable":true,"href":"https:\/\/www.burg-halle.de\/myhomeismyburg\/wp-json\/wp\/v2\/comments?post=226"}],"version-history":[{"count":7,"href":"https:\/\/www.burg-halle.de\/myhomeismyburg\/wp-json\/wp\/v2\/pages\/226\/revisions"}],"predecessor-version":[{"id":284,"href":"https:\/\/www.burg-halle.de\/myhomeismyburg\/wp-json\/wp\/v2\/pages\/226\/revisions\/284"}],"up":[{"embeddable":true,"href":"https:\/\/www.burg-halle.de\/myhomeismyburg\/wp-json\/wp\/v2\/pages\/29"}],"wp:attachment":[{"href":"https:\/\/www.burg-halle.de\/myhomeismyburg\/wp-json\/wp\/v2\/media?parent=226"}],"curies":[{"name":"wp","href":"https:\/\/api.w.org\/{rel}","templated":true}]}}