{"id":232,"date":"2021-04-07T23:51:05","date_gmt":"2021-04-07T21:51:05","guid":{"rendered":"https:\/\/www.burg-halle.de\/myhomeismyburg\/?page_id=232"},"modified":"2021-07-11T21:45:07","modified_gmt":"2021-07-11T19:45:07","slug":"workshops","status":"publish","type":"page","link":"https:\/\/www.burg-halle.de\/myhomeismyburg\/projects\/talk-to-me\/workshops\/","title":{"rendered":"Workshops"},"content":{"rendered":"\n<h2 class=\"alignwide wp-block-heading\">Strategien f\u00fcr interdisziplin\u00e4re Zusammenarbeit mit Sophie Thurner<\/h2>\n\n\n\n<div class=\"wp-block-columns alignwide is-layout-flex wp-container-core-columns-is-layout-9d6595d7 wp-block-columns-is-layout-flex\">\n<div class=\"wp-block-column is-layout-flow wp-block-column-is-layout-flow\">\n<figure class=\"wp-block-image size-large\"><img loading=\"lazy\" decoding=\"async\" width=\"1582\" height=\"988\" src=\"https:\/\/www.burg-halle.de\/myhomeismyburg\/wp-content\/uploads\/2021\/05\/Bildschirmfoto-2021-04-06-um-13.48.46-edited.png\" alt=\"\" class=\"wp-image-270\" srcset=\"https:\/\/www.burg-halle.de\/myhomeismyburg\/wp-content\/uploads\/2021\/05\/Bildschirmfoto-2021-04-06-um-13.48.46-edited.png 1582w, https:\/\/www.burg-halle.de\/myhomeismyburg\/wp-content\/uploads\/2021\/05\/Bildschirmfoto-2021-04-06-um-13.48.46-edited-300x187.png 300w, https:\/\/www.burg-halle.de\/myhomeismyburg\/wp-content\/uploads\/2021\/05\/Bildschirmfoto-2021-04-06-um-13.48.46-edited-1024x640.png 1024w, https:\/\/www.burg-halle.de\/myhomeismyburg\/wp-content\/uploads\/2021\/05\/Bildschirmfoto-2021-04-06-um-13.48.46-edited-768x480.png 768w, https:\/\/www.burg-halle.de\/myhomeismyburg\/wp-content\/uploads\/2021\/05\/Bildschirmfoto-2021-04-06-um-13.48.46-edited-1536x959.png 1536w, https:\/\/www.burg-halle.de\/myhomeismyburg\/wp-content\/uploads\/2021\/05\/Bildschirmfoto-2021-04-06-um-13.48.46-edited-1568x979.png 1568w\" sizes=\"auto, (max-width: 1582px) 100vw, 1582px\" \/><\/figure>\n<\/div>\n\n\n\n<div class=\"wp-block-column is-layout-flow wp-block-column-is-layout-flow\">\n<figure class=\"wp-block-image size-large\"><img loading=\"lazy\" decoding=\"async\" width=\"974\" height=\"610\" src=\"https:\/\/www.burg-halle.de\/myhomeismyburg\/wp-content\/uploads\/2021\/05\/Bildschirmfoto-2021-04-06-um-11.07.03-edited.png\" alt=\"\" class=\"wp-image-269\" srcset=\"https:\/\/www.burg-halle.de\/myhomeismyburg\/wp-content\/uploads\/2021\/05\/Bildschirmfoto-2021-04-06-um-11.07.03-edited.png 974w, https:\/\/www.burg-halle.de\/myhomeismyburg\/wp-content\/uploads\/2021\/05\/Bildschirmfoto-2021-04-06-um-11.07.03-edited-300x188.png 300w, https:\/\/www.burg-halle.de\/myhomeismyburg\/wp-content\/uploads\/2021\/05\/Bildschirmfoto-2021-04-06-um-11.07.03-edited-768x481.png 768w\" sizes=\"auto, (max-width: 974px) 100vw, 974px\" \/><\/figure>\n\n\n\n<p><\/p>\n<\/div>\n<\/div>\n\n\n\n<h2 class=\"alignwide has-large-font-size wp-block-heading\">\u201eDesign ist der Klebstoff, der unterschiedliche Disziplinen mit Menschen, Objekten, Systemen und Ideen zusammenbringt.\u201c \u2013 Vera Sacchetti<br>Um erfolgreiche interdisziplin\u00e4re Projekte durchzuf\u00fchren, ist es von Vorteil, sich den Skills, die einem die Zusammenarbeit erleichtern, bewusst zu sein. Wenn Menschen verschiedener Disziplinen in ein Team gesteckt werden und von ihnen erwartet wird, dass sie gute Arbeit leisten, f\u00fchrt das h\u00e4ufig zu Reibung. Denn die Disziplinen sind wie verschiedene Subkulturen. Es braucht Zeit, Einf\u00fchlungsverm\u00f6gen und Vertrauen, um eine gute Arbeitsatmosph\u00e4re zu entwickeln.<br>In diesem Online-Kurs wollen wir gemeinsam ein paar Methoden austesten und herausfinden, welche Faktoren dazu f\u00fchren, dass wir zu einem starken Team zusammenwachsen k\u00f6nnen?<\/h2>\n\n\n\n<div style=\"height:100px\" aria-hidden=\"true\" class=\"wp-block-spacer\"><\/div>\n\n\n\n<h2 class=\"alignwide wp-block-heading\" id=\"gpt2\">GPT2 Sprachmodelle mit Runway ML trainieren<\/h2>\n\n\n\n<div class=\"wp-block-columns alignwide is-layout-flex wp-container-core-columns-is-layout-9d6595d7 wp-block-columns-is-layout-flex\">\n<div class=\"wp-block-column is-layout-flow wp-block-column-is-layout-flow\">\n<figure class=\"wp-block-image size-large is-style-default\"><img loading=\"lazy\" decoding=\"async\" width=\"1024\" height=\"619\" src=\"https:\/\/www.burg-halle.de\/myhomeismyburg\/wp-content\/uploads\/2021\/05\/Bildschirmfoto-2021-04-14-um-17.04.47-1024x619.png\" alt=\"\" class=\"wp-image-255\" srcset=\"https:\/\/www.burg-halle.de\/myhomeismyburg\/wp-content\/uploads\/2021\/05\/Bildschirmfoto-2021-04-14-um-17.04.47-1024x619.png 1024w, https:\/\/www.burg-halle.de\/myhomeismyburg\/wp-content\/uploads\/2021\/05\/Bildschirmfoto-2021-04-14-um-17.04.47-300x181.png 300w, https:\/\/www.burg-halle.de\/myhomeismyburg\/wp-content\/uploads\/2021\/05\/Bildschirmfoto-2021-04-14-um-17.04.47-768x464.png 768w, https:\/\/www.burg-halle.de\/myhomeismyburg\/wp-content\/uploads\/2021\/05\/Bildschirmfoto-2021-04-14-um-17.04.47-1536x928.png 1536w, https:\/\/www.burg-halle.de\/myhomeismyburg\/wp-content\/uploads\/2021\/05\/Bildschirmfoto-2021-04-14-um-17.04.47-2048x1237.png 2048w, https:\/\/www.burg-halle.de\/myhomeismyburg\/wp-content\/uploads\/2021\/05\/Bildschirmfoto-2021-04-14-um-17.04.47-1568x947.png 1568w\" sizes=\"auto, (max-width: 1024px) 100vw, 1024px\" \/><\/figure>\n\n\n\n<p><\/p>\n<\/div>\n\n\n\n<div class=\"wp-block-column is-layout-flow wp-block-column-is-layout-flow\">\n<figure class=\"wp-block-image size-large\"><img loading=\"lazy\" decoding=\"async\" width=\"3117\" height=\"1945\" src=\"https:\/\/www.burg-halle.de\/myhomeismyburg\/wp-content\/uploads\/2021\/05\/Bildschirmfoto-2021-04-14-um-17.09.41-edited.png\" alt=\"\" class=\"wp-image-260\" srcset=\"https:\/\/www.burg-halle.de\/myhomeismyburg\/wp-content\/uploads\/2021\/05\/Bildschirmfoto-2021-04-14-um-17.09.41-edited.png 3117w, https:\/\/www.burg-halle.de\/myhomeismyburg\/wp-content\/uploads\/2021\/05\/Bildschirmfoto-2021-04-14-um-17.09.41-edited-300x187.png 300w, https:\/\/www.burg-halle.de\/myhomeismyburg\/wp-content\/uploads\/2021\/05\/Bildschirmfoto-2021-04-14-um-17.09.41-edited-1024x639.png 1024w, https:\/\/www.burg-halle.de\/myhomeismyburg\/wp-content\/uploads\/2021\/05\/Bildschirmfoto-2021-04-14-um-17.09.41-edited-768x479.png 768w, https:\/\/www.burg-halle.de\/myhomeismyburg\/wp-content\/uploads\/2021\/05\/Bildschirmfoto-2021-04-14-um-17.09.41-edited-1536x958.png 1536w, https:\/\/www.burg-halle.de\/myhomeismyburg\/wp-content\/uploads\/2021\/05\/Bildschirmfoto-2021-04-14-um-17.09.41-edited-2048x1278.png 2048w, https:\/\/www.burg-halle.de\/myhomeismyburg\/wp-content\/uploads\/2021\/05\/Bildschirmfoto-2021-04-14-um-17.09.41-edited-1568x978.png 1568w\" sizes=\"auto, (max-width: 3117px) 100vw, 3117px\" \/><\/figure>\n<\/div>\n<\/div>\n\n\n\n<div class=\"wp-block-columns alignwide is-layout-flex wp-container-core-columns-is-layout-9d6595d7 wp-block-columns-is-layout-flex\">\n<div class=\"wp-block-column is-layout-flow wp-block-column-is-layout-flow\">\n<figure class=\"wp-block-image size-large\"><img loading=\"lazy\" decoding=\"async\" width=\"2290\" height=\"1432\" src=\"https:\/\/www.burg-halle.de\/myhomeismyburg\/wp-content\/uploads\/2021\/05\/Bildschirmfoto-2021-04-14-um-17.07.53-edited.png\" alt=\"\" class=\"wp-image-265\" srcset=\"https:\/\/www.burg-halle.de\/myhomeismyburg\/wp-content\/uploads\/2021\/05\/Bildschirmfoto-2021-04-14-um-17.07.53-edited.png 2290w, https:\/\/www.burg-halle.de\/myhomeismyburg\/wp-content\/uploads\/2021\/05\/Bildschirmfoto-2021-04-14-um-17.07.53-edited-300x188.png 300w, https:\/\/www.burg-halle.de\/myhomeismyburg\/wp-content\/uploads\/2021\/05\/Bildschirmfoto-2021-04-14-um-17.07.53-edited-1024x640.png 1024w, https:\/\/www.burg-halle.de\/myhomeismyburg\/wp-content\/uploads\/2021\/05\/Bildschirmfoto-2021-04-14-um-17.07.53-edited-768x480.png 768w, https:\/\/www.burg-halle.de\/myhomeismyburg\/wp-content\/uploads\/2021\/05\/Bildschirmfoto-2021-04-14-um-17.07.53-edited-1536x961.png 1536w, https:\/\/www.burg-halle.de\/myhomeismyburg\/wp-content\/uploads\/2021\/05\/Bildschirmfoto-2021-04-14-um-17.07.53-edited-2048x1281.png 2048w, https:\/\/www.burg-halle.de\/myhomeismyburg\/wp-content\/uploads\/2021\/05\/Bildschirmfoto-2021-04-14-um-17.07.53-edited-1568x981.png 1568w\" sizes=\"auto, (max-width: 2290px) 100vw, 2290px\" \/><\/figure>\n<\/div>\n\n\n\n<div class=\"wp-block-column is-layout-flow wp-block-column-is-layout-flow\">\n<figure class=\"wp-block-image size-large\"><img loading=\"lazy\" decoding=\"async\" width=\"1024\" height=\"611\" src=\"https:\/\/www.burg-halle.de\/myhomeismyburg\/wp-content\/uploads\/2021\/05\/Bildschirmfoto-2021-04-14-um-17.06.30-1-1024x611.png\" alt=\"\" class=\"wp-image-264\" srcset=\"https:\/\/www.burg-halle.de\/myhomeismyburg\/wp-content\/uploads\/2021\/05\/Bildschirmfoto-2021-04-14-um-17.06.30-1-1024x611.png 1024w, https:\/\/www.burg-halle.de\/myhomeismyburg\/wp-content\/uploads\/2021\/05\/Bildschirmfoto-2021-04-14-um-17.06.30-1-300x179.png 300w, https:\/\/www.burg-halle.de\/myhomeismyburg\/wp-content\/uploads\/2021\/05\/Bildschirmfoto-2021-04-14-um-17.06.30-1-768x458.png 768w, https:\/\/www.burg-halle.de\/myhomeismyburg\/wp-content\/uploads\/2021\/05\/Bildschirmfoto-2021-04-14-um-17.06.30-1-1536x916.png 1536w, https:\/\/www.burg-halle.de\/myhomeismyburg\/wp-content\/uploads\/2021\/05\/Bildschirmfoto-2021-04-14-um-17.06.30-1-2048x1221.png 2048w, https:\/\/www.burg-halle.de\/myhomeismyburg\/wp-content\/uploads\/2021\/05\/Bildschirmfoto-2021-04-14-um-17.06.30-1-1568x935.png 1568w\" sizes=\"auto, (max-width: 1024px) 100vw, 1024px\" \/><\/figure>\n<\/div>\n<\/div>\n\n\n\n<h2 class=\"alignwide has-large-font-size wp-block-heading\">Runway ML ist ein Machine Learning Tool f\u00fcr Kreative, das sich sehr einfach und ohne Programmierkenntnisse bedienen l\u00e4sst \u2013 perfekt also f\u00fcr unser Vorhaben. In diesem Workshop konzentrieren wir uns auf das Trainieren von Sprachmodellen mit GPT2.<br>Nach einer kurzen Input zum Finden und Nutzen von Datensets trainert ihr eure eigenen Modelle, die im Anschluss Texte generieren k\u00f6nnen. Wir erkunden GPT2 sowohl als Tool f\u00fcr den kreativen Umgang mit Text als auch als Inspirationsquelle f\u00fcr Chatbots.<\/h2>\n\n\n\n<div style=\"height:100px\" aria-hidden=\"true\" class=\"wp-block-spacer\"><\/div>\n\n\n\n<h2 class=\"alignwide wp-block-heading\" id=\"chatbot-prototyping\">Chatbot Prototyping<\/h2>\n\n\n\n<div class=\"wp-block-columns alignwide is-layout-flex wp-container-core-columns-is-layout-9d6595d7 wp-block-columns-is-layout-flex\">\n<div class=\"wp-block-column is-layout-flow wp-block-column-is-layout-flow\">\n<figure class=\"wp-block-image size-large\"><img loading=\"lazy\" decoding=\"async\" width=\"819\" height=\"1024\" src=\"https:\/\/www.burg-halle.de\/myhomeismyburg\/wp-content\/uploads\/2021\/05\/socrates-chatbot_yang-Kopie-819x1024.png\" alt=\"socrates chatbot by yang ni screenshot \" class=\"wp-image-246\" srcset=\"https:\/\/www.burg-halle.de\/myhomeismyburg\/wp-content\/uploads\/2021\/05\/socrates-chatbot_yang-Kopie-819x1024.png 819w, https:\/\/www.burg-halle.de\/myhomeismyburg\/wp-content\/uploads\/2021\/05\/socrates-chatbot_yang-Kopie-240x300.png 240w, https:\/\/www.burg-halle.de\/myhomeismyburg\/wp-content\/uploads\/2021\/05\/socrates-chatbot_yang-Kopie-768x960.png 768w, https:\/\/www.burg-halle.de\/myhomeismyburg\/wp-content\/uploads\/2021\/05\/socrates-chatbot_yang-Kopie.png 1200w\" sizes=\"auto, (max-width: 819px) 100vw, 819px\" \/><\/figure>\n<\/div>\n\n\n\n<div class=\"wp-block-column is-layout-flow wp-block-column-is-layout-flow\">\n<figure class=\"wp-block-image size-large\"><img loading=\"lazy\" decoding=\"async\" width=\"819\" height=\"1024\" src=\"https:\/\/www.burg-halle.de\/myhomeismyburg\/wp-content\/uploads\/2021\/05\/fff-chatbot_alexia-819x1024.png\" alt=\"fff chatbot by alexia von salomon screenshot\" class=\"wp-image-245\" srcset=\"https:\/\/www.burg-halle.de\/myhomeismyburg\/wp-content\/uploads\/2021\/05\/fff-chatbot_alexia-819x1024.png 819w, https:\/\/www.burg-halle.de\/myhomeismyburg\/wp-content\/uploads\/2021\/05\/fff-chatbot_alexia-240x300.png 240w, https:\/\/www.burg-halle.de\/myhomeismyburg\/wp-content\/uploads\/2021\/05\/fff-chatbot_alexia-768x960.png 768w, https:\/\/www.burg-halle.de\/myhomeismyburg\/wp-content\/uploads\/2021\/05\/fff-chatbot_alexia.png 1200w\" sizes=\"auto, (max-width: 819px) 100vw, 819px\" \/><\/figure>\n<\/div>\n\n\n\n<div class=\"wp-block-column is-layout-flow wp-block-column-is-layout-flow\">\n<figure class=\"wp-block-image size-large\"><img loading=\"lazy\" decoding=\"async\" width=\"819\" height=\"1024\" src=\"https:\/\/www.burg-halle.de\/myhomeismyburg\/wp-content\/uploads\/2021\/05\/marx-chatbot_joris-819x1024.png\" alt=\"\" class=\"wp-image-247\" srcset=\"https:\/\/www.burg-halle.de\/myhomeismyburg\/wp-content\/uploads\/2021\/05\/marx-chatbot_joris-819x1024.png 819w, https:\/\/www.burg-halle.de\/myhomeismyburg\/wp-content\/uploads\/2021\/05\/marx-chatbot_joris-240x300.png 240w, https:\/\/www.burg-halle.de\/myhomeismyburg\/wp-content\/uploads\/2021\/05\/marx-chatbot_joris-768x960.png 768w, https:\/\/www.burg-halle.de\/myhomeismyburg\/wp-content\/uploads\/2021\/05\/marx-chatbot_joris.png 1200w\" sizes=\"auto, (max-width: 819px) 100vw, 819px\" \/><\/figure>\n<\/div>\n<\/div>\n\n\n\n<h2 class=\"alignwide has-large-font-size wp-block-heading\">Let\u2019s chat! Wir werden in diesem Workshops simple Chatbots konzipieren und einen Prototypen programmieren. Das passiert in drei Schritten: Zun\u00e4chst lernen wir, worauf es beim Design von Personas ankommt. Danach wollen wir kurz in die Grundlagen von Konversationsdesign hineinschnuppern und worauf es beim Entwicklen von guten Chatbot-Nutzer-Interaktionen ankommt. Und zuletzt wollen wir anhand eines Chatbot-Templates einen ersten Prototypen programmieren!<br><br>Inspired by the feminist chatbot template by <a href=\"https:\/\/www.feministinternet.com\/\">Feminist Internet<\/a> the students created their first chatbots in a 2 hour workshop.<br><br><a href=\"https:\/\/candied-plant-death.glitch.me\/\">Post-Lethargie Chatbot \u2013 wegwohin?<\/a><br>Lara Kuom<br><br><a href=\"https:\/\/superb-tundra-cuticle.glitch.me\/\">Voice Assistant Chatbot Helper \u2013 Helping with your rebellious assistant<br><\/a>Charlotte Bolinski<br><br><a href=\"https:\/\/chatbot-workshop-2704.glitch.me\/\">Robo \u2013 Lerne mehr \u00fcber Chatbots<\/a><br>Sasha Becker<br><br><a href=\"https:\/\/littlemarxbot.glitch.me\/\">Yo, this is Karl Marx speaking \u2013 Helping you get that money<br><\/a>Joris Grahl<br><br><a href=\"https:\/\/sideways-bevel-sumac.glitch.me\/\">Hello, you are being watched \u2013 Help to collect Data<br><\/a>Konrad Kosse<br><br><a href=\"https:\/\/loriot-chatbot.glitch.me\/\">Loriot Chatbot \u2013 Helping you get that perfect egg<\/a><br><a href=\"https:\/\/scorates-method.glitch.me\/\">Scorates Method \u2013 Helping you get that perfect answer<\/a><a href=\"https:\/\/loriot-chatbot.glitch.me\/\"><br><\/a>Yang Ni<br><br><a href=\"https:\/\/thoracic-disco-magician.glitch.me\/\">Euphemism Bot \u2013 Helping you to get away with it<br><\/a>Dana Tretter<br><br><a href=\"https:\/\/verdant-moored-psychology.glitch.me\/\">My first Chatbot \u2013 Have fun<br><\/a>Lena Eichhorn<\/h2>\n\n\n\n<h2 class=\"alignwide has-large-font-size wp-block-heading\"><a href=\"https:\/\/pointy-proximal-chasmosaurus.glitch.me\/\">FFF Protest \u2013 How to everyday rebel<br><\/a>Alexia von Salomon<br><\/h2>\n\n\n\n<div class=\"wp-block-columns is-layout-flex wp-container-core-columns-is-layout-9d6595d7 wp-block-columns-is-layout-flex\">\n<div class=\"wp-block-column is-layout-flow wp-block-column-is-layout-flow\"><\/div>\n<\/div>\n\n\n\n<p><\/p>\n","protected":false},"excerpt":{"rendered":"<p>Strategien f\u00fcr interdisziplin\u00e4re Zusammenarbeit mit Sophie Thurner \u201eDesign ist der Klebstoff, der unterschiedliche Disziplinen mit Menschen, Objekten, Systemen und Ideen zusammenbringt.\u201c \u2013 Vera SacchettiUm erfolgreiche interdisziplin\u00e4re Projekte durchzuf\u00fchren, ist es von Vorteil, sich den Skills, die einem die Zusammenarbeit erleichtern, bewusst zu sein. Wenn Menschen verschiedener Disziplinen in ein Team gesteckt werden und von ihnen&hellip; <a class=\"more-link\" href=\"https:\/\/www.burg-halle.de\/myhomeismyburg\/projects\/talk-to-me\/workshops\/\"><span class=\"screen-reader-text\">Workshops<\/span> weiterlesen<\/a><\/p>\n","protected":false},"author":2,"featured_media":0,"parent":29,"menu_order":0,"comment_status":"closed","ping_status":"closed","template":"","meta":{"footnotes":""},"class_list":["post-232","page","type-page","status-publish","hentry","entry"],"_links":{"self":[{"href":"https:\/\/www.burg-halle.de\/myhomeismyburg\/wp-json\/wp\/v2\/pages\/232","targetHints":{"allow":["GET"]}}],"collection":[{"href":"https:\/\/www.burg-halle.de\/myhomeismyburg\/wp-json\/wp\/v2\/pages"}],"about":[{"href":"https:\/\/www.burg-halle.de\/myhomeismyburg\/wp-json\/wp\/v2\/types\/page"}],"author":[{"embeddable":true,"href":"https:\/\/www.burg-halle.de\/myhomeismyburg\/wp-json\/wp\/v2\/users\/2"}],"replies":[{"embeddable":true,"href":"https:\/\/www.burg-halle.de\/myhomeismyburg\/wp-json\/wp\/v2\/comments?post=232"}],"version-history":[{"count":16,"href":"https:\/\/www.burg-halle.de\/myhomeismyburg\/wp-json\/wp\/v2\/pages\/232\/revisions"}],"predecessor-version":[{"id":301,"href":"https:\/\/www.burg-halle.de\/myhomeismyburg\/wp-json\/wp\/v2\/pages\/232\/revisions\/301"}],"up":[{"embeddable":true,"href":"https:\/\/www.burg-halle.de\/myhomeismyburg\/wp-json\/wp\/v2\/pages\/29"}],"wp:attachment":[{"href":"https:\/\/www.burg-halle.de\/myhomeismyburg\/wp-json\/wp\/v2\/media?parent=232"}],"curies":[{"name":"wp","href":"https:\/\/api.w.org\/{rel}","templated":true}]}}