{"id":53,"date":"2021-01-17T17:09:09","date_gmt":"2021-01-17T16:09:09","guid":{"rendered":"https:\/\/www.burg-halle.de\/myhomeismyburg\/?page_id=53"},"modified":"2021-04-08T00:09:09","modified_gmt":"2021-04-07T22:09:09","slug":"ueber-uns","status":"publish","type":"page","link":"https:\/\/www.burg-halle.de\/myhomeismyburg\/ueber-uns\/","title":{"rendered":"About"},"content":{"rendered":"\n<h3 class=\"alignwide has-large-font-size wp-block-heading\">Burg meets HoMe \u2013 was passiert, wenn zwei Hochschulen Technologie zusammen aus verschiedenen Blickwinkeln beleuchten?<br>Das m\u00f6chten wir ab dem Sommersemester 2021 herausfinden, wenn die Hochschulkooperation der Burg Giebichenstein Kunsthochschule Halle und der Hochschule Merseburg startet. In diesem Rahmen haben Studierende des Masterstudiengangs Industrial Design der Burg sowie des Masterstudiengangs der angewandten Kultur- und Medienwissenschaften der HoMe die M\u00f6glichkeit gemeinsam in einem interdisziplin\u00e4ren Projekt rund um k\u00fcnstliche Intelligenz zu arbeiten. Im Fokus steht dabei ein Mix aus experimentellen Formate, spekulativen Elementen, angewandter Praxis und vertiefender Theorie. Unser Ziel ist es, Technologie \u201eanders\u201c zu denken \u2013 und im Zuge dessen Konzepte von Sprache, Geschlecht und Design in Frage zu stellen.<br>Das Projekt wird betreut von Amelie Goldfu\u00df (KM <a href=\"https:\/\/www.burg-halle.de\/design\/industriedesign\/industriedesign\/schwerpunkte\/designmethoden-und-experiment\/\">Burg<\/a>) und Natalie Sontopski (<a href=\"https:\/\/digitalekultur.hs-merseburg.de\/\">Komplexlabor Digitale Kultur<\/a>) und von von Alexa Steinbr\u00fcck (WM <a href=\"https:\/\/www.burg-halle.de\/hochschule\/einrichtungen\/burglabs\/xlab\/\">XLab Burg<\/a>) punktuell unterst\u00fctzt.<\/h3>\n\n\n\n<h3 class=\"alignwide has-large-font-size wp-block-heading\">Burg meets HoMe \u2013 students from two universities are exploring technology from different angles. The university cooperation between Burg Giebichenstein University of Art and Design Halle and Merseburg University of Applied Sciences will start in the summer semester of 2021. In this context, students of the master\u2019s program in Industrial Design at the Burg and the master\u2019s program in Applied Cultural and Media Studies at the HoMe will have the opportunity to work together in an interdisciplinary project around artificial intelligence. The focus is on a mix of experimental formats, speculative elements, applied practice and in-depth theory. Our goal is to think technology differently \u2013 and in the process to question concepts of language, gender and design.<br>The project is supervised by Amelie Goldfu\u00df (KM <a href=\"https:\/\/www.burg-halle.de\/design\/industriedesign\/industriedesign\/schwerpunkte\/designmethoden-und-experiment\/\">Burg<\/a>) and Natalie Sontopski (<a href=\"https:\/\/digitalekultur.hs-merseburg.de\/\">Komplexlabor Digitale Kultur<\/a>) and supported by Alexa Steinbr\u00fcck (WM <a href=\"https:\/\/www.burg-halle.de\/hochschule\/einrichtungen\/burglabs\/xlab\/\">XLab Burg<\/a>).<\/h3>\n","protected":false},"excerpt":{"rendered":"<p>Burg meets HoMe \u2013 was passiert, wenn zwei Hochschulen Technologie zusammen aus verschiedenen Blickwinkeln beleuchten?Das m\u00f6chten wir ab dem Sommersemester 2021 herausfinden, wenn die Hochschulkooperation der Burg Giebichenstein Kunsthochschule Halle und der Hochschule Merseburg startet. In diesem Rahmen haben Studierende des Masterstudiengangs Industrial Design der Burg sowie des Masterstudiengangs der angewandten Kultur- und Medienwissenschaften der&hellip; <a class=\"more-link\" href=\"https:\/\/www.burg-halle.de\/myhomeismyburg\/ueber-uns\/\"><span class=\"screen-reader-text\">About<\/span> weiterlesen<\/a><\/p>\n","protected":false},"author":2,"featured_media":0,"parent":0,"menu_order":0,"comment_status":"closed","ping_status":"closed","template":"","meta":{"footnotes":""},"class_list":["post-53","page","type-page","status-publish","hentry","entry"],"_links":{"self":[{"href":"https:\/\/www.burg-halle.de\/myhomeismyburg\/wp-json\/wp\/v2\/pages\/53","targetHints":{"allow":["GET"]}}],"collection":[{"href":"https:\/\/www.burg-halle.de\/myhomeismyburg\/wp-json\/wp\/v2\/pages"}],"about":[{"href":"https:\/\/www.burg-halle.de\/myhomeismyburg\/wp-json\/wp\/v2\/types\/page"}],"author":[{"embeddable":true,"href":"https:\/\/www.burg-halle.de\/myhomeismyburg\/wp-json\/wp\/v2\/users\/2"}],"replies":[{"embeddable":true,"href":"https:\/\/www.burg-halle.de\/myhomeismyburg\/wp-json\/wp\/v2\/comments?post=53"}],"version-history":[{"count":4,"href":"https:\/\/www.burg-halle.de\/myhomeismyburg\/wp-json\/wp\/v2\/pages\/53\/revisions"}],"predecessor-version":[{"id":243,"href":"https:\/\/www.burg-halle.de\/myhomeismyburg\/wp-json\/wp\/v2\/pages\/53\/revisions\/243"}],"wp:attachment":[{"href":"https:\/\/www.burg-halle.de\/myhomeismyburg\/wp-json\/wp\/v2\/media?parent=53"}],"curies":[{"name":"wp","href":"https:\/\/api.w.org\/{rel}","templated":true}]}}