{"id":314,"date":"2024-10-21T11:32:45","date_gmt":"2024-10-21T09:32:45","guid":{"rendered":"https:\/\/www.burg-halle.de\/systemdesign\/?page_id=314"},"modified":"2026-03-01T19:51:02","modified_gmt":"2026-03-01T18:51:02","slug":"about","status":"publish","type":"page","link":"https:\/\/www.burg-halle.de\/systemdesign\/about\/","title":{"rendered":"About"},"content":{"rendered":"\n<div class=\"wp-block-group alignfull has-base-background-color has-background is-layout-flow wp-block-group-is-layout-flow\" style=\"margin-top:0;margin-bottom:0;padding-top:var(--wp--preset--spacing--20);padding-right:0;padding-bottom:var(--wp--preset--spacing--20);padding-left:0\">\n<div class=\"wp-block-columns alignwide is-layout-flex wp-container-core-columns-is-layout-2 wp-block-columns-is-layout-flex\" style=\"margin-top:var(--wp--preset--spacing--10);margin-bottom:var(--wp--preset--spacing--50)\">\n<div class=\"wp-block-column is-vertically-aligned-top is-layout-flow wp-block-column-is-layout-flow\" style=\"padding-right:0;padding-left:0;flex-basis:33%\">\n<p class=\"has-text-align-left\" style=\"margin-bottom:var(--wp--preset--spacing--20);padding-right:var(--wp--preset--spacing--20);font-size:clamp(0.875rem, 0.875rem + ((1vw - 0.2rem) * 0.542), 1.2rem);font-style:normal;font-weight:500;text-transform:uppercase\">Was ist eigentlich Systemdesign?<\/p>\n<\/div>\n\n\n\n<div class=\"wp-block-column is-layout-flow wp-container-core-column-is-layout-3 wp-block-column-is-layout-flow\" style=\"flex-basis:66%\">\n<div class=\"wp-block-columns is-layout-flex wp-container-core-columns-is-layout-1 wp-block-columns-is-layout-flex\">\n<div class=\"wp-block-column is-layout-flow wp-block-column-is-layout-flow\" style=\"padding-top:0;padding-right:0;padding-bottom:0;padding-left:0\">\n<div class=\"wp-block-group is-nowrap is-layout-flex wp-container-core-group-is-layout-1 wp-block-group-is-layout-flex\">\n<p class=\"has-medium-font-size wp-container-content-1\">Im Rahmen des Studiums lernen Studierende, Designprozesse ganzheitlich zu betrachten. Der Fokus liegt auf der Entwicklung eines systemischen Denkens. Im Mittelpunkt steht die Entwicklung eines systemischen Denkens: das Verst\u00e4ndnis f\u00fcr die Wechselwirkungen zwischen Produkten, Nutzern und ihrem Umfeld.<\/p>\n<\/div>\n\n\n\n<div class=\"wp-block-group is-nowrap is-layout-flex wp-container-core-group-is-layout-2 wp-block-group-is-layout-flex\">\n<p class=\"has-medium-font-size\">Dieses Denken bef\u00e4higt die Studierenden, Designaufgaben benutzerzentriert anzugehen, indem sie die Bed\u00fcrfnisse der Nutzer fr\u00fchzeitig in den Prozess einbeziehen \u2013 so k\u00f6nnen L\u00f6sungen entwickelt werden, die intuitiv und funktional sind.<\/p>\n<\/div>\n\n\n\n<div class=\"wp-block-group is-nowrap is-layout-flex wp-container-core-group-is-layout-3 wp-block-group-is-layout-flex\">\n<p class=\"has-medium-font-size\">Dar\u00fcber hinaus f\u00f6rdert Systemdesign strategische \u00dcberlegungen, die \u00fcber reine Formgebung hinausgehen. Studierende lernen, Produkte und Dienstleistungen als Teil einer umfassenden Strategie zu denken und einen konsistenten, nachhaltigen Gestaltungsprozess zu entwickeln.<\/p>\n<\/div>\n<\/div>\n<\/div>\n\n\n\n<p class=\"has-burg-grotesk-mono-font-family\" style=\"font-size:clamp(1.092rem, 1.092rem + ((1vw - 0.2rem) * 1.013), 1.7rem);line-height:1.2\"><em>Es geht darum, Gestaltung sowohl als ein eigenst\u00e4ndiges System als auch innerhalb gr\u00f6\u00dferer Systeme zu begreifen.<\/em><\/p>\n<\/div>\n<\/div>\n<\/div>\n\n\n\n<div class=\"wp-block-group alignwide is-layout-flow wp-container-core-group-is-layout-7 wp-block-group-is-layout-flow\" style=\"min-height:0px;margin-top:0;margin-bottom:0;padding-top:0;padding-right:0;padding-bottom:0;padding-left:0\">\n<div class=\"wp-block-columns alignwide is-layout-flex wp-container-core-columns-is-layout-3 wp-block-columns-is-layout-flex\" style=\"margin-top:0;margin-bottom:0\">\n<div class=\"wp-block-column is-vertically-aligned-top is-layout-flow wp-block-column-is-layout-flow\" style=\"padding-top:0;padding-right:0;padding-bottom:0;padding-left:0;flex-basis:33%\">\n<h1 class=\"wp-block-heading has-text-align-left is-style-default has-burg-grotesk-font-family has-x-large-font-size\" style=\"padding-top:0;padding-bottom:0;font-style:normal;font-weight:500;line-height:1;text-transform:uppercase;writing-mode:horizontal-tb\">Team<\/h1>\n<\/div>\n\n\n\n<div class=\"wp-block-column is-layout-flow wp-container-core-column-is-layout-5 wp-block-column-is-layout-flow\" style=\"flex-basis:33%\">\n<figure class=\"wp-block-image size-full has-custom-border is-style-rounded wp-duotone-unset-2 is-style-rounded--1\"><a href=\"https:\/\/www.burg-halle.de\/systemdesign\/about\/dieter-hofmann\/\"><img loading=\"lazy\" decoding=\"async\" width=\"982\" height=\"982\" src=\"https:\/\/www.burg-halle.de\/systemdesign\/wp-content\/uploads\/2024\/10\/hofmann-pic-1-edited-1.jpg\" alt=\"\" class=\"wp-image-336\" style=\"border-style:none;border-width:0px;aspect-ratio:1;object-fit:cover\" srcset=\"https:\/\/www.burg-halle.de\/systemdesign\/wp-content\/uploads\/2024\/10\/hofmann-pic-1-edited-1.jpg 982w, https:\/\/www.burg-halle.de\/systemdesign\/wp-content\/uploads\/2024\/10\/hofmann-pic-1-edited-1-300x300.jpg 300w, https:\/\/www.burg-halle.de\/systemdesign\/wp-content\/uploads\/2024\/10\/hofmann-pic-1-edited-1-150x150.jpg 150w, https:\/\/www.burg-halle.de\/systemdesign\/wp-content\/uploads\/2024\/10\/hofmann-pic-1-edited-1-768x768.jpg 768w\" sizes=\"auto, (max-width: 982px) 100vw, 982px\" \/><\/a><\/figure>\n\n\n\n<div class=\"wp-block-group is-vertical is-content-justification-center is-nowrap is-layout-flex wp-container-core-group-is-layout-5 wp-block-group-is-layout-flex\">\n<p class=\"has-text-align-center has-small-font-size\"><strong>Prof. Dieter Hofmann<\/strong><\/p>\n\n\n\n<p class=\"has-text-align-center has-small-font-size\">Leiter Fachbereich<\/p>\n<\/div>\n<\/div>\n\n\n\n<div class=\"wp-block-column is-layout-flow wp-container-core-column-is-layout-6 wp-block-column-is-layout-flow\" style=\"flex-basis:33%\">\n<figure class=\"wp-block-gallery has-nested-images columns-default is-cropped wp-block-gallery-4 is-layout-flex wp-block-gallery-is-layout-flex\">\n<figure class=\"wp-block-image size-full is-style-rounded is-style-rounded--3\"><img loading=\"lazy\" decoding=\"async\" width=\"896\" height=\"896\" src=\"https:\/\/www.burg-halle.de\/systemdesign\/wp-content\/uploads\/2026\/03\/csm_BURG_Josua_Roters_Foto_Michel_Klehm__LQ_9981469f58-edited.jpg\" alt=\"\" class=\"wp-image-883\" style=\"aspect-ratio:1;object-fit:cover\" srcset=\"https:\/\/www.burg-halle.de\/systemdesign\/wp-content\/uploads\/2026\/03\/csm_BURG_Josua_Roters_Foto_Michel_Klehm__LQ_9981469f58-edited.jpg 896w, https:\/\/www.burg-halle.de\/systemdesign\/wp-content\/uploads\/2026\/03\/csm_BURG_Josua_Roters_Foto_Michel_Klehm__LQ_9981469f58-edited-300x300.jpg 300w, https:\/\/www.burg-halle.de\/systemdesign\/wp-content\/uploads\/2026\/03\/csm_BURG_Josua_Roters_Foto_Michel_Klehm__LQ_9981469f58-edited-150x150.jpg 150w, https:\/\/www.burg-halle.de\/systemdesign\/wp-content\/uploads\/2026\/03\/csm_BURG_Josua_Roters_Foto_Michel_Klehm__LQ_9981469f58-edited-768x768.jpg 768w\" sizes=\"auto, (max-width: 896px) 100vw, 896px\" \/><\/figure>\n<\/figure>\n\n\n\n<div class=\"wp-block-group is-vertical is-content-justification-center is-nowrap is-layout-flex wp-container-core-group-is-layout-6 wp-block-group-is-layout-flex\">\n<p class=\"has-text-align-center has-small-font-size\"><strong>MA Josua Roters<\/strong><\/p>\n\n\n\n<p class=\"has-text-align-center has-small-font-size\">K\u00fcnstlerischer Mitarbeiter<\/p>\n<\/div>\n<\/div>\n<\/div>\n<\/div>\n\n\n\n<div class=\"wp-block-group alignfull is-layout-flow wp-block-group-is-layout-flow\" style=\"margin-top:0;margin-bottom:0;padding-top:var(--wp--preset--spacing--50);padding-right:var(--wp--preset--spacing--50);padding-bottom:var(--wp--preset--spacing--50);padding-left:var(--wp--preset--spacing--50)\">\n<div class=\"wp-block-group alignwide has-base-2-background-color has-background is-layout-flow wp-block-group-is-layout-flow\" style=\"border-radius:16px;padding-top:var(--wp--preset--spacing--40);padding-right:var(--wp--preset--spacing--40);padding-bottom:var(--wp--preset--spacing--40);padding-left:var(--wp--preset--spacing--40)\">\n<p class=\"has-text-align-center\">In der Lehre haben wir \u00fcber die Jahre mit vielen Projektpartnern kollaboriert.<\/p>\n\n\n\n<div style=\"height:136px\" aria-hidden=\"true\" class=\"wp-block-spacer\"><\/div>\n\n\n\n<div class=\"wp-block-group alignwide is-content-justification-center is-layout-flex wp-container-core-group-is-layout-8 wp-block-group-is-layout-flex\" style=\"padding-top:0;padding-right:0;padding-bottom:0;padding-left:0\">\n<figure class=\"wp-block-image size-full is-resized\"><img loading=\"lazy\" decoding=\"async\" width=\"320\" height=\"150\" src=\"https:\/\/www.burg-halle.de\/systemdesign\/wp-content\/uploads\/2024\/10\/Braun_logo_1990er.svg_.png\" alt=\"\" class=\"wp-image-340\" style=\"aspect-ratio:4\/3;object-fit:contain;width:150px\" srcset=\"https:\/\/www.burg-halle.de\/systemdesign\/wp-content\/uploads\/2024\/10\/Braun_logo_1990er.svg_.png 320w, https:\/\/www.burg-halle.de\/systemdesign\/wp-content\/uploads\/2024\/10\/Braun_logo_1990er.svg_-300x141.png 300w\" sizes=\"auto, (max-width: 320px) 100vw, 320px\" \/><\/figure>\n\n\n\n<figure class=\"wp-block-image size-full is-resized\"><img loading=\"lazy\" decoding=\"async\" width=\"800\" height=\"229\" src=\"https:\/\/www.burg-halle.de\/systemdesign\/wp-content\/uploads\/2026\/03\/TTDG-RGB_800x800-1.png\" alt=\"\" class=\"wp-image-887\" style=\"width:143px;height:auto\" srcset=\"https:\/\/www.burg-halle.de\/systemdesign\/wp-content\/uploads\/2026\/03\/TTDG-RGB_800x800-1.png 800w, https:\/\/www.burg-halle.de\/systemdesign\/wp-content\/uploads\/2026\/03\/TTDG-RGB_800x800-1-300x86.png 300w, https:\/\/www.burg-halle.de\/systemdesign\/wp-content\/uploads\/2026\/03\/TTDG-RGB_800x800-1-768x220.png 768w\" sizes=\"auto, (max-width: 800px) 100vw, 800px\" \/><\/figure>\n\n\n\n<figure class=\"wp-block-image size-full is-resized\"><img loading=\"lazy\" decoding=\"async\" width=\"320\" height=\"227\" src=\"https:\/\/www.burg-halle.de\/systemdesign\/wp-content\/uploads\/2024\/10\/Grammer_AG_Logo.svg_.png\" alt=\"\" class=\"wp-image-341\" style=\"aspect-ratio:4\/3;object-fit:contain;width:150px\" srcset=\"https:\/\/www.burg-halle.de\/systemdesign\/wp-content\/uploads\/2024\/10\/Grammer_AG_Logo.svg_.png 320w, https:\/\/www.burg-halle.de\/systemdesign\/wp-content\/uploads\/2024\/10\/Grammer_AG_Logo.svg_-300x213.png 300w\" sizes=\"auto, (max-width: 320px) 100vw, 320px\" \/><\/figure>\n\n\n\n<figure class=\"wp-block-image size-full is-resized\"><img loading=\"lazy\" decoding=\"async\" width=\"640\" height=\"248\" src=\"https:\/\/www.burg-halle.de\/systemdesign\/wp-content\/uploads\/2024\/10\/Fissler_Logo.svg_.png\" alt=\"\" class=\"wp-image-342\" style=\"aspect-ratio:4\/3;object-fit:contain;width:150px\" srcset=\"https:\/\/www.burg-halle.de\/systemdesign\/wp-content\/uploads\/2024\/10\/Fissler_Logo.svg_.png 640w, https:\/\/www.burg-halle.de\/systemdesign\/wp-content\/uploads\/2024\/10\/Fissler_Logo.svg_-300x116.png 300w\" sizes=\"auto, (max-width: 640px) 100vw, 640px\" \/><\/figure>\n\n\n\n<figure class=\"wp-block-image size-full is-resized\"><img loading=\"lazy\" decoding=\"async\" width=\"400\" height=\"400\" src=\"https:\/\/www.burg-halle.de\/systemdesign\/wp-content\/uploads\/2024\/10\/Sennheiser_Logo.png\" alt=\"\" class=\"wp-image-343\" style=\"aspect-ratio:4\/3;object-fit:contain;width:150px\" srcset=\"https:\/\/www.burg-halle.de\/systemdesign\/wp-content\/uploads\/2024\/10\/Sennheiser_Logo.png 400w, https:\/\/www.burg-halle.de\/systemdesign\/wp-content\/uploads\/2024\/10\/Sennheiser_Logo-300x300.png 300w, https:\/\/www.burg-halle.de\/systemdesign\/wp-content\/uploads\/2024\/10\/Sennheiser_Logo-150x150.png 150w\" sizes=\"auto, (max-width: 400px) 100vw, 400px\" \/><\/figure>\n\n\n\n<figure class=\"wp-block-image size-full is-resized\"><img loading=\"lazy\" decoding=\"async\" width=\"640\" height=\"347\" src=\"https:\/\/www.burg-halle.de\/systemdesign\/wp-content\/uploads\/2024\/10\/Roche_Logo.svg_.png\" alt=\"\" class=\"wp-image-344\" style=\"aspect-ratio:4\/3;object-fit:contain;width:150px\" srcset=\"https:\/\/www.burg-halle.de\/systemdesign\/wp-content\/uploads\/2024\/10\/Roche_Logo.svg_.png 640w, https:\/\/www.burg-halle.de\/systemdesign\/wp-content\/uploads\/2024\/10\/Roche_Logo.svg_-300x163.png 300w\" sizes=\"auto, (max-width: 640px) 100vw, 640px\" \/><\/figure>\n\n\n\n<figure class=\"wp-block-image size-full is-resized\"><img loading=\"lazy\" decoding=\"async\" width=\"640\" height=\"191\" src=\"https:\/\/www.burg-halle.de\/systemdesign\/wp-content\/uploads\/2024\/10\/Symrise_wordmark_logo.svg_.png\" alt=\"\" class=\"wp-image-345\" style=\"aspect-ratio:4\/3;object-fit:contain;width:150px\" srcset=\"https:\/\/www.burg-halle.de\/systemdesign\/wp-content\/uploads\/2024\/10\/Symrise_wordmark_logo.svg_.png 640w, https:\/\/www.burg-halle.de\/systemdesign\/wp-content\/uploads\/2024\/10\/Symrise_wordmark_logo.svg_-300x90.png 300w\" sizes=\"auto, (max-width: 640px) 100vw, 640px\" \/><\/figure>\n\n\n\n<figure class=\"wp-block-image size-full is-resized\"><img loading=\"lazy\" decoding=\"async\" width=\"510\" height=\"255\" src=\"https:\/\/www.burg-halle.de\/systemdesign\/wp-content\/uploads\/2024\/10\/gera-leuchten-logo-moeblieren-76bbf6ed.png\" alt=\"\" class=\"wp-image-346\" style=\"aspect-ratio:4\/3;object-fit:contain;width:150px\" srcset=\"https:\/\/www.burg-halle.de\/systemdesign\/wp-content\/uploads\/2024\/10\/gera-leuchten-logo-moeblieren-76bbf6ed.png 510w, https:\/\/www.burg-halle.de\/systemdesign\/wp-content\/uploads\/2024\/10\/gera-leuchten-logo-moeblieren-76bbf6ed-300x150.png 300w\" sizes=\"auto, (max-width: 510px) 100vw, 510px\" \/><\/figure>\n<\/div>\n<\/div>\n<\/div>\n","protected":false},"excerpt":{"rendered":"<p>Was ist eigentlich Systemdesign? Im Rahmen des Studiums lernen Studierende, Designprozesse ganzheitlich zu betrachten. Der Fokus liegt auf der Entwicklung eines systemischen Denkens. Im Mittelpunkt steht die Entwicklung eines systemischen Denkens: das Verst\u00e4ndnis f\u00fcr die Wechselwirkungen zwischen Produkten, Nutzern und ihrem Umfeld. Dieses Denken bef\u00e4higt die Studierenden, Designaufgaben benutzerzentriert anzugehen, indem sie die Bed\u00fcrfnisse der [&hellip;]<\/p>\n","protected":false},"author":2,"featured_media":0,"parent":0,"menu_order":0,"comment_status":"closed","ping_status":"closed","template":"wp-custom-template-projekte-seite","meta":{"footnotes":""},"categories":[],"tags":[],"class_list":["post-314","page","type-page","status-publish","hentry"],"_links":{"self":[{"href":"https:\/\/www.burg-halle.de\/systemdesign\/wp-json\/wp\/v2\/pages\/314","targetHints":{"allow":["GET"]}}],"collection":[{"href":"https:\/\/www.burg-halle.de\/systemdesign\/wp-json\/wp\/v2\/pages"}],"about":[{"href":"https:\/\/www.burg-halle.de\/systemdesign\/wp-json\/wp\/v2\/types\/page"}],"author":[{"embeddable":true,"href":"https:\/\/www.burg-halle.de\/systemdesign\/wp-json\/wp\/v2\/users\/2"}],"replies":[{"embeddable":true,"href":"https:\/\/www.burg-halle.de\/systemdesign\/wp-json\/wp\/v2\/comments?post=314"}],"version-history":[{"count":56,"href":"https:\/\/www.burg-halle.de\/systemdesign\/wp-json\/wp\/v2\/pages\/314\/revisions"}],"predecessor-version":[{"id":890,"href":"https:\/\/www.burg-halle.de\/systemdesign\/wp-json\/wp\/v2\/pages\/314\/revisions\/890"}],"wp:attachment":[{"href":"https:\/\/www.burg-halle.de\/systemdesign\/wp-json\/wp\/v2\/media?parent=314"}],"wp:term":[{"taxonomy":"category","embeddable":true,"href":"https:\/\/www.burg-halle.de\/systemdesign\/wp-json\/wp\/v2\/categories?post=314"},{"taxonomy":"post_tag","embeddable":true,"href":"https:\/\/www.burg-halle.de\/systemdesign\/wp-json\/wp\/v2\/tags?post=314"}],"curies":[{"name":"wp","href":"https:\/\/api.w.org\/{rel}","templated":true}]}}