{"id":327,"date":"2024-10-21T11:56:37","date_gmt":"2024-10-21T09:56:37","guid":{"rendered":"https:\/\/www.burg-halle.de\/systemdesign\/?page_id=327"},"modified":"2024-10-24T19:47:41","modified_gmt":"2024-10-24T17:47:41","slug":"dieter-hofmann","status":"publish","type":"page","link":"https:\/\/www.burg-halle.de\/systemdesign\/about\/dieter-hofmann\/","title":{"rendered":"Dieter Hofmann"},"content":{"rendered":"\n<div class=\"wp-block-group alignfull is-layout-flow wp-block-group-is-layout-flow\" style=\"margin-top:0;margin-bottom:0;padding-top:0;padding-right:0;padding-bottom:0;padding-left:0\">\n<div class=\"wp-block-columns alignwide is-layout-flex wp-container-core-columns-is-layout-1 wp-block-columns-is-layout-flex\">\n<div class=\"wp-block-column is-vertically-aligned-stretch is-layout-flow wp-block-column-is-layout-flow\" style=\"flex-basis:50%\">\n<div class=\"wp-block-group is-vertical is-content-justification-left is-layout-flex wp-container-core-group-is-layout-1 wp-block-group-is-layout-flex\" style=\"min-height:50%\">\n<p class=\"has-text-align-left has-burg-grotesk-font-family has-xx-large-font-size\" style=\"font-style:normal;font-weight:500;line-height:1.2;text-transform:uppercase;writing-mode:horizontal-tb\">Dieter Hofmann<\/p>\n<\/div>\n\n\n\n<div class=\"wp-block-group is-vertical is-content-justification-left is-layout-flex wp-container-core-group-is-layout-2 wp-block-group-is-layout-flex\" style=\"min-height:50%\">\n<p class=\"has-text-align-left has-burg-grotesk-font-family has-small-font-size\" style=\"font-style:normal;font-weight:500;line-height:1.2;text-transform:uppercase;writing-mode:horizontal-tb\">Professor f\u00fcr Industrial Design\/Produkt- und Systemdesign<\/p>\n\n\n\n<p class=\"has-text-align-left has-burg-grotesk-font-family has-small-font-size\" style=\"font-style:normal;font-weight:500;line-height:1.2;text-transform:uppercase;writing-mode:horizontal-tb\">Campus Design, Villa-Anbau, EG, R. 011<\/p>\n\n\n\n<p class=\"has-text-align-left has-burg-grotesk-font-family has-small-font-size\" style=\"font-style:normal;font-weight:500;line-height:1.2;text-transform:uppercase;writing-mode:horizontal-tb\">+49 (0)345 7751-930<br><a>hofmann(at)burg-halle.de<\/a><\/p>\n<\/div>\n<\/div>\n\n\n\n<div class=\"wp-block-column is-vertically-aligned-top is-layout-flow wp-block-column-is-layout-flow\" style=\"flex-basis:50%\">\n<div class=\"wp-block-group is-vertical is-content-justification-right is-layout-flex wp-container-core-group-is-layout-3 wp-block-group-is-layout-flex\" style=\"min-height:100%\">\n<figure class=\"wp-block-image aligncenter size-full is-resized is-style-rounded wp-container-content-5 wp-duotone-unset-2 is-style-rounded--1\"><img loading=\"lazy\" decoding=\"async\" width=\"982\" height=\"1471\" src=\"https:\/\/www.burg-halle.de\/systemdesign\/wp-content\/uploads\/2024\/10\/hofmann-pic-1-edited.jpg\" alt=\"\" class=\"wp-image-324\" style=\"aspect-ratio:3\/4;object-fit:cover;width:auto;height:300px\" srcset=\"https:\/\/www.burg-halle.de\/systemdesign\/wp-content\/uploads\/2024\/10\/hofmann-pic-1-edited.jpg 982w, https:\/\/www.burg-halle.de\/systemdesign\/wp-content\/uploads\/2024\/10\/hofmann-pic-1-edited-200x300.jpg 200w, https:\/\/www.burg-halle.de\/systemdesign\/wp-content\/uploads\/2024\/10\/hofmann-pic-1-edited-684x1024.jpg 684w, https:\/\/www.burg-halle.de\/systemdesign\/wp-content\/uploads\/2024\/10\/hofmann-pic-1-edited-768x1150.jpg 768w\" sizes=\"auto, (max-width: 982px) 100vw, 982px\" \/><\/figure>\n<\/div>\n<\/div>\n<\/div>\n<\/div>\n\n\n\n<div class=\"wp-block-group is-layout-flow wp-block-group-is-layout-flow\" style=\"padding-top:var(--wp--preset--spacing--10);padding-right:0;padding-bottom:var(--wp--preset--spacing--10);padding-left:0\">\n<p>ist Systemdesigner, Produktdesigner und Hochschulprofessor.  <br>Er leitet den Studienschwerpunkt Systemdesign &amp; Produktgestaltung im Studiengang Industriedesign an der Burg Giebichenstein Kunsthochschule Halle.<\/p>\n\n\n\n<p>1960 in F\u00fcrth geboren, 1977\u20131980 Ausbildung zum Technischen Zeichner, Fa. Grundig. 1988\u20131993 Maschinenbaustudium an der FH N\u00fcrnberg, Abschluss als Diplomingenieur. 1993\u20131996 Studium des Investitionsg\u00fcterdesigns an der Staatlichen Akademie der Bildenden K\u00fcnste (ABK) Stuttgart, 1996\u20131997 Gastprofessur IDAS Seoul, Korea. 1997\u20131999 K\u00fcnstlerischer Assistent an der ABK Stuttgart. 1999\u20132001 Professor an der National University of Tsukuba, Japan. 2000\u20132002 Japan-Korrespondent f\u00fcr Form online. Seit 2003 Professur an der Burg Giebichenstein Kunsthochschule Halle, Fachbereich Design. 2014 bis 2022 Rektor der BURG; Forschungsprojekte mit der Fraunhofer Gesellschaft IAO, dem Institute for Kansei Engineering and Industrial Design, Tsukuba, Japan; Industriedesignprojekte in Deutschland, England, USA, Korea, Japan.<\/p>\n\n\n\n<p>Mit seinem B\u00fcro eDesign ber\u00e4t er Unternehmen bei interkulturellen Fragen und entwirft Investitionsg\u00fcter und Produkte in den Bereichen \u00f6ffentliche Kommunikation, Werkzeugmaschinen, Medizin- und Labortechnik, Sport, Haushalt und K\u00f6rperpflege.<\/p>\n<\/div>\n","protected":false},"excerpt":{"rendered":"<p>Dieter Hofmann Professor f\u00fcr Industrial Design\/Produkt- und Systemdesign Campus Design, Villa-Anbau, EG, R. 011 +49 (0)345 7751-930hofmann(at)burg-halle.de ist Systemdesigner, Produktdesigner und Hochschulprofessor. Er leitet den Studienschwerpunkt Systemdesign &amp; Produktgestaltung im Studiengang Industriedesign an der Burg Giebichenstein Kunsthochschule Halle. 1960 in F\u00fcrth geboren, 1977\u20131980 Ausbildung zum Technischen Zeichner, Fa. Grundig. 1988\u20131993 Maschinenbaustudium an der FH N\u00fcrnberg, [&hellip;]<\/p>\n","protected":false},"author":2,"featured_media":0,"parent":314,"menu_order":0,"comment_status":"closed","ping_status":"closed","template":"page-no-title","meta":{"footnotes":""},"categories":[],"tags":[],"class_list":["post-327","page","type-page","status-publish","hentry"],"_links":{"self":[{"href":"https:\/\/www.burg-halle.de\/systemdesign\/wp-json\/wp\/v2\/pages\/327","targetHints":{"allow":["GET"]}}],"collection":[{"href":"https:\/\/www.burg-halle.de\/systemdesign\/wp-json\/wp\/v2\/pages"}],"about":[{"href":"https:\/\/www.burg-halle.de\/systemdesign\/wp-json\/wp\/v2\/types\/page"}],"author":[{"embeddable":true,"href":"https:\/\/www.burg-halle.de\/systemdesign\/wp-json\/wp\/v2\/users\/2"}],"replies":[{"embeddable":true,"href":"https:\/\/www.burg-halle.de\/systemdesign\/wp-json\/wp\/v2\/comments?post=327"}],"version-history":[{"count":16,"href":"https:\/\/www.burg-halle.de\/systemdesign\/wp-json\/wp\/v2\/pages\/327\/revisions"}],"predecessor-version":[{"id":665,"href":"https:\/\/www.burg-halle.de\/systemdesign\/wp-json\/wp\/v2\/pages\/327\/revisions\/665"}],"up":[{"embeddable":true,"href":"https:\/\/www.burg-halle.de\/systemdesign\/wp-json\/wp\/v2\/pages\/314"}],"wp:attachment":[{"href":"https:\/\/www.burg-halle.de\/systemdesign\/wp-json\/wp\/v2\/media?parent=327"}],"wp:term":[{"taxonomy":"category","embeddable":true,"href":"https:\/\/www.burg-halle.de\/systemdesign\/wp-json\/wp\/v2\/categories?post=327"},{"taxonomy":"post_tag","embeddable":true,"href":"https:\/\/www.burg-halle.de\/systemdesign\/wp-json\/wp\/v2\/tags?post=327"}],"curies":[{"name":"wp","href":"https:\/\/api.w.org\/{rel}","templated":true}]}}