{"id":397,"date":"2004-03-31T16:09:09","date_gmt":"2004-03-31T14:09:09","guid":{"rendered":"https:\/\/www.burg-halle.de\/systemdesign\/?page_id=397"},"modified":"2024-11-25T16:50:15","modified_gmt":"2024-11-25T15:50:15","slug":"3d-interface","status":"publish","type":"page","link":"https:\/\/www.burg-halle.de\/systemdesign\/projekte\/3d-interface\/","title":{"rendered":"3D-Interface"},"content":{"rendered":"\n<div class=\"wp-block-group is-layout-flow wp-block-group-is-layout-flow\">\n<div class=\"wp-block-cover aligncenter is-light has-parallax wp-duotone-unset-2\" style=\"margin-top:0;margin-bottom:0;padding-top:0;padding-right:0;padding-bottom:0;padding-left:0;min-height:400px;aspect-ratio:unset;\"><span aria-hidden=\"true\" class=\"wp-block-cover__background has-base-background-color has-background-dim-0 has-background-dim\"><\/span><div class=\"wp-block-cover__image-background wp-image-24 has-parallax\" style=\"background-position:50% 50%;background-image:url(https:\/\/www.burg-halle.de\/systemdesign\/wp-content\/uploads\/2023\/12\/DSC00094.jpg)\"><\/div><div class=\"wp-block-cover__inner-container is-layout-flow wp-block-cover-is-layout-flow\">\n<div class=\"wp-block-group is-vertical is-layout-flex wp-container-core-group-is-layout-4 wp-block-group-is-layout-flex\" style=\"margin-top:0;margin-bottom:0;padding-top:0;padding-right:0;padding-bottom:0;padding-left:0\">\n<div class=\"wp-block-group has-base-2-background-color has-background is-layout-flow wp-container-core-group-is-layout-3 wp-block-group-is-layout-flow\" style=\"margin-top:0;margin-bottom:200px;padding-top:var(--wp--preset--spacing--10);padding-right:var(--wp--preset--spacing--50);padding-bottom:var(--wp--preset--spacing--10);padding-left:var(--wp--preset--spacing--50)\">\n<div class=\"wp-block-group is-nowrap is-layout-flex wp-container-core-group-is-layout-1 wp-block-group-is-layout-flex\"><h2 style=\"font-size:clamp(2.2rem, 2.2rem + ((1vw - 0.2rem) * 3), 4rem);font-style:normal;font-weight:500;line-height:1.1;text-transform:uppercase; padding-right:0;padding-left:0;\" class=\"wp-block-post-title has-burg-grotesk-font-family\">3D-Interface<\/h2><\/div>\n\n\n\n<div class=\"wp-block-group is-nowrap is-layout-flex wp-container-core-group-is-layout-2 wp-block-group-is-layout-flex\">\n<p class=\"has-burg-grotesk-mono-font-family has-medium-font-size\">Wintersemester 2003\/2004<\/p>\n<\/div>\n<\/div>\n<\/div>\n<\/div><\/div>\n\n\n\n<div class=\"wp-block-group is-layout-flow wp-block-group-is-layout-flow\">\n<div class=\"wp-block-group is-layout-flow wp-block-group-is-layout-flow\" style=\"padding-top:var(--wp--preset--spacing--20);padding-right:var(--wp--preset--spacing--50);padding-bottom:var(--wp--preset--spacing--20);padding-left:var(--wp--preset--spacing--50)\">\n<p class=\"has-burg-grotesk-font-family has-medium-font-size\">Unsere Vision f\u00fcr die Zukunft des Autofahrens ist eine Welt, in der Fahrzeuge autonom fahren und sich nahtlos in den Alltag integrieren. Autofahrer geben lediglich das Ziel vor, w\u00e4hrend das Fahrzeug automatisch auf ihre Bed\u00fcrfnisse reagiert, von der Erkennung der emotionalen Lage bis zur Wahl des besten Wegs ohne Staus. Intelligente Autos, ausgestattet mit fortschrittlichen Leitsystemen, sollen Unf\u00e4lle vermeiden und den Verkehr fl\u00fcssiger gestalten, w\u00e4hrend gleichzeitig die Umweltbelastung reduziert wird.<\/p>\n\n\n\n<div class=\"wp-block-columns is-layout-flex wp-container-core-columns-is-layout-1 wp-block-columns-is-layout-flex\">\n<div class=\"wp-block-column is-layout-flow wp-block-column-is-layout-flow\">\n<p class=\"has-medium-font-size\">Aktuelle Entwicklungen zeigen vielversprechende Ans\u00e4tze, von Pilotprojekten mit LKW und Bussen bis hin zu Forschungen an Assistenzsystemen wie automatischen Abstandshaltern und Sprachsteuerung. Dennoch stehen wir vor Herausforderungen hinsichtlich der Akzeptanz neuer Technologien, da einige Fahrer das Lenkrad und die Kontrolle \u00fcber ihr Fahrzeug behalten m\u00f6chten.<\/p>\n<\/div>\n\n\n\n<div class=\"wp-block-column is-layout-flow wp-block-column-is-layout-flow\">\n<p class=\"has-medium-font-size\">Unser Ziel ist es, die Sicherheit und den Komfort beim Autofahren zu verbessern, ohne die pers\u00f6nliche Entscheidungsfreiheit der Fahrer zu beeintr\u00e4chtigen. Wir arbeiten daran, Technologien zu entwickeln, die das Autofahren sicherer, entspannter und effizienter machen, w\u00e4hrend wir gleichzeitig die Bedenken bez\u00fcglich \u00dcberwachung und individueller Freiheit ernst nehmen.<\/p>\n<\/div>\n<\/div>\n<\/div>\n<\/div>\n\n\n\n<div class=\"wp-block-group has-accent-5-background-color has-background is-layout-flow wp-block-group-is-layout-flow\" style=\"padding-top:var(--wp--preset--spacing--30);padding-right:var(--wp--preset--spacing--40);padding-bottom:var(--wp--preset--spacing--30);padding-left:var(--wp--preset--spacing--40)\"><div class=\"_df_book df-lite\" id=\"df_144\"  _slug=\"144\" data-title=\"03-ws0304-gesamtdoku\" wpoptions=\"true\" thumbtype=\"\" ><\/div><script class=\"df-shortcode-script\" type=\"application\/javascript\">window.option_df_144 = {\"outline\":[],\"backgroundColor\":\"transparent\",\"autoEnableOutline\":\"false\",\"autoEnableThumbnail\":\"false\",\"overwritePDFOutline\":\"false\",\"direction\":\"1\",\"pageSize\":\"0\",\"source\":\"https:\\\/\\\/www.burg-halle.de\\\/systemdesign\\\/wp-content\\\/uploads\\\/2024\\\/10\\\/WS0304-3D-Interface-Gesamtdokumentation.pdf\",\"wpOptions\":\"true\"}; if(window.DFLIP && window.DFLIP.parseBooks){window.DFLIP.parseBooks();}<\/script>\n\n\n\n<div class=\"wp-block-group is-layout-flow wp-block-group-is-layout-flow\" style=\"padding-right:var(--wp--preset--spacing--50);padding-left:var(--wp--preset--spacing--50)\">\n<p class=\"has-text-align-right has-contrast-color has-text-color has-link-color has-small-font-size wp-elements-b7ac66b8299fca75512ad1f90de31c8c\">Gesamtdoku mit allen Projektbeitr\u00e4gen<\/p>\n<\/div>\n<\/div>\n\n\n\n<div class=\"wp-block-columns is-layout-flex wp-container-core-columns-is-layout-4 wp-block-columns-is-layout-flex\" style=\"padding-top:var(--wp--preset--spacing--30);padding-right:var(--wp--preset--spacing--50);padding-bottom:var(--wp--preset--spacing--30);padding-left:var(--wp--preset--spacing--50)\">\n<div class=\"wp-block-column is-layout-flow wp-container-core-column-is-layout-5 wp-block-column-is-layout-flow\" style=\"flex-basis:45%\">\n<p class=\"has-burg-grotesk-mono-font-family has-medium-font-size\">Projektteilnehmer<\/p>\n\n\n\n<div class=\"wp-block-columns is-layout-flex wp-container-core-columns-is-layout-2 wp-block-columns-is-layout-flex\">\n<div class=\"wp-block-column is-layout-flow wp-container-core-column-is-layout-3 wp-block-column-is-layout-flow\" style=\"flex-basis:75%\">\n<p class=\"has-small-font-size\" style=\"line-height:1\">Fabian Grell<\/p>\n\n\n\n<p class=\"has-small-font-size\" style=\"line-height:1\">Franz Gabel<\/p>\n\n\n\n<p class=\"has-small-font-size\" style=\"line-height:1\">Nikolai Burger<\/p>\n\n\n\n<p class=\"has-small-font-size\" style=\"line-height:1\">Erwin Schuster<\/p>\n\n\n\n<p class=\"has-small-font-size\" style=\"line-height:1\">Mario Schwenke<\/p>\n\n\n\n<p class=\"has-small-font-size\" style=\"line-height:1\">Janina Frey<\/p>\n\n\n\n<p class=\"has-small-font-size\" style=\"line-height:1\">Rico Rensmayer<\/p>\n\n\n\n<p class=\"has-small-font-size\" style=\"line-height:1\">Johannes Heizmann<\/p>\n\n\n\n<p class=\"has-small-font-size\" style=\"line-height:1\">Thomas Fischer<\/p>\n<\/div>\n\n\n\n<div class=\"wp-block-column is-layout-flow wp-container-core-column-is-layout-4 wp-block-column-is-layout-flow\" style=\"flex-basis:25%\"><\/div>\n<\/div>\n<\/div>\n\n\n\n<div class=\"wp-block-column is-layout-flow wp-container-core-column-is-layout-8 wp-block-column-is-layout-flow\">\n<p class=\"has-burg-grotesk-mono-font-family has-medium-font-size\">Projektpartner<\/p>\n\n\n\n<div class=\"wp-block-columns is-layout-flex wp-container-core-columns-is-layout-3 wp-block-columns-is-layout-flex\">\n<div class=\"wp-block-column is-layout-flow wp-container-core-column-is-layout-6 wp-block-column-is-layout-flow\">\n<p class=\"has-small-font-size\" style=\"line-height:1\">Karen Kr\u00fcger<\/p>\n<\/div>\n\n\n\n<div class=\"wp-block-column is-layout-flow wp-container-core-column-is-layout-7 wp-block-column-is-layout-flow\">\n<p class=\"has-small-font-size\" style=\"line-height:1\">Daimler Chrysler AG<\/p>\n<\/div>\n<\/div>\n<\/div>\n<\/div>\n<\/div>\n","protected":false},"excerpt":{"rendered":"<p>Unsere Vision f\u00fcr die Zukunft des Autofahrens ist eine Welt, in der Fahrzeuge autonom fahren und sich nahtlos in den Alltag integrieren. Autofahrer geben lediglich das Ziel vor, w\u00e4hrend das Fahrzeug automatisch auf ihre Bed\u00fcrfnisse reagiert, von der Erkennung der emotionalen Lage bis zur Wahl des besten Wegs ohne Staus. Intelligente Autos, ausgestattet mit fortschrittlichen [&hellip;]<\/p>\n","protected":false},"author":2,"featured_media":0,"parent":388,"menu_order":0,"comment_status":"closed","ping_status":"closed","template":"wp-custom-template-semesterprojekt-v2","meta":{"footnotes":""},"categories":[6],"tags":[21,43,28,42,13],"class_list":["post-397","page","type-page","status-publish","hentry","category-semesterprojekt","tag-automobil","tag-interaktion","tag-mobility","tag-oberflaeche","tag-wintersemester"],"_links":{"self":[{"href":"https:\/\/www.burg-halle.de\/systemdesign\/wp-json\/wp\/v2\/pages\/397","targetHints":{"allow":["GET"]}}],"collection":[{"href":"https:\/\/www.burg-halle.de\/systemdesign\/wp-json\/wp\/v2\/pages"}],"about":[{"href":"https:\/\/www.burg-halle.de\/systemdesign\/wp-json\/wp\/v2\/types\/page"}],"author":[{"embeddable":true,"href":"https:\/\/www.burg-halle.de\/systemdesign\/wp-json\/wp\/v2\/users\/2"}],"replies":[{"embeddable":true,"href":"https:\/\/www.burg-halle.de\/systemdesign\/wp-json\/wp\/v2\/comments?post=397"}],"version-history":[{"count":33,"href":"https:\/\/www.burg-halle.de\/systemdesign\/wp-json\/wp\/v2\/pages\/397\/revisions"}],"predecessor-version":[{"id":563,"href":"https:\/\/www.burg-halle.de\/systemdesign\/wp-json\/wp\/v2\/pages\/397\/revisions\/563"}],"up":[{"embeddable":true,"href":"https:\/\/www.burg-halle.de\/systemdesign\/wp-json\/wp\/v2\/pages\/388"}],"wp:attachment":[{"href":"https:\/\/www.burg-halle.de\/systemdesign\/wp-json\/wp\/v2\/media?parent=397"}],"wp:term":[{"taxonomy":"category","embeddable":true,"href":"https:\/\/www.burg-halle.de\/systemdesign\/wp-json\/wp\/v2\/categories?post=397"},{"taxonomy":"post_tag","embeddable":true,"href":"https:\/\/www.burg-halle.de\/systemdesign\/wp-json\/wp\/v2\/tags?post=397"}],"curies":[{"name":"wp","href":"https:\/\/api.w.org\/{rel}","templated":true}]}}