{"id":508,"date":"2022-07-15T23:59:34","date_gmt":"2022-07-15T21:59:34","guid":{"rendered":"https:\/\/www.burg-halle.de\/systemdesign\/?page_id=508"},"modified":"2024-11-25T16:44:47","modified_gmt":"2024-11-25T15:44:47","slug":"stand-up","status":"publish","type":"page","link":"https:\/\/www.burg-halle.de\/systemdesign\/projekte\/stand-up\/","title":{"rendered":"Stand Up"},"content":{"rendered":"\n<div class=\"wp-block-group is-layout-flow wp-block-group-is-layout-flow\">\n<div class=\"wp-block-cover aligncenter is-light has-parallax wp-duotone-unset-2\" style=\"margin-top:0;margin-bottom:0;padding-top:0;padding-right:0;padding-bottom:0;padding-left:0;min-height:400px;aspect-ratio:unset;\"><span aria-hidden=\"true\" class=\"wp-block-cover__background has-base-background-color has-background-dim-0 has-background-dim\"><\/span><div class=\"wp-block-cover__image-background wp-image-528 has-parallax\" style=\"background-position:50% 50%;background-image:url(https:\/\/www.burg-halle.de\/systemdesign\/wp-content\/uploads\/2024\/10\/stand-up-ID-SoSe22-_-004.jpg)\"><\/div><div class=\"wp-block-cover__inner-container is-layout-flow wp-block-cover-is-layout-flow\">\n<div class=\"wp-block-group is-vertical is-layout-flex wp-container-core-group-is-layout-4 wp-block-group-is-layout-flex\" style=\"margin-top:0;margin-bottom:0;padding-top:0;padding-right:0;padding-bottom:0;padding-left:0\">\n<div class=\"wp-block-group has-base-background-color has-background is-layout-flow wp-container-core-group-is-layout-3 wp-block-group-is-layout-flow\" style=\"margin-top:0;margin-bottom:200px;padding-top:var(--wp--preset--spacing--10);padding-right:var(--wp--preset--spacing--50);padding-bottom:var(--wp--preset--spacing--10);padding-left:var(--wp--preset--spacing--50)\">\n<div class=\"wp-block-group is-nowrap is-layout-flex wp-container-core-group-is-layout-1 wp-block-group-is-layout-flex\"><h2 style=\"font-size:clamp(2.2rem, 2.2rem + ((1vw - 0.2rem) * 3), 4rem);font-style:normal;font-weight:500;line-height:1.1;text-transform:uppercase; padding-right:0;padding-left:0;\" class=\"wp-block-post-title has-burg-grotesk-font-family\">Stand Up<\/h2><\/div>\n\n\n\n<div class=\"wp-block-group is-nowrap is-layout-flex wp-container-core-group-is-layout-2 wp-block-group-is-layout-flex\">\n<p class=\"has-burg-grotesk-mono-font-family has-medium-font-size\">Sommersemester 2022<\/p>\n<\/div>\n<\/div>\n<\/div>\n<\/div><\/div>\n\n\n\n<div class=\"wp-block-group is-layout-flow wp-block-group-is-layout-flow\">\n<div class=\"wp-block-group is-layout-flow wp-block-group-is-layout-flow\" style=\"padding-top:var(--wp--preset--spacing--20);padding-right:var(--wp--preset--spacing--50);padding-bottom:var(--wp--preset--spacing--20);padding-left:var(--wp--preset--spacing--50)\">\n<div class=\"wp-block-columns is-layout-flex wp-container-core-columns-is-layout-1 wp-block-columns-is-layout-flex\">\n<div class=\"wp-block-column is-layout-flow wp-block-column-is-layout-flow\">\n<p class=\"has-burg-grotesk-font-family has-medium-font-size\">Die Welt ist im Wandel, R\u00e4ume verengen sich. Der Wunsch nach flexiblen und qualitativen L\u00f6sungen w\u00e4chst. Nachhaltigkeitsaspekte r\u00fccken in den Fokus. \u00dcber Produktherkunft, Herstellung und Lieferketten soll Gewissheit herrschen. Wir werden immer digitaler, dezentrale Konzepte und neue Vertriebsm\u00f6glichkeiten werden zunehmend interessanter. Platzsparende Nutzungskonzepte bekommen immer mehr Bedeutung, egal ob in der Wohn-, Arbeits- oder Freizeitwelt.<\/p>\n\n\n\n<p class=\"has-medium-font-size\">In diesem Sinne wollen wir uns in dem Semesterprojekt mit der Gestaltung und Entwicklung von Objekten besch\u00e4ftigen, die sich m\u00f6glichst von einem flachen Zustand zu einer nutzbaren Form erheben. <\/p>\n<\/div>\n\n\n\n<div class=\"wp-block-column is-layout-flow wp-block-column-is-layout-flow\">\n<p class=\"has-medium-font-size\">Dabei arbeiten wir stark prinzip-, material- und technologieorientiert und versuchen diese geeignet in Einklang zu bringen. <\/p>\n\n\n\n<p class=\"has-medium-font-size\">Wir erfahren etwas \u00fcber verschiedene Fertigungs- und Verbindungstechniken, Konstruktionsprinzipien, geometrische Transformationen und CAD-basierte Fl\u00e4chenabwicklungen. Uns begegnen Begrifflichkeiten wie flat-pack, open-source, pop-up, smart-structure und IKEA-effect.<\/p>\n\n\n\n<p class=\"has-burg-grotesk-font-family has-medium-font-size\">Es wird ein st\u00e4ndiges Auf und Ab. Von der Fl\u00e4che zur Form und wieder zur\u00fcck um sich St\u00fcck f\u00fcr St\u00fcck der geeigneten Form und Funktionalit\u00e4t zu n\u00e4hern \u2013 ressourcenschonend, verschnittarm, kosteng\u00fcnstig und platzsparend.<\/p>\n<\/div>\n<\/div>\n<\/div>\n<\/div>\n\n\n\n<div class=\"wp-block-group has-accent-5-background-color has-background is-layout-flow wp-block-group-is-layout-flow\" style=\"padding-top:var(--wp--preset--spacing--30);padding-right:var(--wp--preset--spacing--40);padding-bottom:var(--wp--preset--spacing--30);padding-left:var(--wp--preset--spacing--40)\"><div class=\"_df_book df-lite\" id=\"df_503\"  _slug=\"22-ss22-stand-up-gesamtdoku\" data-title=\"22-ss22-stand-up-gesamtdoku\" wpoptions=\"true\" thumbtype=\"\" ><\/div><script class=\"df-shortcode-script\" type=\"application\/javascript\">window.option_df_503 = {\"outline\":[],\"backgroundColor\":\"transparent\",\"autoEnableOutline\":\"false\",\"autoEnableThumbnail\":\"false\",\"overwritePDFOutline\":\"false\",\"direction\":\"1\",\"pageSize\":\"0\",\"source\":\"https:\\\/\\\/www.burg-halle.de\\\/systemdesign\\\/wp-content\\\/uploads\\\/2024\\\/10\\\/Stand-Up-Gesamtdoku.pdf\",\"wpOptions\":\"true\"}; if(window.DFLIP && window.DFLIP.parseBooks){window.DFLIP.parseBooks();}<\/script>\n\n\n\n<div class=\"wp-block-group is-layout-flow wp-block-group-is-layout-flow\" style=\"padding-right:var(--wp--preset--spacing--50);padding-left:var(--wp--preset--spacing--50)\">\n<p class=\"has-text-align-right has-contrast-color has-text-color has-link-color has-small-font-size wp-elements-b7ac66b8299fca75512ad1f90de31c8c\">Gesamtdoku mit allen Projektbeitr\u00e4gen<\/p>\n<\/div>\n<\/div>\n\n\n\n<div class=\"wp-block-columns is-layout-flex wp-container-core-columns-is-layout-13 wp-block-columns-is-layout-flex\" style=\"padding-top:var(--wp--preset--spacing--10);padding-right:var(--wp--preset--spacing--50);padding-bottom:var(--wp--preset--spacing--10);padding-left:var(--wp--preset--spacing--50)\">\n<div class=\"wp-block-column is-layout-flow wp-container-core-column-is-layout-12 wp-block-column-is-layout-flow\" style=\"flex-basis:50%\">\n<p class=\"has-burg-grotesk-mono-font-family has-medium-font-size\">Projektteilnehmer<\/p>\n\n\n\n<div class=\"wp-block-columns is-layout-flex wp-container-core-columns-is-layout-2 wp-block-columns-is-layout-flex\">\n<div class=\"wp-block-column is-layout-flow wp-block-column-is-layout-flow\" style=\"flex-basis:75%\">\n<p class=\"has-small-font-size\" style=\"line-height:1\">Jisu Park<\/p>\n<\/div>\n<\/div>\n\n\n\n<div class=\"wp-block-columns is-layout-flex wp-container-core-columns-is-layout-3 wp-block-columns-is-layout-flex\" style=\"padding-top:0;padding-bottom:0\">\n<div class=\"wp-block-column is-layout-flow wp-block-column-is-layout-flow\" style=\"flex-basis:75%\">\n<p class=\"has-small-font-size\" style=\"line-height:1\">Johannes Sch\u00f6nherr<\/p>\n<\/div>\n<\/div>\n\n\n\n<div class=\"wp-block-columns is-layout-flex wp-container-core-columns-is-layout-4 wp-block-columns-is-layout-flex\" style=\"padding-top:0;padding-bottom:0\">\n<div class=\"wp-block-column is-layout-flow wp-block-column-is-layout-flow\" style=\"flex-basis:75%\">\n<p class=\"has-small-font-size\" style=\"line-height:1\">Josua Roters<\/p>\n<\/div>\n<\/div>\n\n\n\n<div class=\"wp-block-columns is-layout-flex wp-container-core-columns-is-layout-5 wp-block-columns-is-layout-flex\" style=\"padding-top:0;padding-bottom:0\">\n<div class=\"wp-block-column is-layout-flow wp-block-column-is-layout-flow\" style=\"flex-basis:75%\">\n<p class=\"has-small-font-size\" style=\"line-height:1\">Xue Song<\/p>\n<\/div>\n<\/div>\n\n\n\n<div class=\"wp-block-columns is-layout-flex wp-container-core-columns-is-layout-6 wp-block-columns-is-layout-flex\" style=\"padding-top:0;padding-bottom:0\">\n<div class=\"wp-block-column is-layout-flow wp-block-column-is-layout-flow\" style=\"flex-basis:75%\">\n<p class=\"has-small-font-size\" style=\"line-height:1\">Yerin Kim<\/p>\n<\/div>\n<\/div>\n\n\n\n<div class=\"wp-block-columns is-layout-flex wp-container-core-columns-is-layout-7 wp-block-columns-is-layout-flex\" style=\"padding-top:0;padding-bottom:0\">\n<div class=\"wp-block-column is-layout-flow wp-block-column-is-layout-flow\" style=\"flex-basis:75%\">\n<p class=\"has-small-font-size\" style=\"line-height:1\">Milan Behrens <strong>BA<\/strong><\/p>\n<\/div>\n<\/div>\n\n\n\n<div class=\"wp-block-columns is-layout-flex wp-container-core-columns-is-layout-8 wp-block-columns-is-layout-flex\" style=\"padding-top:0;padding-bottom:0\">\n<div class=\"wp-block-column is-layout-flow wp-block-column-is-layout-flow\" style=\"flex-basis:75%\">\n<p class=\"has-small-font-size\" style=\"line-height:1\">Judith Burgard<\/p>\n<\/div>\n<\/div>\n\n\n\n<div class=\"wp-block-columns is-layout-flex wp-container-core-columns-is-layout-9 wp-block-columns-is-layout-flex\" style=\"padding-top:0;padding-bottom:0\">\n<div class=\"wp-block-column is-layout-flow wp-block-column-is-layout-flow\" style=\"flex-basis:75%\">\n<p class=\"has-small-font-size\" style=\"line-height:1\">Paulina Knoll <strong>BA<\/strong><\/p>\n<\/div>\n<\/div>\n\n\n\n<div class=\"wp-block-columns is-layout-flex wp-container-core-columns-is-layout-10 wp-block-columns-is-layout-flex\" style=\"padding-top:0;padding-bottom:0\">\n<div class=\"wp-block-column is-layout-flow wp-block-column-is-layout-flow\" style=\"flex-basis:75%\">\n<p class=\"has-small-font-size\" style=\"line-height:1\">Sandro Wiegand <strong>BA<\/strong><\/p>\n<\/div>\n<\/div>\n<\/div>\n\n\n\n<div class=\"wp-block-column is-layout-flow wp-container-core-column-is-layout-15 wp-block-column-is-layout-flow\" style=\"flex-basis:50%\">\n<p class=\"has-burg-grotesk-mono-font-family has-medium-font-size\">Lehrpersonal<\/p>\n\n\n\n<div class=\"wp-block-columns is-layout-flex wp-container-core-columns-is-layout-11 wp-block-columns-is-layout-flex\">\n<div class=\"wp-block-column is-layout-flow wp-block-column-is-layout-flow\" style=\"flex-basis:75%\">\n<p class=\"has-small-font-size\" style=\"line-height:1\">Matthias Z\u00e4nsler (Gastprofessor)<\/p>\n<\/div>\n<\/div>\n\n\n\n<div class=\"wp-block-columns is-layout-flex wp-container-core-columns-is-layout-12 wp-block-columns-is-layout-flex\">\n<div class=\"wp-block-column is-layout-flow wp-block-column-is-layout-flow\" style=\"flex-basis:75%\">\n<p class=\"has-small-font-size\" style=\"line-height:1\">Alex Rex (KM)<\/p>\n<\/div>\n<\/div>\n\n\n\n<div style=\"height:1rem\" aria-hidden=\"true\" class=\"wp-block-spacer\"><\/div>\n<\/div>\n<\/div>\n\n\n\n<div class=\"wp-block-columns is-layout-flex wp-container-core-columns-is-layout-14 wp-block-columns-is-layout-flex\" style=\"padding-right:var(--wp--preset--spacing--50);padding-left:var(--wp--preset--spacing--50)\">\n<div class=\"wp-block-column is-layout-flow wp-block-column-is-layout-flow\">\n<figure class=\"wp-block-image size-large\"><img loading=\"lazy\" decoding=\"async\" width=\"1024\" height=\"1024\" src=\"https:\/\/www.burg-halle.de\/systemdesign\/wp-content\/uploads\/2024\/10\/stand-up-ID-SoSe22-_-001-1024x1024.jpg\" alt=\"\" class=\"wp-image-668\" style=\"aspect-ratio:1;object-fit:cover\" srcset=\"https:\/\/www.burg-halle.de\/systemdesign\/wp-content\/uploads\/2024\/10\/stand-up-ID-SoSe22-_-001-1024x1024.jpg 1024w, https:\/\/www.burg-halle.de\/systemdesign\/wp-content\/uploads\/2024\/10\/stand-up-ID-SoSe22-_-001-300x300.jpg 300w, https:\/\/www.burg-halle.de\/systemdesign\/wp-content\/uploads\/2024\/10\/stand-up-ID-SoSe22-_-001-150x150.jpg 150w, https:\/\/www.burg-halle.de\/systemdesign\/wp-content\/uploads\/2024\/10\/stand-up-ID-SoSe22-_-001-768x768.jpg 768w, https:\/\/www.burg-halle.de\/systemdesign\/wp-content\/uploads\/2024\/10\/stand-up-ID-SoSe22-_-001.jpg 1500w\" sizes=\"auto, (max-width: 1024px) 100vw, 1024px\" \/><\/figure>\n<\/div>\n\n\n\n<div class=\"wp-block-column is-layout-flow wp-block-column-is-layout-flow\">\n<figure class=\"wp-block-image size-large\"><img loading=\"lazy\" decoding=\"async\" width=\"1024\" height=\"1024\" src=\"https:\/\/www.burg-halle.de\/systemdesign\/wp-content\/uploads\/2024\/10\/stand-up-ID-SoSe22-_-002-1024x1024.jpg\" alt=\"\" class=\"wp-image-669\" style=\"aspect-ratio:1;object-fit:cover\" srcset=\"https:\/\/www.burg-halle.de\/systemdesign\/wp-content\/uploads\/2024\/10\/stand-up-ID-SoSe22-_-002-1024x1024.jpg 1024w, https:\/\/www.burg-halle.de\/systemdesign\/wp-content\/uploads\/2024\/10\/stand-up-ID-SoSe22-_-002-300x300.jpg 300w, https:\/\/www.burg-halle.de\/systemdesign\/wp-content\/uploads\/2024\/10\/stand-up-ID-SoSe22-_-002-150x150.jpg 150w, https:\/\/www.burg-halle.de\/systemdesign\/wp-content\/uploads\/2024\/10\/stand-up-ID-SoSe22-_-002-768x768.jpg 768w, https:\/\/www.burg-halle.de\/systemdesign\/wp-content\/uploads\/2024\/10\/stand-up-ID-SoSe22-_-002.jpg 1500w\" sizes=\"auto, (max-width: 1024px) 100vw, 1024px\" \/><\/figure>\n<\/div>\n\n\n\n<div class=\"wp-block-column is-layout-flow wp-block-column-is-layout-flow\">\n<figure class=\"wp-block-image size-large\"><img loading=\"lazy\" decoding=\"async\" width=\"1024\" height=\"1024\" src=\"https:\/\/www.burg-halle.de\/systemdesign\/wp-content\/uploads\/2024\/10\/stand-up-ID-SoSe22-_-006-1024x1024.jpg\" alt=\"\" class=\"wp-image-670\" style=\"aspect-ratio:1;object-fit:cover\" srcset=\"https:\/\/www.burg-halle.de\/systemdesign\/wp-content\/uploads\/2024\/10\/stand-up-ID-SoSe22-_-006-1024x1024.jpg 1024w, https:\/\/www.burg-halle.de\/systemdesign\/wp-content\/uploads\/2024\/10\/stand-up-ID-SoSe22-_-006-300x300.jpg 300w, https:\/\/www.burg-halle.de\/systemdesign\/wp-content\/uploads\/2024\/10\/stand-up-ID-SoSe22-_-006-150x150.jpg 150w, https:\/\/www.burg-halle.de\/systemdesign\/wp-content\/uploads\/2024\/10\/stand-up-ID-SoSe22-_-006-768x768.jpg 768w, https:\/\/www.burg-halle.de\/systemdesign\/wp-content\/uploads\/2024\/10\/stand-up-ID-SoSe22-_-006.jpg 1500w\" sizes=\"auto, (max-width: 1024px) 100vw, 1024px\" \/><\/figure>\n<\/div>\n<\/div>\n\n\n\n<div class=\"wp-block-group is-layout-flow wp-block-group-is-layout-flow\" style=\"padding-top:var(--wp--preset--spacing--10);padding-right:var(--wp--preset--spacing--50);padding-bottom:var(--wp--preset--spacing--10);padding-left:var(--wp--preset--spacing--50)\">\n<p class=\"has-burg-grotesk-mono-font-family has-medium-font-size\">Credits<\/p>\n\n\n\n<p class=\"has-medium-font-size\" style=\"line-height:1.5\">Alle Rechte an studentischen Projekten und studentischen Bildern liegen bei den jeweiligen Studierenden.<\/p>\n\n\n\n<div class=\"wp-block-columns is-layout-flex wp-container-core-columns-is-layout-15 wp-block-columns-is-layout-flex\">\n<div class=\"wp-block-column is-layout-flow wp-block-column-is-layout-flow\" style=\"flex-basis:50%\">\n<p class=\"has-medium-font-size\" style=\"line-height:1.5\">PROJEKTLEITUNG<br>Matthias Z\u00e4nsler (Gastprofessor SS 2022)<\/p>\n\n\n\n<p class=\"has-medium-font-size\" style=\"line-height:1.5\">DOKUMENTATION<br>Matthias Z\u00e4nsler, Milan Behrens<\/p>\n<\/div>\n\n\n\n<div class=\"wp-block-column is-layout-flow wp-block-column-is-layout-flow\" style=\"flex-basis:50%\">\n<p class=\"has-medium-font-size\" style=\"line-height:1.5\">STUDIOFOTOGRAFIE &amp; BEARBEITUNG<br>Tomasz Lewandowski<br>Paulina Knoll<br>Matthias Z\u00e4nsler<\/p>\n<\/div>\n<\/div>\n<\/div>\n<\/div>\n","protected":false},"excerpt":{"rendered":"<p>Die Welt ist im Wandel, R\u00e4ume verengen sich. Der Wunsch nach flexiblen und qualitativen L\u00f6sungen w\u00e4chst. Nachhaltigkeitsaspekte r\u00fccken in den Fokus. \u00dcber Produktherkunft, Herstellung und Lieferketten soll Gewissheit herrschen. Wir werden immer digitaler, dezentrale Konzepte und neue Vertriebsm\u00f6glichkeiten werden zunehmend interessanter. Platzsparende Nutzungskonzepte bekommen immer mehr Bedeutung, egal ob in der Wohn-, Arbeits- oder Freizeitwelt. [&hellip;]<\/p>\n","protected":false},"author":2,"featured_media":0,"parent":388,"menu_order":0,"comment_status":"closed","ping_status":"closed","template":"wp-custom-template-semesterprojekt-v2","meta":{"footnotes":""},"categories":[6],"tags":[37,24],"class_list":["post-508","page","type-page","status-publish","hentry","category-semesterprojekt","tag-faltung","tag-sommersemester"],"_links":{"self":[{"href":"https:\/\/www.burg-halle.de\/systemdesign\/wp-json\/wp\/v2\/pages\/508","targetHints":{"allow":["GET"]}}],"collection":[{"href":"https:\/\/www.burg-halle.de\/systemdesign\/wp-json\/wp\/v2\/pages"}],"about":[{"href":"https:\/\/www.burg-halle.de\/systemdesign\/wp-json\/wp\/v2\/types\/page"}],"author":[{"embeddable":true,"href":"https:\/\/www.burg-halle.de\/systemdesign\/wp-json\/wp\/v2\/users\/2"}],"replies":[{"embeddable":true,"href":"https:\/\/www.burg-halle.de\/systemdesign\/wp-json\/wp\/v2\/comments?post=508"}],"version-history":[{"count":22,"href":"https:\/\/www.burg-halle.de\/systemdesign\/wp-json\/wp\/v2\/pages\/508\/revisions"}],"predecessor-version":[{"id":671,"href":"https:\/\/www.burg-halle.de\/systemdesign\/wp-json\/wp\/v2\/pages\/508\/revisions\/671"}],"up":[{"embeddable":true,"href":"https:\/\/www.burg-halle.de\/systemdesign\/wp-json\/wp\/v2\/pages\/388"}],"wp:attachment":[{"href":"https:\/\/www.burg-halle.de\/systemdesign\/wp-json\/wp\/v2\/media?parent=508"}],"wp:term":[{"taxonomy":"category","embeddable":true,"href":"https:\/\/www.burg-halle.de\/systemdesign\/wp-json\/wp\/v2\/categories?post=508"},{"taxonomy":"post_tag","embeddable":true,"href":"https:\/\/www.burg-halle.de\/systemdesign\/wp-json\/wp\/v2\/tags?post=508"}],"curies":[{"name":"wp","href":"https:\/\/api.w.org\/{rel}","templated":true}]}}