{"id":583,"date":"2021-07-15T23:59:34","date_gmt":"2021-07-15T21:59:34","guid":{"rendered":"https:\/\/www.burg-halle.de\/systemdesign\/?page_id=583"},"modified":"2024-11-25T17:05:03","modified_gmt":"2024-11-25T16:05:03","slug":"zwischen-den-stuehlen","status":"publish","type":"page","link":"https:\/\/www.burg-halle.de\/systemdesign\/projekte\/zwischen-den-stuehlen\/","title":{"rendered":"Zwischen den St\u00fchlen"},"content":{"rendered":"\n<div class=\"wp-block-group is-layout-flow wp-block-group-is-layout-flow\">\n<div class=\"wp-block-cover aligncenter is-light has-parallax wp-duotone-unset-2\" style=\"margin-top:0;margin-bottom:0;padding-top:0;padding-right:0;padding-bottom:0;padding-left:0;min-height:400px;aspect-ratio:unset;\"><span aria-hidden=\"true\" class=\"wp-block-cover__background has-base-background-color has-background-dim-0 has-background-dim\"><\/span><div class=\"wp-block-cover__image-background wp-image-646 has-parallax\" style=\"background-position:50% 50%;background-image:url(https:\/\/www.burg-halle.de\/systemdesign\/wp-content\/uploads\/2024\/10\/84_OHN1-webused.jpg)\"><\/div><div class=\"wp-block-cover__inner-container is-layout-flow wp-block-cover-is-layout-flow\">\n<div class=\"wp-block-group is-vertical is-layout-flex wp-container-core-group-is-layout-4 wp-block-group-is-layout-flex\" style=\"margin-top:0;margin-bottom:0;padding-top:0;padding-right:0;padding-bottom:0;padding-left:0\">\n<div class=\"wp-block-group has-base-background-color has-background is-layout-flow wp-container-core-group-is-layout-3 wp-block-group-is-layout-flow\" style=\"margin-top:0;margin-bottom:200px;padding-top:var(--wp--preset--spacing--10);padding-right:var(--wp--preset--spacing--50);padding-bottom:var(--wp--preset--spacing--10);padding-left:var(--wp--preset--spacing--50)\">\n<div class=\"wp-block-group is-nowrap is-layout-flex wp-container-core-group-is-layout-1 wp-block-group-is-layout-flex\"><h2 style=\"font-size:clamp(2.2rem, 2.2rem + ((1vw - 0.2rem) * 3), 4rem);font-style:normal;font-weight:500;line-height:1.1;text-transform:uppercase; padding-right:0;padding-left:0;\" class=\"wp-block-post-title has-burg-grotesk-font-family\">Zwischen den St\u00fchlen<\/h2><\/div>\n\n\n\n<div class=\"wp-block-group is-nowrap is-layout-flex wp-container-core-group-is-layout-2 wp-block-group-is-layout-flex\">\n<p class=\"has-burg-grotesk-mono-font-family has-medium-font-size\">Sommersemester 2021<\/p>\n<\/div>\n<\/div>\n<\/div>\n<\/div><\/div>\n\n\n\n<div class=\"wp-block-group is-layout-flow wp-block-group-is-layout-flow\">\n<div class=\"wp-block-group is-layout-flow wp-block-group-is-layout-flow\" style=\"padding-top:var(--wp--preset--spacing--20);padding-right:var(--wp--preset--spacing--50);padding-bottom:var(--wp--preset--spacing--20);padding-left:var(--wp--preset--spacing--50)\">\n<div class=\"wp-block-columns is-layout-flex wp-container-core-columns-is-layout-1 wp-block-columns-is-layout-flex\">\n<div class=\"wp-block-column is-layout-flow wp-block-column-is-layout-flow\">\n<p class=\"has-burg-grotesk-font-family has-medium-font-size\">Auf den Spuren Erich Dieckmanns \u2013 Ein M\u00f6belprojekt von Studierenden der Burg Giebichenstein Kunsthochschule Halle<\/p>\n\n\n\n<p class=\"has-burg-grotesk-font-family has-medium-font-size\">Wie sahen die Visionen des Bauhauses und der Burg vor 100 Jahren aus? Wo stehen \u2013 sitzen \u2013 wir heute? Und welche Ideen haben wir f\u00fcr die Zukunft?<\/p>\n<\/div>\n\n\n\n<div class=\"wp-block-column is-layout-flow wp-block-column-is-layout-flow\">\n<p class=\"has-burg-grotesk-font-family has-medium-font-size\">Erich Dieckmann war nicht nur Bauh\u00e4usler und einer der bedeutendsten M\u00f6beldesigner seiner Zeit, er lehrte auch an der Burg Giebichenstein von 1931 bis 1933. Grund genug, dass sich die BURG anl\u00e4sslich einer gro\u00dfen Retrospektive den Gestalter Erich Dieckmann vornimmt. F\u00fcr 16 Studierende aus dem Fachbereich Industriedesign war sein Schaffen Ausgangspunkt f\u00fcr ein Semesterprojekt rund um das Thema M\u00f6belgestaltung.<\/p>\n<\/div>\n<\/div>\n<\/div>\n<\/div>\n\n\n\n<div class=\"wp-block-group has-accent-5-background-color has-background is-layout-flow wp-block-group-is-layout-flow\" style=\"padding-top:var(--wp--preset--spacing--30);padding-right:var(--wp--preset--spacing--40);padding-bottom:var(--wp--preset--spacing--30);padding-left:var(--wp--preset--spacing--40)\"><div class=\"_df_book df-lite\" id=\"df_648\"  _slug=\"21-ss21-zwischen-den-stuehlen-gesamtdoku\" data-title=\"21-ss21-zwischen-den-stuehlen-gesamtdoku\" wpoptions=\"true\" thumbtype=\"\" ><\/div><script class=\"df-shortcode-script\" type=\"application\/javascript\">window.option_df_648 = {\"outline\":[],\"backgroundColor\":\"transparent\",\"autoEnableOutline\":\"false\",\"autoEnableThumbnail\":\"false\",\"overwritePDFOutline\":\"false\",\"direction\":\"1\",\"pageSize\":\"0\",\"source\":\"https:\\\/\\\/www.burg-halle.de\\\/systemdesign\\\/wp-content\\\/uploads\\\/2024\\\/10\\\/Gesamtdoku-ZDS-websize.pdf\",\"wpOptions\":\"true\"}; if(window.DFLIP && window.DFLIP.parseBooks){window.DFLIP.parseBooks();}<\/script>\n\n\n\n<div class=\"wp-block-group is-layout-flow wp-block-group-is-layout-flow\" style=\"padding-right:var(--wp--preset--spacing--50);padding-left:var(--wp--preset--spacing--50)\">\n<p class=\"has-text-align-right has-contrast-color has-text-color has-link-color has-small-font-size wp-elements-b7ac66b8299fca75512ad1f90de31c8c\">Gesamtdoku mit allen Projektbeitr\u00e4gen<\/p>\n<\/div>\n<\/div>\n\n\n\n<div class=\"wp-block-group is-layout-flow wp-block-group-is-layout-flow\" style=\"padding-right:var(--wp--preset--spacing--50);padding-left:var(--wp--preset--spacing--50)\">\n<div class=\"wp-block-buttons is-content-justification-left is-layout-flex wp-container-core-buttons-is-layout-1 wp-block-buttons-is-layout-flex\">\n<div class=\"wp-block-button has-custom-width wp-block-button__width-100 is-style-outline is-style-outline--3\"><a class=\"wp-block-button__link wp-element-button\" href=\"https:\/\/www.burg-halle.de\/zwischendenstuehlen\/\" style=\"padding-right:0;padding-left:0\">Projektwebsite<\/a><\/div>\n<\/div>\n<\/div>\n\n\n\n<div class=\"wp-block-group is-layout-flow wp-block-group-is-layout-flow\">\n<div class=\"wp-block-columns is-layout-flex wp-container-core-columns-is-layout-24 wp-block-columns-is-layout-flex\" style=\"padding-top:var(--wp--preset--spacing--10);padding-right:var(--wp--preset--spacing--50);padding-bottom:var(--wp--preset--spacing--10);padding-left:var(--wp--preset--spacing--50)\">\n<div class=\"wp-block-column is-layout-flow wp-container-core-column-is-layout-23 wp-block-column-is-layout-flow\" style=\"flex-basis:50%\">\n<p class=\"has-burg-grotesk-mono-font-family has-medium-font-size\">Projektteilnehmer<\/p>\n\n\n\n<div class=\"wp-block-columns is-layout-flex wp-container-core-columns-is-layout-2 wp-block-columns-is-layout-flex\">\n<div class=\"wp-block-column is-layout-flow wp-block-column-is-layout-flow\" style=\"flex-basis:75%\">\n<p class=\"has-small-font-size\" style=\"line-height:1\">Viola Nauck<\/p>\n<\/div>\n<\/div>\n\n\n\n<div class=\"wp-block-columns is-layout-flex wp-container-core-columns-is-layout-3 wp-block-columns-is-layout-flex\" style=\"padding-top:0;padding-bottom:0\">\n<div class=\"wp-block-column is-layout-flow wp-block-column-is-layout-flow\" style=\"flex-basis:75%\">\n<p class=\"has-small-font-size\" style=\"line-height:1\">Jacobo Cuesta Wolf<\/p>\n<\/div>\n<\/div>\n\n\n\n<div class=\"wp-block-columns is-layout-flex wp-container-core-columns-is-layout-4 wp-block-columns-is-layout-flex\" style=\"padding-top:0;padding-bottom:0\">\n<div class=\"wp-block-column is-layout-flow wp-block-column-is-layout-flow\" style=\"flex-basis:75%\">\n<p class=\"has-small-font-size\" style=\"line-height:1\">Eunhye Bak<\/p>\n<\/div>\n<\/div>\n\n\n\n<div class=\"wp-block-columns is-layout-flex wp-container-core-columns-is-layout-5 wp-block-columns-is-layout-flex\" style=\"padding-top:0;padding-bottom:0\">\n<div class=\"wp-block-column is-layout-flow wp-block-column-is-layout-flow\" style=\"flex-basis:75%\">\n<p class=\"has-small-font-size\" style=\"line-height:1\">Jonathan Hase<\/p>\n<\/div>\n<\/div>\n\n\n\n<div class=\"wp-block-columns is-layout-flex wp-container-core-columns-is-layout-6 wp-block-columns-is-layout-flex\" style=\"padding-top:0;padding-bottom:0\">\n<div class=\"wp-block-column is-layout-flow wp-block-column-is-layout-flow\" style=\"flex-basis:75%\">\n<p class=\"has-small-font-size\" style=\"line-height:1\">Felix Cordes<\/p>\n<\/div>\n<\/div>\n\n\n\n<div class=\"wp-block-columns is-layout-flex wp-container-core-columns-is-layout-7 wp-block-columns-is-layout-flex\" style=\"padding-top:0;padding-bottom:0\">\n<div class=\"wp-block-column is-layout-flow wp-block-column-is-layout-flow\" style=\"flex-basis:75%\">\n<p class=\"has-small-font-size\" style=\"line-height:1\">Luc Sohrmann<\/p>\n<\/div>\n<\/div>\n\n\n\n<div class=\"wp-block-columns is-layout-flex wp-container-core-columns-is-layout-8 wp-block-columns-is-layout-flex\" style=\"padding-top:0;padding-bottom:0\">\n<div class=\"wp-block-column is-layout-flow wp-block-column-is-layout-flow\" style=\"flex-basis:75%\">\n<p class=\"has-small-font-size\" style=\"line-height:1\">Theda Vollert<\/p>\n<\/div>\n<\/div>\n\n\n\n<div class=\"wp-block-columns is-layout-flex wp-container-core-columns-is-layout-9 wp-block-columns-is-layout-flex\" style=\"padding-top:0;padding-bottom:0\">\n<div class=\"wp-block-column is-layout-flow wp-block-column-is-layout-flow\" style=\"flex-basis:75%\">\n<p class=\"has-small-font-size\" style=\"line-height:1\">Johann Post<\/p>\n<\/div>\n<\/div>\n\n\n\n<div class=\"wp-block-columns is-layout-flex wp-container-core-columns-is-layout-10 wp-block-columns-is-layout-flex\" style=\"padding-top:0;padding-bottom:0\">\n<div class=\"wp-block-column is-layout-flow wp-block-column-is-layout-flow\" style=\"flex-basis:75%\">\n<p class=\"has-small-font-size\" style=\"line-height:1\">Johanna Abendroth<\/p>\n<\/div>\n<\/div>\n\n\n\n<div class=\"wp-block-columns is-layout-flex wp-container-core-columns-is-layout-11 wp-block-columns-is-layout-flex\" style=\"padding-top:0;padding-bottom:0\">\n<div class=\"wp-block-column is-layout-flow wp-block-column-is-layout-flow\" style=\"flex-basis:75%\">\n<p class=\"has-small-font-size\" style=\"line-height:1\">Milan Behrens<\/p>\n<\/div>\n<\/div>\n\n\n\n<div class=\"wp-block-columns is-layout-flex wp-container-core-columns-is-layout-12 wp-block-columns-is-layout-flex\" style=\"padding-top:0;padding-bottom:0\">\n<div class=\"wp-block-column is-layout-flow wp-block-column-is-layout-flow\" style=\"flex-basis:75%\">\n<p class=\"has-small-font-size\" style=\"line-height:1\">Jakob Trepel<\/p>\n<\/div>\n<\/div>\n\n\n\n<div class=\"wp-block-columns is-layout-flex wp-container-core-columns-is-layout-13 wp-block-columns-is-layout-flex\" style=\"padding-top:0;padding-bottom:0\">\n<div class=\"wp-block-column is-layout-flow wp-block-column-is-layout-flow\" style=\"flex-basis:75%\">\n<p class=\"has-small-font-size\" style=\"line-height:1\">Xue Song<\/p>\n<\/div>\n<\/div>\n\n\n\n<div class=\"wp-block-columns is-layout-flex wp-container-core-columns-is-layout-14 wp-block-columns-is-layout-flex\" style=\"padding-top:0;padding-bottom:0\">\n<div class=\"wp-block-column is-layout-flow wp-block-column-is-layout-flow\" style=\"flex-basis:75%\">\n<p class=\"has-small-font-size\" style=\"line-height:1\">Theresa G\u00fcldenberg<\/p>\n<\/div>\n<\/div>\n\n\n\n<div class=\"wp-block-columns is-layout-flex wp-container-core-columns-is-layout-15 wp-block-columns-is-layout-flex\" style=\"padding-top:0;padding-bottom:0\">\n<div class=\"wp-block-column is-layout-flow wp-block-column-is-layout-flow\" style=\"flex-basis:75%\">\n<p class=\"has-small-font-size\" style=\"line-height:1\">Luis Schlicht<\/p>\n<\/div>\n<\/div>\n\n\n\n<div class=\"wp-block-columns is-layout-flex wp-container-core-columns-is-layout-16 wp-block-columns-is-layout-flex\" style=\"padding-top:0;padding-bottom:0\">\n<div class=\"wp-block-column is-layout-flow wp-block-column-is-layout-flow\" style=\"flex-basis:75%\">\n<p class=\"has-small-font-size\" style=\"line-height:1\">Karl Anton Schinkel<\/p>\n<\/div>\n<\/div>\n\n\n\n<div class=\"wp-block-columns is-layout-flex wp-container-core-columns-is-layout-17 wp-block-columns-is-layout-flex\" style=\"padding-top:0;padding-bottom:0\">\n<div class=\"wp-block-column is-layout-flow wp-block-column-is-layout-flow\" style=\"flex-basis:75%\">\n<p class=\"has-small-font-size\" style=\"line-height:1\">Magdalena Mei\u00dfner<\/p>\n<\/div>\n<\/div>\n\n\n\n<div class=\"wp-block-columns is-layout-flex wp-container-core-columns-is-layout-18 wp-block-columns-is-layout-flex\" style=\"padding-top:0;padding-bottom:0\">\n<div class=\"wp-block-column is-layout-flow wp-block-column-is-layout-flow\" style=\"flex-basis:75%\">\n<p class=\"has-small-font-size\" style=\"line-height:1\">Sandro Wiegand<\/p>\n<\/div>\n<\/div>\n\n\n\n<div class=\"wp-block-columns is-layout-flex wp-container-core-columns-is-layout-19 wp-block-columns-is-layout-flex\" style=\"padding-top:0;padding-bottom:0\">\n<div class=\"wp-block-column is-layout-flow wp-block-column-is-layout-flow\" style=\"flex-basis:75%\">\n<p class=\"has-small-font-size\" style=\"line-height:1\">Parinati Tamboli<\/p>\n<\/div>\n<\/div>\n\n\n\n<div class=\"wp-block-columns is-layout-flex wp-container-core-columns-is-layout-20 wp-block-columns-is-layout-flex\" style=\"padding-top:0;padding-bottom:0\">\n<div class=\"wp-block-column is-layout-flow wp-block-column-is-layout-flow\" style=\"flex-basis:75%\">\n<p class=\"has-small-font-size\" style=\"line-height:1\">Lara Hermann<\/p>\n<\/div>\n<\/div>\n\n\n\n<div class=\"wp-block-columns is-layout-flex wp-container-core-columns-is-layout-21 wp-block-columns-is-layout-flex\" style=\"padding-top:0;padding-bottom:0\">\n<div class=\"wp-block-column is-layout-flow wp-block-column-is-layout-flow\" style=\"flex-basis:75%\">\n<p class=\"has-small-font-size\" style=\"line-height:1\">Luc Sormann<\/p>\n<\/div>\n<\/div>\n\n\n\n<div style=\"height:1rem\" aria-hidden=\"true\" class=\"wp-block-spacer\"><\/div>\n<\/div>\n\n\n\n<div class=\"wp-block-column is-layout-flow wp-container-core-column-is-layout-26 wp-block-column-is-layout-flow\" style=\"flex-basis:50%\">\n<p class=\"has-burg-grotesk-mono-font-family has-medium-font-size\">Lehrpersonal<\/p>\n\n\n\n<div class=\"wp-block-columns is-layout-flex wp-container-core-columns-is-layout-22 wp-block-columns-is-layout-flex\">\n<div class=\"wp-block-column is-layout-flow wp-block-column-is-layout-flow\" style=\"flex-basis:75%\">\n<p class=\"has-small-font-size\" style=\"line-height:1\">Konrad Loh\u00f6fener (Gastprofessor)<\/p>\n<\/div>\n<\/div>\n\n\n\n<div class=\"wp-block-columns is-layout-flex wp-container-core-columns-is-layout-23 wp-block-columns-is-layout-flex\">\n<div class=\"wp-block-column is-layout-flow wp-block-column-is-layout-flow\" style=\"flex-basis:75%\">\n<p class=\"has-small-font-size\" style=\"line-height:1\">Philipp Stingl (KM)<\/p>\n<\/div>\n<\/div>\n\n\n\n<div style=\"height:1rem\" aria-hidden=\"true\" class=\"wp-block-spacer\"><\/div>\n<\/div>\n<\/div>\n<\/div>\n\n\n\n<div class=\"wp-block-group is-layout-flow wp-block-group-is-layout-flow\" style=\"padding-top:var(--wp--preset--spacing--20);padding-right:var(--wp--preset--spacing--50);padding-bottom:var(--wp--preset--spacing--20);padding-left:var(--wp--preset--spacing--50)\">\n<div class=\"wp-block-columns is-layout-flex wp-container-core-columns-is-layout-25 wp-block-columns-is-layout-flex\">\n<div class=\"wp-block-column is-layout-flow wp-block-column-is-layout-flow\">\n<p class=\"has-medium-font-size\">Erich Dieckmanns Werk scheint heute aus unterschiedlichen Gr\u00fcnden nahezu in Vergessenheit geraten zu sein, und wurde im kunsthistorischen Diskurs bisher nur bruchst\u00fcckhaft beleuchtet. Dabei waren seine streng geometrischen Stuhlentw\u00fcrfe und Typenm\u00f6belprogramme mitunter wegweisend und sind bis heute als materialisierte Vision in der Symbiose von Kunst, Handwerk und industrieller Fertigung faszinierend.<\/p>\n\n\n\n<p class=\"has-medium-font-size\">So interessant sein umfangreiches Werk auf der einen Seite ist, so widerspr\u00fcchlich stellt sich andererseits seine Biographie dar, die mit dem gebotenen Abstand zu bewerten ist. Die N\u00e4he und die Verstrickung Dieckmanns in das NS-Regime ab 1933 muss \u00fcberaus kritisch betrachtet werden und bedarf einer genauen historischen Aufarbeitung.<\/p>\n<\/div>\n\n\n\n<div class=\"wp-block-column is-layout-flow wp-block-column-is-layout-flow\">\n<p>Aus dieser Distanz versteht sich das Semesterprojekt. Im Kontext der M\u00f6belgestaltung nehmen die Semesterarbeiten daher kontempor\u00e4re Perspektiven ein und wagen den Blick in die Zukunft.<\/p>\n\n\n\n<p>Was sagt uns die Verhei\u00dfung der klassischen Moderne heute? K\u00f6nnen wir damalige Gestaltungsans\u00e4tze in die Zukunft transferieren, weiterentwickeln und somit neue Denkr\u00e4ume skizzieren und er\u00f6ffnen? Sind die gestalterischen Ideen und Ideale der 1920er-Jahre f\u00fcr uns heute \u00fcberhaupt noch relevant? Wie sehen unsere eigenen Vorstellungen f\u00fcr das 21. Jahrhundert aus? Und ganz entscheidend: Gelingt es, diese \u00dcberlegungen in substanzielle Objekte zu \u00fcbersetzen?<\/p>\n<\/div>\n<\/div>\n<\/div>\n\n\n\n<div class=\"wp-block-columns is-layout-flex wp-container-core-columns-is-layout-26 wp-block-columns-is-layout-flex\" style=\"padding-right:var(--wp--preset--spacing--50);padding-left:var(--wp--preset--spacing--50)\">\n<div class=\"wp-block-column is-layout-flow wp-block-column-is-layout-flow\">\n<figure class=\"wp-block-image size-large\"><img loading=\"lazy\" decoding=\"async\" width=\"724\" height=\"1024\" src=\"https:\/\/www.burg-halle.de\/systemdesign\/wp-content\/uploads\/2024\/10\/Plakat-ZDS-finallllll_1-724x1024.jpg\" alt=\"\" class=\"wp-image-607\" srcset=\"https:\/\/www.burg-halle.de\/systemdesign\/wp-content\/uploads\/2024\/10\/Plakat-ZDS-finallllll_1-724x1024.jpg 724w, https:\/\/www.burg-halle.de\/systemdesign\/wp-content\/uploads\/2024\/10\/Plakat-ZDS-finallllll_1-212x300.jpg 212w, https:\/\/www.burg-halle.de\/systemdesign\/wp-content\/uploads\/2024\/10\/Plakat-ZDS-finallllll_1-768x1086.jpg 768w, https:\/\/www.burg-halle.de\/systemdesign\/wp-content\/uploads\/2024\/10\/Plakat-ZDS-finallllll_1-1086x1536.jpg 1086w, https:\/\/www.burg-halle.de\/systemdesign\/wp-content\/uploads\/2024\/10\/Plakat-ZDS-finallllll_1.jpg 1240w\" sizes=\"auto, (max-width: 724px) 100vw, 724px\" \/><\/figure>\n<\/div>\n\n\n\n<div class=\"wp-block-column is-layout-flow wp-block-column-is-layout-flow\">\n<figure class=\"wp-block-image size-large\"><img loading=\"lazy\" decoding=\"async\" width=\"724\" height=\"1024\" src=\"https:\/\/www.burg-halle.de\/systemdesign\/wp-content\/uploads\/2024\/10\/Plakat-ZDS_-finallllll_2-724x1024.jpg\" alt=\"\" class=\"wp-image-608\" srcset=\"https:\/\/www.burg-halle.de\/systemdesign\/wp-content\/uploads\/2024\/10\/Plakat-ZDS_-finallllll_2-724x1024.jpg 724w, https:\/\/www.burg-halle.de\/systemdesign\/wp-content\/uploads\/2024\/10\/Plakat-ZDS_-finallllll_2-212x300.jpg 212w, https:\/\/www.burg-halle.de\/systemdesign\/wp-content\/uploads\/2024\/10\/Plakat-ZDS_-finallllll_2-768x1086.jpg 768w, https:\/\/www.burg-halle.de\/systemdesign\/wp-content\/uploads\/2024\/10\/Plakat-ZDS_-finallllll_2-1086x1536.jpg 1086w, https:\/\/www.burg-halle.de\/systemdesign\/wp-content\/uploads\/2024\/10\/Plakat-ZDS_-finallllll_2.jpg 1240w\" sizes=\"auto, (max-width: 724px) 100vw, 724px\" \/><\/figure>\n<\/div>\n\n\n\n<div class=\"wp-block-column is-layout-flow wp-block-column-is-layout-flow\">\n<figure class=\"wp-block-image size-large\"><img loading=\"lazy\" decoding=\"async\" width=\"724\" height=\"1024\" src=\"https:\/\/www.burg-halle.de\/systemdesign\/wp-content\/uploads\/2024\/10\/Plakat-ZDS_finallllll_3-724x1024.jpg\" alt=\"\" class=\"wp-image-609\" srcset=\"https:\/\/www.burg-halle.de\/systemdesign\/wp-content\/uploads\/2024\/10\/Plakat-ZDS_finallllll_3-724x1024.jpg 724w, https:\/\/www.burg-halle.de\/systemdesign\/wp-content\/uploads\/2024\/10\/Plakat-ZDS_finallllll_3-212x300.jpg 212w, https:\/\/www.burg-halle.de\/systemdesign\/wp-content\/uploads\/2024\/10\/Plakat-ZDS_finallllll_3-768x1086.jpg 768w, https:\/\/www.burg-halle.de\/systemdesign\/wp-content\/uploads\/2024\/10\/Plakat-ZDS_finallllll_3-1086x1536.jpg 1086w, https:\/\/www.burg-halle.de\/systemdesign\/wp-content\/uploads\/2024\/10\/Plakat-ZDS_finallllll_3.jpg 1240w\" sizes=\"auto, (max-width: 724px) 100vw, 724px\" \/><\/figure>\n<\/div>\n<\/div>\n\n\n\n<div class=\"wp-block-group is-layout-flow wp-block-group-is-layout-flow\" style=\"padding-top:var(--wp--preset--spacing--10);padding-right:var(--wp--preset--spacing--50);padding-bottom:var(--wp--preset--spacing--10);padding-left:var(--wp--preset--spacing--50)\">\n<p class=\"has-burg-grotesk-mono-font-family has-medium-font-size\">Credits<\/p>\n\n\n\n<p class=\"has-medium-font-size\" style=\"line-height:1.5\">Alle Rechte an studentischen Projekten und studentischen Bildern liegen bei den jeweiligen Studierenden.<br>Die verlinkte Website wurde anl\u00e4sslich des Semesterprojekts ZWISCHEN DEN ST\u00dcHLEN im Sommersemester 2021 im Fachbereich Industrial Design\/ System Design der Burg Giebichenstein Kunsthochschule&nbsp;Halle realisiert.<\/p>\n\n\n\n<p class=\"has-medium-font-size\" style=\"line-height:1.5\">KONZEPT, GESTALTUNG UND REDAKTION<br>Konrad Loh\u00f6fener (Gastprofessor SS 2021)<\/p>\n\n\n\n<p class=\"has-medium-font-size\" style=\"line-height:1.5\">WEBSITE<br>Konrad Loh\u00f6fener, Jonathan Hase<\/p>\n\n\n\n<p class=\"has-medium-font-size\" style=\"line-height:1.5\">PUBLIKATION<br>Konrad Loh\u00f6fener, Jacobo Cuesta Wolf<\/p>\n\n\n\n<p class=\"has-medium-font-size\" style=\"line-height:1.5\">VIDEO<br>Viola Nauck<br>Luc Sohrmann<\/p>\n\n\n\n<p class=\"has-medium-font-size\" style=\"line-height:1.5\">STUDIOFOTOGRAFIE<br>Choreo, Roman H\u00e4bler, Lars Ole Bastar<\/p>\n<\/div>\n<\/div>\n","protected":false},"excerpt":{"rendered":"<p>Auf den Spuren Erich Dieckmanns \u2013 Ein M\u00f6belprojekt von Studierenden der Burg Giebichenstein Kunsthochschule Halle Wie sahen die Visionen des Bauhauses und der Burg vor 100 Jahren aus? Wo stehen \u2013 sitzen \u2013 wir heute? Und welche Ideen haben wir f\u00fcr die Zukunft? Erich Dieckmann war nicht nur Bauh\u00e4usler und einer der bedeutendsten M\u00f6beldesigner seiner [&hellip;]<\/p>\n","protected":false},"author":2,"featured_media":0,"parent":388,"menu_order":0,"comment_status":"closed","ping_status":"closed","template":"wp-custom-template-semesterprojekt-v2","meta":{"footnotes":""},"categories":[6],"tags":[40,39,25,24],"class_list":["post-583","page","type-page","status-publish","hentry","category-semesterprojekt","tag-bauhaus","tag-moebel","tag-partnerprojekt","tag-sommersemester"],"_links":{"self":[{"href":"https:\/\/www.burg-halle.de\/systemdesign\/wp-json\/wp\/v2\/pages\/583","targetHints":{"allow":["GET"]}}],"collection":[{"href":"https:\/\/www.burg-halle.de\/systemdesign\/wp-json\/wp\/v2\/pages"}],"about":[{"href":"https:\/\/www.burg-halle.de\/systemdesign\/wp-json\/wp\/v2\/types\/page"}],"author":[{"embeddable":true,"href":"https:\/\/www.burg-halle.de\/systemdesign\/wp-json\/wp\/v2\/users\/2"}],"replies":[{"embeddable":true,"href":"https:\/\/www.burg-halle.de\/systemdesign\/wp-json\/wp\/v2\/comments?post=583"}],"version-history":[{"count":25,"href":"https:\/\/www.burg-halle.de\/systemdesign\/wp-json\/wp\/v2\/pages\/583\/revisions"}],"predecessor-version":[{"id":744,"href":"https:\/\/www.burg-halle.de\/systemdesign\/wp-json\/wp\/v2\/pages\/583\/revisions\/744"}],"up":[{"embeddable":true,"href":"https:\/\/www.burg-halle.de\/systemdesign\/wp-json\/wp\/v2\/pages\/388"}],"wp:attachment":[{"href":"https:\/\/www.burg-halle.de\/systemdesign\/wp-json\/wp\/v2\/media?parent=583"}],"wp:term":[{"taxonomy":"category","embeddable":true,"href":"https:\/\/www.burg-halle.de\/systemdesign\/wp-json\/wp\/v2\/categories?post=583"},{"taxonomy":"post_tag","embeddable":true,"href":"https:\/\/www.burg-halle.de\/systemdesign\/wp-json\/wp\/v2\/tags?post=583"}],"curies":[{"name":"wp","href":"https:\/\/api.w.org\/{rel}","templated":true}]}}