{"id":691,"date":"2022-03-31T14:46:33","date_gmt":"2022-03-31T12:46:33","guid":{"rendered":"https:\/\/www.burg-halle.de\/systemdesign\/?page_id=691"},"modified":"2024-11-25T17:30:37","modified_gmt":"2024-11-25T16:30:37","slug":"urbice","status":"publish","type":"page","link":"https:\/\/www.burg-halle.de\/systemdesign\/projekte\/bewegter-raum\/urbice\/","title":{"rendered":"urbice"},"content":{"rendered":"\n<div class=\"wp-block-group is-layout-flow wp-container-core-group-is-layout-3 wp-block-group-is-layout-flow\" style=\"padding-right:var(--wp--preset--spacing--50);padding-left:var(--wp--preset--spacing--50)\">\n<p class=\"has-burg-grotesk-mono-font-family has-medium-font-size\" style=\"line-height:1\">Vincent Kaup<\/p>\n\n\n\n<p class=\"has-burg-grotesk-mono-font-family has-medium-font-size\" style=\"line-height:1;text-transform:uppercase\">MOBILER STADTRAUM, DEN WIR UNS TEILEN<\/p>\n\n\n<h2 style=\"line-height:1; padding-top:0;padding-bottom:0;\" class=\"wp-block-post-title\">urbice<\/h2>\n\n\n<div class=\"wp-block-group is-layout-flow wp-block-group-is-layout-flow\">\n<p>ist ein System, dessen Ziel es ist, m\u00f6glichst viel Stadtraum zu befreien, um das urbane Leben nachhaltiger, angenehmer und menschlicher zu gestalten.<\/p>\n\n\n\n<p>Daf\u00fcr werden an drei Punkten Alternativen geschaffen: Ein Kabinenroller bewegt Individuen und Services nach Bedarf durch die Stadt, erm\u00f6glicht die Teilnahme der Stadtbewohner an einem \u00fcberpers\u00f6nlichen gemeinschaftlichen System und spart durch seinen kleinen Formfaktor Raum ein, der den Bewohnern zur Verf\u00fcgung gestellt werden kann.<\/p>\n\n\n\n<p>Per App organisiert und aus Automaterialien recycelt, bietet \u00bbURBICE\u00ab eine Chance f\u00fcr den Stadtwandel.<\/p>\n<\/div>\n\n\n<div id=\"metaslider-id-711\" style=\"width: 100%;\" class=\"ml-slider-3-93-0 metaslider metaslider-flex metaslider-711 ml-slider ms-theme-default-base has-dots-nav\" role=\"region\" aria-roledescription=\"Slideshow\" aria-label=\"Einzelprojekt Bewegter Raum: Urbice VK\">\n    <div id=\"metaslider_container_711\">\n        <div id=\"metaslider_711\">\n            <ul class='slides'>\n                <li style=\"display: block; width: 100%;\" class=\"slide-712 ms-image \" aria-roledescription=\"slide\" aria-label=\"slide-712\"><img loading=\"lazy\" decoding=\"async\" src=\"https:\/\/www.burg-halle.de\/systemdesign\/wp-content\/uploads\/2024\/11\/ID-BEWEGTER-RAUM_01302022_154246_TL-1-scaled-1200x800.jpeg\" height=\"800\" width=\"1200\" alt=\"\" class=\"slider-711 slide-712\" title=\"ID-BEWEGTER-RAUM_01302022_154246_TL\" \/><\/li>\n                <li style=\"display: none; width: 100%;\" class=\"slide-713 ms-image \" aria-roledescription=\"slide\" aria-label=\"slide-713\"><img loading=\"lazy\" decoding=\"async\" src=\"https:\/\/www.burg-halle.de\/systemdesign\/wp-content\/uploads\/2024\/11\/ID-BEWEGTER-RAUM_01302022_154725_TL-1-scaled-1200x800.jpeg\" height=\"800\" width=\"1200\" alt=\"\" class=\"slider-711 slide-713\" title=\"ID-BEWEGTER-RAUM_01302022_154725_TL\" \/><\/li>\n                <li style=\"display: none; width: 100%;\" class=\"slide-724 ms-image \" aria-roledescription=\"slide\" aria-label=\"slide-724\"><img loading=\"lazy\" decoding=\"async\" src=\"https:\/\/www.burg-halle.de\/systemdesign\/wp-content\/uploads\/2024\/11\/ID-BEWEGTER-RAUM_01302022_155445_TL-1-scaled-1200x800.jpeg\" height=\"800\" width=\"1200\" alt=\"\" class=\"slider-711 slide-724\" title=\"ID-BEWEGTER-RAUM_01302022_155445_TL\" \/><\/li>\n                <li style=\"display: none; width: 100%;\" class=\"slide-715 ms-image \" aria-roledescription=\"slide\" aria-label=\"slide-715\"><img loading=\"lazy\" decoding=\"async\" src=\"https:\/\/www.burg-halle.de\/systemdesign\/wp-content\/uploads\/2024\/11\/ID-BEWEGTER-RAUM_01302022_155343_TL-1-scaled-1200x800.jpeg\" height=\"800\" width=\"1200\" alt=\"\" class=\"slider-711 slide-715\" title=\"ID-BEWEGTER-RAUM_01302022_155343_TL\" \/><\/li>\n            <\/ul>\n        <\/div>\n        \n    <\/div>\n<\/div>\n\n\n\n<div class=\"wp-block-group is-layout-flow wp-block-group-is-layout-flow\">\n<p>Die \u00bburbice App\u00ab organisiert nicht nur die normalen Fahrten, sondern auch die Organisation der Add-Ons von ihren Drop Points, an denen sie bef\u00fcllt werden, zu den Orten an denen eine Nachfrage besteht.<\/p>\n\n\n\n<p>Als generelle urbane Mobilit\u00e4ts-L\u00f6sung konzipiert, bezieht die App je nach Nutzerprofil und -pr\u00e4ferenzen alternative Verkehrsmittel mit ein und sortiert Angebote nach Priorit\u00e4ten wie Dauer, Preis oder Sch\u00f6nheit der Route.<\/p>\n\n\n\n<p>Wenn man also beispielsweise mit einem urbice-Roller zur Arbeit kommt, stehen einem mehrere M\u00f6glichkeiten offen: Wenn man eh sp\u00e4t dran ist, kann man einfach zum n\u00e4chsten verf\u00fcgbaren Roller gehen und losfahren, auf direktem Wege zur Arbeit. Sollte man ein wenig mehr Mu\u00dfe haben, kann man sich von der App noch aktuelle Ereignisse, besonders sch\u00f6ne oder interessante Routen oder sogar ein spontanes Mini-Event auf den Weg legen lassen.<\/p>\n<\/div>\n<\/div>\n","protected":false},"excerpt":{"rendered":"<p>Vincent Kaup MOBILER STADTRAUM, DEN WIR UNS TEILEN ist ein System, dessen Ziel es ist, m\u00f6glichst viel Stadtraum zu befreien, um das urbane Leben nachhaltiger, angenehmer und menschlicher zu gestalten. Daf\u00fcr werden an drei Punkten Alternativen geschaffen: Ein Kabinenroller bewegt Individuen und Services nach Bedarf durch die Stadt, erm\u00f6glicht die Teilnahme der Stadtbewohner an einem [&hellip;]<\/p>\n","protected":false},"author":2,"featured_media":0,"parent":582,"menu_order":0,"comment_status":"closed","ping_status":"closed","template":"wp-custom-template-personenseite","meta":{"footnotes":""},"categories":[7],"tags":[30,34,28,29,31],"class_list":["post-691","page","type-page","status-publish","hentry","category-einzelprojekt","tag-app","tag-bewegter-raum","tag-mobility","tag-sharing","tag-urban"],"_links":{"self":[{"href":"https:\/\/www.burg-halle.de\/systemdesign\/wp-json\/wp\/v2\/pages\/691","targetHints":{"allow":["GET"]}}],"collection":[{"href":"https:\/\/www.burg-halle.de\/systemdesign\/wp-json\/wp\/v2\/pages"}],"about":[{"href":"https:\/\/www.burg-halle.de\/systemdesign\/wp-json\/wp\/v2\/types\/page"}],"author":[{"embeddable":true,"href":"https:\/\/www.burg-halle.de\/systemdesign\/wp-json\/wp\/v2\/users\/2"}],"replies":[{"embeddable":true,"href":"https:\/\/www.burg-halle.de\/systemdesign\/wp-json\/wp\/v2\/comments?post=691"}],"version-history":[{"count":10,"href":"https:\/\/www.burg-halle.de\/systemdesign\/wp-json\/wp\/v2\/pages\/691\/revisions"}],"predecessor-version":[{"id":747,"href":"https:\/\/www.burg-halle.de\/systemdesign\/wp-json\/wp\/v2\/pages\/691\/revisions\/747"}],"up":[{"embeddable":true,"href":"https:\/\/www.burg-halle.de\/systemdesign\/wp-json\/wp\/v2\/pages\/582"}],"wp:attachment":[{"href":"https:\/\/www.burg-halle.de\/systemdesign\/wp-json\/wp\/v2\/media?parent=691"}],"wp:term":[{"taxonomy":"category","embeddable":true,"href":"https:\/\/www.burg-halle.de\/systemdesign\/wp-json\/wp\/v2\/categories?post=691"},{"taxonomy":"post_tag","embeddable":true,"href":"https:\/\/www.burg-halle.de\/systemdesign\/wp-json\/wp\/v2\/tags?post=691"}],"curies":[{"name":"wp","href":"https:\/\/api.w.org\/{rel}","templated":true}]}}