{"id":784,"date":"2006-07-15T23:59:50","date_gmt":"2006-07-15T21:59:50","guid":{"rendered":"https:\/\/www.burg-halle.de\/systemdesign\/?page_id=784"},"modified":"2024-11-25T19:25:56","modified_gmt":"2024-11-25T18:25:56","slug":"projekt_2020","status":"publish","type":"page","link":"https:\/\/www.burg-halle.de\/systemdesign\/projekte\/projekt_2020\/","title":{"rendered":"Projekt_2020"},"content":{"rendered":"\n<div class=\"wp-block-group is-layout-flow wp-block-group-is-layout-flow\">\n<div class=\"wp-block-cover aligncenter is-light has-parallax wp-duotone-unset-2\" style=\"margin-top:0;margin-bottom:0;padding-top:0;padding-right:0;padding-bottom:0;padding-left:0;min-height:400px;aspect-ratio:unset;\"><span aria-hidden=\"true\" class=\"wp-block-cover__background has-base-background-color has-background-dim-0 has-background-dim\"><\/span><div class=\"wp-block-cover__image-background wp-image-789 has-parallax\" style=\"background-position:50% 50%;background-image:url(https:\/\/www.burg-halle.de\/systemdesign\/wp-content\/uploads\/2024\/11\/coverbild-1.png)\"><\/div><div class=\"wp-block-cover__inner-container is-layout-flow wp-block-cover-is-layout-flow\">\n<div class=\"wp-block-group is-vertical is-layout-flex wp-container-core-group-is-layout-4 wp-block-group-is-layout-flex\" style=\"margin-top:0;margin-bottom:0;padding-top:0;padding-right:0;padding-bottom:0;padding-left:0\">\n<div class=\"wp-block-group has-base-background-color has-background is-layout-flow wp-container-core-group-is-layout-3 wp-block-group-is-layout-flow\" style=\"margin-top:0;margin-bottom:200px;padding-top:var(--wp--preset--spacing--10);padding-right:var(--wp--preset--spacing--50);padding-bottom:var(--wp--preset--spacing--10);padding-left:var(--wp--preset--spacing--50)\">\n<div class=\"wp-block-group is-nowrap is-layout-flex wp-container-core-group-is-layout-1 wp-block-group-is-layout-flex\"><h2 style=\"font-size:clamp(2.2rem, 2.2rem + ((1vw - 0.2rem) * 3), 4rem);font-style:normal;font-weight:500;line-height:1.1;text-transform:uppercase; padding-right:0;padding-left:0;\" class=\"wp-block-post-title has-burg-grotesk-font-family\">Projekt_2020<\/h2><\/div>\n\n\n\n<div class=\"wp-block-group is-nowrap is-layout-flex wp-container-core-group-is-layout-2 wp-block-group-is-layout-flex\">\n<p class=\"has-burg-grotesk-mono-font-family has-medium-font-size\">Sommersemester 2006<\/p>\n<\/div>\n<\/div>\n<\/div>\n<\/div><\/div>\n\n\n\n<div class=\"wp-block-group is-layout-flow wp-block-group-is-layout-flow\">\n<div class=\"wp-block-group is-layout-flow wp-block-group-is-layout-flow\" style=\"padding-top:var(--wp--preset--spacing--20);padding-right:var(--wp--preset--spacing--50);padding-bottom:var(--wp--preset--spacing--20);padding-left:var(--wp--preset--spacing--50)\">\n<div class=\"wp-block-columns is-layout-flex wp-container-core-columns-is-layout-1 wp-block-columns-is-layout-flex\">\n<div class=\"wp-block-column is-layout-flow wp-block-column-is-layout-flow\">\n<p class=\"has-burg-grotesk-font-family has-medium-font-size\">Ver\u00e4ndertes Konsumentenverhalten, zunehmendes Desinteresse an vorgefertigten Entertainmentangeboten, neue Medien, illegale Downloads, unabh\u00e4ngige Produktionsmethoden und Vertriebsstrukturen, sowie neue Interaktionsformen, erm\u00f6glicht durch netzbasierte, mobile Kommunikationstechnologien f\u00fchren zu einem Paradigmenwechsel auch in der Unterhaltungsindustrie.<\/p>\n\n\n\n<p>Im Rahmen einer Projektaufgabe zur szenarienbasierten Konzeptentwicklung und Produktgestaltung hat sich eine international zusammengesetzte Gruppe von Industriedesignstudenten der Burg Giebichenstein, Hochschule f\u00fcr Kunst und Design\/Halle im Sommersemester 2006 Gedanken gemacht, wie im Jahr 2020 sinnliche und sinnvolle Produkte zur Unterhaltung aussehen, welche Funktionen sie besitzen und in welche Szenarien sie sich integrieren werden.<\/p>\n<\/div>\n\n\n\n<div class=\"wp-block-column is-layout-flow wp-block-column-is-layout-flow\">\n<p class=\"has-burg-grotesk-font-family has-medium-font-size\">Zur Recherche haben sie Wissenschaftlern in den Labors der Material-, Medien-, Gehirn- und Zukunftsforschung \u00fcber die Schulter geschaut, Science-Fictionautoren sowie Lern- und Spielpsychologen befragt und die aktuellen Tendenzen in der Unterhaltungsbranche untersucht.<\/p>\n\n\n\n<p>Unter dem Motto eines Ausspruches von Jean Fourasti\u00e9 dass sich die Zukunft am besten vorhersagen lassen kann, wenn man sie selbst gestaltet, entstanden Entw\u00fcrfe f\u00fcr Liquide Puzzles, Ambient-soundtransformatoren, digitale Fu\u00dfspuren, Babelfischtextilien, einsichtige Murmelspiele und geheimnisvolle Inspiratoren.<\/p>\n\n\n\n<p>Unterhaltung, Spass und Spiel sind essentielle Aspekte des menschlichen Daseins: Wir pr\u00e4sentieren Visionen f\u00fcr Produkte und Dienstleistungen im Entertainmentbereich.<\/p>\n<\/div>\n<\/div>\n<\/div>\n<\/div>\n\n\n\n<div class=\"wp-block-group has-accent-5-background-color has-background is-layout-flow wp-block-group-is-layout-flow\" style=\"padding-top:var(--wp--preset--spacing--30);padding-right:var(--wp--preset--spacing--40);padding-bottom:var(--wp--preset--spacing--30);padding-left:var(--wp--preset--spacing--40)\"><div class=\"_df_book df-lite\" id=\"df_792\"  _slug=\"\" data-title=\"06-ss06-projekt_2020\" wpoptions=\"true\" thumbtype=\"\" ><\/div><script class=\"df-shortcode-script\" type=\"application\/javascript\">window.option_df_792 = {\"outline\":[],\"backgroundColor\":\"transparent\",\"autoEnableOutline\":\"false\",\"autoEnableThumbnail\":\"false\",\"overwritePDFOutline\":\"false\",\"direction\":\"1\",\"pageSize\":\"0\",\"source\":\"https:\\\/\\\/www.burg-halle.de\\\/systemdesign\\\/wp-content\\\/uploads\\\/2024\\\/11\\\/website-joinedPDF_compressed.pdf\",\"wpOptions\":\"true\"}; if(window.DFLIP && window.DFLIP.parseBooks){window.DFLIP.parseBooks();}<\/script>\n\n\n\n<div class=\"wp-block-group is-layout-flow wp-block-group-is-layout-flow\" style=\"padding-right:var(--wp--preset--spacing--50);padding-left:var(--wp--preset--spacing--50)\">\n<p class=\"has-text-align-right has-contrast-color has-text-color has-link-color has-small-font-size wp-elements-b7ac66b8299fca75512ad1f90de31c8c\">Gesamtdoku mit allen Projektbeitr\u00e4gen<\/p>\n<\/div>\n<\/div>\n\n\n\n<div class=\"wp-block-group is-layout-flow wp-block-group-is-layout-flow\">\n<div class=\"wp-block-columns is-layout-flex wp-container-core-columns-is-layout-10 wp-block-columns-is-layout-flex\" style=\"padding-top:var(--wp--preset--spacing--10);padding-right:var(--wp--preset--spacing--50);padding-bottom:var(--wp--preset--spacing--10);padding-left:var(--wp--preset--spacing--50)\">\n<div class=\"wp-block-column is-layout-flow wp-container-core-column-is-layout-9 wp-block-column-is-layout-flow\" style=\"flex-basis:50%\">\n<p class=\"has-burg-grotesk-mono-font-family has-medium-font-size\">Projektteilnehmer<\/p>\n\n\n\n<div class=\"wp-block-columns is-layout-flex wp-container-core-columns-is-layout-2 wp-block-columns-is-layout-flex\">\n<div class=\"wp-block-column is-layout-flow wp-block-column-is-layout-flow\" style=\"flex-basis:75%\">\n<p class=\"has-small-font-size\" style=\"line-height:1\">Rebekka Zorn<\/p>\n<\/div>\n<\/div>\n\n\n\n<div class=\"wp-block-columns is-layout-flex wp-container-core-columns-is-layout-3 wp-block-columns-is-layout-flex\" style=\"padding-top:0;padding-bottom:0\">\n<div class=\"wp-block-column is-layout-flow wp-block-column-is-layout-flow\" style=\"flex-basis:75%\">\n<p class=\"has-small-font-size\" style=\"line-height:1\">Lin Zhang<\/p>\n<\/div>\n<\/div>\n\n\n\n<div class=\"wp-block-columns is-layout-flex wp-container-core-columns-is-layout-4 wp-block-columns-is-layout-flex\" style=\"padding-top:0;padding-bottom:0\">\n<div class=\"wp-block-column is-layout-flow wp-block-column-is-layout-flow\" style=\"flex-basis:75%\">\n<p class=\"has-small-font-size\" style=\"line-height:1\">Katarzyna Puczylowska<\/p>\n<\/div>\n<\/div>\n\n\n\n<div class=\"wp-block-columns is-layout-flex wp-container-core-columns-is-layout-5 wp-block-columns-is-layout-flex\" style=\"padding-top:0;padding-bottom:0\">\n<div class=\"wp-block-column is-layout-flow wp-block-column-is-layout-flow\" style=\"flex-basis:75%\">\n<p class=\"has-small-font-size\" style=\"line-height:1\">Peter Noack<\/p>\n<\/div>\n<\/div>\n\n\n\n<div class=\"wp-block-columns is-layout-flex wp-container-core-columns-is-layout-6 wp-block-columns-is-layout-flex\" style=\"padding-top:0;padding-bottom:0\">\n<div class=\"wp-block-column is-layout-flow wp-block-column-is-layout-flow\" style=\"flex-basis:75%\">\n<p class=\"has-small-font-size\" style=\"line-height:1\">Burkhard Adam<\/p>\n<\/div>\n<\/div>\n\n\n\n<div class=\"wp-block-columns is-layout-flex wp-container-core-columns-is-layout-7 wp-block-columns-is-layout-flex\" style=\"padding-top:0;padding-bottom:0\">\n<div class=\"wp-block-column is-layout-flow wp-block-column-is-layout-flow\" style=\"flex-basis:75%\">\n<p class=\"has-small-font-size\" style=\"line-height:1\">Ursula Dendorfer<\/p>\n<\/div>\n<\/div>\n\n\n\n<div style=\"height:1rem\" aria-hidden=\"true\" class=\"wp-block-spacer\"><\/div>\n<\/div>\n\n\n\n<div class=\"wp-block-column is-layout-flow wp-container-core-column-is-layout-12 wp-block-column-is-layout-flow\" style=\"flex-basis:50%\">\n<p class=\"has-burg-grotesk-mono-font-family has-medium-font-size\">Lehrpersonal<\/p>\n\n\n\n<div class=\"wp-block-columns is-layout-flex wp-container-core-columns-is-layout-8 wp-block-columns-is-layout-flex\">\n<div class=\"wp-block-column is-layout-flow wp-block-column-is-layout-flow\" style=\"flex-basis:75%\">\n<p class=\"has-small-font-size\" style=\"line-height:1\">Prof. Dieter Hofmann<\/p>\n<\/div>\n<\/div>\n\n\n\n<div class=\"wp-block-columns is-layout-flex wp-container-core-columns-is-layout-9 wp-block-columns-is-layout-flex\">\n<div class=\"wp-block-column is-layout-flow wp-block-column-is-layout-flow\" style=\"flex-basis:75%\">\n<p class=\"has-small-font-size\" style=\"line-height:1\">Nikolai Burger (KM)<\/p>\n<\/div>\n<\/div>\n\n\n\n<div style=\"height:1rem\" aria-hidden=\"true\" class=\"wp-block-spacer\"><\/div>\n<\/div>\n<\/div>\n<\/div>\n\n\n\n<div class=\"wp-block-group is-layout-flow wp-block-group-is-layout-flow\" style=\"padding-top:var(--wp--preset--spacing--10);padding-right:var(--wp--preset--spacing--50);padding-bottom:var(--wp--preset--spacing--10);padding-left:var(--wp--preset--spacing--50)\">\n<p class=\"has-burg-grotesk-mono-font-family has-medium-font-size\">Credits<\/p>\n\n\n\n<p class=\"has-medium-font-size\" style=\"line-height:1.5\">Alle Rechte an studentischen Projekten und studentischen Bildern liegen bei den jeweiligen Studierenden.<\/p>\n<\/div>\n<\/div>\n","protected":false},"excerpt":{"rendered":"<p>Ver\u00e4ndertes Konsumentenverhalten, zunehmendes Desinteresse an vorgefertigten Entertainmentangeboten, neue Medien, illegale Downloads, unabh\u00e4ngige Produktionsmethoden und Vertriebsstrukturen, sowie neue Interaktionsformen, erm\u00f6glicht durch netzbasierte, mobile Kommunikationstechnologien f\u00fchren zu einem Paradigmenwechsel auch in der Unterhaltungsindustrie. Im Rahmen einer Projektaufgabe zur szenarienbasierten Konzeptentwicklung und Produktgestaltung hat sich eine international zusammengesetzte Gruppe von Industriedesignstudenten der Burg Giebichenstein, Hochschule f\u00fcr Kunst und [&hellip;]<\/p>\n","protected":false},"author":2,"featured_media":0,"parent":388,"menu_order":0,"comment_status":"closed","ping_status":"closed","template":"wp-custom-template-semesterprojekt-v2","meta":{"footnotes":""},"categories":[6],"tags":[],"class_list":["post-784","page","type-page","status-publish","hentry","category-semesterprojekt"],"_links":{"self":[{"href":"https:\/\/www.burg-halle.de\/systemdesign\/wp-json\/wp\/v2\/pages\/784","targetHints":{"allow":["GET"]}}],"collection":[{"href":"https:\/\/www.burg-halle.de\/systemdesign\/wp-json\/wp\/v2\/pages"}],"about":[{"href":"https:\/\/www.burg-halle.de\/systemdesign\/wp-json\/wp\/v2\/types\/page"}],"author":[{"embeddable":true,"href":"https:\/\/www.burg-halle.de\/systemdesign\/wp-json\/wp\/v2\/users\/2"}],"replies":[{"embeddable":true,"href":"https:\/\/www.burg-halle.de\/systemdesign\/wp-json\/wp\/v2\/comments?post=784"}],"version-history":[{"count":5,"href":"https:\/\/www.burg-halle.de\/systemdesign\/wp-json\/wp\/v2\/pages\/784\/revisions"}],"predecessor-version":[{"id":797,"href":"https:\/\/www.burg-halle.de\/systemdesign\/wp-json\/wp\/v2\/pages\/784\/revisions\/797"}],"up":[{"embeddable":true,"href":"https:\/\/www.burg-halle.de\/systemdesign\/wp-json\/wp\/v2\/pages\/388"}],"wp:attachment":[{"href":"https:\/\/www.burg-halle.de\/systemdesign\/wp-json\/wp\/v2\/media?parent=784"}],"wp:term":[{"taxonomy":"category","embeddable":true,"href":"https:\/\/www.burg-halle.de\/systemdesign\/wp-json\/wp\/v2\/categories?post=784"},{"taxonomy":"post_tag","embeddable":true,"href":"https:\/\/www.burg-halle.de\/systemdesign\/wp-json\/wp\/v2\/tags?post=784"}],"curies":[{"name":"wp","href":"https:\/\/api.w.org\/{rel}","templated":true}]}}