{"id":801,"date":"2006-03-30T23:59:44","date_gmt":"2006-03-30T21:59:44","guid":{"rendered":"https:\/\/www.burg-halle.de\/systemdesign\/?page_id=801"},"modified":"2026-03-01T20:24:51","modified_gmt":"2026-03-01T19:24:51","slug":"hairless-in-japan","status":"publish","type":"page","link":"https:\/\/www.burg-halle.de\/systemdesign\/projekte\/hairless-in-japan\/","title":{"rendered":"Hairless in Japan"},"content":{"rendered":"\n<div class=\"wp-block-group is-layout-flow wp-block-group-is-layout-flow\">\n<div class=\"wp-block-cover aligncenter is-light has-parallax wp-duotone-unset-2\" style=\"margin-top:0;margin-bottom:0;padding-top:0;padding-right:0;padding-bottom:0;padding-left:0;min-height:400px;aspect-ratio:unset;\"><span aria-hidden=\"true\" class=\"wp-block-cover__background has-base-background-color has-background-dim-0 has-background-dim\"><\/span><div class=\"wp-block-cover__image-background wp-image-902 has-parallax\" style=\"background-position:50% 50%;background-image:url(https:\/\/www.burg-halle.de\/systemdesign\/wp-content\/uploads\/2026\/03\/Foto5-scaled.jpg)\"><\/div><div class=\"wp-block-cover__inner-container is-layout-flow wp-block-cover-is-layout-flow\">\n<div class=\"wp-block-group is-vertical is-layout-flex wp-container-core-group-is-layout-4 wp-block-group-is-layout-flex\" style=\"margin-top:0;margin-bottom:0;padding-top:0;padding-right:0;padding-bottom:0;padding-left:0\">\n<div class=\"wp-block-group has-base-background-color has-background is-layout-flow wp-container-core-group-is-layout-3 wp-block-group-is-layout-flow\" style=\"margin-top:0;margin-bottom:200px;padding-top:var(--wp--preset--spacing--10);padding-right:var(--wp--preset--spacing--50);padding-bottom:var(--wp--preset--spacing--10);padding-left:var(--wp--preset--spacing--50)\">\n<div class=\"wp-block-group is-nowrap is-layout-flex wp-container-core-group-is-layout-1 wp-block-group-is-layout-flex\"><h2 style=\"font-size:clamp(2.2rem, 2.2rem + ((1vw - 0.2rem) * 3), 4rem);font-style:normal;font-weight:500;line-height:1.1;text-transform:uppercase; padding-right:0;padding-left:0;\" class=\"has-link-color wp-elements-83532fd61a0c79cfc2ba78b00c5c3ba1 wp-block-post-title has-text-color has-contrast-color has-burg-grotesk-font-family\">Hairless in Japan<\/h2><\/div>\n\n\n\n<div class=\"wp-block-group is-nowrap is-layout-flex wp-container-core-group-is-layout-2 wp-block-group-is-layout-flex\">\n<p class=\"has-contrast-color has-text-color has-link-color has-burg-grotesk-mono-font-family has-medium-font-size wp-elements-ff9984111ff054a3985e742ccd3053a5\">WINTERSEMESTER 2005\/2006<\/p>\n<\/div>\n<\/div>\n<\/div>\n<\/div><\/div>\n\n\n\n<div class=\"wp-block-group is-layout-flow wp-block-group-is-layout-flow\">\n<div class=\"wp-block-group is-layout-flow wp-block-group-is-layout-flow\" style=\"padding-top:var(--wp--preset--spacing--20);padding-right:var(--wp--preset--spacing--50);padding-bottom:var(--wp--preset--spacing--20);padding-left:var(--wp--preset--spacing--50)\">\n<div class=\"wp-block-columns is-layout-flex wp-container-core-columns-is-layout-1 wp-block-columns-is-layout-flex\">\n<div class=\"wp-block-column is-layout-flow wp-block-column-is-layout-flow\">\n<p class=\"has-burg-grotesk-font-family has-medium-font-size\">\u201cHairless in Japan\u201d ist ein Semesterprojekt im Fachgebiet Industriedesign unter der Leitung von Prof. Dieter Hofmann. Das Projekt erfolgte im WS 2005\/06 in Zusammenarbeit mit der Firma Braun. Ziel war der Entwurf neuer Produkte und Dienstleistungen zur K\u00f6rperhaarentfernung f\u00fcr den japanischen Markt.<\/p>\n<\/div>\n\n\n\n<div class=\"wp-block-column is-layout-flow wp-block-column-is-layout-flow\">\n<p class=\"has-burg-grotesk-font-family has-medium-font-size\">Wir leben in einer zunehmend globalisierten Welt. Um im Wettbewerb der weltweiten Konkurrenz bestehen zu k\u00f6nnen, m\u00fcssen Produkte auf internationalen M\u00e4rkten funktionieren und dort die Akzeptanz der Nutzer finden.<\/p>\n\n\n\n<p>Das f\u00fchrt dazu, dass mittlerweile Hersteller ihre Produkte auf einen spezifischen Markt zuschneiden.<\/p>\n<\/div>\n<\/div>\n<\/div>\n<\/div>\n\n\n\n<div class=\"wp-block-group has-accent-5-background-color has-background is-layout-flow wp-block-group-is-layout-flow\" style=\"padding-top:var(--wp--preset--spacing--30);padding-right:var(--wp--preset--spacing--40);padding-bottom:var(--wp--preset--spacing--30);padding-left:var(--wp--preset--spacing--40)\"><div class=\"_df_book df-lite\" id=\"df_806\"  _slug=\"\" data-title=\"05-ws0506-hairless-in-japan\" wpoptions=\"true\" thumbtype=\"\" ><\/div><script class=\"df-shortcode-script\" type=\"application\/javascript\">window.option_df_806 = {\"outline\":[],\"backgroundColor\":\"transparent\",\"autoEnableOutline\":\"false\",\"autoEnableThumbnail\":\"false\",\"overwritePDFOutline\":\"false\",\"direction\":\"1\",\"pageSize\":\"0\",\"source\":\"https:\\\/\\\/www.burg-halle.de\\\/systemdesign\\\/wp-content\\\/uploads\\\/2024\\\/11\\\/WS0506-Hairless-in-Japan-Gesamtdoku-compressed.pdf\",\"wpOptions\":\"true\"}; if(window.DFLIP && window.DFLIP.parseBooks){window.DFLIP.parseBooks();}<\/script>\n\n\n\n<div class=\"wp-block-group is-layout-flow wp-block-group-is-layout-flow\" style=\"padding-right:var(--wp--preset--spacing--50);padding-left:var(--wp--preset--spacing--50)\">\n<p class=\"has-text-align-right has-contrast-color has-text-color has-link-color has-small-font-size wp-elements-b7ac66b8299fca75512ad1f90de31c8c\">Gesamtdoku mit allen Projektbeitr\u00e4gen<\/p>\n<\/div>\n<\/div>\n\n\n\n<div class=\"wp-block-group is-layout-flow wp-block-group-is-layout-flow\">\n<div class=\"wp-block-columns is-layout-flex wp-container-core-columns-is-layout-19 wp-block-columns-is-layout-flex\" style=\"padding-top:var(--wp--preset--spacing--10);padding-right:var(--wp--preset--spacing--50);padding-bottom:var(--wp--preset--spacing--10);padding-left:var(--wp--preset--spacing--50)\">\n<div class=\"wp-block-column is-layout-flow wp-container-core-column-is-layout-13 wp-block-column-is-layout-flow\" style=\"flex-basis:50%\">\n<p class=\"has-burg-grotesk-mono-font-family has-medium-font-size\">Projektteilnehmer<\/p>\n\n\n\n<div class=\"wp-block-columns is-layout-flex wp-container-core-columns-is-layout-2 wp-block-columns-is-layout-flex\">\n<div class=\"wp-block-column is-layout-flow wp-block-column-is-layout-flow\" style=\"flex-basis:75%\">\n<p class=\"has-small-font-size\" style=\"line-height:1\">Sascha Scholz<\/p>\n<\/div>\n<\/div>\n\n\n\n<div class=\"wp-block-columns is-layout-flex wp-container-core-columns-is-layout-3 wp-block-columns-is-layout-flex\" style=\"padding-top:0;padding-bottom:0\">\n<div class=\"wp-block-column is-layout-flow wp-block-column-is-layout-flow\" style=\"flex-basis:75%\">\n<p class=\"has-small-font-size\" style=\"line-height:1\">Marion H\u00f6chtl<\/p>\n<\/div>\n<\/div>\n\n\n\n<div class=\"wp-block-columns is-layout-flex wp-container-core-columns-is-layout-4 wp-block-columns-is-layout-flex\" style=\"padding-top:0;padding-bottom:0\">\n<div class=\"wp-block-column is-layout-flow wp-block-column-is-layout-flow\" style=\"flex-basis:75%\">\n<p class=\"has-small-font-size\" style=\"line-height:1\">Clemens Winkler<\/p>\n<\/div>\n<\/div>\n\n\n\n<div class=\"wp-block-columns is-layout-flex wp-container-core-columns-is-layout-5 wp-block-columns-is-layout-flex\" style=\"padding-top:0;padding-bottom:0\">\n<div class=\"wp-block-column is-layout-flow wp-block-column-is-layout-flow\" style=\"flex-basis:75%\">\n<p class=\"has-small-font-size\" style=\"line-height:1\">Karen Meyer-Vokrap<\/p>\n<\/div>\n<\/div>\n\n\n\n<div class=\"wp-block-columns is-layout-flex wp-container-core-columns-is-layout-6 wp-block-columns-is-layout-flex\" style=\"padding-top:0;padding-bottom:0\">\n<div class=\"wp-block-column is-layout-flow wp-block-column-is-layout-flow\" style=\"flex-basis:75%\">\n<p class=\"has-small-font-size\" style=\"line-height:1\">Karola Richter<\/p>\n<\/div>\n<\/div>\n\n\n\n<div class=\"wp-block-columns is-layout-flex wp-container-core-columns-is-layout-7 wp-block-columns-is-layout-flex\" style=\"padding-top:0;padding-bottom:0\">\n<div class=\"wp-block-column is-layout-flow wp-block-column-is-layout-flow\" style=\"flex-basis:75%\">\n<p class=\"has-small-font-size\" style=\"line-height:1\">Carina Milbrandt<\/p>\n<\/div>\n<\/div>\n\n\n\n<div class=\"wp-block-columns is-layout-flex wp-container-core-columns-is-layout-8 wp-block-columns-is-layout-flex\" style=\"padding-top:0;padding-bottom:0\">\n<div class=\"wp-block-column is-layout-flow wp-block-column-is-layout-flow\" style=\"flex-basis:75%\">\n<p class=\"has-small-font-size\" style=\"line-height:1\">Jana Gei\u00dfler<\/p>\n<\/div>\n<\/div>\n\n\n\n<div class=\"wp-block-columns is-layout-flex wp-container-core-columns-is-layout-9 wp-block-columns-is-layout-flex\" style=\"padding-top:0;padding-bottom:0\">\n<div class=\"wp-block-column is-layout-flow wp-block-column-is-layout-flow\" style=\"flex-basis:75%\">\n<p class=\"has-small-font-size\" style=\"line-height:1\">Stefan Forberg<\/p>\n<\/div>\n<\/div>\n\n\n\n<div class=\"wp-block-columns is-layout-flex wp-container-core-columns-is-layout-10 wp-block-columns-is-layout-flex\" style=\"padding-top:0;padding-bottom:0\">\n<div class=\"wp-block-column is-layout-flow wp-block-column-is-layout-flow\" style=\"flex-basis:75%\">\n<p class=\"has-small-font-size\" style=\"line-height:1\">Carsten Langner<\/p>\n<\/div>\n<\/div>\n\n\n\n<div class=\"wp-block-columns is-layout-flex wp-container-core-columns-is-layout-11 wp-block-columns-is-layout-flex\" style=\"padding-top:0;padding-bottom:0\">\n<div class=\"wp-block-column is-layout-flow wp-block-column-is-layout-flow\" style=\"flex-basis:75%\">\n<p class=\"has-small-font-size\" style=\"line-height:1\">Lin Zhang<\/p>\n<\/div>\n<\/div>\n\n\n\n<div style=\"height:1rem\" aria-hidden=\"true\" class=\"wp-block-spacer\"><\/div>\n<\/div>\n\n\n\n<div class=\"wp-block-column is-layout-flow wp-container-core-column-is-layout-19 wp-block-column-is-layout-flow\" style=\"flex-basis:50%\">\n<p class=\"has-burg-grotesk-mono-font-family has-medium-font-size\">Projektpartner<\/p>\n\n\n\n<div class=\"wp-block-columns is-layout-flex wp-container-core-columns-is-layout-12 wp-block-columns-is-layout-flex\">\n<div class=\"wp-block-column is-layout-flow wp-block-column-is-layout-flow\" style=\"flex-basis:75%\">\n<p class=\"has-small-font-size\" style=\"line-height:1\"><strong>Braun AG Kronberg<\/strong><\/p>\n<\/div>\n<\/div>\n\n\n\n<div class=\"wp-block-columns is-layout-flex wp-container-core-columns-is-layout-13 wp-block-columns-is-layout-flex\">\n<div class=\"wp-block-column is-layout-flow wp-block-column-is-layout-flow\" style=\"flex-basis:75%\">\n<p class=\"has-small-font-size\" style=\"line-height:1\">Dr. Robert Jung<\/p>\n<\/div>\n<\/div>\n\n\n\n<div class=\"wp-block-columns is-layout-flex wp-container-core-columns-is-layout-14 wp-block-columns-is-layout-flex\">\n<div class=\"wp-block-column is-layout-flow wp-block-column-is-layout-flow\" style=\"flex-basis:75%\">\n<p class=\"has-small-font-size\" style=\"line-height:1\">Rita Beinh\u00f6lzl<\/p>\n<\/div>\n<\/div>\n\n\n\n<div class=\"wp-block-columns is-layout-flex wp-container-core-columns-is-layout-15 wp-block-columns-is-layout-flex\">\n<div class=\"wp-block-column is-layout-flow wp-block-column-is-layout-flow\" style=\"flex-basis:75%\">\n<p class=\"has-small-font-size\" style=\"line-height:1\">Andreas Larscheid<\/p>\n<\/div>\n<\/div>\n\n\n\n<div class=\"wp-block-columns is-layout-flex wp-container-core-columns-is-layout-16 wp-block-columns-is-layout-flex\">\n<div class=\"wp-block-column is-layout-flow wp-block-column-is-layout-flow\" style=\"flex-basis:75%\">\n<p class=\"has-small-font-size\" style=\"line-height:1\">Mario Stein (Gilette Japan)<\/p>\n<\/div>\n<\/div>\n\n\n\n<div style=\"height:1rem\" aria-hidden=\"true\" class=\"wp-block-spacer\"><\/div>\n<\/div>\n\n\n\n<div class=\"wp-block-column is-layout-flow wp-container-core-column-is-layout-22 wp-block-column-is-layout-flow\" style=\"flex-basis:50%\">\n<p class=\"has-burg-grotesk-mono-font-family has-medium-font-size\">Lehrpersonal<\/p>\n\n\n\n<div class=\"wp-block-columns is-layout-flex wp-container-core-columns-is-layout-17 wp-block-columns-is-layout-flex\">\n<div class=\"wp-block-column is-layout-flow wp-block-column-is-layout-flow\" style=\"flex-basis:75%\">\n<p class=\"has-small-font-size\" style=\"line-height:1\">Prof. Dieter Hofmann<\/p>\n<\/div>\n<\/div>\n\n\n\n<div class=\"wp-block-columns is-layout-flex wp-container-core-columns-is-layout-18 wp-block-columns-is-layout-flex\">\n<div class=\"wp-block-column is-layout-flow wp-block-column-is-layout-flow\" style=\"flex-basis:75%\">\n<p class=\"has-small-font-size\" style=\"line-height:1\">Nikolai Burger (KM)<\/p>\n<\/div>\n<\/div>\n\n\n\n<div style=\"height:1rem\" aria-hidden=\"true\" class=\"wp-block-spacer\"><\/div>\n<\/div>\n<\/div>\n<\/div>\n\n\n\n<div class=\"wp-block-group is-layout-flow wp-block-group-is-layout-flow\" style=\"padding-top:var(--wp--preset--spacing--20);padding-right:var(--wp--preset--spacing--50);padding-bottom:var(--wp--preset--spacing--20);padding-left:var(--wp--preset--spacing--50)\">\n<div class=\"wp-block-columns is-layout-flex wp-container-core-columns-is-layout-20 wp-block-columns-is-layout-flex\">\n<div class=\"wp-block-column is-layout-flow wp-block-column-is-layout-flow\">\n<p class=\"has-medium-font-size\">Da die Produkte zur K\u00f6rperpflege von Braun besonders in Japan gro\u00dfe Nachfrage erzielen, lag es nahe, das Experiment zu wagen und junge Industriedesignstudenten der Burg damit zu beauftragen, Ger\u00e4te zur K\u00f6rperhaarentfernung speziell f\u00fcr den japanischen Nutzer zu entwerfen.<\/p>\n\n\n\n<p>Aber wie k\u00f6nnen DesignerProdukte f\u00fcr Menschen gestalten, deren Leben, Umgebung, Kultur und Vorlieben sie, wenn \u00fcberhaupt, nur medial \u00fcberliefert kennt? Grenzt das nicht an Hybris?<\/p>\n\n\n\n<p>Leider ist unser Bild von fremden Kulturen meist fragmentarisch und verzerrt. In unserer auf kommerziellen Erfolg ausgerichteten Medienlandschaft, die st\u00e4ndig gierig nach immer neuen Sensationen ist, schaffen nur die au\u00dfergew\u00f6hnlichsten Nachrichten den weiten Weg nach Deutschland.<\/p>\n\n\n\n<p>Wie der wirkliche Alltag in fernen L\u00e4ndern aussieht, bleibt uns &#8211; weil uninteressant f\u00fcr die Medien \u2013 verborgen, und es werden nur einfach vermittelbare, schablonenhafte Zerrbilder konstruiert und gepflegt.<\/p>\n<\/div>\n\n\n\n<div class=\"wp-block-column is-layout-flow wp-block-column-is-layout-flow\">\n<p>Es ist einleuchtend, dass solche Klischeevorstellungen nicht als Basis f\u00fcr die Entwurfsarbeit dienen k\u00f6nnen. Es k\u00f6nnen nur dann glaubw\u00fcrdig international funktionierende Produkte gestaltet werden, wenn innerhalb einer zeitgem\u00e4\u00dfen Designausbildung die F\u00f6rderung und Vermittlung interkultureller Kompetenz als wichtiger Faktor gesehen wird.<\/p>\n\n\n\n<p>Vor dem Hintergrund eines globalen Umfeldes, internationaler Beziehungen und weltweit agierender Konzerne kann Design nur dann sinnvoll wirken, wenn beim Gestalter echtes Gef\u00fchl f\u00fcr die gl\u00fccklicherweise immer noch erhaltenen lokalen Unterschiede und Achtung gegen\u00fcber der kulturellen Vielfalt als wichtige Errungenschaft der Menschheit vorhanden sind.<\/p>\n\n\n\n<p>Ansonsten wird in Zukunft jegliche regionale Kultur einer \u201emacdonaldisierten\u201c Durchschnittlichkeit zum Opfer fallen. Diese interkulturelle Kompetenz kann aber nur in einem sehr begrenzten Ma\u00df entstehen, wenn es ausschlie\u00dflich theoretisch vermittelt wird und ohne praktische Anschauung und sinnliche Erfahrung bleibt.<\/p>\n<\/div>\n<\/div>\n<\/div>\n\n\n\n<div class=\"wp-block-group is-layout-flow wp-block-group-is-layout-flow\" style=\"padding-top:var(--wp--preset--spacing--10);padding-right:var(--wp--preset--spacing--50);padding-bottom:var(--wp--preset--spacing--10);padding-left:var(--wp--preset--spacing--50)\">\n<p class=\"has-burg-grotesk-mono-font-family has-medium-font-size\">Credits<\/p>\n\n\n\n<p class=\"has-medium-font-size\" style=\"line-height:1.5\">Alle Rechte an studentischen Projekten und studentischen Bildern liegen bei den jeweiligen Studierenden.<\/p>\n\n\n\n<div class=\"wp-block-columns is-layout-flex wp-container-core-columns-is-layout-21 wp-block-columns-is-layout-flex\">\n<div class=\"wp-block-column is-layout-flow wp-block-column-is-layout-flow\" style=\"flex-basis:50%\">\n<p class=\"has-medium-font-size\" style=\"line-height:1.5\">PROJEKTLEITUNG<br>Prof. Dieter Hofmann<\/p>\n\n\n\n<p class=\"has-medium-font-size\" style=\"line-height:1.5\">PUBLIKATION<br>Marion H\u00f6chtl, Sascha Scholz, Karen Meyer-Vokrap, Karola Richter<\/p>\n<\/div>\n\n\n\n<div class=\"wp-block-column is-layout-flow wp-block-column-is-layout-flow\" style=\"flex-basis:50%\"><\/div>\n<\/div>\n<\/div>\n<\/div>\n\n\n\n<div class=\"wp-block-group is-layout-flow wp-block-group-is-layout-flow\" style=\"padding-right:var(--wp--preset--spacing--50);padding-left:var(--wp--preset--spacing--50)\">\n<p class=\"has-burg-grotesk-mono-font-family has-medium-font-size\">Einzelprojekte<\/p>\n\n\n\n<div class=\"wp-block-query alignfull is-layout-flow wp-block-query-is-layout-flow\">\n<div class=\"wp-block-group alignfull is-layout-flow wp-block-group-is-layout-flow\" style=\"padding-top:0;padding-right:0;padding-bottom:0;padding-left:0\"><ul style=\"text-transform:none;\" class=\"alignfull wp-block-post-template is-layout-flow wp-block-post-template-is-layout-flow\"><li class=\"wp-block-post post-891 page type-page status-publish hentry category-einzelprojekt tag-hairless-in-japan\">\n\n<div class=\"wp-block-group is-layout-flow wp-container-core-group-is-layout-14 wp-block-group-is-layout-flow\" style=\"padding-bottom:0\">\n<div class=\"wp-block-group is-content-justification-space-between is-nowrap is-layout-flex wp-container-core-group-is-layout-13 wp-block-group-is-layout-flex\" style=\"border-bottom-color:var(--wp--preset--color--contrast);border-bottom-width:2px;padding-top:0.5rem;padding-right:0;padding-bottom:0.5rem;padding-left:0\"><div style=\"font-style:normal;font-weight:400;letter-spacing:1px; padding-top:0;padding-bottom:0;margin-top:0;margin-right:0;margin-bottom:0;margin-left:0;\" class=\"has-text-align-left has-link-color wp-elements-a12aa676ffc8b6d9e8d0e11c963a9508 wp-block-post-date has-text-color has-contrast-color has-medium-font-size has-burg-grotesk-font-family\"><time datetime=\"2006-03-01T19:58:44+01:00\">2006<\/time><\/div>\n\n<div style=\"font-style:normal;font-weight:300;text-transform:uppercase\" class=\"taxonomy-post_tag is-style-default wp-block-post-terms has-medium-font-size has-burg-grotesk-font-family\"><a href=\"https:\/\/www.burg-halle.de\/systemdesign\/blog\/tag\/hairless-in-japan\/\" rel=\"tag\">Hairless in Japan<\/a><\/div><\/div>\n\n\n<h2 style=\"font-size:clamp(2.2rem, 2.2rem + ((1vw - 0.2rem) * 3), 4rem);font-style:normal;font-weight:500;line-height:1.1;text-transform:capitalize; padding-top:0;\" class=\"has-link-color wp-elements-2c2bd81c1c380485f51255923a525552 wp-block-post-title has-text-color has-contrast-color has-burg-grotesk-font-family\"><a href=\"https:\/\/www.burg-halle.de\/systemdesign\/projekte\/hairless-in-japan\/free\/\" target=\"_self\" >Free<\/a><\/h2><\/div>\n\n<\/li><li class=\"wp-block-post post-857 page type-page status-publish hentry category-einzelprojekt tag-hairless-in-japan\">\n\n<div class=\"wp-block-group is-layout-flow wp-container-core-group-is-layout-16 wp-block-group-is-layout-flow\" style=\"padding-bottom:0\">\n<div class=\"wp-block-group is-content-justification-space-between is-nowrap is-layout-flex wp-container-core-group-is-layout-15 wp-block-group-is-layout-flex\" style=\"border-bottom-color:var(--wp--preset--color--contrast);border-bottom-width:2px;padding-top:0.5rem;padding-right:0;padding-bottom:0.5rem;padding-left:0\"><div style=\"font-style:normal;font-weight:400;letter-spacing:1px; padding-top:0;padding-bottom:0;margin-top:0;margin-right:0;margin-bottom:0;margin-left:0;\" class=\"has-text-align-left has-link-color wp-elements-a12aa676ffc8b6d9e8d0e11c963a9508 wp-block-post-date has-text-color has-contrast-color has-medium-font-size has-burg-grotesk-font-family\"><time datetime=\"2006-02-02T14:32:15+01:00\">2006<\/time><\/div>\n\n<div style=\"font-style:normal;font-weight:300;text-transform:uppercase\" class=\"taxonomy-post_tag is-style-default wp-block-post-terms has-medium-font-size has-burg-grotesk-font-family\"><a href=\"https:\/\/www.burg-halle.de\/systemdesign\/blog\/tag\/hairless-in-japan\/\" rel=\"tag\">Hairless in Japan<\/a><\/div><\/div>\n\n\n<h2 style=\"font-size:clamp(2.2rem, 2.2rem + ((1vw - 0.2rem) * 3), 4rem);font-style:normal;font-weight:500;line-height:1.1;text-transform:capitalize; padding-top:0;\" class=\"has-link-color wp-elements-2c2bd81c1c380485f51255923a525552 wp-block-post-title has-text-color has-contrast-color has-burg-grotesk-font-family\"><a href=\"https:\/\/www.burg-halle.de\/systemdesign\/projekte\/hairless-in-japan\/futago\/\" target=\"_self\" >Futago<\/a><\/h2><\/div>\n\n<\/li><\/ul><\/div>\n\n\n\n<div class=\"wp-block-group is-layout-flow wp-block-group-is-layout-flow\" style=\"margin-top:0;margin-bottom:0;padding-top:var(--wp--preset--spacing--20);padding-right:0;padding-bottom:var(--wp--preset--spacing--20);padding-left:0\"><\/div>\n<\/div>\n<\/div>\n","protected":false},"excerpt":{"rendered":"<p>\u201cHairless in Japan\u201d ist ein Semesterprojekt im Fachgebiet Industriedesign unter der Leitung von Prof. Dieter Hofmann. Das Projekt erfolgte im WS 2005\/06 in Zusammenarbeit mit der Firma Braun. Ziel war der Entwurf neuer Produkte und Dienstleistungen zur K\u00f6rperhaarentfernung f\u00fcr den japanischen Markt. Wir leben in einer zunehmend globalisierten Welt. Um im Wettbewerb der weltweiten Konkurrenz [&hellip;]<\/p>\n","protected":false},"author":2,"featured_media":0,"parent":388,"menu_order":0,"comment_status":"closed","ping_status":"closed","template":"wp-custom-template-semesterprojekt-v2","meta":{"footnotes":""},"categories":[6],"tags":[],"class_list":["post-801","page","type-page","status-publish","hentry","category-semesterprojekt"],"_links":{"self":[{"href":"https:\/\/www.burg-halle.de\/systemdesign\/wp-json\/wp\/v2\/pages\/801","targetHints":{"allow":["GET"]}}],"collection":[{"href":"https:\/\/www.burg-halle.de\/systemdesign\/wp-json\/wp\/v2\/pages"}],"about":[{"href":"https:\/\/www.burg-halle.de\/systemdesign\/wp-json\/wp\/v2\/types\/page"}],"author":[{"embeddable":true,"href":"https:\/\/www.burg-halle.de\/systemdesign\/wp-json\/wp\/v2\/users\/2"}],"replies":[{"embeddable":true,"href":"https:\/\/www.burg-halle.de\/systemdesign\/wp-json\/wp\/v2\/comments?post=801"}],"version-history":[{"count":14,"href":"https:\/\/www.burg-halle.de\/systemdesign\/wp-json\/wp\/v2\/pages\/801\/revisions"}],"predecessor-version":[{"id":917,"href":"https:\/\/www.burg-halle.de\/systemdesign\/wp-json\/wp\/v2\/pages\/801\/revisions\/917"}],"up":[{"embeddable":true,"href":"https:\/\/www.burg-halle.de\/systemdesign\/wp-json\/wp\/v2\/pages\/388"}],"wp:attachment":[{"href":"https:\/\/www.burg-halle.de\/systemdesign\/wp-json\/wp\/v2\/media?parent=801"}],"wp:term":[{"taxonomy":"category","embeddable":true,"href":"https:\/\/www.burg-halle.de\/systemdesign\/wp-json\/wp\/v2\/categories?post=801"},{"taxonomy":"post_tag","embeddable":true,"href":"https:\/\/www.burg-halle.de\/systemdesign\/wp-json\/wp\/v2\/tags?post=801"}],"curies":[{"name":"wp","href":"https:\/\/api.w.org\/{rel}","templated":true}]}}