{"id":819,"date":"2024-03-30T23:59:08","date_gmt":"2024-03-30T22:59:08","guid":{"rendered":"https:\/\/www.burg-halle.de\/systemdesign\/?page_id=819"},"modified":"2026-01-04T14:31:16","modified_gmt":"2026-01-04T13:31:16","slug":"remake-it-better","status":"publish","type":"page","link":"https:\/\/www.burg-halle.de\/systemdesign\/projekte\/remake-it-better\/","title":{"rendered":"ReMake It Better"},"content":{"rendered":"\n<div class=\"wp-block-group is-layout-flow wp-block-group-is-layout-flow\">\n<div class=\"wp-block-cover is-light has-parallax has-custom-content-position is-position-top-left wp-duotone-unset-2\" style=\"margin-top:0;margin-bottom:0;padding-top:0;padding-right:0;padding-bottom:0;padding-left:0;min-height:400px;aspect-ratio:unset;\"><span aria-hidden=\"true\" class=\"wp-block-cover__background has-base-background-color has-background-dim-0 has-background-dim\"><\/span><div class=\"wp-block-cover__image-background wp-image-854 has-parallax\" style=\"background-position:50% 50%;background-image:url(https:\/\/www.burg-halle.de\/systemdesign\/wp-content\/uploads\/2026\/01\/20240126_LION_ID-WISE_015-scaled.jpg)\"><\/div><div class=\"wp-block-cover__inner-container is-layout-flow wp-block-cover-is-layout-flow\">\n<div class=\"wp-block-group is-vertical is-layout-flex wp-container-core-group-is-layout-4 wp-block-group-is-layout-flex\" style=\"margin-top:0;margin-bottom:0;padding-top:0;padding-right:0;padding-bottom:0;padding-left:0\">\n<div class=\"wp-block-group has-base-background-color has-background is-layout-flow wp-container-core-group-is-layout-3 wp-block-group-is-layout-flow\" style=\"margin-top:0;margin-bottom:200px;padding-top:var(--wp--preset--spacing--10);padding-right:var(--wp--preset--spacing--50);padding-bottom:var(--wp--preset--spacing--10);padding-left:var(--wp--preset--spacing--50)\">\n<div class=\"wp-block-group is-nowrap is-layout-flex wp-container-core-group-is-layout-1 wp-block-group-is-layout-flex\"><h2 style=\"font-size:clamp(2.2rem, 2.2rem + ((1vw - 0.2rem) * 3), 4rem);font-style:normal;font-weight:500;line-height:1.1;text-transform:uppercase; padding-right:0;padding-left:0;\" class=\"wp-block-post-title has-burg-grotesk-font-family\">ReMake It Better<\/h2><\/div>\n\n\n\n<div class=\"wp-block-group is-nowrap is-layout-flex wp-container-core-group-is-layout-2 wp-block-group-is-layout-flex\">\n<p class=\"has-burg-grotesk-mono-font-family has-medium-font-size\">Wintersemester 2023\/2024<\/p>\n<\/div>\n<\/div>\n<\/div>\n<\/div><\/div>\n\n\n\n<div class=\"wp-block-group is-layout-flow wp-block-group-is-layout-flow\">\n<div class=\"wp-block-group is-layout-flow wp-block-group-is-layout-flow\" style=\"padding-top:var(--wp--preset--spacing--20);padding-right:var(--wp--preset--spacing--50);padding-bottom:var(--wp--preset--spacing--20);padding-left:var(--wp--preset--spacing--50)\">\n<div class=\"wp-block-columns is-layout-flex wp-container-core-columns-is-layout-1 wp-block-columns-is-layout-flex\">\n<div class=\"wp-block-column is-layout-flow wp-block-column-is-layout-flow\">\n<p class=\"has-burg-grotesk-font-family has-medium-font-size\">In diesem Semesterprojekt setzten sich die Studierenden mit bereits existierenden Produkten auf dem Markt auseinander. Dazu betrachteten sie eine Auswahl an Produkten genauer, sezierten und dokumentierten diese und ordneten sie in bestimmte Systeme sowie Nutzungskontexte ein. Dabei wurde versucht, m\u00f6gliche Potenziale zur Verbesserung zu identifizieren, Vereinfachungsstrategien zu entwickeln <\/p>\n<\/div>\n\n\n\n<div class=\"wp-block-column is-layout-flow wp-block-column-is-layout-flow\">\n<p class=\"has-burg-grotesk-font-family has-medium-font-size\">sowie die Produkte hinsichtlich Materialwahl, Materialersparnis, Nachhaltigkeit, Benutzerfreundlichkeit, Funktionalit\u00e4t und Vielseitigkeit kritisch zu hinterfragen.<\/p>\n\n\n\n<p>Ziel war es, ein umfassendes Verst\u00e4ndnis f\u00fcr den Aufbau und die Funktionsweise dieser Produkte zu entwickeln, um daraus neue und innovative Produktkonzepte zu entwerfen.<\/p>\n<\/div>\n<\/div>\n<\/div>\n<\/div>\n\n\n\n<div class=\"wp-block-group has-accent-5-background-color has-background is-layout-flow wp-block-group-is-layout-flow\" style=\"padding-top:var(--wp--preset--spacing--30);padding-right:var(--wp--preset--spacing--40);padding-bottom:var(--wp--preset--spacing--30);padding-left:var(--wp--preset--spacing--40)\"><p>0<\/p>\n\n\n\n<div class=\"wp-block-group is-layout-flow wp-block-group-is-layout-flow\" style=\"padding-right:var(--wp--preset--spacing--50);padding-left:var(--wp--preset--spacing--50)\">\n<p class=\"has-text-align-right has-contrast-color has-text-color has-link-color has-small-font-size wp-elements-b7ac66b8299fca75512ad1f90de31c8c\">Gesamtdoku mit allen Projektbeitr\u00e4gen<\/p>\n<\/div>\n<\/div>\n\n\n\n<div class=\"wp-block-group is-layout-flow wp-block-group-is-layout-flow\">\n<div class=\"wp-block-columns is-layout-flex wp-container-core-columns-is-layout-21 wp-block-columns-is-layout-flex\" style=\"padding-top:var(--wp--preset--spacing--10);padding-right:var(--wp--preset--spacing--50);padding-bottom:var(--wp--preset--spacing--10);padding-left:var(--wp--preset--spacing--50)\">\n<div class=\"wp-block-column is-layout-flow wp-container-core-column-is-layout-20 wp-block-column-is-layout-flow\" style=\"flex-basis:50%\">\n<p class=\"has-burg-grotesk-mono-font-family has-medium-font-size\">Projektteilnehmer<\/p>\n\n\n\n<div class=\"wp-block-columns is-layout-flex wp-container-core-columns-is-layout-2 wp-block-columns-is-layout-flex\">\n<div class=\"wp-block-column is-layout-flow wp-block-column-is-layout-flow\" style=\"flex-basis:75%\">\n<p class=\"has-small-font-size\" style=\"line-height:1\">Melanie Lange<\/p>\n<\/div>\n<\/div>\n\n\n\n<div class=\"wp-block-columns is-layout-flex wp-container-core-columns-is-layout-3 wp-block-columns-is-layout-flex\" style=\"padding-top:0;padding-bottom:0\">\n<div class=\"wp-block-column is-layout-flow wp-block-column-is-layout-flow\" style=\"flex-basis:75%\">\n<p class=\"has-small-font-size\" style=\"line-height:1\">Richard Bassek<\/p>\n<\/div>\n<\/div>\n\n\n\n<div class=\"wp-block-columns is-layout-flex wp-container-core-columns-is-layout-4 wp-block-columns-is-layout-flex\" style=\"padding-top:0;padding-bottom:0\">\n<div class=\"wp-block-column is-layout-flow wp-block-column-is-layout-flow\" style=\"flex-basis:75%\">\n<p class=\"has-small-font-size\" style=\"line-height:1\">Eric Feiler<\/p>\n<\/div>\n<\/div>\n\n\n\n<div class=\"wp-block-columns is-layout-flex wp-container-core-columns-is-layout-5 wp-block-columns-is-layout-flex\" style=\"padding-top:0;padding-bottom:0\">\n<div class=\"wp-block-column is-layout-flow wp-block-column-is-layout-flow\" style=\"flex-basis:75%\">\n<p class=\"has-small-font-size\" style=\"line-height:1\">David B\u00fchler<\/p>\n<\/div>\n<\/div>\n\n\n\n<div class=\"wp-block-columns is-layout-flex wp-container-core-columns-is-layout-6 wp-block-columns-is-layout-flex\" style=\"padding-top:0;padding-bottom:0\">\n<div class=\"wp-block-column is-layout-flow wp-block-column-is-layout-flow\" style=\"flex-basis:75%\">\n<p class=\"has-small-font-size\" style=\"line-height:1\">Daniel Sauter<\/p>\n<\/div>\n<\/div>\n\n\n\n<div class=\"wp-block-columns is-layout-flex wp-container-core-columns-is-layout-7 wp-block-columns-is-layout-flex\" style=\"padding-top:0;padding-bottom:0\">\n<div class=\"wp-block-column is-layout-flow wp-block-column-is-layout-flow\" style=\"flex-basis:75%\">\n<p class=\"has-small-font-size\" style=\"line-height:1\">Marvin Kasper<\/p>\n<\/div>\n<\/div>\n\n\n\n<div class=\"wp-block-columns is-layout-flex wp-container-core-columns-is-layout-8 wp-block-columns-is-layout-flex\" style=\"padding-top:0;padding-bottom:0\">\n<div class=\"wp-block-column is-layout-flow wp-block-column-is-layout-flow\" style=\"flex-basis:75%\">\n<p class=\"has-small-font-size\" style=\"line-height:1\">Fidelis Falk<\/p>\n<\/div>\n<\/div>\n\n\n\n<div class=\"wp-block-columns is-layout-flex wp-container-core-columns-is-layout-9 wp-block-columns-is-layout-flex\" style=\"padding-top:0;padding-bottom:0\">\n<div class=\"wp-block-column is-layout-flow wp-block-column-is-layout-flow\" style=\"flex-basis:75%\">\n<p class=\"has-small-font-size\" style=\"line-height:1\">Marie-Luise Trabandt<\/p>\n<\/div>\n<\/div>\n\n\n\n<div class=\"wp-block-columns is-layout-flex wp-container-core-columns-is-layout-10 wp-block-columns-is-layout-flex\" style=\"padding-top:0;padding-bottom:0\">\n<div class=\"wp-block-column is-layout-flow wp-block-column-is-layout-flow\" style=\"flex-basis:75%\">\n<p class=\"has-small-font-size\" style=\"line-height:1\">Ying Guo<\/p>\n<\/div>\n<\/div>\n\n\n\n<div class=\"wp-block-columns is-layout-flex wp-container-core-columns-is-layout-11 wp-block-columns-is-layout-flex\" style=\"padding-top:0;padding-bottom:0\">\n<div class=\"wp-block-column is-layout-flow wp-block-column-is-layout-flow\" style=\"flex-basis:75%\">\n<p class=\"has-small-font-size\" style=\"line-height:1\">Kuyongjin Lee<\/p>\n<\/div>\n<\/div>\n\n\n\n<div class=\"wp-block-columns is-layout-flex wp-container-core-columns-is-layout-12 wp-block-columns-is-layout-flex\" style=\"padding-top:0;padding-bottom:0\">\n<div class=\"wp-block-column is-layout-flow wp-block-column-is-layout-flow\" style=\"flex-basis:75%\">\n<p class=\"has-small-font-size\" style=\"line-height:1\">Lion Sanguinette<\/p>\n<\/div>\n<\/div>\n\n\n\n<div class=\"wp-block-columns is-layout-flex wp-container-core-columns-is-layout-13 wp-block-columns-is-layout-flex\" style=\"padding-top:0;padding-bottom:0\">\n<div class=\"wp-block-column is-layout-flow wp-block-column-is-layout-flow\" style=\"flex-basis:75%\">\n<p class=\"has-small-font-size\" style=\"line-height:1\">Merle Nau<\/p>\n<\/div>\n<\/div>\n\n\n\n<div class=\"wp-block-columns is-layout-flex wp-container-core-columns-is-layout-14 wp-block-columns-is-layout-flex\" style=\"padding-top:0;padding-bottom:0\">\n<div class=\"wp-block-column is-layout-flow wp-block-column-is-layout-flow\" style=\"flex-basis:75%\">\n<p class=\"has-small-font-size\" style=\"line-height:1\">Lisa-Marie Halwax<\/p>\n<\/div>\n<\/div>\n\n\n\n<div class=\"wp-block-columns is-layout-flex wp-container-core-columns-is-layout-15 wp-block-columns-is-layout-flex\" style=\"padding-top:0;padding-bottom:0\">\n<div class=\"wp-block-column is-layout-flow wp-block-column-is-layout-flow\" style=\"flex-basis:75%\">\n<p class=\"has-small-font-size\" style=\"line-height:1\">Camille von Gerkan<\/p>\n<\/div>\n<\/div>\n\n\n\n<div class=\"wp-block-columns is-layout-flex wp-container-core-columns-is-layout-16 wp-block-columns-is-layout-flex\" style=\"padding-top:0;padding-bottom:0\">\n<div class=\"wp-block-column is-layout-flow wp-block-column-is-layout-flow\" style=\"flex-basis:75%\">\n<p class=\"has-small-font-size\" style=\"line-height:1\">Christoph Picco<\/p>\n<\/div>\n<\/div>\n\n\n\n<div class=\"wp-block-columns is-layout-flex wp-container-core-columns-is-layout-17 wp-block-columns-is-layout-flex\" style=\"padding-top:0;padding-bottom:0\">\n<div class=\"wp-block-column is-layout-flow wp-block-column-is-layout-flow\" style=\"flex-basis:75%\">\n<p class=\"has-small-font-size\" style=\"line-height:1\">Christoph Kortung<\/p>\n<\/div>\n<\/div>\n\n\n\n<div class=\"wp-block-columns is-layout-flex wp-container-core-columns-is-layout-18 wp-block-columns-is-layout-flex\" style=\"padding-top:0;padding-bottom:0\">\n<div class=\"wp-block-column is-layout-flow wp-block-column-is-layout-flow\" style=\"flex-basis:75%\">\n<p class=\"has-small-font-size\" style=\"line-height:1\">Leo L\u00f6wenherz<\/p>\n<\/div>\n<\/div>\n\n\n\n<div style=\"height:1rem\" aria-hidden=\"true\" class=\"wp-block-spacer\"><\/div>\n<\/div>\n\n\n\n<div class=\"wp-block-column is-layout-flow wp-container-core-column-is-layout-23 wp-block-column-is-layout-flow\" style=\"flex-basis:50%\">\n<p class=\"has-burg-grotesk-mono-font-family has-medium-font-size\">Lehrpersonal<\/p>\n\n\n\n<div class=\"wp-block-columns is-layout-flex wp-container-core-columns-is-layout-19 wp-block-columns-is-layout-flex\">\n<div class=\"wp-block-column is-layout-flow wp-block-column-is-layout-flow\" style=\"flex-basis:75%\">\n<p class=\"has-small-font-size\" style=\"line-height:1\">Prof. Matthias Z\u00e4nsler (Gastprof.)<\/p>\n<\/div>\n<\/div>\n\n\n\n<div class=\"wp-block-columns is-layout-flex wp-container-core-columns-is-layout-20 wp-block-columns-is-layout-flex\">\n<div class=\"wp-block-column is-layout-flow wp-block-column-is-layout-flow\" style=\"flex-basis:75%\">\n<p class=\"has-small-font-size\" style=\"line-height:1\">Alex Rex (KM)<\/p>\n<\/div>\n<\/div>\n\n\n\n<div style=\"height:1rem\" aria-hidden=\"true\" class=\"wp-block-spacer\"><\/div>\n<\/div>\n<\/div>\n<\/div>\n\n\n\n<div class=\"wp-block-group is-layout-flow wp-block-group-is-layout-flow\" style=\"padding-top:var(--wp--preset--spacing--20);padding-right:var(--wp--preset--spacing--50);padding-bottom:var(--wp--preset--spacing--20);padding-left:var(--wp--preset--spacing--50)\">\n<div class=\"wp-block-columns is-layout-flex wp-container-core-columns-is-layout-22 wp-block-columns-is-layout-flex\">\n<div class=\"wp-block-column is-layout-flow wp-block-column-is-layout-flow\">\n<p class=\"has-medium-font-size\">Auftraggebende stellten oft die Frage, ob man um ein bereits weitgehend definiertes Projektvorhaben einfach ein neues \u201eDesign\u201c machen k\u00f6nne.<\/p>\n\n\n\n<p>Nat\u00fcrlich war das m\u00f6glich, jedoch oftmals mit dem Nachteil, dass u. a. der Aufwand f\u00fcr Schnittstellengestaltung sowie f\u00fcr Material- und Formbau gr\u00f6\u00dfer war und das Produkt eine h\u00f6here Komplexit\u00e4t aufwies oder bestimmte Nutzungsaspekte nicht ber\u00fccksichtigt wurden. Dabei w\u00e4re es sinnvoller gewesen, mit der Gestaltung fr\u00fcher anzusetzen, um beispielsweise Produkte von innen heraus zu entwickeln oder clevere Verkn\u00fcpfungen zu bilden, sodass die grundlegende Funktionsweise direkt in die formale Gestalt einflie\u00dfen konnte. Produkte, die gestaltet wurden, sollten folglich nicht nur anders, sondern auch besser sein und mindestens ein weiteres Problem l\u00f6sen.<\/p>\n\n\n\n<p>In diesem Semesterprojekt setzten sich die Studierenden mit bereits existierenden Produkten auf dem Markt auseinander. Dazu betrachteten sie eine Auswahl an Produkten genauer, sezierten und dokumentierten diese und ordneten sie in bestimmte Systeme sowie Nutzungskontexte ein. Dabei wurde versucht, m\u00f6gliche Potenziale zur Verbesserung zu identifizieren, Vereinfachungsstrategien zu entwickeln sowie die Produkte hinsichtlich Materialwahl, Materialersparnis, Nachhaltigkeit, Benutzerfreundlichkeit, Funktionalit\u00e4t und Vielseitigkeit kritisch zu hinterfragen.<\/p>\n\n\n\n<p><\/p>\n<\/div>\n\n\n\n<div class=\"wp-block-column is-layout-flow wp-block-column-is-layout-flow\">\n<p>Ziel war es, ein umfassendes Verst\u00e4ndnis f\u00fcr den Aufbau und die Funktionsweise dieser Produkte zu entwickeln, um daraus neue und innovative Produktkonzepte zu entwerfen.<\/p>\n\n\n\n<p>Das Projekt sollte die analytischen F\u00e4higkeiten der Studierenden im Industriedesign st\u00e4rken und ihre Kreativit\u00e4t bei der Entwicklung innovativer L\u00f6sungen f\u00f6rdern. Gleichzeitig sammelten sie praktische Erfahrungen in der Anwendung von Vereinfachungsstrategien, der Ber\u00fccksichtigung des Nutzungskontextes sowie in der Integration nachhaltiger und technologischer Verbesserungen f\u00fcr eine optimale Produktgestaltung.<\/p>\n\n\n\n<p>\u00dcber die vorlesungsfreie Zeit erstellten die Studierenden eine Benutzungsanalyse zu einem ausgew\u00e4hlten Produkt, die in der Einf\u00fchrungswoche pr\u00e4sentiert wurde und zugleich die Grundlage f\u00fcr den Workshop bildete. In der dritten Semesterwoche wurde ein Rhino-Kurs durchgef\u00fchrt. Zudem unternahmen wir eine Exkursion nach Berlin und besuchten Designstudios sowie Museen.<\/p>\n<\/div>\n<\/div>\n<\/div>\n\n\n\n<div class=\"wp-block-columns is-layout-flex wp-container-core-columns-is-layout-23 wp-block-columns-is-layout-flex\" style=\"padding-right:var(--wp--preset--spacing--50);padding-left:var(--wp--preset--spacing--50)\">\n<div class=\"wp-block-column is-layout-flow wp-block-column-is-layout-flow\">\n<figure class=\"wp-block-image size-full\"><img loading=\"lazy\" decoding=\"async\" width=\"567\" height=\"802\" src=\"https:\/\/www.burg-halle.de\/systemdesign\/wp-content\/uploads\/2026\/01\/Remake-It-Better-Praesentation-Poster.png\" alt=\"\" class=\"wp-image-851\" srcset=\"https:\/\/www.burg-halle.de\/systemdesign\/wp-content\/uploads\/2026\/01\/Remake-It-Better-Praesentation-Poster.png 567w, https:\/\/www.burg-halle.de\/systemdesign\/wp-content\/uploads\/2026\/01\/Remake-It-Better-Praesentation-Poster-212x300.png 212w\" sizes=\"auto, (max-width: 567px) 100vw, 567px\" \/><\/figure>\n<\/div>\n<\/div>\n\n\n\n<div class=\"wp-block-group is-layout-flow wp-block-group-is-layout-flow\" style=\"padding-top:var(--wp--preset--spacing--10);padding-right:var(--wp--preset--spacing--50);padding-bottom:var(--wp--preset--spacing--10);padding-left:var(--wp--preset--spacing--50)\">\n<p class=\"has-burg-grotesk-mono-font-family has-medium-font-size\">Credits<\/p>\n\n\n\n<p class=\"has-medium-font-size\" style=\"line-height:1.5\">Alle Rechte an studentischen Projekten und studentischen Bildern liegen bei den jeweiligen Studierenden.<\/p>\n\n\n\n<div class=\"wp-block-columns is-layout-flex wp-container-core-columns-is-layout-24 wp-block-columns-is-layout-flex\">\n<div class=\"wp-block-column is-layout-flow wp-block-column-is-layout-flow\" style=\"flex-basis:50%\">\n<p class=\"has-medium-font-size\" style=\"line-height:1.5\">PROJEKTLEITUNG<br>Matthias Z\u00e4nsler (Gastprofessor)<\/p>\n\n\n\n<p class=\"has-medium-font-size\" style=\"line-height:1.5\">PUBLIKATION<br>Matthias Z\u00e4nsler, Alex Rex<\/p>\n<\/div>\n\n\n\n<div class=\"wp-block-column is-layout-flow wp-block-column-is-layout-flow\" style=\"flex-basis:50%\">\n<p class=\"has-medium-font-size\" style=\"line-height:1.5\">STUDIOFOTOGRAFIE &amp; BEARBEITUNG<br>Tomasz Lewandowski<\/p>\n<\/div>\n<\/div>\n<\/div>\n\n\n\n<div class=\"wp-block-group is-layout-flow wp-block-group-is-layout-flow\" style=\"padding-right:var(--wp--preset--spacing--50);padding-left:var(--wp--preset--spacing--50)\">\n<p class=\"has-burg-grotesk-mono-font-family has-medium-font-size\">Einzelprojekte<\/p>\n\n\n\n<div class=\"wp-block-query alignfull is-layout-flow wp-block-query-is-layout-flow\">\n<div class=\"wp-block-group alignfull is-layout-flow wp-block-group-is-layout-flow\" style=\"padding-top:0;padding-right:0;padding-bottom:0;padding-left:0\"><ul style=\"text-transform:none;\" class=\"alignfull wp-block-post-template is-layout-flow wp-block-post-template-is-layout-flow\"><li class=\"wp-block-post post-826 page type-page status-publish hentry category-einzelprojekt tag-audio tag-monomaterial tag-remake-it-better\">\n\n<div class=\"wp-block-group is-layout-flow wp-container-core-group-is-layout-13 wp-block-group-is-layout-flow\" style=\"padding-bottom:0\">\n<div class=\"wp-block-group is-content-justification-space-between is-nowrap is-layout-flex wp-container-core-group-is-layout-12 wp-block-group-is-layout-flex\" style=\"border-bottom-color:var(--wp--preset--color--contrast);border-bottom-width:2px;padding-top:0.5rem;padding-right:0;padding-bottom:0.5rem;padding-left:0\"><div style=\"font-style:normal;font-weight:300;letter-spacing:1px; padding-top:0;padding-bottom:0;margin-top:0;margin-right:0;margin-bottom:0;margin-left:0;\" class=\"has-text-align-left has-link-color wp-elements-46ac48889e07279fd790a62381c85e66 wp-block-post-date has-text-color has-contrast-color has-medium-font-size has-burg-grotesk-font-family\"><time datetime=\"2023-03-30T18:24:20+02:00\">2023<\/time><\/div>\n\n<div style=\"font-style:normal;font-weight:300;text-transform:uppercase\" class=\"taxonomy-post_tag is-style-default wp-block-post-terms has-medium-font-size has-burg-grotesk-font-family\"><a href=\"https:\/\/www.burg-halle.de\/systemdesign\/blog\/tag\/audio\/\" rel=\"tag\">Audio<\/a><span class=\"wp-block-post-terms__separator\">, <\/span><a href=\"https:\/\/www.burg-halle.de\/systemdesign\/blog\/tag\/monomaterial\/\" rel=\"tag\">Monomaterial<\/a><span class=\"wp-block-post-terms__separator\">, <\/span><a href=\"https:\/\/www.burg-halle.de\/systemdesign\/blog\/tag\/remake-it-better\/\" rel=\"tag\">ReMake It Better<\/a><\/div><\/div>\n\n\n<h2 style=\"font-size:clamp(2.2rem, 2.2rem + ((1vw - 0.2rem) * 3), 4rem);font-style:normal;font-weight:500;line-height:1.1;text-transform:capitalize; padding-top:0;\" class=\"has-link-color wp-elements-2c2bd81c1c380485f51255923a525552 wp-block-post-title has-text-color has-contrast-color has-burg-grotesk-font-family\"><a href=\"https:\/\/www.burg-halle.de\/systemdesign\/projekte\/remake-it-better\/monospeaker\/\" target=\"_self\" >Monospeaker<\/a><\/h2><\/div>\n\n<\/li><li class=\"wp-block-post post-925 page type-page status-publish hentry category-einzelprojekt tag-remake-it-better\">\n\n<div class=\"wp-block-group is-layout-flow wp-container-core-group-is-layout-15 wp-block-group-is-layout-flow\" style=\"padding-bottom:0\">\n<div class=\"wp-block-group is-content-justification-space-between is-nowrap is-layout-flex wp-container-core-group-is-layout-14 wp-block-group-is-layout-flex\" style=\"border-bottom-color:var(--wp--preset--color--contrast);border-bottom-width:2px;padding-top:0.5rem;padding-right:0;padding-bottom:0.5rem;padding-left:0\"><div style=\"font-style:normal;font-weight:300;letter-spacing:1px; padding-top:0;padding-bottom:0;margin-top:0;margin-right:0;margin-bottom:0;margin-left:0;\" class=\"has-text-align-left has-link-color wp-elements-46ac48889e07279fd790a62381c85e66 wp-block-post-date has-text-color has-contrast-color has-medium-font-size has-burg-grotesk-font-family\"><time datetime=\"2023-03-30T14:56:07+02:00\">2023<\/time><\/div>\n\n<div style=\"font-style:normal;font-weight:300;text-transform:uppercase\" class=\"taxonomy-post_tag is-style-default wp-block-post-terms has-medium-font-size has-burg-grotesk-font-family\"><a href=\"https:\/\/www.burg-halle.de\/systemdesign\/blog\/tag\/remake-it-better\/\" rel=\"tag\">ReMake It Better<\/a><\/div><\/div>\n\n\n<h2 style=\"font-size:clamp(2.2rem, 2.2rem + ((1vw - 0.2rem) * 3), 4rem);font-style:normal;font-weight:500;line-height:1.1;text-transform:capitalize; padding-top:0;\" class=\"has-link-color wp-elements-2c2bd81c1c380485f51255923a525552 wp-block-post-title has-text-color has-contrast-color has-burg-grotesk-font-family\"><a href=\"https:\/\/www.burg-halle.de\/systemdesign\/projekte\/remake-it-better\/fave\/\" target=\"_self\" >FAVE<\/a><\/h2><\/div>\n\n<\/li><\/ul><\/div>\n\n\n\n<div class=\"wp-block-group is-layout-flow wp-block-group-is-layout-flow\" style=\"margin-top:0;margin-bottom:0;padding-top:var(--wp--preset--spacing--20);padding-right:0;padding-bottom:var(--wp--preset--spacing--20);padding-left:0\"><\/div>\n<\/div>\n<\/div>\n<\/div>\n\n\n\n<p><\/p>\n","protected":false},"excerpt":{"rendered":"<p>In diesem Semesterprojekt setzten sich die Studierenden mit bereits existierenden Produkten auf dem Markt auseinander. Dazu betrachteten sie eine Auswahl an Produkten genauer, sezierten und dokumentierten diese und ordneten sie in bestimmte Systeme sowie Nutzungskontexte ein. Dabei wurde versucht, m\u00f6gliche Potenziale zur Verbesserung zu identifizieren, Vereinfachungsstrategien zu entwickeln sowie die Produkte hinsichtlich Materialwahl, Materialersparnis, Nachhaltigkeit, [&hellip;]<\/p>\n","protected":false},"author":2,"featured_media":0,"parent":388,"menu_order":0,"comment_status":"closed","ping_status":"closed","template":"wp-custom-template-semesterprojekt-v2","meta":{"footnotes":""},"categories":[6],"tags":[],"class_list":["post-819","page","type-page","status-publish","hentry","category-semesterprojekt"],"_links":{"self":[{"href":"https:\/\/www.burg-halle.de\/systemdesign\/wp-json\/wp\/v2\/pages\/819","targetHints":{"allow":["GET"]}}],"collection":[{"href":"https:\/\/www.burg-halle.de\/systemdesign\/wp-json\/wp\/v2\/pages"}],"about":[{"href":"https:\/\/www.burg-halle.de\/systemdesign\/wp-json\/wp\/v2\/types\/page"}],"author":[{"embeddable":true,"href":"https:\/\/www.burg-halle.de\/systemdesign\/wp-json\/wp\/v2\/users\/2"}],"replies":[{"embeddable":true,"href":"https:\/\/www.burg-halle.de\/systemdesign\/wp-json\/wp\/v2\/comments?post=819"}],"version-history":[{"count":8,"href":"https:\/\/www.burg-halle.de\/systemdesign\/wp-json\/wp\/v2\/pages\/819\/revisions"}],"predecessor-version":[{"id":855,"href":"https:\/\/www.burg-halle.de\/systemdesign\/wp-json\/wp\/v2\/pages\/819\/revisions\/855"}],"up":[{"embeddable":true,"href":"https:\/\/www.burg-halle.de\/systemdesign\/wp-json\/wp\/v2\/pages\/388"}],"wp:attachment":[{"href":"https:\/\/www.burg-halle.de\/systemdesign\/wp-json\/wp\/v2\/media?parent=819"}],"wp:term":[{"taxonomy":"category","embeddable":true,"href":"https:\/\/www.burg-halle.de\/systemdesign\/wp-json\/wp\/v2\/categories?post=819"},{"taxonomy":"post_tag","embeddable":true,"href":"https:\/\/www.burg-halle.de\/systemdesign\/wp-json\/wp\/v2\/tags?post=819"}],"curies":[{"name":"wp","href":"https:\/\/api.w.org\/{rel}","templated":true}]}}