{"id":857,"date":"2006-02-02T14:32:15","date_gmt":"2006-02-02T13:32:15","guid":{"rendered":"https:\/\/www.burg-halle.de\/systemdesign\/?page_id=857"},"modified":"2026-02-18T15:13:20","modified_gmt":"2026-02-18T14:13:20","slug":"futago","status":"publish","type":"page","link":"https:\/\/www.burg-halle.de\/systemdesign\/projekte\/hairless-in-japan\/futago\/","title":{"rendered":"Futago"},"content":{"rendered":"\n<div class=\"wp-block-group is-layout-flow wp-block-group-is-layout-flow\" style=\"padding-right:var(--wp--preset--spacing--50);padding-left:var(--wp--preset--spacing--50)\">\n<p>Carina Milbrandt<\/p>\n\n\n\n<p class=\"has-burg-grotesk-mono-font-family has-medium-font-size\" style=\"line-height:1.5;text-transform:uppercase\">(jap. Zwilling)<\/p>\n\n\n<h2 class=\"wp-block-post-title\">Futago<\/h2>\n\n\n<div class=\"wp-block-group is-layout-flow wp-block-group-is-layout-flow\">\n<p>Da Japan ein sehr gegens\u00e4tzliches Land ist, habe ich in meiner Gestaltung die Dualit\u00e4t als Bestandteil meines Konzeptes gew\u00e4hlt. \u201eFutago\u201c ist ein neuartiges K\u00f6rperhaarentfernungsger\u00e4t und zeichnet sich durch seine zweiseitige Benutzbarkeit aus. Die zwei Seiten symbolisieren die Gegens\u00e4tze und sind in einer einheitlichen Form vereint. Das Ger\u00e4t ist prim\u00e4r f\u00fcr die japanische Frau gestaltet und l\u00e4sst sich durch seine ergonomische Form gut benutzen.<\/p>\n\n\n\n<p>Der Scherkopf dient der Rasur, w\u00e4hrend der Trimmer gezielt Konturen schneidet. Das Umschalten zwischen den 2 Schneidelementen erfolgt \u00fcber die Leuchttasten und wird durch ein akustisches Signal begleitet. Das gr\u00fcne Leuchten des aktiven Schaltelements vermittelt der Benutzerin ein optisches Feedback. Das Trimmelement f\u00e4hrt durch Tastendruck heraus und ist im \u201eoff Modus\u201c nicht sichtbar. Die Aufladung des Ger\u00e4tes erfolgt in der Ladestation \u00fcber Induktion. Die Ladestation gew\u00e4hrleistet eine hygienische Ger\u00e4teablage und ist mit einer automatischen Kabelaufwicklung ausgestattet. Stromkabel und Netzstecker werden von ihr vollst\u00e4ndig aufgenommen. Der Zustand des Ladevorgangs wird \u00fcber ein Kontrollfeld der Station visualisiert. Ist das Ger\u00e4t aufladebed\u00fcrftig so leuchten beide Tastenelemente rot. Die zylindrische Form der Ladestation verdeutlicht die Funktion der Kabelaufrollung und visualisiert Harmonie.<\/p>\n<\/div>\n\n\n<div id=\"metaslider-id-867\" style=\"width: 100%;\" class=\"ml-slider-3-93-0 metaslider metaslider-flex metaslider-867 ml-slider ms-theme-default-base has-dots-nav\" role=\"region\" aria-roledescription=\"Slideshow\" aria-label=\"Einzelprojekt Futago CM\">\n    <div id=\"metaslider_container_867\">\n        <div id=\"metaslider_867\">\n            <ul class='slides'>\n                <li style=\"display: block; width: 100%;\" class=\"slide-876 ms-image \" aria-roledescription=\"slide\" aria-label=\"slide-876\"><img loading=\"lazy\" decoding=\"async\" src=\"https:\/\/www.burg-halle.de\/systemdesign\/wp-content\/uploads\/2026\/02\/GRAU4694-Kopie-600x400.jpg\" height=\"400\" width=\"600\" alt=\"\" class=\"slider-867 slide-876\" title=\"GRAU4694 Kopie\" \/><\/li>\n                <li style=\"display: none; width: 100%;\" class=\"slide-877 ms-image \" aria-roledescription=\"slide\" aria-label=\"slide-877\"><img loading=\"lazy\" decoding=\"async\" src=\"https:\/\/www.burg-halle.de\/systemdesign\/wp-content\/uploads\/2026\/02\/seiteb-600x400.jpg\" height=\"400\" width=\"600\" alt=\"\" class=\"slider-867 slide-877\" title=\"seiteb\" \/><\/li>\n                <li style=\"display: none; width: 100%;\" class=\"slide-874 ms-image \" aria-roledescription=\"slide\" aria-label=\"slide-874\"><img loading=\"lazy\" decoding=\"async\" src=\"https:\/\/www.burg-halle.de\/systemdesign\/wp-content\/uploads\/2026\/02\/4916-475x316.jpg\" height=\"400\" width=\"600\" alt=\"\" class=\"slider-867 slide-874\" title=\"_4916\" \/><\/li>\n                <li style=\"display: none; width: 100%;\" class=\"slide-875 ms-image \" aria-roledescription=\"slide\" aria-label=\"slide-875\"><img loading=\"lazy\" decoding=\"async\" src=\"https:\/\/www.burg-halle.de\/systemdesign\/wp-content\/uploads\/2026\/02\/111a-600x400.jpg\" height=\"400\" width=\"600\" alt=\"\" class=\"slider-867 slide-875\" title=\"111a\" \/><\/li>\n            <\/ul>\n        <\/div>\n        \n    <\/div>\n<\/div>\n\n\n\n<div class=\"wp-block-group is-layout-flow wp-block-group-is-layout-flow\">\n<p><\/p>\n<\/div>\n<\/div>\n","protected":false},"excerpt":{"rendered":"<p>Carina Milbrandt (jap. Zwilling) Da Japan ein sehr gegens\u00e4tzliches Land ist, habe ich in meiner Gestaltung die Dualit\u00e4t als Bestandteil meines Konzeptes gew\u00e4hlt. \u201eFutago\u201c ist ein neuartiges K\u00f6rperhaarentfernungsger\u00e4t und zeichnet sich durch seine zweiseitige Benutzbarkeit aus. Die zwei Seiten symbolisieren die Gegens\u00e4tze und sind in einer einheitlichen Form vereint. Das Ger\u00e4t ist prim\u00e4r f\u00fcr die [&hellip;]<\/p>\n","protected":false},"author":4,"featured_media":0,"parent":801,"menu_order":0,"comment_status":"closed","ping_status":"closed","template":"wp-custom-template-personenseite","meta":{"footnotes":""},"categories":[7],"tags":[48],"class_list":["post-857","page","type-page","status-publish","hentry","category-einzelprojekt","tag-hairless-in-japan"],"_links":{"self":[{"href":"https:\/\/www.burg-halle.de\/systemdesign\/wp-json\/wp\/v2\/pages\/857","targetHints":{"allow":["GET"]}}],"collection":[{"href":"https:\/\/www.burg-halle.de\/systemdesign\/wp-json\/wp\/v2\/pages"}],"about":[{"href":"https:\/\/www.burg-halle.de\/systemdesign\/wp-json\/wp\/v2\/types\/page"}],"author":[{"embeddable":true,"href":"https:\/\/www.burg-halle.de\/systemdesign\/wp-json\/wp\/v2\/users\/4"}],"replies":[{"embeddable":true,"href":"https:\/\/www.burg-halle.de\/systemdesign\/wp-json\/wp\/v2\/comments?post=857"}],"version-history":[{"count":6,"href":"https:\/\/www.burg-halle.de\/systemdesign\/wp-json\/wp\/v2\/pages\/857\/revisions"}],"predecessor-version":[{"id":880,"href":"https:\/\/www.burg-halle.de\/systemdesign\/wp-json\/wp\/v2\/pages\/857\/revisions\/880"}],"up":[{"embeddable":true,"href":"https:\/\/www.burg-halle.de\/systemdesign\/wp-json\/wp\/v2\/pages\/801"}],"wp:attachment":[{"href":"https:\/\/www.burg-halle.de\/systemdesign\/wp-json\/wp\/v2\/media?parent=857"}],"wp:term":[{"taxonomy":"category","embeddable":true,"href":"https:\/\/www.burg-halle.de\/systemdesign\/wp-json\/wp\/v2\/categories?post=857"},{"taxonomy":"post_tag","embeddable":true,"href":"https:\/\/www.burg-halle.de\/systemdesign\/wp-json\/wp\/v2\/tags?post=857"}],"curies":[{"name":"wp","href":"https:\/\/api.w.org\/{rel}","templated":true}]}}