{"id":891,"date":"2006-03-01T19:58:44","date_gmt":"2006-03-01T18:58:44","guid":{"rendered":"https:\/\/www.burg-halle.de\/systemdesign\/?page_id=891"},"modified":"2026-03-01T20:14:24","modified_gmt":"2026-03-01T19:14:24","slug":"free","status":"publish","type":"page","link":"https:\/\/www.burg-halle.de\/systemdesign\/projekte\/hairless-in-japan\/free\/","title":{"rendered":"Free"},"content":{"rendered":"\n<div class=\"wp-block-group is-layout-flow wp-block-group-is-layout-flow\" style=\"padding-right:var(--wp--preset--spacing--50);padding-left:var(--wp--preset--spacing--50)\">\n<p class=\"has-burg-grotesk-mono-font-family has-medium-font-size\" style=\"line-height:1.5;text-transform:capitalize\">Jana Geissler<\/p>\n\n\n\n<p class=\"has-burg-grotesk-mono-font-family has-medium-font-size\" style=\"line-height:1.5\">ein elektrischer Nassrasierer f\u00fcr die Frau<\/p>\n\n\n<h2 class=\"wp-block-post-title\">Free<\/h2>\n\n\n<div class=\"wp-block-group is-layout-flow wp-block-group-is-layout-flow\">\n<p>Wasser assoziiere ich mit Freiheit und Klarheit. Symbolisch daf\u00fcr stehen f\u00fcr mich die Farben hellblau und wei\u00df.\u00a0<\/p>\n\n\n\n<p>F\u00fcr die Japanerinnen spielt die Enthaarung eine gro\u00dfe Rolle. Sie rasieren sich fast t\u00e4glich bei ihrer K\u00f6rperw\u00e4sche. Dieses Ritual zur Entfernung von Schmutz und Haaren ist nicht nur befreiend sondern auch sehr entspannend.\u00a0<\/p>\n\n\n\n<p>Damit die Frau bei der Rasur ungezwungener und entspannter sein kann, wollte ich ein Ger\u00e4t mit einer freieren Handhabung entwickeln, die der Streichel- oder der\u00a0 Einseifbewegung gleicht.<\/p>\n\n\n\n<p>Von verschiedensten Wasserlebewesen inspiriert, entstanden zahlreiche ergonomische Formstudien. \u00dcber diese kam ich zu einer seestern\u00e4hnlichen F\u00fcnfeckform, die ich wegen ihrer besseren Handanpassung und der formalen \u00c4sthetik als Vorzugsvariante weiterentwickelte.<\/p>\n<\/div>\n\n\n<div id=\"metaslider-id-897\" style=\"width: 100%;\" class=\"ml-slider-3-93-0 metaslider metaslider-flex metaslider-897 ml-slider ms-theme-default-base has-dots-nav\" role=\"region\" aria-roledescription=\"Slideshow\" aria-label=\"Einzelprojekt Free JG\">\n    <div id=\"metaslider_container_897\">\n        <div id=\"metaslider_897\">\n            <ul class='slides'>\n                <li style=\"display: block; width: 100%;\" class=\"slide-908 ms-image \" aria-roledescription=\"slide\" aria-label=\"slide-908\"><img loading=\"lazy\" decoding=\"async\" src=\"https:\/\/www.burg-halle.de\/systemdesign\/wp-content\/uploads\/2026\/03\/Foto4-600x350.jpg\" height=\"350\" width=\"600\" alt=\"\" class=\"slider-897 slide-908\" title=\"Foto4\" \/><\/li>\n                <li style=\"display: none; width: 100%;\" class=\"slide-910 ms-image \" aria-roledescription=\"slide\" aria-label=\"slide-910\"><img loading=\"lazy\" decoding=\"async\" src=\"https:\/\/www.burg-halle.de\/systemdesign\/wp-content\/uploads\/2026\/03\/Foto6-600x350.jpg\" height=\"350\" width=\"600\" alt=\"\" class=\"slider-897 slide-910\" \/><\/li>\n                <li style=\"display: none; width: 100%;\" class=\"slide-906 ms-image \" aria-roledescription=\"slide\" aria-label=\"slide-906\"><img loading=\"lazy\" decoding=\"async\" src=\"https:\/\/www.burg-halle.de\/systemdesign\/wp-content\/uploads\/2026\/03\/Foto1-600x350.jpg\" height=\"350\" width=\"600\" alt=\"\" class=\"slider-897 slide-906\" title=\"Foto1\" \/><\/li>\n                <li style=\"display: none; width: 100%;\" class=\"slide-907 ms-image \" aria-roledescription=\"slide\" aria-label=\"slide-907\"><img loading=\"lazy\" decoding=\"async\" src=\"https:\/\/www.burg-halle.de\/systemdesign\/wp-content\/uploads\/2026\/03\/Foto2-600x350.jpg\" height=\"350\" width=\"600\" alt=\"\" class=\"slider-897 slide-907\" title=\"Foto2\" \/><\/li>\n                <li style=\"display: none; width: 100%;\" class=\"slide-909 ms-image \" aria-roledescription=\"slide\" aria-label=\"slide-909\"><img loading=\"lazy\" decoding=\"async\" src=\"https:\/\/www.burg-halle.de\/systemdesign\/wp-content\/uploads\/2026\/03\/Foto5-scaled-600x350.jpg\" height=\"350\" width=\"600\" alt=\"\" class=\"slider-897 slide-909\" title=\"Foto5\" \/><\/li>\n                <li style=\"display: none; width: 100%;\" class=\"slide-911 ms-image \" aria-roledescription=\"slide\" aria-label=\"slide-911\"><img loading=\"lazy\" decoding=\"async\" src=\"https:\/\/www.burg-halle.de\/systemdesign\/wp-content\/uploads\/2026\/03\/Foto7-600x350.jpg\" height=\"350\" width=\"600\" alt=\"\" class=\"slider-897 slide-911\" \/><\/li>\n                <li style=\"display: none; width: 100%;\" class=\"slide-912 ms-image \" aria-roledescription=\"slide\" aria-label=\"slide-912\"><img loading=\"lazy\" decoding=\"async\" src=\"https:\/\/www.burg-halle.de\/systemdesign\/wp-content\/uploads\/2026\/03\/Jana4-531x309.jpg\" height=\"350\" width=\"600\" alt=\"\" class=\"slider-897 slide-912\" title=\"Jana4\" \/><\/li>\n            <\/ul>\n        <\/div>\n        \n    <\/div>\n<\/div>\n\n\n\n<div class=\"wp-block-group is-layout-flow wp-block-group-is-layout-flow\">\n<p>\u00dcber einen Exzenter wird eine Scheibe mit f\u00fcnf Klingenbl\u00f6cken angetrieben. \u00a0 \u00a0<\/p>\n\n\n\n<p>Die Schneidefl\u00e4che wird nun erheblich gr\u00f6\u00dfer und eignet sich besonders\u00a0 f\u00fcr\u00a0 gro\u00dffl\u00e4chige behaarte K\u00f6rperstellen wie Beine und Arme. Nat\u00fcrlich lassen sich auch kleinere K\u00f6rperpartien enthaaren.\u00a0<\/p>\n\n\n\n<p>Es gibt zwei verschiedene Benutzungsarten f\u00fcr den neuen Rasierer:\u00a0 man legt ihn in die Handfl\u00e4che oder man h\u00e4lt ihn zwischen den Fingern.\u00a0<\/p>\n\n\n\n<p>Der Rasierer \u201efree\u201c hat ein zweigeteiltes Erscheinungsbild. Der obere Teil ist aus einer hochwertigen wei\u00dfen Silikonkeramik und dadurch besonders langlebig und hygienisch. Der untere technische Teil besteht aus weichem Silikon und den Scherfolien.\u00a0<\/p>\n\n\n\n<p>Dieser Teil l\u00e4sst sich f\u00fcr eine gr\u00fcndliche Reinigung abnehmen und gegebenenfalls austauschen.<\/p>\n\n\n\n<p>Die Ladestation ist kabellos und wird direkt in die Steckdose gesteckt.\u00a0<\/p>\n<\/div>\n<\/div>\n\n\n\n<p><\/p>\n","protected":false},"excerpt":{"rendered":"<p>Jana Geissler ein elektrischer Nassrasierer f\u00fcr die Frau Wasser assoziiere ich mit Freiheit und Klarheit. Symbolisch daf\u00fcr stehen f\u00fcr mich die Farben hellblau und wei\u00df.\u00a0 F\u00fcr die Japanerinnen spielt die Enthaarung eine gro\u00dfe Rolle. Sie rasieren sich fast t\u00e4glich bei ihrer K\u00f6rperw\u00e4sche. Dieses Ritual zur Entfernung von Schmutz und Haaren ist nicht nur befreiend sondern [&hellip;]<\/p>\n","protected":false},"author":4,"featured_media":0,"parent":801,"menu_order":0,"comment_status":"closed","ping_status":"closed","template":"wp-custom-template-personenseite","meta":{"footnotes":""},"categories":[7],"tags":[48],"class_list":["post-891","page","type-page","status-publish","hentry","category-einzelprojekt","tag-hairless-in-japan"],"_links":{"self":[{"href":"https:\/\/www.burg-halle.de\/systemdesign\/wp-json\/wp\/v2\/pages\/891","targetHints":{"allow":["GET"]}}],"collection":[{"href":"https:\/\/www.burg-halle.de\/systemdesign\/wp-json\/wp\/v2\/pages"}],"about":[{"href":"https:\/\/www.burg-halle.de\/systemdesign\/wp-json\/wp\/v2\/types\/page"}],"author":[{"embeddable":true,"href":"https:\/\/www.burg-halle.de\/systemdesign\/wp-json\/wp\/v2\/users\/4"}],"replies":[{"embeddable":true,"href":"https:\/\/www.burg-halle.de\/systemdesign\/wp-json\/wp\/v2\/comments?post=891"}],"version-history":[{"count":4,"href":"https:\/\/www.burg-halle.de\/systemdesign\/wp-json\/wp\/v2\/pages\/891\/revisions"}],"predecessor-version":[{"id":913,"href":"https:\/\/www.burg-halle.de\/systemdesign\/wp-json\/wp\/v2\/pages\/891\/revisions\/913"}],"up":[{"embeddable":true,"href":"https:\/\/www.burg-halle.de\/systemdesign\/wp-json\/wp\/v2\/pages\/801"}],"wp:attachment":[{"href":"https:\/\/www.burg-halle.de\/systemdesign\/wp-json\/wp\/v2\/media?parent=891"}],"wp:term":[{"taxonomy":"category","embeddable":true,"href":"https:\/\/www.burg-halle.de\/systemdesign\/wp-json\/wp\/v2\/categories?post=891"},{"taxonomy":"post_tag","embeddable":true,"href":"https:\/\/www.burg-halle.de\/systemdesign\/wp-json\/wp\/v2\/tags?post=891"}],"curies":[{"name":"wp","href":"https:\/\/api.w.org\/{rel}","templated":true}]}}