{"id":925,"date":"2023-03-30T14:56:07","date_gmt":"2023-03-30T12:56:07","guid":{"rendered":"https:\/\/www.burg-halle.de\/systemdesign\/?page_id=925"},"modified":"2026-03-16T15:20:37","modified_gmt":"2026-03-16T14:20:37","slug":"fave","status":"publish","type":"page","link":"https:\/\/www.burg-halle.de\/systemdesign\/projekte\/remake-it-better\/fave\/","title":{"rendered":"FAVE"},"content":{"rendered":"\n<div class=\"wp-block-group is-layout-flow wp-block-group-is-layout-flow\" style=\"padding-right:var(--wp--preset--spacing--50);padding-left:var(--wp--preset--spacing--50)\">\n<p class=\"has-burg-grotesk-mono-font-family has-medium-font-size\" style=\"line-height:1.5;text-transform:capitalize\">Matthias Franzen<\/p>\n\n\n\n<p class=\"has-burg-grotesk-mono-font-family has-medium-font-size\" style=\"line-height:1.5;text-transform:uppercase\">DIE FAHRRADTASCHE ZUM VERGESSEN<\/p>\n\n\n<h2 class=\"wp-block-post-title\">FAVE<\/h2>\n\n\n<div class=\"wp-block-group is-layout-flow wp-block-group-is-layout-flow\">\n<p>Die Idee hinter diesem Projekt ist, das Mitnehmen einer Fahrradtasche zu verbessern. Ganz \u00e4hnlich wie ein Kofferraum, ist sie immer dabei und sofort verf\u00fcgbar, wenn man sie ben\u00f6tigt. Die l\u00e4stigen Momente, in denen man die Fahrradtasche vergessen hat, aber zum Beispiel noch spontan einkaufen geht, sollen somit der Vergangenheit angeh\u00f6ren. Ein Hauptkriterium f\u00fcr eine solche Tasche ist Diebstahlsicherheit, um sorgenlos das Fahrrad abzustellen. Gleichzeitig soll eine solche Tasche in Momenten, in denen man sie nicht braucht, unscheinbar sein.<\/p>\n<\/div>\n\n\n<div id=\"metaslider-id-930\" style=\"width: 100%;\" class=\"ml-slider-3-93-0 metaslider metaslider-flex metaslider-930 ml-slider ms-theme-default-base has-dots-nav\" role=\"region\" aria-roledescription=\"Slideshow\" aria-label=\"Einzelprojekt FAVE MF\">\n    <div id=\"metaslider_container_930\">\n        <div id=\"metaslider_930\">\n            <ul class='slides'>\n                <li style=\"display: block; width: 100%;\" class=\"slide-934 ms-image \" aria-roledescription=\"slide\" aria-label=\"slide-934\"><img loading=\"lazy\" decoding=\"async\" src=\"https:\/\/www.burg-halle.de\/systemdesign\/wp-content\/uploads\/2026\/03\/20240125_MATTHIAS_ID-WISE_017K-1500x900.jpg\" height=\"900\" width=\"1500\" alt=\"\" class=\"slider-930 slide-934\" title=\"20240125_MATTHIAS_ID-WISE_017K\" \/><\/li>\n                <li style=\"display: none; width: 100%;\" class=\"slide-936 ms-image \" aria-roledescription=\"slide\" aria-label=\"slide-936\"><img loading=\"lazy\" decoding=\"async\" src=\"https:\/\/www.burg-halle.de\/systemdesign\/wp-content\/uploads\/2026\/03\/20240125_MATTHIAS_ID-WISE_053K-1067x640.jpg\" height=\"900\" width=\"1500\" alt=\"\" class=\"slider-930 slide-936\" title=\"20240125_MATTHIAS_ID-WISE_053K\" \/><\/li>\n                <li style=\"display: none; width: 100%;\" class=\"slide-935 ms-image \" aria-roledescription=\"slide\" aria-label=\"slide-935\"><img loading=\"lazy\" decoding=\"async\" src=\"https:\/\/www.burg-halle.de\/systemdesign\/wp-content\/uploads\/2026\/03\/20240125_MATTHIAS_ID-WISE_029K-1067x640.jpg\" height=\"900\" width=\"1500\" alt=\"\" class=\"slider-930 slide-935\" title=\"20240125_MATTHIAS_ID-WISE_029K\" \/><\/li>\n            <\/ul>\n        <\/div>\n        \n    <\/div>\n<\/div>\n\n\n\n<div class=\"wp-block-group is-layout-flow wp-block-group-is-layout-flow\">\n<p>Diese Gep\u00e4cktr\u00e4gertasche ist daf\u00fcr bestimmt, dauerhaft am Fahrrad angeschlossen zu sein. Die spezielle Falttechnik erm\u00f6glicht eine ON\/OFF Funktion. Im ON Zustand ist sie wasserdicht, stabil und verf\u00fcgt \u00fcber 19 Liter Stauraum. Auf nur noch 2 cm zusammengefaltet ist sie im OFF Zustand kaum auftragend, und ver\u00e4ndert somit nicht die Dimensionen des Fahrrads. Die klassische Funktion einer Fahrradtasche wird durch eine individuell gestalt- und herausnehmbare, sowie dimensionsgleiche Innentasche angeboten. Verbessert wird diese jedoch durch vorhandene Innenaufteilungen.<\/p>\n\n\n\n<p>Ich verfolge mit diesem Projekt das Ziel, zu einer nachhaltigen, innovativen und praktischen Mobilit\u00e4tswende beizutragen. Da dem Fahrrad die Zukunft geh\u00f6rt, m\u00fcssen viele Aspekte weiter verbesser und optimiert werden. Dazu geh\u00f6rt sowohl im Glauben des Designers als auch f\u00fcr befragte Personen ganz eindeutig bessere und einfachere Transportm\u00f6glichkeiten, die es erleichtern, vom Auto auf das Fahrrad umzusteigen. Dies gilt nicht nur f\u00fcr das Fahrrad selbst, sondern auch f\u00fcr diverses Zubeh\u00f6r. Diese Fahrradtasche tr\u00e4gt zu diesem Ziel bei.<\/p>\n\n\n\n<p>Zielgruppe sind nat\u00fcrlich all diejenigen, die Fahrrad fahren aber auch alle, die sich vom Fahrradfahren \u00fcberzeugen lassen wollen. Es handelt sich hierbei nicht um ein Nischenprojekt, das nur nur f\u00fcr eine bestimmt Gruppe von Fahrradfahrenden oder Fahrr\u00e4dern gedacht ist. Das einzige, was man braucht, ist die Lust am Fahren und ganz wichtig einen Gep\u00e4cktr\u00e4ger.<\/p>\n<\/div>\n<\/div>\n","protected":false},"excerpt":{"rendered":"<p>Matthias Franzen DIE FAHRRADTASCHE ZUM VERGESSEN Die Idee hinter diesem Projekt ist, das Mitnehmen einer Fahrradtasche zu verbessern. Ganz \u00e4hnlich wie ein Kofferraum, ist sie immer dabei und sofort verf\u00fcgbar, wenn man sie ben\u00f6tigt. Die l\u00e4stigen Momente, in denen man die Fahrradtasche vergessen hat, aber zum Beispiel noch spontan einkaufen geht, sollen somit der Vergangenheit [&hellip;]<\/p>\n","protected":false},"author":4,"featured_media":0,"parent":819,"menu_order":0,"comment_status":"closed","ping_status":"closed","template":"wp-custom-template-personenseite","meta":{"footnotes":""},"categories":[7],"tags":[45],"class_list":["post-925","page","type-page","status-publish","hentry","category-einzelprojekt","tag-remake-it-better"],"_links":{"self":[{"href":"https:\/\/www.burg-halle.de\/systemdesign\/wp-json\/wp\/v2\/pages\/925","targetHints":{"allow":["GET"]}}],"collection":[{"href":"https:\/\/www.burg-halle.de\/systemdesign\/wp-json\/wp\/v2\/pages"}],"about":[{"href":"https:\/\/www.burg-halle.de\/systemdesign\/wp-json\/wp\/v2\/types\/page"}],"author":[{"embeddable":true,"href":"https:\/\/www.burg-halle.de\/systemdesign\/wp-json\/wp\/v2\/users\/4"}],"replies":[{"embeddable":true,"href":"https:\/\/www.burg-halle.de\/systemdesign\/wp-json\/wp\/v2\/comments?post=925"}],"version-history":[{"count":4,"href":"https:\/\/www.burg-halle.de\/systemdesign\/wp-json\/wp\/v2\/pages\/925\/revisions"}],"predecessor-version":[{"id":938,"href":"https:\/\/www.burg-halle.de\/systemdesign\/wp-json\/wp\/v2\/pages\/925\/revisions\/938"}],"up":[{"embeddable":true,"href":"https:\/\/www.burg-halle.de\/systemdesign\/wp-json\/wp\/v2\/pages\/819"}],"wp:attachment":[{"href":"https:\/\/www.burg-halle.de\/systemdesign\/wp-json\/wp\/v2\/media?parent=925"}],"wp:term":[{"taxonomy":"category","embeddable":true,"href":"https:\/\/www.burg-halle.de\/systemdesign\/wp-json\/wp\/v2\/categories?post=925"},{"taxonomy":"post_tag","embeddable":true,"href":"https:\/\/www.burg-halle.de\/systemdesign\/wp-json\/wp\/v2\/tags?post=925"}],"curies":[{"name":"wp","href":"https:\/\/api.w.org\/{rel}","templated":true}]}}