{"id":988,"date":"2022-09-30T23:59:20","date_gmt":"2022-09-30T21:59:20","guid":{"rendered":"https:\/\/www.burg-halle.de\/systemdesign\/?page_id=988"},"modified":"2026-04-01T11:21:02","modified_gmt":"2026-04-01T09:21:02","slug":"stand-up-2","status":"publish","type":"page","link":"https:\/\/www.burg-halle.de\/systemdesign\/projekte\/stand-up-2\/","title":{"rendered":"Stand Up"},"content":{"rendered":"\n<div class=\"wp-block-group is-layout-flow wp-block-group-is-layout-flow\">\n<div class=\"wp-block-cover aligncenter is-light has-parallax wp-duotone-unset-2\" style=\"margin-top:0;margin-bottom:0;padding-top:0;padding-right:0;padding-bottom:0;padding-left:0;min-height:400px;aspect-ratio:unset;\"><span aria-hidden=\"true\" class=\"wp-block-cover__background has-base-background-color has-background-dim-0 has-background-dim\"><\/span><div class=\"wp-block-cover__image-background wp-image-992 has-parallax\" style=\"background-position:50% 50%;background-image:url(https:\/\/www.burg-halle.de\/systemdesign\/wp-content\/uploads\/2026\/04\/Bildschirmfoto-2026-04-01-um-10.47.00.png)\"><\/div><div class=\"wp-block-cover__inner-container is-layout-flow wp-block-cover-is-layout-flow\">\n<div class=\"wp-block-group is-vertical is-layout-flex wp-container-core-group-is-layout-4 wp-block-group-is-layout-flex\" style=\"margin-top:0;margin-bottom:0;padding-top:0;padding-right:0;padding-bottom:0;padding-left:0\">\n<div class=\"wp-block-group has-base-background-color has-background is-layout-flow wp-container-core-group-is-layout-3 wp-block-group-is-layout-flow\" style=\"margin-top:0;margin-bottom:200px;padding-top:var(--wp--preset--spacing--10);padding-right:var(--wp--preset--spacing--50);padding-bottom:var(--wp--preset--spacing--10);padding-left:var(--wp--preset--spacing--50)\">\n<div class=\"wp-block-group is-nowrap is-layout-flex wp-container-core-group-is-layout-1 wp-block-group-is-layout-flex\"><h2 style=\"font-size:clamp(2.2rem, 2.2rem + ((1vw - 0.2rem) * 3), 4rem);font-style:normal;font-weight:500;line-height:1.1;text-transform:uppercase; padding-right:0;padding-left:0;\" class=\"wp-block-post-title has-burg-grotesk-font-family\">Stand Up<\/h2><\/div>\n\n\n\n<div class=\"wp-block-group is-nowrap is-layout-flex wp-container-core-group-is-layout-2 wp-block-group-is-layout-flex\">\n<p class=\"has-burg-grotesk-mono-font-family has-medium-font-size\">Sommersemester 2022<\/p>\n<\/div>\n<\/div>\n<\/div>\n<\/div><\/div>\n\n\n\n<div class=\"wp-block-group is-layout-flow wp-block-group-is-layout-flow\">\n<div class=\"wp-block-group is-layout-flow wp-block-group-is-layout-flow\" style=\"padding-top:var(--wp--preset--spacing--20);padding-right:var(--wp--preset--spacing--50);padding-bottom:var(--wp--preset--spacing--20);padding-left:var(--wp--preset--spacing--50)\">\n<div class=\"wp-block-columns is-layout-flex wp-container-core-columns-is-layout-1 wp-block-columns-is-layout-flex\">\n<div class=\"wp-block-column is-layout-flow wp-block-column-is-layout-flow\">\n<p class=\"has-burg-grotesk-font-family has-medium-font-size\">Von der Fl\u00e4che zur Form<\/p>\n\n\n\n<p>Die Welt ist im Wandel, R\u00e4ume verengen sich. Der Wunsch nach flexiblen und qualitativen L\u00f6sungen w\u00e4chst. Nachhaltigkeitsaspekte r\u00fccken in den Fokus. \u00dcber Produktherkunft, Herstellung und Lieferketten soll Gewissheit herrschen. Wir werden immer digitaler, dezentrale Konzepte und neue Vertriebsm\u00f6glichkeiten werden zunehmend interessanter. Platzsparende Nutzungskonzepte bekommen immer mehr Bedeutung, egal ob in der Wohn-, Arbeits- oder Freizeitwelt.<\/p>\n\n\n\n<p>Menschen sch\u00e4tzen den Wert von Produkten, die sie selbst aufgebaut haben, viel h\u00f6her ein als von fertigen Produkten. Dabei ist es aber wichtig, dass die notwendige Eigenleistung einfach bleibt. Interaktion und Teilhabe, statt \u00fcberm\u00e4\u00dfige Komplexit\u00e4t und Anstrengung. Sie wollen Dinge, die sie verstehen.<\/p>\n\n\n\n<p>Ein Objekt, was sich von alleine erkl\u00e4rt, mir zeigt, wie es genutzt werden soll, einer bestimmten Logik folgt oder durch einen bestimmten Kniff dessen Nutzungskonzept entfaltet, tr\u00e4gt einen h\u00f6chst w\u00fcnschenswerten Gestaltungsansatz in sich. <\/p>\n\n\n\n<p>In diesem Sinne wollen wir uns in dem Semesterprojekt mit der Gestaltung und Entwicklung von Objekten besch\u00e4ftigen, die sich m\u00f6glichst von einem flachen Zustand zu einer nutzbaren Form erheben. <\/p>\n\n\n\n<p><\/p>\n<\/div>\n\n\n\n<div class=\"wp-block-column is-layout-flow wp-block-column-is-layout-flow\">\n<p class=\"has-burg-grotesk-font-family has-medium-font-size\">Dabei arbeiten wir stark prinzip-, material- und technologieorientiert und versuchen diese geeignet in Einklang zu bringen. Wir erfahren etwas \u00fcber verschiedene Fertigungs- und Verbindungstechniken, Konstruktionsprinzipien, geometrische Transformationen und CAD-basierte Fl\u00e4chenabwicklungen. Uns<br>begegnen Begrifflichkeiten wie flat-pack, open-source, pop-up, smart-structure und IKEA-effect.<\/p>\n\n\n\n<p>Es wird ein st\u00e4ndiges Auf und Ab. Von der Fl\u00e4che zur Form und wieder zur\u00fcck um sich St\u00fcck f\u00fcr St\u00fcck der geeigneten Form und Funktionalit\u00e4t zu n\u00e4hern \u2013 ressourcenschonend, verschnittarm, kosteng\u00fcnstig und platzsparend.<\/p>\n\n\n\n<p class=\"has-burg-grotesk-font-family has-medium-font-size\">F\u00fcr die Recherche- und Analysephase sind kleinere Exkursionen und Tagesausfl\u00fcge in Planung. Wir werden themenrelevante Designstudios, Ausstellungen und Forschungsinstitute besuchen sowie einen CAD-Kurs in die gemeinsame Workshopwoche eingliedern und dabei die Herstellungsm\u00f6glichkeiten der zentralen Campuswerkst\u00e4tten n\u00e4her beleuchten. Zur Vorbereitung auf das Projekt sollen zudem Recherchethemen \u00fcber die vorlesungsfreie Zeit erarbeitet und am Anfang des Semesters pr\u00e4sentiert werden.<\/p>\n<\/div>\n<\/div>\n<\/div>\n<\/div>\n\n\n\n<div class=\"wp-block-group has-accent-5-background-color has-background is-layout-flow wp-block-group-is-layout-flow\" style=\"padding-top:var(--wp--preset--spacing--30);padding-right:var(--wp--preset--spacing--40);padding-bottom:var(--wp--preset--spacing--30);padding-left:var(--wp--preset--spacing--40)\"><div class=\"_df_book df-lite\" id=\"df_996\"  _slug=\"22-sose2022-stand-up\" data-title=\"22-sose2022-stand-up\" wpoptions=\"true\" thumbtype=\"\" ><\/div><script class=\"df-shortcode-script\" type=\"application\/javascript\">window.option_df_996 = {\"outline\":[],\"backgroundColor\":\"transparent\",\"autoEnableOutline\":\"false\",\"autoEnableThumbnail\":\"false\",\"overwritePDFOutline\":\"false\",\"direction\":\"1\",\"pageSize\":\"0\",\"source\":\"https:\\\/\\\/www.burg-halle.de\\\/systemdesign\\\/wp-content\\\/uploads\\\/2026\\\/04\\\/DOKU_STAND-UP_SOMSE-2022_A_240x170_INNENTEIL-komprimiertC2A028129.pdf\",\"wpOptions\":\"true\"}; if(window.DFLIP && window.DFLIP.parseBooks){window.DFLIP.parseBooks();}<\/script>\n\n\n\n<div class=\"wp-block-group is-layout-flow wp-block-group-is-layout-flow\" style=\"padding-right:var(--wp--preset--spacing--50);padding-left:var(--wp--preset--spacing--50)\">\n<p class=\"has-text-align-right has-contrast-color has-text-color has-link-color has-small-font-size wp-elements-b7ac66b8299fca75512ad1f90de31c8c\">Gesamtdoku mit allen Projektbeitr\u00e4gen<\/p>\n<\/div>\n<\/div>\n\n\n\n<div class=\"wp-block-group is-layout-flow wp-block-group-is-layout-flow\">\n<div class=\"wp-block-columns is-layout-flex wp-container-core-columns-is-layout-13 wp-block-columns-is-layout-flex\" style=\"padding-top:var(--wp--preset--spacing--10);padding-right:var(--wp--preset--spacing--50);padding-bottom:var(--wp--preset--spacing--10);padding-left:var(--wp--preset--spacing--50)\">\n<div class=\"wp-block-column is-layout-flow wp-container-core-column-is-layout-12 wp-block-column-is-layout-flow\" style=\"flex-basis:50%\">\n<p class=\"has-burg-grotesk-mono-font-family has-medium-font-size\">Projektteilnehmer<\/p>\n\n\n\n<div class=\"wp-block-columns is-layout-flex wp-container-core-columns-is-layout-2 wp-block-columns-is-layout-flex\">\n<div class=\"wp-block-column is-layout-flow wp-block-column-is-layout-flow\" style=\"flex-basis:75%\">\n<p class=\"has-small-font-size\" style=\"line-height:1\">Milan Behrens<\/p>\n<\/div>\n<\/div>\n\n\n\n<div class=\"wp-block-columns is-layout-flex wp-container-core-columns-is-layout-3 wp-block-columns-is-layout-flex\" style=\"padding-top:0;padding-bottom:0\">\n<div class=\"wp-block-column is-layout-flow wp-block-column-is-layout-flow\" style=\"flex-basis:75%\">\n<p class=\"has-small-font-size\" style=\"line-height:1\">Judith Burgard<\/p>\n<\/div>\n<\/div>\n\n\n\n<div class=\"wp-block-columns is-layout-flex wp-container-core-columns-is-layout-4 wp-block-columns-is-layout-flex\" style=\"padding-top:0;padding-bottom:0\">\n<div class=\"wp-block-column is-layout-flow wp-block-column-is-layout-flow\" style=\"flex-basis:75%\">\n<p class=\"has-small-font-size\" style=\"line-height:1\">Yerin Kim<\/p>\n<\/div>\n<\/div>\n\n\n\n<div class=\"wp-block-columns is-layout-flex wp-container-core-columns-is-layout-5 wp-block-columns-is-layout-flex\" style=\"padding-top:0;padding-bottom:0\">\n<div class=\"wp-block-column is-layout-flow wp-block-column-is-layout-flow\" style=\"flex-basis:75%\">\n<p class=\"has-small-font-size\" style=\"line-height:1\">Paulina Knoll<\/p>\n<\/div>\n<\/div>\n\n\n\n<div class=\"wp-block-columns is-layout-flex wp-container-core-columns-is-layout-6 wp-block-columns-is-layout-flex\" style=\"padding-top:0;padding-bottom:0\">\n<div class=\"wp-block-column is-layout-flow wp-block-column-is-layout-flow\" style=\"flex-basis:75%\">\n<p class=\"has-small-font-size\" style=\"line-height:1\">Jisu Park<\/p>\n<\/div>\n<\/div>\n\n\n\n<div class=\"wp-block-columns is-layout-flex wp-container-core-columns-is-layout-7 wp-block-columns-is-layout-flex\" style=\"padding-top:0;padding-bottom:0\">\n<div class=\"wp-block-column is-layout-flow wp-block-column-is-layout-flow\" style=\"flex-basis:75%\">\n<p class=\"has-small-font-size\" style=\"line-height:1\">Josua Rothers\u00a0<\/p>\n<\/div>\n<\/div>\n\n\n\n<div class=\"wp-block-columns is-layout-flex wp-container-core-columns-is-layout-8 wp-block-columns-is-layout-flex\" style=\"padding-top:0;padding-bottom:0\">\n<div class=\"wp-block-column is-layout-flow wp-block-column-is-layout-flow\" style=\"flex-basis:75%\">\n<p class=\"has-small-font-size\" style=\"line-height:1\">Johannes Sch\u00f6nherr<\/p>\n<\/div>\n<\/div>\n\n\n\n<div class=\"wp-block-columns is-layout-flex wp-container-core-columns-is-layout-9 wp-block-columns-is-layout-flex\" style=\"padding-top:0;padding-bottom:0\">\n<div class=\"wp-block-column is-layout-flow wp-block-column-is-layout-flow\" style=\"flex-basis:75%\">\n<p class=\"has-small-font-size\" style=\"line-height:1\">Xue Song<\/p>\n<\/div>\n<\/div>\n\n\n\n<div class=\"wp-block-columns is-layout-flex wp-container-core-columns-is-layout-10 wp-block-columns-is-layout-flex\" style=\"padding-top:0;padding-bottom:0\">\n<div class=\"wp-block-column is-layout-flow wp-block-column-is-layout-flow\" style=\"flex-basis:75%\">\n<p class=\"has-small-font-size\" style=\"line-height:1\">Sandro Wiegand<\/p>\n<\/div>\n<\/div>\n\n\n\n<div style=\"height:1rem\" aria-hidden=\"true\" class=\"wp-block-spacer\"><\/div>\n<\/div>\n\n\n\n<div class=\"wp-block-column is-layout-flow wp-container-core-column-is-layout-15 wp-block-column-is-layout-flow\" style=\"flex-basis:50%\">\n<p class=\"has-burg-grotesk-mono-font-family has-medium-font-size\">Lehrpersonal<\/p>\n\n\n\n<div class=\"wp-block-columns is-layout-flex wp-container-core-columns-is-layout-11 wp-block-columns-is-layout-flex\">\n<div class=\"wp-block-column is-layout-flow wp-block-column-is-layout-flow\" style=\"flex-basis:75%\">\n<p class=\"has-small-font-size\" style=\"line-height:1\">Gastprof. Matthias Z\u00e4nsler (Gastprofessur f\u00fcr Produkt- und Systemdesign)<\/p>\n<\/div>\n<\/div>\n\n\n\n<div class=\"wp-block-columns is-layout-flex wp-container-core-columns-is-layout-12 wp-block-columns-is-layout-flex\">\n<div class=\"wp-block-column is-layout-flow wp-block-column-is-layout-flow\" style=\"flex-basis:75%\">\n<p class=\"has-small-font-size\" style=\"line-height:1\">Alexander Rex (K\u00fcnstlerischer Mitarbeiter)<\/p>\n<\/div>\n<\/div>\n\n\n\n<div style=\"height:1rem\" aria-hidden=\"true\" class=\"wp-block-spacer\"><\/div>\n<\/div>\n<\/div>\n<\/div>\n\n\n\n<p><\/p>\n\n\n\n<div class=\"wp-block-columns is-layout-flex wp-container-core-columns-is-layout-14 wp-block-columns-is-layout-flex\" style=\"padding-right:var(--wp--preset--spacing--50);padding-left:var(--wp--preset--spacing--50)\">\n<div class=\"wp-block-column is-layout-flow wp-block-column-is-layout-flow\"><\/div>\n\n\n\n<div class=\"wp-block-column is-layout-flow wp-block-column-is-layout-flow\">\n<figure class=\"wp-block-image size-large\"><img loading=\"lazy\" decoding=\"async\" width=\"728\" height=\"1024\" src=\"https:\/\/www.burg-halle.de\/systemdesign\/wp-content\/uploads\/2026\/04\/Bildschirmfoto-2026-04-01-um-11.02.58-728x1024.png\" alt=\"\" class=\"wp-image-998\" srcset=\"https:\/\/www.burg-halle.de\/systemdesign\/wp-content\/uploads\/2026\/04\/Bildschirmfoto-2026-04-01-um-11.02.58-728x1024.png 728w, https:\/\/www.burg-halle.de\/systemdesign\/wp-content\/uploads\/2026\/04\/Bildschirmfoto-2026-04-01-um-11.02.58-213x300.png 213w, https:\/\/www.burg-halle.de\/systemdesign\/wp-content\/uploads\/2026\/04\/Bildschirmfoto-2026-04-01-um-11.02.58-768x1081.png 768w, https:\/\/www.burg-halle.de\/systemdesign\/wp-content\/uploads\/2026\/04\/Bildschirmfoto-2026-04-01-um-11.02.58.png 1006w\" sizes=\"auto, (max-width: 728px) 100vw, 728px\" \/><\/figure>\n<\/div>\n\n\n\n<div class=\"wp-block-column is-layout-flow wp-block-column-is-layout-flow\"><\/div>\n<\/div>\n\n\n\n<div class=\"wp-block-group is-layout-flow wp-block-group-is-layout-flow\" style=\"padding-top:var(--wp--preset--spacing--10);padding-right:var(--wp--preset--spacing--50);padding-bottom:var(--wp--preset--spacing--10);padding-left:var(--wp--preset--spacing--50)\">\n<p class=\"has-burg-grotesk-mono-font-family has-medium-font-size\">Credits<\/p>\n\n\n\n<p class=\"has-medium-font-size\" style=\"line-height:1.5\">Alle Rechte an studentischen Projekten und studentischen Bildern liegen bei den jeweiligen Studierenden.<\/p>\n\n\n\n<div class=\"wp-block-columns is-layout-flex wp-container-core-columns-is-layout-15 wp-block-columns-is-layout-flex\">\n<div class=\"wp-block-column is-layout-flow wp-block-column-is-layout-flow\" style=\"flex-basis:50%\">\n<p class=\"has-medium-font-size\" style=\"line-height:1.5\">PROJEKTLEITUNG<br>Gastprof. Matthias Z\u00e4nsler (Gastprofessur f\u00fcr Produkt- und Systemdesign)<\/p>\n\n\n\n<p class=\"has-medium-font-size\" style=\"line-height:1.5\">PUBLIKATION<br>Gastprof. Matthias Z\u00e4nsler und Studierende des Projekts im Studienschwerpunkt Produktgestaltung und Systemdesign im Studiengang Industriedesign der Burg Giebichenstein Kunsthochschule Halle<br>University of Art and Design<br>Neuwerk 7 \/ 06108 Halle (Saale) Deutschland<\/p>\n\n\n\n<p class=\"has-medium-font-size\" style=\"line-height:1.5\">GESTALTUNG DER DOKUMENTATION<br>Matthias Z\u00e4nsler und Milan Behrens<\/p>\n<\/div>\n\n\n\n<div class=\"wp-block-column is-layout-flow wp-block-column-is-layout-flow\" style=\"flex-basis:50%\">\n<p class=\"has-medium-font-size\" style=\"line-height:1.5\">STUDIOFOTOGRAFIE &amp; BEARBEITUNG<br>Tomasz Lewandowski<br>Paulina Knoll<br>Matthias Z\u00e4nsler<\/p>\n<\/div>\n<\/div>\n<\/div>\n\n\n\n<div class=\"wp-block-group is-layout-flow wp-block-group-is-layout-flow\" style=\"padding-right:var(--wp--preset--spacing--50);padding-left:var(--wp--preset--spacing--50)\">\n<p class=\"has-burg-grotesk-mono-font-family has-medium-font-size\">Einzelprojekte<\/p>\n\n\n\n<div class=\"wp-block-query alignfull is-layout-flow wp-block-query-is-layout-flow\">\n<div class=\"wp-block-group alignfull is-layout-flow wp-block-group-is-layout-flow\" style=\"padding-top:0;padding-right:0;padding-bottom:0;padding-left:0\"><\/div>\n\n\n\n<div class=\"wp-block-group is-layout-flow wp-block-group-is-layout-flow\" style=\"margin-top:0;margin-bottom:0;padding-top:var(--wp--preset--spacing--20);padding-right:0;padding-bottom:var(--wp--preset--spacing--20);padding-left:0\"><\/div>\n<\/div>\n<\/div>\n<\/div>\n","protected":false},"excerpt":{"rendered":"<p>Von der Fl\u00e4che zur Form Die Welt ist im Wandel, R\u00e4ume verengen sich. Der Wunsch nach flexiblen und qualitativen L\u00f6sungen w\u00e4chst. Nachhaltigkeitsaspekte r\u00fccken in den Fokus. \u00dcber Produktherkunft, Herstellung und Lieferketten soll Gewissheit herrschen. Wir werden immer digitaler, dezentrale Konzepte und neue Vertriebsm\u00f6glichkeiten werden zunehmend interessanter. Platzsparende Nutzungskonzepte bekommen immer mehr Bedeutung, egal ob in [&hellip;]<\/p>\n","protected":false},"author":4,"featured_media":0,"parent":388,"menu_order":0,"comment_status":"closed","ping_status":"closed","template":"wp-custom-template-semesterprojekt-v2","meta":{"footnotes":""},"categories":[6],"tags":[],"class_list":["post-988","page","type-page","status-publish","hentry","category-semesterprojekt"],"_links":{"self":[{"href":"https:\/\/www.burg-halle.de\/systemdesign\/wp-json\/wp\/v2\/pages\/988","targetHints":{"allow":["GET"]}}],"collection":[{"href":"https:\/\/www.burg-halle.de\/systemdesign\/wp-json\/wp\/v2\/pages"}],"about":[{"href":"https:\/\/www.burg-halle.de\/systemdesign\/wp-json\/wp\/v2\/types\/page"}],"author":[{"embeddable":true,"href":"https:\/\/www.burg-halle.de\/systemdesign\/wp-json\/wp\/v2\/users\/4"}],"replies":[{"embeddable":true,"href":"https:\/\/www.burg-halle.de\/systemdesign\/wp-json\/wp\/v2\/comments?post=988"}],"version-history":[{"count":9,"href":"https:\/\/www.burg-halle.de\/systemdesign\/wp-json\/wp\/v2\/pages\/988\/revisions"}],"predecessor-version":[{"id":1004,"href":"https:\/\/www.burg-halle.de\/systemdesign\/wp-json\/wp\/v2\/pages\/988\/revisions\/1004"}],"up":[{"embeddable":true,"href":"https:\/\/www.burg-halle.de\/systemdesign\/wp-json\/wp\/v2\/pages\/388"}],"wp:attachment":[{"href":"https:\/\/www.burg-halle.de\/systemdesign\/wp-json\/wp\/v2\/media?parent=988"}],"wp:term":[{"taxonomy":"category","embeddable":true,"href":"https:\/\/www.burg-halle.de\/systemdesign\/wp-json\/wp\/v2\/categories?post=988"},{"taxonomy":"post_tag","embeddable":true,"href":"https:\/\/www.burg-halle.de\/systemdesign\/wp-json\/wp\/v2\/tags?post=988"}],"curies":[{"name":"wp","href":"https:\/\/api.w.org\/{rel}","templated":true}]}}